{"id":72,"date":"2023-04-11T18:19:34","date_gmt":"2023-04-11T16:19:34","guid":{"rendered":"https:\/\/ambasciatapraga.esteri.it\/?page_id=72"},"modified":"2026-03-23T16:23:35","modified_gmt":"2026-03-23T21:23:35","slug":"pensioni-e-sicurezza-sociale","status":"publish","type":"page","link":"https:\/\/ambquito.esteri.it\/it\/servizi-consolari-e-visti\/servizi-per-il-cittadino-italiano\/pensioni-e-sicurezza-sociale\/","title":{"rendered":"Pensioni"},"content":{"rendered":"<div>\n<p style=\"text-align: center;\"><span style=\"text-decoration: underline;\"><strong>PENSIONI INPS \u2013 CAMPAGNA DI ACCERTAMENTO ESISTENZA IN VITA\u00a0 2026<\/strong><\/span><\/p>\n<p style=\"text-align: justify;\">L\u2019INPS ha comunicato le modalit\u00e0 di svolgimento e la tempistica relativa al processo di verifica dell\u2019esistenza in vita, con riferimento al\u00a0<strong><u> 2026<\/u><\/strong>, che interesser\u00e0 tutti i beneficiari di prestazioni pensionistiche riscosse in <strong>Ecuador<\/strong>.<\/p>\n<p style=\"text-align: justify;\">Il CITIBANK curer\u00e0 la spedizione delle richieste di attestazione dell\u2019esistenza in vita a partire dal <strong>20 marzo 2026 <\/strong>ed i pensionati dovranno far pervenire le attestazioni entro il <span style=\"color: #ff0000;\"><strong>18 luglio 2026<\/strong>.<\/span> Nel caso in cui l\u2019attestazione non sia prodotta, il pagamento della rata di <strong>agosto 2026<\/strong>, laddove possibile, avverr\u00e0 in contanti presso le Agenzie <strong>Western Uni\u00f3n<\/strong> presenti in Ecuador. In caso di mancata riscossione personale o produzione dell\u2019attestazione di esistenza in vita entro il <strong>19 agosto 2026<\/strong>, il pagamento delle pensioni sar\u00e0 sospeso a partire dalla rata di <strong>settembre 2026<\/strong>.<\/p>\n<p style=\"text-align: justify;\">Si consiglia di leggere attentamente l\u2019intera comunicazione dell\u2019INPS (<strong>disponibile solamente in lingua italiana<\/strong>), nella quale \u00e8 descritta in modo dettagliato tutta la procedura di accertamento <strong><a href=\"https:\/\/ambquito.esteri.it\/wp-content\/uploads\/2026\/03\/16492_Messaggio-numero-3863-del-19-12-2025.pdf\">(Messaggio INPS n. 3863 del 19\/12\/2025)<\/a>.<\/strong><\/p>\n<p style=\"text-align: center;\"><span style=\"text-decoration: underline;\"><strong>ATTESTAZIONE ESISTENZA IN VITA ONLINE<\/strong><\/span><\/p>\n<p style=\"text-align: justify;\">Si informa che l\u2019Ufficio Consolare dell\u2019Ambasciata d\u2019Italia in Quito <strong>\u00e8 abilitato ad attestare online l\u2019esistenza in vita al CITIBANK dei pensionati presenti presso la circoscrizione consolare<\/strong>, pertanto non sar\u00e0 necessario inviare al CITIBANK il modulo cartaceo attraverso il servizio postale o tramite corriere. <strong>La pratica \u00e8 gratuita.<\/strong><\/p>\n<p style=\"text-align: justify;\">Per facilitare i connazionali, di concerto con l\u2019INPS ed il CITIBANK \u00e8 stato concordato di assicurare la paternit\u00e0 del modulo di esistenza in vita <strong>attraverso il servizio di video chiamata con le seguenti modalit\u00e0<\/strong>:<\/p>\n<p style=\"text-align: justify;\"><strong>1)<\/strong> il connazionale riceve dal CITIBANK ( <strong><a href=\"http:\/\/www.inps.citi.com\" target=\"_blank\" rel=\"noopener\">www.inps.citi.com<\/a><\/strong> ) il modulo di richiesta di attestazione di esistenza in vita contenente i suoi dati e quelli pensionistici al quale apporr\u00e0 la propria firma autografa e la data di sottoscrizione;<\/p>\n<p style=\"text-align: justify;\"><strong>2)<\/strong> invia la copia digitale di tale modulo e di un documento di identit\u00e0 in corso di validit\u00e0 all\u2019Ufficio Consolare via posta elettronica ( <a href=\"mailto:consolare.quito@esteri.it\" target=\"_blank\" rel=\"noopener\"><strong>consolare.quito@esteri.it<\/strong><\/a> ), il quale lo ricontatter\u00e0 per stabilire la data ed ora di una video chiamata via <strong>WhatsApp<\/strong> al fine di verificare l\u2019esistenza in vita del connazionale e la corrispondenza dei dati anagrafici contenuti nel modulo, gi\u00e0 pervenuto all\u2019Ufficio Consolare tramite posta elettronica, con quelli contenuti del documento d\u2019identit\u00e0 originale che l\u2019utente sar\u00e0 inviato ad esibire nel corso della video chiamata;<\/p>\n<p style=\"text-align: justify;\"><strong>3)<\/strong> il funzionario consolare abilitato al servizio on-line del CITIBANK attesta l\u2019esistenza in vita via WEB ed apposita ricevuta della trasmissione on-line sar\u00e0 trasmessa all\u2019utente.<\/p>\n<p style=\"text-align: justify;\">Sul sito <strong><a href=\"https:\/\/www.citibank.com\/tts\/sa\/inps\/index.html\" target=\"_blank\" rel=\"noopener\">www.inps.citi.com<\/a> <\/strong>sono disponibili tutte le informazioni necessarie ed i riferimenti telefonici ed email dedicati all\u2019assistenza all\u2019utenza, ai quali gli interessati possono rivolgersi direttamente.<\/p>\n<p style=\"text-align: center;\"><span style=\"text-decoration: underline;\"><strong>PRATICHE DI PENSIONE<\/strong><\/span><\/p>\n<p style=\"text-align: justify;\">Si informa che le pratiche pensionistiche potranno essere svolte rivolgendosi direttamente all&#8217;INPS: <a href=\"https:\/\/www.inps.it\/it\/it\/sedi-e-contatti.html\" target=\"_blank\" rel=\"noopener\"><strong>Portale INPS &#8211; Sedi e Contatti<\/strong><\/a><\/p>\n<p style=\"text-align: justify;\"><a href=\"https:\/\/www.esteri.it\/it\/servizi-consolari-e-visti\/italiani-all-estero\/sicurezzasociale\/\" target=\"_blank\" rel=\"noopener\"><em><strong>INFORMAZIONI GENERALI<\/strong><\/em><\/a><\/p>\n<\/div>\n","protected":false},"excerpt":{"rendered":"PENSIONI INPS \u2013 CAMPAGNA DI ACCERTAMENTO ESISTENZA IN VITA\u00a0 2026 L\u2019INPS ha comunicato le modalit\u00e0 di svolgimento e la tempistica relativa al processo di verifica dell\u2019esistenza in vita, con riferimento al\u00a0 2026, che interesser\u00e0 tutti i beneficiari di prestazioni pensionistiche riscosse in Ecuador. Il CITIBANK curer\u00e0 la spedizione delle richieste di attestazione dell\u2019esistenza in vita [&hellip;]","protected":false},"author":1,"featured_media":0,"parent":47,"menu_order":8,"comment_status":"closed","ping_status":"closed","template":"","meta":{"footnotes":""},"class_list":["post-72","page","type-page","status-publish","hentry"],"_links":{"self":[{"href":"https:\/\/ambquito.esteri.it\/it\/wp-json\/wp\/v2\/pages\/72","targetHints":{"allow":["GET"]}}],"collection":[{"href":"https:\/\/ambquito.esteri.it\/it\/wp-json\/wp\/v2\/pages"}],"about":[{"href":"https:\/\/ambquito.esteri.it\/it\/wp-json\/wp\/v2\/types\/page"}],"author":[{"embeddable":true,"href":"https:\/\/ambquito.esteri.it\/it\/wp-json\/wp\/v2\/users\/1"}],"replies":[{"embeddable":true,"href":"https:\/\/ambquito.esteri.it\/it\/wp-json\/wp\/v2\/comments?post=72"}],"version-history":[{"count":6,"href":"https:\/\/ambquito.esteri.it\/it\/wp-json\/wp\/v2\/pages\/72\/revisions"}],"predecessor-version":[{"id":7256,"href":"https:\/\/ambquito.esteri.it\/it\/wp-json\/wp\/v2\/pages\/72\/revisions\/7256"}],"up":[{"embeddable":true,"href":"https:\/\/ambquito.esteri.it\/it\/wp-json\/wp\/v2\/pages\/47"}],"wp:attachment":[{"href":"https:\/\/ambquito.esteri.it\/it\/wp-json\/wp\/v2\/media?parent=72"}],"curies":[{"name":"wp","href":"https:\/\/api.w.org\/{rel}","templated":true}]}}