{"id":71,"date":"2023-04-11T18:19:16","date_gmt":"2023-04-11T16:19:16","guid":{"rendered":"https:\/\/ambasciatapraga.esteri.it\/?page_id=71"},"modified":"2024-10-21T10:03:17","modified_gmt":"2024-10-21T15:03:17","slug":"servizi-notarili","status":"publish","type":"page","link":"https:\/\/ambquito.esteri.it\/it\/servizi-consolari-e-visti\/servizi-per-il-cittadino-italiano\/servizi-notarili\/","title":{"rendered":"Servizi Notarili"},"content":{"rendered":"<div class=\"row\" style=\"text-align: justify;\">\n<div class=\"col-md-17 col-sm-12 col-xs-24 share\">\n<div class=\"moduletable\">\n<div><\/div>\n<\/div>\n<\/div>\n<\/div>\n<div class=\"sr-only\" style=\"text-align: justify;\"><strong><a href=\"https:\/\/youtu.be\/Lxpjd42UyA8\">Video Tutorial<\/a><\/strong><\/div>\n<div>\n<p style=\"text-align: justify;\">Il primo comma dell\u2019art. 28 del D.Lgs. n. 71\/2011 \u201cOrdinamento e funzioni degli uffici consolari\u201d, entrato in vigore il 28 maggio 2011, prescrive che le funzioni consolari in materia notarile possono essere esercitate esclusivamente nei confronti dei cittadini italiani e non pi\u00f9 anche dei non cittadini, come era invece previsto dalla precedente normativa. In particolare, nel caso di danti procura (generale o speciale) cittadini stranieri, il Capo dell\u2019Ufficio consolare non potr\u00e0 esercitare in merito le proprie competenze notarili.<\/p>\n<p style=\"text-align: justify;\"><strong>Procure ed altri tipi di documenti notarili possono essere effettuati<\/strong><\/p>\n<ul style=\"text-align: justify;\">\n<li><strong>Cittadini italiani:<\/strong>\u00a0Presso l\u2019Ufficio Consolare,\u00a0<strong>previo appuntamento<\/strong>, chiedendo all\u2019Avvocato\/Notaio la trasmissione per posta elettronica del testo della procura <strong>in formato Word esclusivamente<\/strong> insieme alla copia a colori del passaporto del mandante all&#8217;indirizzo <strong><a href=\"mailto:consolare.quito@esteri.it\" target=\"_blank\" rel=\"noopener\">consolare.quito@esteri.it<\/a><\/strong>\u00a0.\u00a0Il testo della procura deve essere inoltrato all&#8217;Ufficio Consolare almeno tre giorni lavorativi prima della data dell&#8217;appuntamento.\u00a0Per conoscere i costi degli atti notarili pregasi accedere a\u00a0<a href=\"https:\/\/ambquito.esteri.it\/it\/servizi-consolari-e-visti\/servizi-per-il-cittadino-italiano\/tariffe-consolari-of\/\" target=\"_blank\" rel=\"noopener\"><strong>Tariffa Consolare<\/strong><\/a>\u00a0\u2013 Articolo 18 per Procura Speciale o Articoli 17 + 25 per Procura Generale.<\/li>\n<\/ul>\n<p style=\"text-align: justify;\">\u00a0Per prenotare un appuntamento accedere a\u00a0<strong><a href=\"https:\/\/ambquito.esteri.it\/it\/servizi-consolari-e-visti\/servizi-per-il-cittadino-italiano\/prenotmi-appuntamenti-per-servizi-consolari\/\" target=\"_blank\" rel=\"noopener\">Prenot@mi<\/a>\u00a0NOTARILE<\/strong>.<\/p>\n<ul style=\"text-align: justify;\">\n<li><strong>Cittadini stranieri:<\/strong> <strong>Presso un Notaio in loco<\/strong>. A questo scopo dovr\u00e0 essere presentata al Notaio locale la traduzione in lingua spagnola del testo inviato all\u2019interessato dal proprio Avvocato\/Notaio italiano. Il documento rilasciato dal Notaio locale dovr\u00e0 successivamente essere postillato presso il Ministero degli Affari Esteri dell\u2019Ecuador e poi tradotto in lingua italiana da uno dei <a href=\"https:\/\/ambquito.esteri.it\/it\/servizi-consolari-e-visti\/servizi-per-il-cittadino-italiano\/traduzione-e-legalizzazione-dei-documenti\/\" target=\"_blank\" rel=\"noopener\"><strong>Traduttori di Riferimento<\/strong><\/a> di questa Ambasciata; una volta ottenuta la traduzione in italiano del documento originale, gi\u00e0 previamente postillato, si dovr\u00e0 richiedere il riconoscimento della firma del Traduttore presso il Notaio che gli sar\u00e0 indicato dal predetto, la quale dovr\u00e0 poi essere postillata presso il locale Ministero degli Affari Esteri e Mobilit\u00e0 Umana, seguendo le indicazioni visualizzabili al seguente link: <strong><a href=\"https:\/\/www.gob.ec\/mremh\/tramites\/apostilla-legalizacion-documentos\" target=\"_blank\" rel=\"noopener\">https:\/\/www.gob.ec\/mremh\/tramites\/apostilla-legalizacion-documentos<\/a><\/strong><\/li>\n<\/ul>\n<p style=\"text-align: justify;\">\u00a0<strong>Autentica di Firma<\/strong><\/p>\n<p style=\"text-align: justify;\">L\u2019interessato dovr\u00e0 presentarsi personalmente,\u00a0<strong>previo appuntamento<\/strong>, con il documento originale,\u00a0<strong>senza firma e senza data<\/strong>, con originale e copia a colori del proprio documento d\u2019identit\u00e0 (passaporto o carta d\u2019identit\u00e0) e con la ricevuta di versamento per il relativo ammontare\u00a0<a href=\"https:\/\/ambquito.esteri.it\/it\/servizi-consolari-e-visti\/servizi-per-il-cittadino-italiano\/tariffe-consolari-of\/\" target=\"_blank\" rel=\"noopener\"><strong>Tariffa Consolare<\/strong><\/a>\u00a0&#8211; Articolo 24.<\/p>\n<p style=\"text-align: justify;\">Per prenotare un appuntamento accedere a\u00a0<strong><a href=\"https:\/\/ambquito.esteri.it\/it\/servizi-consolari-e-visti\/servizi-per-il-cittadino-italiano\/prenotmi-appuntamenti-per-servizi-consolari\/\" target=\"_blank\" rel=\"noopener\">Prenot@mi<\/a>\u00a0NOTARILE.<\/strong><\/p>\n<p style=\"text-align: justify;\"><a href=\"https:\/\/www.esteri.it\/it\/servizi-consolari-e-visti\/italiani-all-estero\/attinotarili\/\" target=\"_blank\" rel=\"noopener\"><strong>Informazioni generali<\/strong><\/a><\/p>\n<\/div>\n","protected":false},"excerpt":{"rendered":"Video Tutorial Il primo comma dell\u2019art. 28 del D.Lgs. n. 71\/2011 \u201cOrdinamento e funzioni degli uffici consolari\u201d, entrato in vigore il 28 maggio 2011, prescrive che le funzioni consolari in materia notarile possono essere esercitate esclusivamente nei confronti dei cittadini italiani e non pi\u00f9 anche dei non cittadini, come era invece previsto dalla precedente normativa. [&hellip;]","protected":false},"author":1,"featured_media":0,"parent":47,"menu_order":11,"comment_status":"closed","ping_status":"closed","template":"","meta":{"footnotes":""},"class_list":["post-71","page","type-page","status-publish","hentry"],"_links":{"self":[{"href":"https:\/\/ambquito.esteri.it\/it\/wp-json\/wp\/v2\/pages\/71","targetHints":{"allow":["GET"]}}],"collection":[{"href":"https:\/\/ambquito.esteri.it\/it\/wp-json\/wp\/v2\/pages"}],"about":[{"href":"https:\/\/ambquito.esteri.it\/it\/wp-json\/wp\/v2\/types\/page"}],"author":[{"embeddable":true,"href":"https:\/\/ambquito.esteri.it\/it\/wp-json\/wp\/v2\/users\/1"}],"replies":[{"embeddable":true,"href":"https:\/\/ambquito.esteri.it\/it\/wp-json\/wp\/v2\/comments?post=71"}],"version-history":[{"count":7,"href":"https:\/\/ambquito.esteri.it\/it\/wp-json\/wp\/v2\/pages\/71\/revisions"}],"predecessor-version":[{"id":4153,"href":"https:\/\/ambquito.esteri.it\/it\/wp-json\/wp\/v2\/pages\/71\/revisions\/4153"}],"up":[{"embeddable":true,"href":"https:\/\/ambquito.esteri.it\/it\/wp-json\/wp\/v2\/pages\/47"}],"wp:attachment":[{"href":"https:\/\/ambquito.esteri.it\/it\/wp-json\/wp\/v2\/media?parent=71"}],"curies":[{"name":"wp","href":"https:\/\/api.w.org\/{rel}","templated":true}]}}