{"id":5560,"date":"2025-06-10T16:33:52","date_gmt":"2025-06-10T21:33:52","guid":{"rendered":"https:\/\/ambquito.esteri.it\/?page_id=5560"},"modified":"2026-03-03T11:30:13","modified_gmt":"2026-03-03T16:30:13","slug":"trascrizione-atti-di-nascita-figli-di-italiani-iure-sanguinis-doppi-cittadini-cittadinanza-per-beneficio-di-legge","status":"publish","type":"page","link":"https:\/\/ambquito.esteri.it\/it\/servizi-consolari-e-visti\/servizi-per-il-cittadino-italiano\/stato-civile\/trascrizione-atti-di-nascita-figli-di-italiani-iure-sanguinis-doppi-cittadini-cittadinanza-per-beneficio-di-legge\/","title":{"rendered":"Trascrizione di Atti di Nascita (figli minori di italiani iure sanguinis doppi cittadini) \u2013 Cittadinanza per beneficio di Legge"},"content":{"rendered":"<p style=\"text-align: center;\"><strong>ATTI DI NASCITA DI MINORI STRANIERI NATI ALL\u2019ESTERO E FIGLI DI CITTADINI ITALIANI PER NASCITA (<em>IURE SANGUINIS<\/em>) <u>IN POSSESSO DI PI\u00d9 CITTADINANZE\u00a0<\/u><\/strong><strong><u> (ES. ITALIANA ED ECUADORIANA)<\/u><\/strong><\/p>\n<p style=\"text-align: center;\"><span style=\"color: #ff0000;\"><strong><u>ATTENZIONE!<\/u><\/strong><\/span><\/p>\n<p style=\"text-align: justify;\"><span style=\"color: #ff0000;\"><strong>Si informa che le richieste di trascrizione della nascita di figli minori dovranno essere presentate da entrambi i genitori (incluso quello straniero) a seguito di appuntamento da ottenere per il tramite del portale <a href=\"https:\/\/prenotami.esteri.it\/\" target=\"_blank\" rel=\"noopener\">PRENOT@MI<\/a>: Stato Civile. <\/strong><span style=\"text-decoration: underline;\"><strong>Per ogni singola pratica (figlio\/a) deve essere richiesto il relativo appuntamento.<\/strong><\/span><\/span><\/p>\n<p style=\"text-align: center;\"><strong><u>REQUISITI<\/u><\/strong><\/p>\n<p style=\"text-align: justify;\">Qualora si tratti di <u><strong>minori stranieri nati all\u2019estero dopo il 24\/05\/2025<\/strong>, figli di <strong>cittadini italiani per nascita (<em>iure sanguinis<\/em>)<\/strong>, in possesso di pi\u00f9 cittadinanze (es. italiana ed ecuadoriana)<\/u> la Legge del 23 maggio 2025, n. 74, di conversione del Decreto Legge n. 36\/2025, ha introdotto la possibilit\u00e0 di acquistare la <strong>cittadinanza italiana per &#8220;beneficio di Legge&#8221;<\/strong>. Il minore che ne beneficia <strong>non<\/strong> sar\u00e0 cittadino italiano per nascita (<em><strong>iure sanguinis<\/strong>)<\/em>.<\/p>\n<p style=\"text-align: justify;\">La norma prevede che i genitori (incluso il genitore straniero) rendano presso l\u2019Ufficio Consolare di questa Ambasciata, <span style=\"color: #ff0000;\"><strong>entro 3 (tre) anni dalla nascita* del minore <\/strong><\/span>(<span style=\"text-decoration: underline;\">modifica apportata dalla Legge di bilancio 2006, comma 513, art. 1; in vigore dal 1\u00ba gennaio 2026<\/span>) <strong>una dichiarazione di volont\u00e0 di acquisto della cittadinanza <\/strong>(*o dal giorno in cui \u00e8 stabilita la filiazione da cittadino italiano o in cui \u00e8 decisa l&#8217;adozione da parte di cittadino italiano durante la minore et\u00e0 del figlio). In caso di riconoscimento della filiazione in tempi successivi da parte di genitori entrambi cittadini italiani per nascita, il termine di tre anni decorrer\u00e0 dal primo riconoscimento. Se invece avviene prima il riconoscimento da parte del genitore NON cittadino italiano per nascita (<em>iure sanguinis <\/em>), il predetto termine di tre anni sar\u00e0 considerato a partire dal riconoscimento del genitore cittadino italiano per nascita (<em>iure sanguinis<\/em>).<\/p>\n<p style=\"text-align: justify;\"><strong>Si precisa che tale dichiarazione \u00e8 possibile esclusivamente per i minori stranieri nati all&#8217;estero da genitore che sia cittadino italiano per nascita (<em>iure sanguinis<\/em>).<\/strong><\/p>\n<p style=\"text-align: justify;\">Non possono quindi avvalersi di questa procedura i figli di cittadini diventati italiani per naturalizzazione (art. 9 della Legge n. 91\/1992), per beneficio di Legge (art. 4 della Legge n. 91\/1992), per matrimonio (art. 5 della Legge n. 91\/1992 o art. 10 della Legge n. 555\/1912), per riacquisto (art. 13 o 17 della Legge n. 91\/1992) o per convivenza da minorenni con genitore che ha acquistato la cittadinanza italiana (<em>iuris communicatione<\/em> art. 14 della Legge n. 91\/1992).<\/p>\n<p style=\"text-align: justify;\">La <strong>dichiarazione di volont\u00e0 di acquisto<\/strong>, che deve essere formale e deve essere <u>firmata in presenza da entrambi i genitori<\/u>, si effettua nella Cancelleria Consolare di questa Ambasciata a seguito di appuntamento da ottenere come sopra indicato. <strong>Non \u00e8 necessaria la presenza del minore.<\/strong><\/p>\n<p style=\"text-align: justify;\">Se la filiazione (anche adottiva) \u00e8 stabilita nei confronti di una sola persona (o se l&#8217;altro genitore \u00e8 deceduto), sar\u00e0 sufficiente la dichiarazione di un solo genitore. In entrambi i predetti casi dovr\u00e0 essere presentata apposita certificazione. In presenza di un solo genitore, se straniero, si dovr\u00e0 procedere all&#8217;autentica della sua firma.<\/p>\n<p style=\"text-align: justify;\">La dichiarazione di volont\u00e0 di acquisto \u00e8 soggetta alla verifica delle condizioni di cui sopra ed avviene a titolo <strong>completamente gratuito\u00a0<\/strong> (<span style=\"text-decoration: underline;\">modifica apportata dalla Legge di bilancio 2006, comma 513, art. 1; in vigore dal 1\u00ba gennaio 2026; non \u00e8 previsto alcun rimborso per le istanze gi\u00e0 presentate)<\/span>.<\/p>\n<p style=\"text-align: justify;\">Nel caso il minore stabilisca la sua residenza legale in Italia, la dichiarazione potr\u00e0 essere presentata anche successivamente al termine dei tre anni, ma la residenza deve perdurare per almeno due anni continuativi dopo la presentazione della dichiarazione di volont\u00e0 di acquisto della cittadinanza.<\/p>\n<p style=\"text-align: center;\"><strong><u>DOCUMENTAZIONE DA PRESENTARE<\/u><\/strong><\/p>\n<ul style=\"text-align: justify;\">\n<li>\u201c<strong>INSCRIPCI\u00d3N INTEGRAL DE NACIMIENTO<\/strong>\u201d (Copia del Libro delle Nascite) per uso estero, certificato dall\u2019Anagrafe dell\u2019Ecuador e postillato dal Ministero degli Affari Esteri dell\u2019Ecuador, successivamente tradotto in lingua italiana da uno dei <a href=\"https:\/\/ambquito.esteri.it\/it\/servizi-consolari-e-visti\/servizi-per-il-cittadino-italiano\/traduzione-e-legalizzazione-dei-documenti\/traduttori-ufficiali-di-riferimento\/\" target=\"_blank\" rel=\"noopener\"><strong>Traduttori di Riferimento<\/strong><\/a> di questa Ambasciata;<\/li>\n<li>in caso di figli adottivi, <strong>sentenza di adozione<\/strong> <strong>munita di certificato di passaggio in giudicato<\/strong>, postillata dal Ministero degli Affari Esteri dell\u2019Ecuador, successivamente tradotta in italiano, da uno dei <a href=\"https:\/\/ambquito.esteri.it\/it\/servizi-consolari-e-visti\/servizi-per-il-cittadino-italiano\/traduzione-e-legalizzazione-dei-documenti\/traduttori-ufficiali-di-riferimento\/\" target=\"_blank\" rel=\"noopener\"><strong>Traduttori di Riferimento<\/strong><\/a> di questa Ambasciata;<\/li>\n<li>il <a href=\"https:\/\/ambquito.esteri.it\/wp-content\/uploads\/2024\/12\/2024-11-14-Formulario-richiesta-trascrizione.docx\" target=\"_blank\" rel=\"noopener\"><strong>formulario di richiesta<\/strong><\/a> della trascrizione, debitamente compilato e firmato dall\u2019interessato;<\/li>\n<li><strong>documenti di identit\u00e0 validi, in originale e copia a colori, <\/strong>di tutti i soggetti nominati negli atti in questione: passaporto italiano del genitore cittadino, della carta di identit\u00e0 locale del genitore straniero e del minore <strong>(i documenti di identit\u00e0 devono essere fotocopiati su un unico foglio)<\/strong>; nel caso il passaporto italiano del genitore cittadino sia scaduto presentare anche la carta di identit\u00e0 locale valida.<\/li>\n<\/ul>\n<p style=\"text-align: justify;\"><strong>Tutti gli atti ed i certificati che NON vengono rilasciati in Italia devono essere POSTILLATI e TRADOTTI in italiano nei Paesi dove essi vengono emessi.<\/strong><\/p>\n<p>&nbsp;<\/p>\n<p style=\"text-align: center;\"><span style=\"color: #ff0000;\"><strong><u>REGIME TRANSITORIO (Legge 23 maggio 2025, n. 74)<\/u><\/strong><\/span><\/p>\n<p style=\"text-align: center;\"><strong><u>REQUISITI<\/u><\/strong><\/p>\n<p style=\"text-align: justify;\">La Legge del 23 maggio 2025, n. 74, di conversione del Decreto Legge n. 36\/2025 ha introdotto anche una <strong>norma <u>transitoria<\/u> che consente la possibilit\u00e0 di effettuare la suddetta dichiarazione di volont\u00e0 di acquisto della cittadinanza anche per i <u>minorenni alla data del 24\/05\/2025<\/u> che siano figli di cittadini italiani per nascita<\/strong> <strong>(<em>iure sanguinis<\/em>) in possesso di pi\u00f9 cittadinanze (es. italiana ed ecuadoriana)<\/strong>. Tale dichiarazione dovr\u00e0 essere effettuata tassativamente <strong>entro e non oltre il <span style=\"color: #ff0000;\"><u>31\/05\/2029<\/u><\/span>.<\/strong><\/p>\n<p style=\"text-align: justify;\">La <strong>dichiarazione di volont\u00e0 di acquisto<\/strong>, che deve essere formale e deve essere <u>firmata in presenza da entrambi i genitori<\/u>, si effettua nella Cancelleria Consolare di questa Ambasciata a seguito di appuntamento da ottenere come sopra indicato. <strong>Non \u00e8 necessaria la presenza del minore.<\/strong><\/p>\n<p style=\"text-align: justify;\"><strong>Per i figli minori di 18 anni e maggiori di 14, nati fuori dal matrimonio<\/strong>, \u00e8 necessario formare l\u2019atto di riconoscimento della filiazione extra matrimoniale, pertanto, devono presentarsi entrambi i genitori, nonch\u00e9 il figlio minore per la firma relativa.<\/p>\n<p style=\"text-align: justify;\">Se la filiazione (anche adottiva) \u00e8 stabilita nei confronti di una sola persona (o se l&#8217;altro genitore \u00e8 deceduto), sar\u00e0 sufficiente la dichiarazione di un solo genitore. In entrambi i predetti casi dovr\u00e0 essere presentata apposita certificazione. In presenza di un solo genitore, se straniero, si dovr\u00e0 procedere all&#8217;autentica della sua firma.<\/p>\n<p style=\"text-align: justify;\">La dichiarazione di volont\u00e0 di acquisto \u00e8 soggetta alla verifica delle condizioni di cui sopra ed avviene a titolo <strong>completamente gratuito\u00a0<\/strong> (<span style=\"text-decoration: underline;\">modifica apportata dalla Legge di bilancio 2006, comma 513, art. 1; in vigore dal 1\u00ba gennaio 2026; non \u00e8 previsto alcun rimborso per le istanze gi\u00e0 presentate<\/span>).<\/p>\n<p style=\"text-align: justify;\"><strong>Nel caso in cui il minorenne alla data del 24\/05\/2025 diventi maggiorenne entro la data del 31\/05\/2026, la dichiarazione di volont\u00e0 di acquisto della cittadinanza dovr\u00e0 essere presentata direttamente dall\u2019interessato.<\/strong><\/p>\n<p style=\"text-align: center;\"><strong>\u00a0<\/strong><strong><u>DOCUMENTAZIONE DA PRESENTARE<\/u><\/strong><\/p>\n<ul style=\"text-align: justify;\">\n<li>\u201c<strong>INSCRIPCI\u00d3N INTEGRAL DE NACIMIENTO<\/strong>\u201d (Copia del Libro delle Nascite) per uso estero, certificato dall\u2019Anagrafe dell\u2019Ecuador e postillato dal Ministero degli Affari Esteri dell\u2019Ecuador, successivamente tradotto in lingua italiana da uno dei <a href=\"https:\/\/ambquito.esteri.it\/it\/servizi-consolari-e-visti\/servizi-per-il-cittadino-italiano\/traduzione-e-legalizzazione-dei-documenti\/traduttori-ufficiali-di-riferimento\/\" target=\"_blank\" rel=\"noopener\"><strong>Traduttori di Riferimento<\/strong><\/a> di questa Ambasciata;<\/li>\n<li>in caso di figli adottivi, <strong>sentenza di adozione<\/strong> <strong>munita di certificato di passaggio in giudicato<\/strong>, postillata dal Ministero degli Affari Esteri dell\u2019Ecuador, successivamente tradotta in italiano, da uno dei <a href=\"https:\/\/ambquito.esteri.it\/it\/servizi-consolari-e-visti\/servizi-per-il-cittadino-italiano\/traduzione-e-legalizzazione-dei-documenti\/traduttori-ufficiali-di-riferimento\/\" target=\"_blank\" rel=\"noopener\"><strong>Traduttori di Riferimento<\/strong><\/a> di questa Ambasciata;<\/li>\n<li>il<strong> <a href=\"https:\/\/ambquito.esteri.it\/wp-content\/uploads\/2024\/12\/2024-11-14-Formulario-richiesta-trascrizione.docx\" target=\"_blank\" rel=\"noopener\">formulario di richiesta<\/a><\/strong> della trascrizione, debitamente compilato e firmato dall\u2019interessato;<\/li>\n<li><strong>documenti di identit\u00e0 validi, in originale e copia a colori, <\/strong>di tutti i soggetti nominati negli atti in questione: passaporto italiano del genitore cittadino, della carta di identit\u00e0 locale del genitore straniero e del minore <strong>(i documenti di identit\u00e0 devono essere fotocopiati su un unico foglio)<\/strong>; nel caso il passaporto italiano del genitore cittadino sia scaduto presentare anche la carta di identit\u00e0 locale valida.<\/li>\n<\/ul>\n<p><strong>Tutti gli atti ed i certificati che NON vengono rilasciati in Italia devono essere POSTILLATI e TRADOTTI in italiano nei Paesi dove essi vengono emessi.<\/strong><\/p>\n<p style=\"text-align: center;\"><strong>\u00ba\u00ba\u00ba\u00ba\u00ba\u00ba\u00ba\u00ba\u00ba\u00ba\u00ba<\/strong><\/p>\n<p style=\"text-align: justify;\">Si precisa che in entrambi i casi trattandosi di <strong>acquisto della cittadinanza italiana per \u201cbeneficio di legge\u201d<\/strong> il minore non acquister\u00e0 la cittadinanza dal giorno della nascita ma <strong>dal giorno successivo alla firma da parte dei genitori del minore (o del minore divenuto maggiorenne) della dichiarazione in Cancelleria Consolare.<\/strong><\/p>\n<p style=\"text-align: justify;\"><strong>Trattandosi di una richiesta di acquisto della cittadinanza italiana per \u201cbeneficio di Legge\u201d essa NON riveste carattere obbligatorio.<\/strong><\/p>\n<p>Alla cittadinanza italiana acquisita nei modi sopra indicati, l&#8217;interessato, una volta divenuto maggiorenne, potra fare rinuncia, con la sola condizione che non si produca una situazione di apolidia.<\/p>\n","protected":false},"excerpt":{"rendered":"ATTI DI NASCITA DI MINORI STRANIERI NATI ALL\u2019ESTERO E FIGLI DI CITTADINI ITALIANI PER NASCITA (IURE SANGUINIS) IN POSSESSO DI PI\u00d9 CITTADINANZE\u00a0 (ES. ITALIANA ED ECUADORIANA) ATTENZIONE! Si informa che le richieste di trascrizione della nascita di figli minori dovranno essere presentate da entrambi i genitori (incluso quello straniero) a seguito di appuntamento da ottenere [&hellip;]","protected":false},"author":6,"featured_media":0,"parent":68,"menu_order":1,"comment_status":"closed","ping_status":"closed","template":"","meta":{"footnotes":""},"class_list":["post-5560","page","type-page","status-publish","hentry"],"_links":{"self":[{"href":"https:\/\/ambquito.esteri.it\/it\/wp-json\/wp\/v2\/pages\/5560","targetHints":{"allow":["GET"]}}],"collection":[{"href":"https:\/\/ambquito.esteri.it\/it\/wp-json\/wp\/v2\/pages"}],"about":[{"href":"https:\/\/ambquito.esteri.it\/it\/wp-json\/wp\/v2\/types\/page"}],"author":[{"embeddable":true,"href":"https:\/\/ambquito.esteri.it\/it\/wp-json\/wp\/v2\/users\/6"}],"replies":[{"embeddable":true,"href":"https:\/\/ambquito.esteri.it\/it\/wp-json\/wp\/v2\/comments?post=5560"}],"version-history":[{"count":6,"href":"https:\/\/ambquito.esteri.it\/it\/wp-json\/wp\/v2\/pages\/5560\/revisions"}],"predecessor-version":[{"id":7094,"href":"https:\/\/ambquito.esteri.it\/it\/wp-json\/wp\/v2\/pages\/5560\/revisions\/7094"}],"up":[{"embeddable":true,"href":"https:\/\/ambquito.esteri.it\/it\/wp-json\/wp\/v2\/pages\/68"}],"wp:attachment":[{"href":"https:\/\/ambquito.esteri.it\/it\/wp-json\/wp\/v2\/media?parent=5560"}],"curies":[{"name":"wp","href":"https:\/\/api.w.org\/{rel}","templated":true}]}}