{"id":541,"date":"2023-09-22T13:59:36","date_gmt":"2023-09-22T18:59:36","guid":{"rendered":"https:\/\/ambquito.esteri.it\/?page_id=541"},"modified":"2024-05-30T10:14:32","modified_gmt":"2024-05-30T15:14:32","slug":"prenotmi-appuntamenti-per-servizi-consolari","status":"publish","type":"page","link":"https:\/\/ambquito.esteri.it\/it\/servizi-consolari-e-visti\/servizi-per-il-cittadino-italiano\/prenotmi-appuntamenti-per-servizi-consolari\/","title":{"rendered":"Prenot@mi &#8211; Appuntamenti per Servizi Consolari"},"content":{"rendered":"<div class=\"row\">\n<div class=\"col-md-17 col-sm-12 col-xs-24 share\">\n<div class=\"moduletable\">\n<div><\/div>\n<\/div>\n<\/div>\n<\/div>\n<div class=\"sr-only\" style=\"text-align: justify;\"><\/div>\n<div>\n<p style=\"text-align: justify;\"><strong><a href=\"https:\/\/youtu.be\/4ZXjh8SWoiQ\" target=\"_blank\" rel=\"noopener\">VIDEO TUTORIAL<\/a><\/strong><\/p>\n<p style=\"text-align: justify;\"><strong>SISTEMA\u00a0<a href=\"https:\/\/prenotami.esteri.it\/\" target=\"_blank\" rel=\"noopener\">Prenot@mi<\/a><\/strong><\/p>\n<p style=\"text-align: justify;\">Il sistema per la prenotazione di appuntamenti\u00a0<strong><a href=\"https:\/\/prenotami.esteri.it\/\" target=\"_blank\" rel=\"noopener\">Prenot@mi<\/a><\/strong>\u00a0\u00e8 uno strumento ideato dal Ministero Affari Esteri e per la Cooperazione Internazionale italiano finalizzato alla gestione, ordinata e trasparente, degli appuntamenti per gli Uffici Consolari ed evitare l\u2019intermediazione nella prenotazione degli stessi. Il numero di appuntamenti messi a disposizione dell&#8217;utenza dipende dalle risorse dell&#8217;Ufficio Consolare, dal numero delle pratiche presentate e dal tempo richiesto per la trattazione.<\/p>\n<p style=\"text-align: justify;\">Il periodo di concessione degli appuntamenti dipende dal tipo di servizio che si intende richiedere. Il sistema\u00a0<a href=\"https:\/\/prenotami.esteri.it\/\" target=\"_blank\" rel=\"noopener\"><strong>Prenot@mi<\/strong><\/a>\u00a0\u00e8 programmato per abilitare nuovi appuntamenti ogni giorno.<\/p>\n<p style=\"text-align: justify;\"><strong>Il sistema\u00a0<a href=\"https:\/\/prenotami.esteri.it\/\" target=\"_blank\" rel=\"noopener\">Prenot@mi<\/a>\u00a0prevede che l\u2019appuntamento venga confermato obbligatoriamente tra il 10\u00b0 e il 3\u00b0 giorno prima della data prenotata.<\/strong><\/p>\n<p style=\"text-align: justify;\">Tale conferma deve essere effettuata dall&#8217;interessato direttamente sul sistema. Se l&#8217;utente non pu\u00f2 presentarsi all\u2019appuntamento non dovr\u00e0 richiederne l\u2019annullamento, ma baster\u00e0 semplicemente non confermare la propria presenza. Gli appuntamenti non confermati entro le date previste verranno automaticamente annullati dal sistema e saranno messi a disposizione di altri utenti affinch\u00e9 essi ne possano usufruire.<\/p>\n<p style=\"text-align: justify;\">Gli appuntamenti devono essere prenotati direttamente dall&#8217;interessato. L\u2019Ambasciata non ha autorizzato alcun intermediario per la prenotazione degli appuntamenti consolari.<\/p>\n<p style=\"text-align: justify;\"><strong>Appuntamenti per la richiesta di PASSAPORTI per gruppi familiari<br \/>\n<\/strong><\/p>\n<p style=\"text-align: justify;\">\u00c8 possibile prenotare appuntamenti per pi\u00f9 di una persona (massimo 5), purch\u00e9 esse appartengano allo stesso nucleo familiare (genitori, figli, fratelli, ecc). Per prenotare uno di questi appuntamenti potranno essere aggiunti i familiari alla propria richiesta di appuntamento, indicando i dati di ogni familiare che richieder\u00e0 il passaporto. In questo gruppo non dovr\u00e0 essere incluso il richiedente, il cui turno \u00e8 garantito in quanto gestore del gruppo. Non verranno ricevuti i familiari che non risultino debitamente elencati come parte del gruppo.<\/p>\n<p style=\"text-align: justify;\">Soltanto le persone che intendano richiedere il passaporto devono risultare nelle liste di appuntamenti. Ad esempio: se padre e figlio minorenne vogliono far richiesta di passaporto, il gestore della richiesta e\/o del gruppo famigliare (normalmente il genitore italiano) dovr\u00e0 prenotare l\u2019appuntamento per s\u00e9 (automatico in quanto titolare del conto <a href=\"https:\/\/prenotami.esteri.it\/\" target=\"_blank\" rel=\"noopener\"><strong>Prenot@mi<\/strong><\/a>) e aggiungere 1 unico turno extra, che verr\u00e0 utilizzato per eseguire la pratica del figlio minorenne. Si ricorda che per l\u2019altro genitore,\u00a0la cui presenza \u00e8 obbligatoria ai fini dei necessari assensi, non deve essere prenotato alcun appuntamento.<\/p>\n<p style=\"text-align: justify;\"><strong>Appuntamenti per PASSAPORTI per figli minorenni<\/strong><\/p>\n<p style=\"text-align: justify;\">Se si desidera richiedere soltanto il passaporto per il figlio minorenne, la prenotazione dovr\u00e0 essere effettuata dal genitore cittadino italiano, a suo nome, e non si dovranno aggiungere altri turni. Non \u00e8 necessario creare ulteriori utenze a nome di ogni figlio minorenne. In questo caso si dovr\u00e0 prenotare un unico appuntamento anche se accederanno agli Uffici tre persone (padre, madre e figlio). Se il genitore italiano non si trova in Ecuador, la prenotazione dovr\u00e0 essere effettuata dall&#8217;altro genitore specificandone nelle Note la motivazione.<\/p>\n<p style=\"text-align: justify;\"><strong>Durante l\u2019appuntamento<\/strong><\/p>\n<p style=\"text-align: justify;\">Il sistema\u00a0<a href=\"https:\/\/prenotami.esteri.it\/\"><strong>Prenot@m<\/strong>i<\/a>\u00a0assegna uno specifico orario per ogni appuntamento ed il funzionario ricever\u00e0 le pratiche basandosi su tale orario. Si consiglia di arrivare in Consolato con 15 minuti di anticipo rispetto all\u2019orario prestabilito e fare attenzione al momento in cui verr\u00e0 chiamato dal Funzionario, altrimenti perder\u00e0 il suo turno e dovr\u00e0 prenotare un nuovo appuntamento. Non \u00e8 necessario arrivare con ulteriore anticipo.<\/p>\n<p style=\"text-align: justify;\">A causa delle limitazioni di spazio nella sala d\u2019attesa Consolare si prega di presentarsi senza altri accompagnatori. Potranno accedere altre persone soltanto nei seguenti casi:<\/p>\n<ul style=\"text-align: justify;\">\n<li>cittadini con figli minorenni che richiedano il proprio passaporto, i quali dovranno presentarsi con il coniuge o padre\/madre dei figli minori;<\/li>\n<li>minorenni (dai 12 ai 17 anni) che facciano richiesta di passaporto, i quali dovranno accedere insieme ai propri genitori;<\/li>\n<li>le persone con problemi di mobilit\u00e0, che\u00a0 potranno accedere con un familiare.<\/li>\n<\/ul>\n<p style=\"text-align: justify;\">NON \u00e8 richiesta la presenza di bambini al di sotto dei 12 anni per alcun tipo di pratica.<\/p>\n<p style=\"text-align: justify;\">Quando si verr\u00e0 ricevuti allo sportello dovranno essere consegnati soltanto i documenti previsti e nell\u2019ordine indicato nell\u2019apposito elenco di requisiti. Qualora l\u2019interessato non fosse in possesso dei documenti completi perder\u00e0 il turno, dovr\u00e0 attendere che tutti gli utenti vengano ricevuti e potrebbe anche perdere l\u2019appuntamento.<\/p>\n<p style=\"text-align: justify;\">Si richiede cortesemente di NON accedere all\u2019Ufficio Consolare con apparecchiature elettroniche, alimentari e\/o bevande e durante l\u2019attesa nella sala di evitare di alzare in eccesso il tono della voce, anche per rispetto degli utenti che si trovano allo sportello.<\/p>\n<p style=\"text-align: justify;\"><strong>IMPORTANTE<\/strong><\/p>\n<ul style=\"text-align: justify;\">\n<li><strong>Non esistono intermediari, agenzie autorizzate, consulenti o consiglieri autorizzati dall\u2019Ufficio Consolare a effettuare alcun tipo di pratica in nome dell\u2019utente; il sito web dell\u2019Ambasciata\u00a0<a href=\"https:\/\/ambquito.esteri.it\" target=\"_blank\" rel=\"noopener\">https:\/\/ambquito.esteri.it<\/a>\u00a0\u00e9 l\u2019unico canale ufficiale di informazione sui servizi consolari. Sono stati raccolti la maggior parte dei quesiti posti dall&#8217;utenza per pubblicare informazioni dettagliate e tali informazioni vengono aggiornate costantemente. Si prega di leggere attentamente le istruzioni per ogni tipo di pratica e di non far ricorso a servizi di intermediari con il rischio di essere truffati.<\/strong><\/li>\n<li><strong>I cittadini italiani devono identificarsi con documento d\u2019identit\u00e0 italiano (passaporto o carta d\u2019identit\u00e0).<\/strong><\/li>\n<li><strong>Si potr\u00e0 contattare l\u2019Ufficio Consolare scrivendo all\u2019indirizzo di posta elettronica\u00a0<a href=\"mailto:consolare.quito@esteri.it\" target=\"_blank\" rel=\"noopener\">consolare.quito@esteri.it<\/a>, identificandosi con i propri dati completi (nomi, cognomi, luogo e data di nascita e numero di passaporto) e soltanto per richiedere informazioni che non risultino gi\u00e0 pubblicate sul sito\u00a0<a href=\"https:\/\/ambquito.esteri.it\" target=\"_blank\" rel=\"noopener\">https:\/\/ambquito.esteri.it<\/a>. I messaggi di posta elettronica di persone non identificate e\/o che riguardino argomenti gi\u00e0 inclusi sul sito web non riceveranno alcun riscontro.<\/strong><\/li>\n<\/ul>\n<h3 style=\"text-align: center;\"><a href=\"https:\/\/prenotami.esteri.it\/\" target=\"_blank\" rel=\"noopener\"><strong>PER PRENOTARE UN APPUNTAMENTO CLICCA QUI<\/strong><\/a><\/h3>\n<\/div>\n","protected":false},"excerpt":{"rendered":"VIDEO TUTORIAL SISTEMA\u00a0Prenot@mi Il sistema per la prenotazione di appuntamenti\u00a0Prenot@mi\u00a0\u00e8 uno strumento ideato dal Ministero Affari Esteri e per la Cooperazione Internazionale italiano finalizzato alla gestione, ordinata e trasparente, degli appuntamenti per gli Uffici Consolari ed evitare l\u2019intermediazione nella prenotazione degli stessi. Il numero di appuntamenti messi a disposizione dell&#8217;utenza dipende dalle risorse dell&#8217;Ufficio Consolare, [&hellip;]","protected":false},"author":4,"featured_media":0,"parent":47,"menu_order":9,"comment_status":"closed","ping_status":"closed","template":"","meta":{"footnotes":""},"class_list":["post-541","page","type-page","status-publish","hentry"],"_links":{"self":[{"href":"https:\/\/ambquito.esteri.it\/it\/wp-json\/wp\/v2\/pages\/541","targetHints":{"allow":["GET"]}}],"collection":[{"href":"https:\/\/ambquito.esteri.it\/it\/wp-json\/wp\/v2\/pages"}],"about":[{"href":"https:\/\/ambquito.esteri.it\/it\/wp-json\/wp\/v2\/types\/page"}],"author":[{"embeddable":true,"href":"https:\/\/ambquito.esteri.it\/it\/wp-json\/wp\/v2\/users\/4"}],"replies":[{"embeddable":true,"href":"https:\/\/ambquito.esteri.it\/it\/wp-json\/wp\/v2\/comments?post=541"}],"version-history":[{"count":6,"href":"https:\/\/ambquito.esteri.it\/it\/wp-json\/wp\/v2\/pages\/541\/revisions"}],"predecessor-version":[{"id":3407,"href":"https:\/\/ambquito.esteri.it\/it\/wp-json\/wp\/v2\/pages\/541\/revisions\/3407"}],"up":[{"embeddable":true,"href":"https:\/\/ambquito.esteri.it\/it\/wp-json\/wp\/v2\/pages\/47"}],"wp:attachment":[{"href":"https:\/\/ambquito.esteri.it\/it\/wp-json\/wp\/v2\/media?parent=541"}],"curies":[{"name":"wp","href":"https:\/\/api.w.org\/{rel}","templated":true}]}}