{"id":49,"date":"2023-04-11T18:13:11","date_gmt":"2023-04-11T16:13:11","guid":{"rendered":"https:\/\/ambasciatapraga.esteri.it\/?page_id=49"},"modified":"2024-12-05T12:49:17","modified_gmt":"2024-12-05T17:49:17","slug":"passaporti-e-carte-didentita","status":"publish","type":"page","link":"https:\/\/ambquito.esteri.it\/it\/servizi-consolari-e-visti\/servizi-per-il-cittadino-italiano\/passaporti-e-carte-didentita\/","title":{"rendered":"Passaporti"},"content":{"rendered":"<p><strong><u>INFORMAZIONI IMPORTANTI<\/u><\/strong><\/p>\n<p style=\"text-align: justify;\">Il passaporto \u00e8 un documento di viaggio e di identit\u00e0 che pu\u00f2 essere rilasciato ai cittadini italiani iscritti all\u2019A.I.R.E. presso la Cancelleria Consolare dell\u2019Ambasciata d\u2019Italia in Quito. <a href=\"https:\/\/ambquito.esteri.it\/it\/servizi-consolari-e-visti\/servizi-per-il-cittadino-italiano\/anagrafe-a-i-r-e\/\" target=\"_blank\" rel=\"noopener\"><strong>Che cos\u2019\u00e8 l\u2019A.I.R.E.?<\/strong><\/a><\/p>\n<p style=\"text-align: justify;\">I cittadini italiani non residenti in questa Circoscrizione Consolare possono richiedere il rilascio del passaporto per motivi di emergenza adeguatamente motivati e documentati (principalmente in casi di furto o smarrimento del documento). In questo caso i tempi per il rilascio possono essere pi\u00f9 lunghi, dato che \u00e8 necessario ricevere l\u2019autorizzazione dall\u2019Ufficio competente por residenza (Questura italiana o altro Ufficio Consolare).<\/p>\n<p style=\"text-align: justify;\"><strong>Il cittadino italiano che richiede il passaporto, se residente in Ecuador per un periodo superiore a un anno (12 mesi) ha <u>l\u2019obbligo<\/u> di iscriversi <\/strong><a href=\"https:\/\/ambquito.esteri.it\/it\/servizi-consolari-e-visti\/servizi-per-il-cittadino-italiano\/anagrafe-a-i-r-e\/\" target=\"_blank\" rel=\"noopener\"><strong>all\u2019A.I.R.E. (Anagrafe degli Italiani Residenti all\u2019Estero)<\/strong><\/a><strong> e <u>di tenere aggiornato il suo indirizzo di residenza<\/u>. L\u2019iscrizione all\u2019A.I.R.E. e l\u2019aggiornamento del proprio indirizzo di residenza deve essere effettuata attraverso il portale <\/strong><a href=\"https:\/\/serviziconsolarionline.esteri.it\/ScoFE\/index.sco\" target=\"_blank\" rel=\"noopener\"><strong>Fast It<\/strong><\/a><strong>, senza la necessit\u00e0 di recarsi presso la Cancelleria Consolare. La procedura di iscrizione all\u2019A.I.R.E. e\/o di aggiornamento dei dati A.I.R.E. non potr\u00e0 essere effettuata allo sportello durante l\u2019appuntamento per il rilascio o rinnovo del passaporto.<\/strong><\/p>\n<p style=\"text-align: justify;\"><strong>Inoltre, egli <u>\u00e8 tenuto a controllare tramite il portale <\/u><\/strong><a href=\"https:\/\/serviziconsolarionline.esteri.it\/ScoFE\/index.sco\" target=\"_blank\" rel=\"noopener\"><strong>Fast It<\/strong><\/a> <strong><u>la sua situazione di stato civile<\/u>, la quale deve essere aggiornata presso l\u2019amministrazione italiana. Pertanto, gli atti relativi ad eventi (matrimonio, nascita figli, divorzio, ecc.) non avvenuti in Italia dovranno essere presentati alla Cancelleria Consolare o al Comune italiano di competenza. A tal fine si prega di consultare la sezione di <\/strong><a href=\"https:\/\/ambquito.esteri.it\/it\/servizi-consolari-e-visti\/servizi-per-il-cittadino-italiano\/stato-civile\/\" target=\"_blank\" rel=\"noopener\"><strong>Stato Civile<\/strong><\/a><strong> .<\/strong><\/p>\n<p style=\"text-align: justify;\">I cittadini italiani residenti nelle provincie di Guayas, Santa Elena, Los R\u00edos, Bol\u00edvar, Ca\u00f1ar, El Oro, Loja, Morona Santiago, Zamora Chinchipe e Gal\u00e1pagos, potranno presentare la domanda di rilascio passaporto presso il Consolato Onorario a Guayaquil (<a href=\"https:\/\/ambquito.esteri.it\/it\/chi-siamo\/la-rete-consolare\/\" target=\"_blank\" rel=\"noopener\"><strong>La Rete Consolare<\/strong><\/a>).<\/p>\n<p><strong>Gli appuntamenti per il rilascio del passaporto si prenotano unicamente tramite il portale <\/strong><a href=\"https:\/\/ambquito.esteri.it\/it\/servizi-consolari-e-visti\/servizi-per-il-cittadino-italiano\/prenotmi-appuntamenti-per-servizi-consolari\/\" target=\"_blank\" rel=\"noopener\"><strong>Prenot@mi<\/strong><\/a><\/p>\n<p>&nbsp;<\/p>\n<p><strong><u>REQUISITI PER IL RILASCIO DEL PASSAPORTO<\/u><\/strong><\/p>\n<p><strong>A. Passaporto per il cittadino italiano <u>maggiorenne<\/u>, si dovr\u00e0 presentare la documentazione nel seguente ordine:<\/strong><\/p>\n<ul>\n<li style=\"text-align: justify;\">Passaporto precedente (originale e copia a colori) o in caso di primo passaporto, carta d\u2019identit\u00e0 ecuadoriana (originale e copia a colori). <strong>In caso di smarrimento o furto<\/strong>, denuncia alle autorit\u00e0 locali; le copie di tutti i documenti di identit\u00e0 e passaporti devono essere effettuate su un unico foglio;<\/li>\n<li style=\"text-align: justify;\"><a href=\"https:\/\/ambquito.esteri.it\/wp-content\/uploads\/2023\/10\/domanda_di_rilascio_del_passaporto.pdf\" target=\"_blank\" rel=\"noopener\"><strong>Domanda di passaporto<\/strong><\/a> compilata e firmata;<\/li>\n<li style=\"text-align: justify;\">UNA fotografia attuale \u2013 <a href=\"https:\/\/ambquito.esteri.it\/wp-content\/uploads\/2023\/10\/fotografia_per_il_passaporto.pdf\" target=\"_blank\" rel=\"noopener\"><strong>Caratteristiche della fotografia<\/strong><\/a><\/li>\n<li style=\"text-align: justify;\">Ricevuta originale di versamento per il costo del passaporto (Tariffa Consolare \u2013 Art. 27). <a href=\"https:\/\/ambquito.esteri.it\/it\/servizi-consolari-e-visti\/servizi-per-il-cittadino-italiano\/tariffe-consolari-of\/\" target=\"_blank\" rel=\"noopener\"><strong>Come realizzare il versamento?<\/strong><\/a><\/li>\n<\/ul>\n<p style=\"text-align: justify;\">Si informano i connazionali, <strong>genitori di figli minori<\/strong>, che a partire dal <strong>14 giugno 2023<\/strong> non sar\u00e0 pi\u00f9 necessario presentare <strong>l\u2019atto di assenso dell\u2019altro genitore<\/strong> ai fini del rilascio del proprio documento d\u2019identit\u00e0 (<strong>Passaporto<\/strong> e CIE &#8211; Carta di Identit\u00e0 Elettronica), ai sensi del D.L. 69\/2023. Nello specifico il novellato <a href=\"https:\/\/ambquito.esteri.it\/wp-content\/uploads\/2023\/10\/domandarilasciomaggiorenneconfigli_nodata.pdf\" target=\"_blank\" rel=\"noopener\"><strong>articolo 3-bis della L. 1185\/1967 <\/strong><\/a>indica che, quando vi \u00e8 concreto e attuale pericolo che a causa del trasferimento all\u2019estero questo possa sottrarsi all\u2019adempimento dei suoi obblighi verso i figli, sar\u00e0 possibile per l\u2019altro genitore richiedere una inibitoria al rilascio del documento. L\u2019istanza potr\u00e0 essere presentata presso il giudice competente presso il Tribunale ordinario in cui il minore ha la residenza abituale ovvero, se il minore \u00e8 residente all\u2019estero, il Tribunale nel cui circondario si trova il suo Comune di iscrizione A.I.R.E. (Anagrafe degli Italiani Residenti all\u2019Estero). Ai fini del rilascio dei documenti per i minori, invece, resta l\u2019obbligo dell\u2019assenso firmato da entrambi i genitori o da chi esercita la responsabilit\u00e0 genitoriale.<\/p>\n<p style=\"text-align: justify;\"><strong>B. Passaporto per il cittadino italiano <u>minorenne<\/u>, si dovr\u00e0 presentare la documentazione nel seguente ordine:<\/strong><\/p>\n<ul>\n<li style=\"text-align: justify;\">Presenza <u>obbligatoria<\/u> di entrambi i genitori con originale e copia a colori del documento di identit\u00e0 (passaporto italiano nel caso di cittadini italiani o carta d\u2019identit\u00e0 ecuadoriana nel caso di cittadini ecuadoriani). Nel caso in cui uno dei genitori del minore risieda in un altro paese, dovr\u00e0 dare il proprio assenso al rilascio del passaporto presso la competente Questura in Italia o presso il Consolato Italiano del proprio paese di residenza e richiedere l\u2019invio per Posta Elettronica Certificata a questa Ambasciata;<\/li>\n<li style=\"text-align: justify;\">Non \u00e8 richiesta la presenza nel caso di minori di 12 anni;<\/li>\n<li style=\"text-align: justify;\">Passaporto italiano precedente del minore (originale e copia a colori)\u00a0e nel caso di doppi cittadini Carta d\u2019Identit\u00e0 ecuadoriana del minore RILASCIATA NEGLI ULTIMI 6 MESI (originale e copia a colori); in caso di smarrimento o furto del passaporto italiano, denuncia presentata alle competenti autorit\u00e0 locali;<\/li>\n<li style=\"text-align: justify;\">Dovranno essere presentate le copie dei documenti per ogni figlio; <strong>Le copie di tutti i documenti di identit\u00e0 e passaporti devono essere effettuate su un unico foglio<\/strong>;<\/li>\n<li style=\"text-align: justify;\"><a href=\"https:\/\/ambquito.esteri.it\/wp-content\/uploads\/2023\/10\/domanda_di_rilascio_del_passaporto.pdf\" target=\"_blank\" rel=\"noopener\"><strong>Domanda di passaporto<\/strong><\/a> compilata con i dati del\u00a0figlio e firmata da\u00a0entrambi i genitori;<\/li>\n<li style=\"text-align: justify;\">UNA fotografia attuale \u2013 <a href=\"https:\/\/ambquito.esteri.it\/wp-content\/uploads\/2023\/10\/fotografia_per_il_passaporto.pdf\" target=\"_blank\" rel=\"noopener\"><strong>Caratteristiche della fotografia<\/strong><\/a><\/li>\n<li style=\"text-align: justify;\">Ricevuta originale di versamento per il costo del passaporto (Tariffa Consolare \u2013 Art. 27). <a href=\"https:\/\/ambquito.esteri.it\/it\/servizi-consolari-e-visti\/servizi-per-il-cittadino-italiano\/tariffe-consolari-of\/\" target=\"_blank\" rel=\"noopener\"><strong>Come realizzare il versamento?<\/strong><\/a><\/li>\n<\/ul>\n<p style=\"text-align: justify;\"><strong>C. Passaporto per il cittadino italiano <u>RELIGIOSO-MISSIONARIO<\/u>, si dovr\u00e0 presentare la documentazione nel seguente ordine:<\/strong><\/p>\n<ul>\n<li style=\"text-align: justify;\">Passaporto precedente (originale e copia a colori) o in caso di primo passaporto, carta d\u2019identit\u00e0 ecuadoriana (originale e copia a colori), in caso di smarrimento o furto, denuncia alle autorit\u00e0 locali; le copie di tutti i documenti di identit\u00e0 e passaporti devono essere effettuate su un unico foglio;<\/li>\n<li style=\"text-align: justify;\"><a href=\"https:\/\/ambquito.esteri.it\/wp-content\/uploads\/2023\/10\/domanda_di_rilascio_del_passaporto.pdf\" target=\"_blank\" rel=\"noopener\"><strong>Domanda di passaporto<\/strong><\/a> compilata e firmata;<\/li>\n<li style=\"text-align: justify;\">UNA fotografia attuale \u2013 <a href=\"https:\/\/ambquito.esteri.it\/wp-content\/uploads\/2023\/10\/fotografia_per_il_passaporto.pdf\" target=\"_blank\" rel=\"noopener\"><strong>Caratteristiche della fotografia<\/strong><\/a><\/li>\n<li style=\"text-align: justify;\">DICHIARAZIONE DELLA CONFERENZA EPISCOPALE ECUADORIANA dalla quale risulti che il richiedente \u00e8 <strong>religioso \u2013 missionario<\/strong> in servizio in Ecuador.<\/li>\n<\/ul>\n<p style=\"text-align: justify;\"><strong>D. <u>Primo passaporto<\/u> per cittadini <u>residenti in Italia<\/u>:<\/strong><\/p>\n<p style=\"text-align: justify;\">I cittadini che abbiano ottenuto la cittadinanza in Italia, per residenza o per matrimonio e che per alcuni motivi abbiano abbandonato il territorio italiano senza aver richiesto previamente il proprio passaporto, dovranno far pervenire all\u2019Ufficio Consolare, via corriere privato, a:<\/p>\n<p><strong>\u201cPRIMO PASSAPORTO \u2013 RESIDENTE IN ITALIA\u201d<\/strong><br \/>\n<strong>OFICINA CONSULAR <\/strong><br \/>\n<strong>EMBAJADA DE ITALIA<\/strong><br \/>\n<strong>Calle La Isla N 26-25 y Humberto Albornoz<\/strong><br \/>\n<strong>170521 &#8211; <\/strong><strong><u>QUITO<\/u><\/strong><\/p>\n<p style=\"text-align: justify;\">I seguenti documenti:<\/p>\n<ul>\n<li style=\"text-align: justify;\"><a href=\"https:\/\/ambquito.esteri.it\/wp-content\/uploads\/2023\/10\/domanda_di_rilascio_del_passaporto.pdf\" target=\"_blank\" rel=\"noopener\"><strong>Domanda di passaporto<\/strong><\/a> compilata e firmata indicando l\u2019indirizzo di residenza in Italia;<\/li>\n<li style=\"text-align: justify;\">UNA fotografia attuale \u2013 <a href=\"https:\/\/ambquito.esteri.it\/wp-content\/uploads\/2023\/10\/fotografia_per_il_passaporto.pdf\" target=\"_blank\" rel=\"noopener\"><strong>Caratteristiche della fotografia<\/strong><\/a><\/li>\n<li style=\"text-align: justify;\">Ricevuta originale di versamento per il costo del passaporto (Tariffa Consolare \u2013 Art. 27). <a href=\"https:\/\/ambquito.esteri.it\/it\/servizi-consolari-e-visti\/servizi-per-il-cittadino-italiano\/tariffe-consolari-of\/\" target=\"_blank\" rel=\"noopener\"><strong>Come realizzare il versamento?<\/strong><\/a><\/li>\n<\/ul>\n<p style=\"text-align: justify;\">La data dell\u2019appuntamento sar\u00e0 comunicata dall\u2019Ufficio Consolare non appena si riceva l\u2019autorizzazione (Nulla Osta) dalla Questura competente. Si evidenzia che i tempi per il rilascio possono risultare pi\u00f9 lunghi, dato che \u00e8 necessario ricevere la predetta autorizzazione.<\/p>\n<p style=\"text-align: justify;\"><strong><u>Nota bene<\/u>: le richieste incorrette o incomplete non saranno accettate.<\/strong><\/p>\n<p>&nbsp;<\/p>\n<p style=\"text-align: justify;\"><strong>E. Assenso al rilascio passaporto (a favore di cittadini minorenni residenti in Italia o in altri Paesi)<\/strong><\/p>\n<p style=\"text-align: justify;\">L\u2019atto di assenso \u00e8 una dichiarazione personale <strong>del genitore di un cittadino italiano minorenne<\/strong> attraverso la quale si autorizza il rilascio del passaporto al\/ai proprio\/i figlio\/i minorenne\/i.<\/p>\n<p style=\"text-align: justify;\"><strong>I genitori stranieri residenti in Ecuador<\/strong> che debbano concedere un atto d\u2019assenso a favore di cittadini minorenni residenti all\u2019estero devono presentarsi personalmente, previo appuntamento tramite <a href=\"https:\/\/ambquito.esteri.it\/it\/servizi-consolari-e-visti\/servizi-per-il-cittadino-italiano\/prenotmi-appuntamenti-per-servizi-consolari\/\" target=\"_blank\" rel=\"noopener\"><strong>Prenot@mi<\/strong><\/a> \u2013 <strong>NOTARILE<\/strong>, con originale e copia a colori del proprio documento d\u2019identit\u00e0 (carta d\u2019identit\u00e0 o passaporto), copia della carta d\u2019identit\u00e0 del destinatario dell\u2019assenso, Modulo completamente compilato, senza data e senza firma e la ricevuta originale di versamento del rispettivo costo (Tariffe Consolari \u2013 Art. 19) \u2013 <a href=\"https:\/\/ambquito.esteri.it\/it\/servizi-consolari-e-visti\/servizi-per-il-cittadino-italiano\/tariffe-consolari-of\/\" target=\"_blank\" rel=\"noopener\"><strong>Come realizzare il versamento?<\/strong><\/a><\/p>\n<p><a href=\"https:\/\/ambquito.esteri.it\/wp-content\/uploads\/2023\/10\/atto_di_assenso_al_rilascio_pasasporto.pdf\" target=\"_blank\" rel=\"noopener\"><strong>Scaricare Modulo<\/strong><\/a><\/p>\n<p style=\"text-align: justify;\"><strong>Se il genitore assente \u00e8 cittadino italiano<\/strong> egli potr\u00e0 fornire l\u2019atto di assenso scaricando il suddetto modulo e trasmettendolo a chi di competenza, debitamente compilato e firmato, con allegata una copia del suo passaporto da dove si possa evincere chiaramente la sua firma.<\/p>\n<p>&nbsp;<\/p>\n<p style=\"text-align: justify;\"><strong>F. Dichiarazione di accompagnamento per minori di et\u00e0 inferiore a 14 anni (solo se NON viaggiano insieme ad almeno uno dei propri genitori)<br \/>\n<\/strong><\/p>\n<p><a href=\"https:\/\/ambquito.esteri.it\/it\/news\/dall_ambasciata\/2023\/10\/dichiarazione-di-accompagnamento-per-minori-di-eta-inferiore-a-14-anni-che-viaggino-non-accompagnati-da-almeno-uno-dei-genitori-o-di-chi-esercita-la-responsabilita-tutoria\/\" target=\"_blank\" rel=\"noopener\"><strong>Clicca qui per informazion<\/strong><\/a><u>i<\/u><\/p>\n<p style=\"text-align: justify;\">\n","protected":false},"excerpt":{"rendered":"INFORMAZIONI IMPORTANTI Il passaporto \u00e8 un documento di viaggio e di identit\u00e0 che pu\u00f2 essere rilasciato ai cittadini italiani iscritti all\u2019A.I.R.E. presso la Cancelleria Consolare dell\u2019Ambasciata d\u2019Italia in Quito. Che cos\u2019\u00e8 l\u2019A.I.R.E.? I cittadini italiani non residenti in questa Circoscrizione Consolare possono richiedere il rilascio del passaporto per motivi di emergenza adeguatamente motivati e documentati [&hellip;]","protected":false},"author":1,"featured_media":0,"parent":47,"menu_order":7,"comment_status":"closed","ping_status":"closed","template":"","meta":{"footnotes":""},"class_list":["post-49","page","type-page","status-publish","hentry"],"_links":{"self":[{"href":"https:\/\/ambquito.esteri.it\/it\/wp-json\/wp\/v2\/pages\/49","targetHints":{"allow":["GET"]}}],"collection":[{"href":"https:\/\/ambquito.esteri.it\/it\/wp-json\/wp\/v2\/pages"}],"about":[{"href":"https:\/\/ambquito.esteri.it\/it\/wp-json\/wp\/v2\/types\/page"}],"author":[{"embeddable":true,"href":"https:\/\/ambquito.esteri.it\/it\/wp-json\/wp\/v2\/users\/1"}],"replies":[{"embeddable":true,"href":"https:\/\/ambquito.esteri.it\/it\/wp-json\/wp\/v2\/comments?post=49"}],"version-history":[{"count":8,"href":"https:\/\/ambquito.esteri.it\/it\/wp-json\/wp\/v2\/pages\/49\/revisions"}],"predecessor-version":[{"id":4680,"href":"https:\/\/ambquito.esteri.it\/it\/wp-json\/wp\/v2\/pages\/49\/revisions\/4680"}],"up":[{"embeddable":true,"href":"https:\/\/ambquito.esteri.it\/it\/wp-json\/wp\/v2\/pages\/47"}],"wp:attachment":[{"href":"https:\/\/ambquito.esteri.it\/it\/wp-json\/wp\/v2\/media?parent=49"}],"curies":[{"name":"wp","href":"https:\/\/api.w.org\/{rel}","templated":true}]}}