{"id":42,"date":"2023-04-11T18:08:31","date_gmt":"2023-04-11T16:08:31","guid":{"rendered":"https:\/\/ambasciatapraga.esteri.it\/?page_id=42"},"modified":"2026-02-06T13:51:20","modified_gmt":"2026-02-06T18:51:20","slug":"la-rete-consolare","status":"publish","type":"page","link":"https:\/\/ambquito.esteri.it\/it\/chi-siamo\/la-rete-consolare\/","title":{"rendered":"La Rete Consolare"},"content":{"rendered":"<p style=\"text-align: justify;\">La rete consolare italiana in Ecuador \u00e8 composta dalla Cancelleria Consolare dell\u2019Ambasciata d\u2019Italia a Quito (unico Ufficio competente per il rilascio di visti) ed il Consolato Onorario di Guayaquil, competente per le Provincie di Guayas, Santa Elena, Los R\u00edos, Bol\u00edvar, Ca\u00f1ar, El Oro, Loja, Morona Santiago, Zamora Chinchipe e Gal\u00e1pagos. Vi sono inoltre Corrispondenti Consolari a Cuenca (per la Provincia di Azuay) a Esmeraldas (per le Provincie di Esmeraldas, Carchi e Imbabura) e a Manta per la Provincia di Manab\u00ed.<\/p>\n<p>&nbsp;<\/p>\n<p><strong>Ambasciata d\u2019Italia QUITO (Cancelleria Consolare)<\/strong><br \/>\nCapo della Cancelleria Consolare: Andrea Rapido Ragozzino<br \/>\nLa Isla N26-25 y Humberto Albornoz, Quito<br \/>\nTel +593-2-3211322 \/ +593-2-3210565<br \/>\ne-mail: <a href=\"mailto:consolare.quito@esteri.it\" target=\"_blank\" rel=\"noopener\">consolare.quito@esteri.it<\/a><br \/>\nPEC: <a href=\"mailto:amb.quito.pass@cert.esteri.it\" target=\"_blank\" rel=\"noopener\">amb.quito.pass@cert.esteri.it<\/a><\/p>\n<p><strong>Orari di apertura al pubblico:<\/strong><\/p>\n<p><strong>Ufficio Consolare<\/strong><br \/>\n(Passaporti, Stato Civile, Cittadinanza, Notarile, Assistenza)<br \/>\nDal luned\u00ec al venerd\u00ec dalle ore 9:00 alle ore 12:30<br \/>\nEmail: <a href=\"mailto:consolare.quito@esteri.it\" target=\"_blank\" rel=\"noopener\">consolare.quito@esteri.it<\/a><\/p>\n<p><strong>Sezione Visti<\/strong><br \/>\nInterviste e ricevimento domande dal luned\u00ec al venerd\u00ec dalle ore 9:00 alle ore 12:30<br \/>\nConsegna visti dalle ore 8:30 alle ore 9:00<br \/>\nEmail: <a href=\"mailto:visti.quito@esteri.it\" target=\"_blank\" rel=\"noopener\">visti.quito@esteri.it<\/a><\/p>\n<p><strong>Sezione Legalizzazioni (Dichiarazioni de Valore)<\/strong><br \/>\nPrevio appuntamento prenotato on-line.<br \/>\nEmail: Quito: <a href=\"mailto:legalizzazioni.quito@esteri.it\" target=\"_blank\" rel=\"noopener\">legalizzazioni.quito@esteri.it<\/a><\/p>\n<p>&nbsp;<\/p>\n<p><strong>Consolato Onorario GUAYAQUIL<\/strong><br \/>\nConsole Onorario: Alessia D&#8217;ECCLESIA FARACE<br \/>\nPlaza Lagos Town Center Edificio Exedra, Local 4, Piso 1. Samborond\u00f3n<br \/>\nTel. +593-4-5055823<br \/>\nCellulare: +593 968828704<br \/>\nE-mail: <a href=\"mailto:consuladeitaliagye@gmail.com\" target=\"_blank\" rel=\"noopener\">consuladeitaliagye@gmail.com<\/a><\/p>\n<p style=\"text-align: justify;\"><strong><a href=\"https:\/\/ambquito.esteri.it\/wp-content\/uploads\/2024\/11\/ESTRATTO_AGG_DLF_D_ECCLESIA_FARACE_CO_GUAYAQUIL_ECUADOR.pdf\" target=\"_blank\" rel=\"noopener\">Decreto di Limitazioni di Funzioni Consolari<\/a><\/strong><\/p>\n<p style=\"text-align: justify;\"><em><strong><a href=\"https:\/\/ambquito.esteri.it\/wp-content\/uploads\/2024\/11\/2022-TRADUCCION-DE-CORTESIA-Decreto-limitaciones-consulares-Consulado-Honorario.pdf\" target=\"_blank\" rel=\"noopener\">Traduzione di cortesia in lingua spagnola<\/a><\/strong><\/em><\/p>\n<hr \/>\n<p><strong>Corrispondente Consolare d&#8217;Italia in CUENCA<\/strong><br \/>\nCorr. Augusto TOSI<br \/>\nAv. Huayncapac 197 &#8211; CUENCA<br \/>\nTel. +593-7-2832388 ext. 108<br \/>\nE-mail: <a href=\"mailto:augusto.tosi@pasa.ec\" target=\"_blank\" rel=\"noopener\">augusto.tosi@pasa.ec<\/a><\/p>\n<p><strong>Corrispondente Consolare d&#8217;Italia in ESMERALDAS<\/strong><br \/>\nCorr. Rev. Pd Vicente VIVERO<br \/>\nCalle Espejo y Olmedo, esq. Collegio Sagrado Coraz\u00f3n \u2013 ESMERALDAS<br \/>\nTel. +593-6-2728756<br \/>\nE-mail: <a href=\"mailto:monsbarvive@hotmail.com\" target=\"_blank\" rel=\"noopener\">monsbarvive@hotmail.com<\/a><\/p>\n<p><strong>Corrispondente Consolare d&#8217;Italia in MANAB\u00cd<\/strong><br \/>\nCorr. Brenda RATTI<br \/>\nTel.+593 959 074126 \/ +593 5 500 4100<br \/>\nE-mail: <a href=\"mailto:corresponsal@consuladoitalianomanabi.ec\" target=\"_blank\" rel=\"noopener\">corresponsal@consuladoitalianomanabi.ec<\/a><\/p>\n<p><strong>Corrispondente Consolare d&#8217;Italia in GALAPAGOS<\/strong><br \/>\nCorr. Valeria SPARACCIARI<br \/>\nTel.+593 994 952086<br \/>\nE-mail: <a href=\"mailto:valeriaspara2795@gmail.com\">valeriaspara2795@gmail.com<\/a><\/p>\n<p>&nbsp;<\/p>\n<p style=\"text-align: justify;\"><span style=\"text-decoration: underline;\"><strong>Elenco delle associazioni italiane presenti in Ecuador<\/strong><\/span><\/p>\n<p style=\"text-align: justify;\">Associazione Casa d\u2019Italia &#8211; Quito<br \/>\nAssociazione Dame Italiane &#8211; Quito<br \/>\nAssociazione Lucani \u2013 Guayaquil<br \/>\nAssociazione Liminesi \u2013 Guayaquil<br \/>\nSociet\u00e0 di Assistenza Garibaldi &#8211; Guayaquil<\/p>\n<p><strong>Societ\u00e0 Dante Alighieri: Comitato di Quito \u2013 Guayaquil \u2013 Cuenca<\/strong><\/p>\n<p><strong>Camera di Commercio Italo-Ecuadoriana &#8211; Quito<\/strong><\/p>\n<p style=\"text-align: justify;\"><strong>Com.It.Es.<\/strong><br \/>\nPresidente Prof. Salvatore Foti \u2013 Sede in Quito<\/p>\n<p style=\"text-align: justify;\"><strong>C.G.I.E. per ECUADOR &#8211; COLOMBIA<\/strong><br \/>\nPresidente Marina Salvarezza &#8211; Sede in Guayaquil<\/p>\n","protected":false},"excerpt":{"rendered":"La rete consolare italiana in Ecuador \u00e8 composta dalla Cancelleria Consolare dell\u2019Ambasciata d\u2019Italia a Quito (unico Ufficio competente per il rilascio di visti) ed il Consolato Onorario di Guayaquil, competente per le Provincie di Guayas, Santa Elena, Los R\u00edos, Bol\u00edvar, Ca\u00f1ar, El Oro, Loja, Morona Santiago, Zamora Chinchipe e Gal\u00e1pagos. Vi sono inoltre Corrispondenti Consolari [&hellip;]","protected":false},"author":1,"featured_media":0,"parent":13,"menu_order":8,"comment_status":"closed","ping_status":"closed","template":"","meta":{"footnotes":""},"class_list":["post-42","page","type-page","status-publish","hentry"],"_links":{"self":[{"href":"https:\/\/ambquito.esteri.it\/it\/wp-json\/wp\/v2\/pages\/42","targetHints":{"allow":["GET"]}}],"collection":[{"href":"https:\/\/ambquito.esteri.it\/it\/wp-json\/wp\/v2\/pages"}],"about":[{"href":"https:\/\/ambquito.esteri.it\/it\/wp-json\/wp\/v2\/types\/page"}],"author":[{"embeddable":true,"href":"https:\/\/ambquito.esteri.it\/it\/wp-json\/wp\/v2\/users\/1"}],"replies":[{"embeddable":true,"href":"https:\/\/ambquito.esteri.it\/it\/wp-json\/wp\/v2\/comments?post=42"}],"version-history":[{"count":7,"href":"https:\/\/ambquito.esteri.it\/it\/wp-json\/wp\/v2\/pages\/42\/revisions"}],"predecessor-version":[{"id":6893,"href":"https:\/\/ambquito.esteri.it\/it\/wp-json\/wp\/v2\/pages\/42\/revisions\/6893"}],"up":[{"embeddable":true,"href":"https:\/\/ambquito.esteri.it\/it\/wp-json\/wp\/v2\/pages\/13"}],"wp:attachment":[{"href":"https:\/\/ambquito.esteri.it\/it\/wp-json\/wp\/v2\/media?parent=42"}],"curies":[{"name":"wp","href":"https:\/\/api.w.org\/{rel}","templated":true}]}}