{"id":41,"date":"2023-04-11T18:07:19","date_gmt":"2023-04-11T16:07:19","guid":{"rendered":"https:\/\/ambasciatapraga.esteri.it\/?page_id=41"},"modified":"2025-10-02T08:30:01","modified_gmt":"2025-10-02T13:30:01","slug":"numeri-di-emergenza","status":"publish","type":"page","link":"https:\/\/ambquito.esteri.it\/it\/chi-siamo\/numeri-di-emergenza\/","title":{"rendered":"Numeri di emergenza"},"content":{"rendered":"<p style=\"text-align: justify;\"><strong>Numero cellulare per emergenze,<\/strong> dall\u2019estero +593 999 780 861, localmente 0999 780 861. Fasce di reperibilit\u00e0: <strong>dal luned\u00ec al venerd\u00ec dalle ore 18:00 alle 22:00; sabato, domenica e giorni festivi dalle ore 08:00 alle ore 22:00. <\/strong><span style=\"text-decoration: underline;\">Si fa riferimento all&#8217;ora locale in Ecuador<\/span>.<\/p>\n<p style=\"text-align: justify;\">Questo numero \u00e8 riservato ai cittadini italiani che desiderano segnalare un <strong>caso di comprovata emergenza<\/strong> e necessitano di assistenza consolare. Possibili interventi includono: assistenza in caso di fermo o arresto, assistenza economica (situazione di difficolt\u00e0 temporanea ed eccezionale), assistenza in caso di incidenti (rimpatri sanitari), assistenza in caso di furto o smarrimento di documenti, assistenza nella ricerca di connazionali scomparsi o irreperibili, assistenza a familiari di persone decedute (rimpatri salme). <strong>Attraverso questo numero di emergenza, non sono prese in carico richieste relative a pratiche consolari, visti e legalizzazioni.<\/strong><\/p>\n<p>Il numero telefonico e WhatsApp <strong>permette di lasciare messaggi vocali e scritti<\/strong>: gli utenti, se segnalano una situazione di reale emergenza, verranno richiamati <span style=\"text-decoration: underline;\">al momento dell\u2019attivazione del cellulare nella fascia oraria di reperibilit\u00e0 sopra specificata<\/span>.\u00a0<strong>Durante il normale orario di ufficio (08:30-18:00) in cui il cellulare di reperibilit\u00e0 risulta spento, per casi di reale e comprovata emergenza, si consiglia di inviare immediatamente un\u2019e-mail all&#8217;indirizzo: <\/strong>segreteria.quito@esteri.it (riportando un recapito telefonico e i dati della persona in situazione di pericolo). In tal modo, i funzionari preposti potranno attivarsi rapidamente per fornire la pronta assistenza.<\/p>\n<p><strong>ALTRI NUMERI UTILI IN CASO DI EMERGENZE:\u00a0<\/strong><\/p>\n<p>&#8211; FUNZIONARIO DI TURNO DEL <strong>MINISTERO DEGLI AFFARI ESTERI E DELLA COOPERAZIONE INTERNAZIONALE (MAECI)<\/strong>, OPERATIVO PER TUTTE LE ALTRE FASCE ORARIE: <strong>Tel. +39 06 36 911.<\/strong><\/p>\n<ul>\n<li>\n<div align=\"justify\"><strong>In caso di comprovata emergenza relativa a connazionali in contesti di rischio <\/strong>(disastri naturali, atti di terrorismo, fenomeni di pirateria, disordini di natura socio-politica all\u2019estero)<strong> \u00e8 possibile contattare l\u2019Unit\u00e0 di Crisi <\/strong>al numero +39 06 36 225 attivo H24<strong> o scrivere all\u2019indirizzo email: <\/strong>unita.crisi@esteri.it<\/div>\n<\/li>\n<\/ul>\n<p>&#8211; <strong>ATTENZIONE:<\/strong>\u00a0In caso di incidenti gravi, situazioni comportanti rischi immediati per la salute o di pericolo per l\u2019incolumit\u00e0 personale, in cui si richiede il\u00a0<strong>soccorso urgente delle\u00a0 autorit\u00e0 sanitarie, di polizia o di vigili del fuoco dell&#8217;Ecuador<\/strong>, si consiglia di chiamare direttamente il\u00a0<strong>numero unico locale di pronto intervento: <\/strong>911.<\/p>\n","protected":false},"excerpt":{"rendered":"Numero cellulare per emergenze, dall\u2019estero +593 999 780 861, localmente 0999 780 861. Fasce di reperibilit\u00e0: dal luned\u00ec al venerd\u00ec dalle ore 18:00 alle 22:00; sabato, domenica e giorni festivi dalle ore 08:00 alle ore 22:00. Si fa riferimento all&#8217;ora locale in Ecuador. Questo numero \u00e8 riservato ai cittadini italiani che desiderano segnalare un caso [&hellip;]","protected":false},"author":1,"featured_media":0,"parent":13,"menu_order":6,"comment_status":"closed","ping_status":"closed","template":"","meta":{"footnotes":""},"class_list":["post-41","page","type-page","status-publish","hentry"],"_links":{"self":[{"href":"https:\/\/ambquito.esteri.it\/it\/wp-json\/wp\/v2\/pages\/41","targetHints":{"allow":["GET"]}}],"collection":[{"href":"https:\/\/ambquito.esteri.it\/it\/wp-json\/wp\/v2\/pages"}],"about":[{"href":"https:\/\/ambquito.esteri.it\/it\/wp-json\/wp\/v2\/types\/page"}],"author":[{"embeddable":true,"href":"https:\/\/ambquito.esteri.it\/it\/wp-json\/wp\/v2\/users\/1"}],"replies":[{"embeddable":true,"href":"https:\/\/ambquito.esteri.it\/it\/wp-json\/wp\/v2\/comments?post=41"}],"version-history":[{"count":6,"href":"https:\/\/ambquito.esteri.it\/it\/wp-json\/wp\/v2\/pages\/41\/revisions"}],"predecessor-version":[{"id":6115,"href":"https:\/\/ambquito.esteri.it\/it\/wp-json\/wp\/v2\/pages\/41\/revisions\/6115"}],"up":[{"embeddable":true,"href":"https:\/\/ambquito.esteri.it\/it\/wp-json\/wp\/v2\/pages\/13"}],"wp:attachment":[{"href":"https:\/\/ambquito.esteri.it\/it\/wp-json\/wp\/v2\/media?parent=41"}],"curies":[{"name":"wp","href":"https:\/\/api.w.org\/{rel}","templated":true}]}}