{"id":3207,"date":"2024-04-18T10:03:34","date_gmt":"2024-04-18T15:03:34","guid":{"rendered":"https:\/\/ambquito.esteri.it\/?page_id=3207"},"modified":"2026-02-19T15:14:55","modified_gmt":"2026-02-19T20:14:55","slug":"carta-didentita-elettronica-cie","status":"publish","type":"page","link":"https:\/\/ambquito.esteri.it\/it\/servizi-consolari-e-visti\/servizi-per-il-cittadino-italiano\/carta-didentita-elettronica-cie\/","title":{"rendered":"Carta d\u2019Identit\u00e0 Elettronica (CIE)"},"content":{"rendered":"<p style=\"text-align: justify;\"><span style=\"text-decoration: underline;\"><strong>IL SERVIZIO \u00c8 MOMENTANEAMENTE SOSPESO FINO A NUOVA DATA, IN ATTESA DI INDICAZIONI MINISTERIALI<\/strong><\/span><\/p>\n<p style=\"text-align: justify;\"><strong>Si informa che sono in fase di conclusione i collaudi per la spedizione delle CIE tramite Corriere Diplomatico, speriamo di poter riattivare a breve il servizio CIE presso questa Sede.<\/strong><\/p>\n<p style=\"text-align: justify;\"><strong>Si segnala che \u00e8 stato recentemente approvato in Parlamento un Disegno di Legge che prevede la possibilit\u00e0 per i comuni italiani di rilasciare la CIE agli iscritti AIRE a partire dal <span style=\"text-decoration: underline;\">1 giugno 2026<\/span> (<a href=\"https:\/\/www.senato.it\/leggi-e-documenti\/disegni-di-legge\/scheda-ddl?tab=datiGenerali&amp;did=59640\" target=\"_blank\" rel=\"noopener\">Parlamento Italiano &#8211; Disegno di legge S. 1683 &#8211; 19\u00aa Legislatura | Senato della Repubblica<\/a>). La domanda di rilascio della CIE potr\u00e0 essere presentata presso qualsiasi Comune italiano.<\/strong><\/p>\n<p>&nbsp;<\/p>\n<p><strong><em><u>Che cos\u2019\u00e8 la Carta d\u2019Identit\u00e0 Elettronica (CIE)?<\/u><\/em><\/strong><\/p>\n<p style=\"text-align: justify;\">La Carta di Identit\u00e0 Elettronica (CIE) \u00e8 un documento di riconoscimento e di viaggio per potersi spostare nei Paesi dell\u2019Unione Europea, negli Stati dello Spazio Schengen non UE (Islanda, Norvegia, Svizzera, Liechtenstein) e in quelli in cui vigono particolari accordi internazionali; al riguardo, per ulteriori e pi\u00f9 dettagliate informazioni, si consiglia di consultare il sito <strong><a href=\"https:\/\/www.viaggiaresicuri.it\/approfondimenti-insights\/documentidiviaggio\" target=\"_blank\" rel=\"noopener\">Viaggiare Sicuri<\/a> .<\/strong><br \/>\nViene emessa dal <a href=\"https:\/\/www.cartaidentita.interno.gov.it\/\" target=\"_blank\" rel=\"noopener\"><strong>Ministero dell\u2019Interno<\/strong><\/a> e prodotta dal <a href=\"https:\/\/www.ipzs.it\/ext\/carta_identita_elettronica_prodotti.html\" target=\"_blank\" rel=\"noopener\"><strong>Poligrafico e Zecca dello Stato<\/strong><\/a> .<\/p>\n<p style=\"text-align: justify;\"><strong><em><u>Chi pu\u00f2 richiedere il rilascio della Carta d\u2019Identit\u00e0 Elettronica presso la Cancelleria Consolare dell\u2019Ambasciata d\u2019Italia in Quito? Quali sono i requisiti?<\/u><\/em><\/strong><\/p>\n<p style=\"text-align: justify;\">Per poter chiedere il rilascio della CIE \u00e8 necessario essere cittadini <strong>italiani residenti in Ecuador, <\/strong>gi\u00e0 iscritti all\u2019A.I.R.E. (Anagrafe degli Italiani Residenti all\u2019Estero). L\u2019iscrizione all\u2019A.I.R.E. pu\u00f2 essere effettuata attraverso il portale<strong><a href=\"https:\/\/ambquito.esteri.it\/it\/servizi-consolari-e-visti\/servizi-per-il-cittadino-italiano\/anagrafe-a-i-r-e\/\" target=\"_blank\" rel=\"noopener\"> Fast It<\/a> <\/strong>senza necessit\u00e0 di recarsi presso la Cancelleria Consolare.<\/p>\n<p style=\"text-align: justify;\">Il richiedente la CIE deve controllare tramite il portale <strong><a href=\"https:\/\/ambquito.esteri.it\/it\/servizi-consolari-e-visti\/servizi-per-il-cittadino-italiano\/anagrafe-a-i-r-e\/\" target=\"_blank\" rel=\"noopener\">Fast It<\/a> <\/strong>la sua <strong>situazione di stato civile, <\/strong>la quale deve essere aggiornata presso l\u2019amministrazione italiana. Pertanto, gli atti relativi ad eventi (matrimonio, nascita figli, divorzio, ecc.) non avvenuti in Italia dovranno essere presentati all\u2019Ufficio Consolare o al Comune italiano di competenza. A tal fine si prega di consultare la sezione di <a href=\"https:\/\/ambquito.esteri.it\/it\/servizi-consolari-e-visti\/servizi-per-il-cittadino-italiano\/stato-civile\/\" target=\"_blank\" rel=\"noopener\"><strong>Stato Civile<\/strong><\/a> .<\/p>\n<p style=\"text-align: justify;\">Per<strong> i cittadini italiani nati all\u2019Estero<\/strong>, \u00e8 <strong>necessario<\/strong> che il relativo atto di nascita risulti gi\u00e0 trascritto nei registri di Stato Civile del Comune italiano di riferimento.<\/p>\n<p style=\"text-align: justify;\">Per il rilascio della CIE \u00e8 <strong>necessario essere titolare di un Codice Fiscale validato dall\u2019Agenzia delle Entrate<\/strong>. Nel caso in cui si sia sprovvisti di Codice Fiscale, si potr\u00e0 farne richiesta seguendo le <a href=\"https:\/\/ambquito.esteri.it\/it\/servizi-consolari-e-visti\/servizi-per-il-cittadino-italiano\/codice-fiscale\/\" target=\"_blank\" rel=\"noopener\"><strong>istruzioni<\/strong> <\/a>.<\/p>\n<p><strong><em><u>Quando presentare la domanda per il rilascio della CIE?<\/u><\/em><\/strong><\/p>\n<p style=\"text-align: justify;\">La richiesta di una nuova CIE pu\u00f2 essere presentata a partire <strong>da sei mesi (180 giorni)<\/strong> prima della scadenza della precedente Carta d\u2019Identit\u00e0 Cartacea (CIC) o CIE, <span style=\"text-decoration: underline;\">oppure in qualsiasi momento, nel caso di primo rilascio<\/span>. <em>La richiesta di una nuova CIE potr\u00e0 essere presentata anche dai connazionali gi\u00e0 in possesso di CIC\u2013Carta di Identit\u00e0 Cartacea o CIE di vecchia generazione (versione 2007) ancora in corso di validit\u00e0, quindi prima dei 180 giorni anteriori alla scadenza.<\/em><\/p>\n<p style=\"text-align: justify;\"><strong><u>ATTENZIONE<\/u><\/strong>: si invitano gli interessati a <strong>presentare la domanda per ottenere la CIE solamente in caso di effettivo bisogno e con congruo anticipo.<\/strong><\/p>\n<p><strong><em><u>Come si presenta la domanda per il rilascio della CIE?<\/u><\/em><\/strong><\/p>\n<p style=\"text-align: justify;\">La richiesta della CIE deve essere <strong>presentata esclusivamente per il tramite di posta elettronica<\/strong> (<a href=\"mailto:consolare.quito@esteri.it\"><strong>consolare.quito@esteri.it<\/strong><\/a>) allegando la seguente documentazione che varia a seconda dello status familiare del richiedente. <strong>Tutta la documentazione dovr\u00e0 essere scansionata a colori ed unicamente in formato PDF:<\/strong><\/p>\n<p style=\"text-align: center;\"><strong>CITTADINO <\/strong><strong>MAGGIORENNE<\/strong><\/p>\n<ul>\n<li style=\"text-align: justify;\">Modulo di richiesta di rilascio\/rinnovo\/duplicato CIE, interamente compilato e firmato (<a href=\"https:\/\/ambquito.esteri.it\/wp-content\/uploads\/2024\/04\/Modello-_richiesta-CIE-maggiorenne_-2024.pdf\" target=\"_blank\" rel=\"noopener\"><strong>scarica qui il modulo<\/strong><\/a>);<\/li>\n<li style=\"text-align: justify;\">Documenti di riconoscimento italiani (Passaporto e Carta d\u2019identit\u00e0 cartacea o elettronica) di cui si \u00e8 in possesso, anche se scaduti, <u>in un\u2019unica pagina<\/u>;<em> Se non si \u00e8 in possesso di nessuno dei due documenti di riconoscimento, il richiedente dovr\u00e0 presentarsi al futuro appuntamento accompagnato da due testimoni, cittadini italiani, che dovranno disporre di un documento di identit\u00e0 valido ed in originale;<\/em><\/li>\n<li style=\"text-align: justify;\">In caso di furto\/smarrimento\/deterioramento della Carta d\u2019identit\u00e0 italiana cartacea (CIC) o elettronica (CIE): copia della denuncia da presentare presso la locale <em>FISCALIA<\/em>, che potr\u00e0 essere effettuata anche per via telematica al seguente link: <a href=\"https:\/\/www.fiscalia.gob.ec\/denuncias-en-linea-para-turistas\/\" target=\"_blank\" rel=\"noopener\"><strong>https:\/\/www.fiscalia.gob.ec\/denuncias-en-linea-para-turistas\/<\/strong><\/a> .<\/li>\n<\/ul>\n<p>&nbsp;<\/p>\n<p style=\"text-align: center;\"><strong>CITTADINO MINORE DI ANNI 18<br \/>\n<\/strong><\/p>\n<ul>\n<li style=\"text-align: justify;\">Modulo di richiesta di rilascio\/rinnovo\/duplicato CIE, interamente compilato e firmato (<a href=\"https:\/\/ambquito.esteri.it\/wp-content\/uploads\/2024\/04\/Modello_richiesta_CIE_minori_-2024.pdf\" target=\"_blank\" rel=\"noopener\"><strong>scarica qui il modulo<\/strong><\/a>);<\/li>\n<li style=\"text-align: justify;\">Documenti di riconoscimento italiani del minore e di entrambi i genitori (Passaporto e Carta d\u2019identit\u00e0 cartacea o elettronica) di cui si \u00e8 in possesso, anche se scaduti, <u>in un\u2019unica pagina<\/u>; il genitore straniero allegher\u00e0 la <em>Cedula de identidad<\/em> <em>ecuatoriana<\/em> in corso di validit\u00e0; se si tratta del primo documento di identit\u00e0 italiano del minore si allegher\u00e0 anche la <em>Cedula de Identidad<\/em> <em>ecuatoriana<\/em> del minore in corso di validit\u00e0;<\/li>\n<li style=\"text-align: justify;\">In caso di furto\/smarrimento\/deterioramento della Carta d\u2019identit\u00e0 italiana cartacea (CIC) o elettronica (CIE): copia della denuncia da presentare presso la locale <em>FISCALIA<\/em>, che potr\u00e0 essere effettuata anche per via telematica al seguente link: <a href=\"https:\/\/www.fiscalia.gob.ec\/denuncias-en-linea-para-turistas\/\" target=\"_blank\" rel=\"noopener\"><strong>https:\/\/www.fiscalia.gob.ec\/denuncias-en-linea-para-turistas\/<\/strong><\/a> .<\/li>\n<\/ul>\n<p style=\"text-align: justify;\">Una volta terminata la lavorazione della richiesta, il connazionale <strong>ricever\u00e0 una e-mail con la quale gli sar\u00e0 comunicato l\u2019esito ed in caso positivo sar\u00e0 autorizzato ad effettuare un appuntamento sul portale <a href=\"https:\/\/prenotami.esteri.it\" target=\"_blank\" rel=\"noopener\">Prenot@Mi <\/a><\/strong>.<\/p>\n<p style=\"text-align: justify;\"><strong>La copia del predetto messaggio di autorizzazione dovr\u00e0 essere consegnata allo sportello consolare il giorno dell\u2019appuntamento.<\/strong><\/p>\n<p style=\"text-align: justify;\">Per ulteriori informazioni in merito al portale di appuntamenti Prenot@Mi <a href=\"https:\/\/ambquito.esteri.it\/it\/servizi-consolari-e-visti\/servizi-per-il-cittadino-italiano\/prenotmi-appuntamenti-per-servizi-consolari\/\" target=\"_blank\" rel=\"noopener\"><strong>cliccare qui<\/strong><\/a> . <strong>Le prenotazioni effettuate per tale servizio da utenti non previamente autorizzati saranno cancellate.<\/strong><\/p>\n<p style=\"text-align: justify;\">Dal momento della trasmissione della richiesta della CIE, inviata via email, alla comunicazione dell\u2019esito e dell\u2019eventuale invito a fissare un appuntamento potranno trascorrere almeno <strong>15 giorni<\/strong>, necessari per consentire agli operatori consolari di effettuare il controllo dei dati anagrafici, risolvere eventuali disallineamenti e verificare che non sussistano cause ostative al rilascio del documento.<\/p>\n<p><strong><em><u>Quale documentazione deve essere presentata il giorno dell\u2019appuntamento per la richiesta di rilascio della CIE?<\/u><\/em><\/strong><\/p>\n<p style=\"text-align: center;\"><strong>CITTADINO <\/strong><strong>MAGGIORENNE<\/strong><\/p>\n<ul>\n<li style=\"text-align: justify;\">Documenti di identit\u00e0 in originale, <span style=\"text-decoration: underline;\">le cui copie a colori sono gi\u00e0 state precedentemente inviate via email<\/span>. <em>Se non si \u00e8 in possesso di nessuno dei due documenti di riconoscimento, il richiedente dovr\u00e0 presentarsi accompagnato da due testimoni, cittadini italiani, che dovranno disporre di un documento di identit\u00e0 valido ed in originale;<\/em><\/li>\n<li style=\"text-align: justify;\">Una fototessera a colori \u2013 sfondo bianco \u2013<a href=\"https:\/\/www.esteri.it\/it\/servizi-consolari-e-visti\/italiani-all-estero\/documenti_di_viaggio\/linee-guida-foto-icao\/\" target=\"_blank\" rel=\"noopener\"> <strong>standard ICAO<\/strong><\/a> \u2013 45mm x 35mm;<\/li>\n<li style=\"text-align: justify;\">Ricevuta originale del pagamento della tassa consolare per il <strong>rilascio\/rinnovo<\/strong> della CIE o per l\u2019emissione di <strong>duplicato<\/strong> per furto\/smarrimento o deterioramento di CIE ancora in corso di validit\u00e0 (<strong>vedi informazioni al paragrafo successivo<\/strong>).<\/li>\n<\/ul>\n<p style=\"text-align: center;\"><strong>CITTADINO MINORE<\/strong><strong> DI ANNI 18<\/strong><\/p>\n<p style=\"text-align: justify;\"><strong>La presenza di entrambi i genitori \u00e8 sempre obbligatoria per i minori da 0 a 18 anni non ancora compiuti.<\/strong><\/p>\n<p style=\"text-align: justify;\">La presenza del minore in Cancelleria Consolare il giorno dell\u2019appuntamento \u00e8 <strong>obbligatoria<\/strong> <strong>solo a partire dai 12 anni di et\u00e0,<\/strong> ai fini della rilevazione dei dati biometrici (impronte digitali) e per la firma.<\/p>\n<p style=\"text-align: justify;\">Per i minori <strong>da 0 a 12 anni non ancora compiuti<\/strong>, se si tratta del primo documento di identit\u00e0 italiano del minore, sar\u00e0 necessaria la presenza del minore stesso presso la Cancelleria Consolare il giorno dell\u2019appuntamento, oppure in alternativa, i genitori dovranno esibire la <strong><em>Cedula de Identidad ecuatoriana<\/em><\/strong>, in originale, <strong>rilasciata non oltre sei mesi prima del giorno dell\u2019appuntamento.<\/strong> Se i predetti minori sono gi\u00e0 in possesso di un precedente documento di identit\u00e0 italiano (anche se scaduto, smarrito, rubato o deteriorato, ecc.) non dovranno presentarsi.<\/p>\n<ul>\n<li style=\"text-align: justify;\">Documenti di identit\u00e0 in originale, le cui copie a colori sono gi\u00e0 state precedentemente inviate via email.<\/li>\n<li style=\"text-align: justify;\">Una fototessera a colori \u2013 sfondo bianco \u2013 <a href=\"https:\/\/www.esteri.it\/it\/servizi-consolari-e-visti\/italiani-all-estero\/documenti_di_viaggio\/linee-guida-foto-icao\/\" target=\"_blank\" rel=\"noopener\"><strong>standard ICAO<\/strong><\/a> \u2013 45mm x 35mm;<\/li>\n<li style=\"text-align: justify;\">Ricevuta originale del pagamento della tassa consolare per il <strong>rilascio\/rinnovo<\/strong> di CIE o per l\u2019emissione di <strong>duplicato<\/strong> per furto\/smarrimento o deterioramento di CIE ancora in corso di validit\u00e0 (<strong>vedi informazioni al paragrafo successivo<\/strong>).<\/li>\n<\/ul>\n<p style=\"text-align: justify;\">Nel corso dell\u2019appuntamento, l\u2019operatore consolare acquisir\u00e0 i dati biometrici (rilevazione delle impronte digitali) e la firma dell\u2019utente, che verranno registrati in sicurezza all\u2019interno del microchip presente nella propria CIE. <strong>Si fa presente che al momento attuale le uniche apparecchiature per la rilevazione dei dati biometrici sono presenti solamente presso la Cancelleria Consolare dell\u2019Ambasciata a Quito.<\/strong><\/p>\n<p style=\"text-align: justify;\">Lo stesso giorno dell\u2019appuntamento, l\u2019operatore dovr\u00e0 annullare<strong> la vecchia CIE o Carta d\u2019Identit\u00e0 Cartacea <\/strong><strong>(CIC)<\/strong>, sempre che la stessa sia ancora valida. A seguito di questa operazione, la vecchia carta conserver\u00e0 il valore di documento di riconoscimento, ma non potr\u00e0 pi\u00f9 essere utilizzata come documento di viaggio. <span style=\"text-decoration: underline;\">Si raccomanda, dunque, di essere muniti di un altro documento di viaggio in attesa che la nuova CIE venga recapitata.<\/span><\/p>\n<p style=\"text-align: justify;\">La CIE viene stampata in Italia dall\u2019Istituto Poligrafico e Zecca dello Stato e successivamente inviata alla Cancelleria Consolare o al Consolato Onorario in Guayaquil, a partire da <strong>15 giorni<\/strong> dall\u2019invio in produzione, pertanto i tempi di consegna possono variare a seconda dei Paesi di destinazione. Una volta ricevuto il plico con la CIE, i predetti Uffici si incaricheranno di contattare l\u2019interessato ed effettuare la consegna. <strong>Nel corso dell\u2019appuntamento l\u2019interessato opter\u00e0 presso quale delle due citate Sedi vorr\u00e0 ritirare la CIE.<\/strong><\/p>\n<p><strong>IL DOCUMENTO, PERTANTO, NON VIENE RILASCIATO A VISTA IL GIORNO DELL&#8217;APPUNTAMENTO.<\/strong><\/p>\n<p><strong><em><u>Quanto costa la CIE?<\/u><\/em><\/strong><\/p>\n<p style=\"text-align: justify;\">Ai fini del rilascio della CIE occorre effettuare il versamento della Tariffa Consolare vigente, in Dollari USA, corrispondente all\u2019Art. <strong>28C<\/strong> <strong><u>rilascio\/rinnovo<\/u><\/strong> oppure all\u2019Art. <strong>28D<\/strong> <strong><u>duplicato <\/u><\/strong>di CIE, da realizzare presso il Banco Pichincha, verificando l\u2019importo e seguendo le istruzioni consultabili al seguente link <a href=\"https:\/\/ambquito.esteri.it\/it\/servizi-consolari-e-visti\/servizi-per-il-cittadino-italiano\/tariffe-consolari-of\/\" target=\"_blank\" rel=\"noopener\"><strong>https:\/\/ambquito.esteri.it\/it\/servizi-consolari-e-visti\/servizi-per-il-cittadino-italiano\/tariffe-consolari-of\/<\/strong><\/a><strong> .<\/strong><\/p>\n<p style=\"text-align: justify;\">Gli importi sopra citati, per effetti del tasso di cambio Euro\/Dollaro USA, variano trimestralmente il 1\u00ba gennaio,1\u00ba aprile,1\u00ba luglio e 1\u00ba ottobre di ogni anno, pertanto, <strong>si prega di verificare l\u2019importo prima di effettuare il versamento.<\/strong><\/p>\n<p style=\"text-align: justify;\">Per <strong>RILASCIO <\/strong>si intende la prima emissione dia CIE.<br \/>\nPer <strong>RINNOVO<\/strong> si intende il rilascio di una nuova CIE in sostituzione della precedente CIC-Carta di Identit\u00e0 Cartacea\/CIE scaduta.<br \/>\n<em>Si considerer\u00e0 <u>RINNOVO<\/u> anche l\u2019emissione della CIE richiesta dal connazionale gi\u00e0 in possesso di CIC<\/em>&#8211;<em>Carta di Identit\u00e0 Cartacea o CIE di vecchia generazione (versione 2007) ancora in corso di validit\u00e0, quindi prima dei 180 giorni anteriori alla scadenza.<\/em><br \/>\nPer <strong>DUPLICATO <\/strong>si intende unicamente il rilascio di una nuova CIE in sostituzione della precedente CIE, smarrita, rubata o deteriorata, ma ancora in corso di validit\u00e0.<\/p>\n<p><strong><em><u>Quale \u00e8 la durata del documento CIE?<\/u><\/em><\/strong><\/p>\n<p style=\"text-align: justify;\">La validit\u00e0 della CIE varia a seconda dell\u2019et\u00e0 del titolare al momento della richiesta del documento; in particolare, la CIE scade al primo compleanno dopo:<\/p>\n<ul style=\"text-align: justify;\">\n<li>3 anni dalla data di emissione per i minori che hanno <strong>meno di 3 anni <\/strong>di et\u00e0;<\/li>\n<li>5 anni dalla data di emissione per i minori con un\u2019et\u00e0 compresa <strong>tra i 3 e i 18 anni<\/strong>;<\/li>\n<li>10 anni per i <strong>maggiorenni, <\/strong>pertanto scade dopo 9 anni pi\u00f9 i giorni intercorrenti fra la data della richiesta e la data di nascita.<\/li>\n<\/ul>\n<p style=\"text-align: justify;\">La CIE ha una validit\u00e0 limitata a 12 mesi dalla data di emissione nel caso \u2013 <strong>eccezionale<\/strong> \u2013 in cui sia rilasciata a cittadini impossibilitati temporaneamente al rilascio delle impronte digitali.<\/p>\n<p>Per ulteriori informazioni <strong>NON<\/strong> presenti in questa sezione scrivere a: <a href=\"mailto:consolare.quito@esteri.it\" target=\"_blank\" rel=\"noopener\"><strong>consolare.quito@esteri.it<\/strong><\/a> .<\/p>\n<p><a href=\"https:\/\/www.esteri.it\/it\/servizi-consolari-e-visti\/italiani-all-estero\/documenti_di_viaggio\/carta_identita\/\" target=\"_blank\" rel=\"noopener\"><strong>Informazioni generali<\/strong><\/a><\/p>\n<p><strong>\u00a0<\/strong><\/p>\n","protected":false},"excerpt":{"rendered":"IL SERVIZIO \u00c8 MOMENTANEAMENTE SOSPESO FINO A NUOVA DATA, IN ATTESA DI INDICAZIONI MINISTERIALI Si informa che sono in fase di conclusione i collaudi per la spedizione delle CIE tramite Corriere Diplomatico, speriamo di poter riattivare a breve il servizio CIE presso questa Sede. Si segnala che \u00e8 stato recentemente approvato in Parlamento un Disegno [&hellip;]","protected":false},"author":6,"featured_media":0,"parent":47,"menu_order":2,"comment_status":"closed","ping_status":"closed","template":"","meta":{"footnotes":""},"class_list":["post-3207","page","type-page","status-publish","hentry"],"_links":{"self":[{"href":"https:\/\/ambquito.esteri.it\/it\/wp-json\/wp\/v2\/pages\/3207","targetHints":{"allow":["GET"]}}],"collection":[{"href":"https:\/\/ambquito.esteri.it\/it\/wp-json\/wp\/v2\/pages"}],"about":[{"href":"https:\/\/ambquito.esteri.it\/it\/wp-json\/wp\/v2\/types\/page"}],"author":[{"embeddable":true,"href":"https:\/\/ambquito.esteri.it\/it\/wp-json\/wp\/v2\/users\/6"}],"replies":[{"embeddable":true,"href":"https:\/\/ambquito.esteri.it\/it\/wp-json\/wp\/v2\/comments?post=3207"}],"version-history":[{"count":6,"href":"https:\/\/ambquito.esteri.it\/it\/wp-json\/wp\/v2\/pages\/3207\/revisions"}],"predecessor-version":[{"id":6990,"href":"https:\/\/ambquito.esteri.it\/it\/wp-json\/wp\/v2\/pages\/3207\/revisions\/6990"}],"up":[{"embeddable":true,"href":"https:\/\/ambquito.esteri.it\/it\/wp-json\/wp\/v2\/pages\/47"}],"wp:attachment":[{"href":"https:\/\/ambquito.esteri.it\/it\/wp-json\/wp\/v2\/media?parent=3207"}],"curies":[{"name":"wp","href":"https:\/\/api.w.org\/{rel}","templated":true}]}}