{"id":996,"date":"2023-10-26T15:14:59","date_gmt":"2023-10-26T20:14:59","guid":{"rendered":"https:\/\/ambquito.esteri.it\/?page_id=996"},"modified":"2024-02-27T11:06:57","modified_gmt":"2024-02-27T16:06:57","slug":"asistencia-legal","status":"publish","type":"page","link":"https:\/\/ambquito.esteri.it\/es\/servizi-consolari-e-visti\/servizi-per-il-cittadino-italiano\/assistenza-ai-cittadini-allestero\/asistencia-legal\/","title":{"rendered":"Asistencia Legal"},"content":{"rendered":"<p><a href=\"https:\/\/ambquito.esteri.it\/wp-content\/uploads\/2024\/02\/Avvocati-di-riferimento-02-2024-1.pdf\" target=\"_blank\" rel=\"noopener\">Elenco degli Studi Legali di riferimento (Listado de los Estudios Jur\u00eddicos de referencia)<\/a><\/p>\n<p><a href=\"https:\/\/www.esteri.it\/it\/servizi-consolari-e-visti\/italiani-all-estero\/assistenzacittadiniestero\/assistenza_legale\/\" target=\"_blank\" rel=\"noopener\"><b><i>Informaci\u00f3n general (solo en idiomas Italiano e Ingl\u00e9s)<\/i><\/b><\/a><\/p>\n","protected":false},"excerpt":{"rendered":"Elenco degli Studi Legali di riferimento (Listado de los Estudios Jur\u00eddicos de referencia) Informaci\u00f3n general (solo en idiomas Italiano e Ingl\u00e9s)","protected":false},"author":4,"featured_media":0,"parent":156,"menu_order":0,"comment_status":"closed","ping_status":"closed","template":"","meta":{"footnotes":""},"class_list":["post-996","page","type-page","status-publish","hentry"],"_links":{"self":[{"href":"https:\/\/ambquito.esteri.it\/es\/wp-json\/wp\/v2\/pages\/996","targetHints":{"allow":["GET"]}}],"collection":[{"href":"https:\/\/ambquito.esteri.it\/es\/wp-json\/wp\/v2\/pages"}],"about":[{"href":"https:\/\/ambquito.esteri.it\/es\/wp-json\/wp\/v2\/types\/page"}],"author":[{"embeddable":true,"href":"https:\/\/ambquito.esteri.it\/es\/wp-json\/wp\/v2\/users\/4"}],"replies":[{"embeddable":true,"href":"https:\/\/ambquito.esteri.it\/es\/wp-json\/wp\/v2\/comments?post=996"}],"version-history":[{"count":6,"href":"https:\/\/ambquito.esteri.it\/es\/wp-json\/wp\/v2\/pages\/996\/revisions"}],"predecessor-version":[{"id":2933,"href":"https:\/\/ambquito.esteri.it\/es\/wp-json\/wp\/v2\/pages\/996\/revisions\/2933"}],"up":[{"embeddable":true,"href":"https:\/\/ambquito.esteri.it\/es\/wp-json\/wp\/v2\/pages\/156"}],"wp:attachment":[{"href":"https:\/\/ambquito.esteri.it\/es\/wp-json\/wp\/v2\/media?parent=996"}],"curies":[{"name":"wp","href":"https:\/\/api.w.org\/{rel}","templated":true}]}}