{"id":877,"date":"2023-10-25T12:11:28","date_gmt":"2023-10-25T17:11:28","guid":{"rendered":"https:\/\/ambquito.esteri.it\/servizi-consolari-e-visti\/servizi-per-il-cittadino-italiano\/assistenza-ai-cittadini-allestero\/rimpatrio-di-salme-o-ceneri\/"},"modified":"2025-09-01T09:51:03","modified_gmt":"2025-09-01T14:51:03","slug":"rimpatrio-di-salme-o-ceneri","status":"publish","type":"page","link":"https:\/\/ambquito.esteri.it\/es\/servizi-consolari-e-visti\/servizi-per-il-cittadino-italiano\/assistenza-ai-cittadini-allestero\/rimpatrio-di-salme-o-ceneri\/","title":{"rendered":"Repatriaci\u00f3n de Restos Mortuorios o Cenizas"},"content":{"rendered":"<div>\n<p style=\"text-align: justify;\">Las Representaciones diplom\u00e1ticas &#8211; consulares proporcionan asistencia en caso de repatriaciones de restos \/ cenizas de ciudadanos italianos fallecidos en el exterior.<\/p>\n<p style=\"text-align: justify;\">En este marco, proceden a la solicitud de <strong>autorizaci\u00f3n al Municipio italiano para la sepultura de los restos o de las cenizas (Nulla Osta)<\/strong>, si el deceso ocurri\u00f3 en uno de los Pa\u00edses que no han ratificado la Convenci\u00f3n de Berl\u00edn de 1937 y a la emisi\u00f3n del <strong>Pasaporte mortuorio<\/strong>.<\/p>\n<p style=\"text-align: justify;\"><em>Los Estados que han ratificado la Convenci\u00f3n de Berl\u00edn relativa al transporte de restos mortuorios son: Austria, B\u00e9lgica, Egipto, Francia, Alemania, Italia, M\u00e9xico, Portugal, Rep\u00fablica Checa, Rep\u00fablica Democr\u00e1tica del Congo, Rumania, Eslovaquia, Suiza y Turqu\u00eda.<\/em><\/p>\n<p style=\"text-align: justify;\">Primeramente, los familiares, o la persona por ellos encargada, deber\u00e1n contactar una Agencia de Servicios Funerarios local, la cual se ocupar\u00e1 de llevar a cabo los procedimientos correctos para la transferencia de los restos mortuorios \/ cenizas a Italia.<\/p>\n<p style=\"text-align: justify;\">Aqu\u00ed puede visualizar la <a href=\"https:\/\/ambquito.esteri.it\/wp-content\/uploads\/2025\/09\/Agenzie-pompe-funebri-2020.pdf\"><strong>lista de las Agencias de Servicios Funerarios locales de referencia de esta Embajada<\/strong><\/a>.<\/p>\n<p style=\"text-align: justify;\">Se subraya que todos los gastos relativos a la repatriaci\u00f3n de los restos \/ cenizas estar\u00e1n exclusivamente a cargo de los familiares, adem\u00e1s, se hace presente que no es obligatorio dirigirse a las Agencias se\u00f1aladas en la lista mencionada, pero queda entendido que la Agencia elegida deber\u00e1 proporcionar a esta Embajada la siguiente documentaci\u00f3n y realizar el procedimiento correcto a fin de que pueda ser emitido el documento necesario (<strong>Pasaporto mortuorio<\/strong>) para el traslado de los restos \/ cenizas a Italia y proceder con el <strong>cierre y sellado<\/strong> de la urna \/ f\u00e9retro.<\/p>\n<p style=\"text-align: justify;\">\u2022 Acta de defunci\u00f3n, apostillada (por el Ministerio de Relaciones Exteriores ecuatoriano) y traducido al italiano por un <strong><a href=\"https:\/\/ambquito.esteri.it\/it\/servizi-consolari-e-visti\/servizi-per-il-cittadino-italiano\/traduzione-e-legalizzazione-dei-documenti\/traduttori-ufficiali-di-riferimento\/\" target=\"_blank\" rel=\"noopener\">traductor de referencia<\/a> <\/strong>de esta Embajada.<br \/>\n\u2022 Certificado del que resulte que han sido cumplidas las disposiciones sanitarias previstas por la Convenci\u00f3n de Berl\u00edn de 1937, en el caso que el deceso haya ocurrido en uno de los Estados adheridos al mismo (ver arriba); el certificado no es necesario en caso de repatriaci\u00f3n de cenizas;<br \/>\n\u2022 Certificado que se\u00f1ale el deceso en zona exenta de enfermedades infecciosas o de naturaleza end\u00e9mica; el certificado no es necesario en caso de repatriaci\u00f3n de cenizas;<br \/>\n\u2022 En caso de cremaci\u00f3n, el respectivo certificado;<br \/>\n\u2022 Pasaporte original (que la Embajada anular\u00e1) del fallecido y copia a colores que se anexar\u00e1 al Pasaporte mortuorio.<\/p>\n<p style=\"text-align: justify;\"><strong>En caso de que se opte por la cremaci\u00f3n, se deber\u00e1 seguir el procedimiento previsto por la normativa italiana y de la normativa local en la materia:<\/strong><\/p>\n<p style=\"text-align: justify;\">\u2022 A falta de disposiciones testamentarias, la voluntad se manifiesta por el c\u00f3nyuge y, en su defecto, por el pariente m\u00e1s pr\u00f3ximo (en el caso de existencia de varios parientes del mismo grado, por la mayor\u00eda absoluta de los mismos); si los familiares no residen en el lugar del fallecimiento, la voluntad de cremaci\u00f3n de los restos deber\u00e1 resultar en un acta escrita (Dec<strong>laraci\u00f3n sustitutiva del acta de notoriedad<\/strong>) a realizarse en el Municipio de residencia en Italia de los mismos, o en caso de residencia en el exterior en el Consulado competente.<br \/>\n\u2022 La mencionada autorizaci\u00f3n en original debe ser debidamente apostillada\/legalizada, sucesivamente traducida al espa\u00f1ol y enviada con correo expreso (DHL, UPS, etc.) directamente a la Agencia de Servicios Funerarios encargada de la cremaci\u00f3n. La Apostilla se solicita en la Prefectura competente para el Municipio donde fue realizada la <strong>Declaraci\u00f3n sustitutiva del acta de notoriedad<\/strong> y la traducci\u00f3n a un traductor oficial del Tribunal, cuya firma debe ser a su vez legalizada con Apostilla; tal acta podr\u00e1 ser tambi\u00e9n transmitido v\u00eda PEC (Correo electr\u00f3nico certificado), por el Municipio\/Consulado a esta Embajada <a href=\"mailto:amb.quito@cert.esteri.it\"><strong>amb.quito@cert.esteri.it<\/strong><\/a> .<\/p>\n<p style=\"text-align: justify;\">En caso de que el fallecido provenga de un pa\u00eds no adherido a la Convenci\u00f3n de Berl\u00edn de 1937 (ver arriba), <strong>es necesario obtener el Nulla Osta para el ingreso a Italia<\/strong> de los restos \/ cenizas, por lo tanto, a fin de poderlo solicitar, los familiares o a la persona por ellos encargada deber\u00e1n comunicar a esta Embajada, por escrito, v\u00eda email <a href=\"mailto:consolare.quito@esteri.it\"><strong>consolare.quito@esteri.it<\/strong><\/a> el Municipio y el cementerio en Italia en donde se realizar\u00e1 la sepultura, as\u00ed como la Agencia de Servicios Funerarios en Italia que se ocupar\u00e1 del procedimiento o del familiar que se har\u00e1 cargo.<\/p>\n<p style=\"text-align: justify;\"><strong>Nota importante:<\/strong> Todos los documentos ecuatorianos deber\u00e1n ser entregados en original, estar Apostillados por el Ministerio de Relaciones Exteriores y Movilidad Humana del Ecuador y traducidos al italiano por uno de los <a href=\"https:\/\/ambquito.esteri.it\/it\/servizi-consolari-e-visti\/servizi-per-il-cittadino-italiano\/traduzione-e-legalizzazione-dei-documenti\/traduttori-ufficiali-di-riferimento\/\" target=\"_blank\" rel=\"noopener\"><strong>traductores de referencia<\/strong><\/a> de esta Embajada.<\/p>\n<p><a class=\"focus--mouse\" href=\"https:\/\/www.esteri.it\/it\/servizi-consolari-e-visti\/italiani-all-estero\/assistenzacittadiniestero\/rimpatrio_salme\/\" target=\"_blank\" rel=\"noopener\" data-focus-mouse=\"true\"><strong>Informaciones generales<\/strong><\/a><\/p>\n<p style=\"text-align: justify;\"><strong>Informaciones \u00fatiles:<\/strong><\/p>\n<p style=\"text-align: justify;\"><strong><a href=\"https:\/\/ambquito.esteri.it\/wp-content\/uploads\/2025\/09\/Agenzie-pompe-funebri-2020.pdf\">Lista de empresas de servicios funerarios de referencia<\/a><\/strong><\/p>\n<p style=\"text-align: justify;\"><strong><a href=\"https:\/\/ambquito.esteri.it\/it\/servizi-consolari-e-visti\/servizi-per-il-cittadino-italiano\/traduzione-e-legalizzazione-dei-documenti\/traduttori-ufficiali-di-riferimento\/\" target=\"_blank\" rel=\"noopener\">Traductores de referencia<\/a><\/strong><\/p>\n<\/div>\n<p>&nbsp;<\/p>\n","protected":false},"excerpt":{"rendered":"Las Representaciones diplom\u00e1ticas &#8211; consulares proporcionan asistencia en caso de repatriaciones de restos \/ cenizas de ciudadanos italianos fallecidos en el exterior. En este marco, proceden a la solicitud de autorizaci\u00f3n al Municipio italiano para la sepultura de los restos o de las cenizas (Nulla Osta), si el deceso ocurri\u00f3 en uno de los Pa\u00edses [&hellip;]","protected":false},"author":6,"featured_media":0,"parent":156,"menu_order":2,"comment_status":"closed","ping_status":"closed","template":"","meta":{"footnotes":""},"class_list":["post-877","page","type-page","status-publish","hentry"],"_links":{"self":[{"href":"https:\/\/ambquito.esteri.it\/es\/wp-json\/wp\/v2\/pages\/877","targetHints":{"allow":["GET"]}}],"collection":[{"href":"https:\/\/ambquito.esteri.it\/es\/wp-json\/wp\/v2\/pages"}],"about":[{"href":"https:\/\/ambquito.esteri.it\/es\/wp-json\/wp\/v2\/types\/page"}],"author":[{"embeddable":true,"href":"https:\/\/ambquito.esteri.it\/es\/wp-json\/wp\/v2\/users\/6"}],"replies":[{"embeddable":true,"href":"https:\/\/ambquito.esteri.it\/es\/wp-json\/wp\/v2\/comments?post=877"}],"version-history":[{"count":6,"href":"https:\/\/ambquito.esteri.it\/es\/wp-json\/wp\/v2\/pages\/877\/revisions"}],"predecessor-version":[{"id":5979,"href":"https:\/\/ambquito.esteri.it\/es\/wp-json\/wp\/v2\/pages\/877\/revisions\/5979"}],"up":[{"embeddable":true,"href":"https:\/\/ambquito.esteri.it\/es\/wp-json\/wp\/v2\/pages\/156"}],"wp:attachment":[{"href":"https:\/\/ambquito.esteri.it\/es\/wp-json\/wp\/v2\/media?parent=877"}],"curies":[{"name":"wp","href":"https:\/\/api.w.org\/{rel}","templated":true}]}}