{"id":695,"date":"2023-10-13T17:33:11","date_gmt":"2023-10-13T22:33:11","guid":{"rendered":"https:\/\/ambquito.esteri.it\/?page_id=695"},"modified":"2023-10-27T13:58:08","modified_gmt":"2023-10-27T18:58:08","slug":"pedidos-de-devolucion-de-derechos-consulares","status":"publish","type":"page","link":"https:\/\/ambquito.esteri.it\/es\/servizi-consolari-e-visti\/servizi-per-il-cittadino-italiano\/tarifas-consulares-of\/pedidos-de-devolucion-de-derechos-consulares\/","title":{"rendered":"Pedidos de devoluci\u00f3n de derechos consulares"},"content":{"rendered":"<p style=\"text-align: justify;\">La Oficina Administrativa de la Embajada de Italia en Quito informa que las solicitudes de reembolso de tasas consulares pagadas y no utilizadas ya no ser\u00e1n tomadas en consideraci\u00f3n, ni validadas para su uso posterior.<\/p>\n<p style=\"text-align: justify;\">Por lo tanto, se ruega realizar el dep\u00f3sito bancario de las tasas consulares solo despu\u00e9s de obtener la cita para el servicio deseado a trav\u00e9s de la p\u00e1gina web\u00a0<strong><a href=\"https:\/\/prenotami.esteri.it\/\" target=\"_blank\" rel=\"noopener\">Prenot@mi<\/a><\/strong><\/p>\n<p style=\"text-align: justify;\">Los pedidos de devoluci\u00f3n de los derechos consulares pagados a esta Embajada para tr\u00e1mites o documentos rechazados o no realizados tienen que ser solicitados en el transcurso de un mes desde el d\u00eda de la negativa. Para pedir el rembolso es necesario enviar \/ entregar:\u00a0<a href=\"https:\/\/ambquito.esteri.it\/wp-content\/uploads\/2023\/10\/modulo_rimborso-1.pdf\" target=\"_blank\" rel=\"noopener\"><strong>el formulario pedido de rembolso<\/strong><\/a><strong>\u00a0<\/strong>debidamente lleno, el comprobante original del pago (\u00edntegro y legible), fotocopia de la c\u00e9dula de identidad. No se dar\u00e1 seguimiento a los pedidos de rembolso incompletos, ni se proporcionar\u00e1n informaciones al respecto por mail o por tel\u00e9fono.<\/p>\n<p style=\"text-align: justify;\">Esta Embajada tiene la facultad de procesar los pedidos de rembolso en un periodo de tiempo de uno a tres meses desde la fecha de env\u00edo \/ entrega del formulario. Se ruega enviar su pedido de rembolso una sola vez.<\/p>\n","protected":false},"excerpt":{"rendered":"La Oficina Administrativa de la Embajada de Italia en Quito informa que las solicitudes de reembolso de tasas consulares pagadas y no utilizadas ya no ser\u00e1n tomadas en consideraci\u00f3n, ni validadas para su uso posterior. Por lo tanto, se ruega realizar el dep\u00f3sito bancario de las tasas consulares solo despu\u00e9s de obtener la cita para [&hellip;]","protected":false},"author":4,"featured_media":0,"parent":683,"menu_order":0,"comment_status":"closed","ping_status":"closed","template":"","meta":{"footnotes":""},"class_list":["post-695","page","type-page","status-publish","hentry"],"_links":{"self":[{"href":"https:\/\/ambquito.esteri.it\/es\/wp-json\/wp\/v2\/pages\/695","targetHints":{"allow":["GET"]}}],"collection":[{"href":"https:\/\/ambquito.esteri.it\/es\/wp-json\/wp\/v2\/pages"}],"about":[{"href":"https:\/\/ambquito.esteri.it\/es\/wp-json\/wp\/v2\/types\/page"}],"author":[{"embeddable":true,"href":"https:\/\/ambquito.esteri.it\/es\/wp-json\/wp\/v2\/users\/4"}],"replies":[{"embeddable":true,"href":"https:\/\/ambquito.esteri.it\/es\/wp-json\/wp\/v2\/comments?post=695"}],"version-history":[{"count":6,"href":"https:\/\/ambquito.esteri.it\/es\/wp-json\/wp\/v2\/pages\/695\/revisions"}],"predecessor-version":[{"id":1088,"href":"https:\/\/ambquito.esteri.it\/es\/wp-json\/wp\/v2\/pages\/695\/revisions\/1088"}],"up":[{"embeddable":true,"href":"https:\/\/ambquito.esteri.it\/es\/wp-json\/wp\/v2\/pages\/683"}],"wp:attachment":[{"href":"https:\/\/ambquito.esteri.it\/es\/wp-json\/wp\/v2\/media?parent=695"}],"curies":[{"name":"wp","href":"https:\/\/api.w.org\/{rel}","templated":true}]}}