{"id":683,"date":"2023-10-13T12:55:37","date_gmt":"2023-10-13T17:55:37","guid":{"rendered":"https:\/\/ambquito.esteri.it\/?page_id=683"},"modified":"2026-03-31T10:31:17","modified_gmt":"2026-03-31T15:31:17","slug":"tarifas-consulares-of","status":"publish","type":"page","link":"https:\/\/ambquito.esteri.it\/es\/servizi-consolari-e-visti\/servizi-per-il-cittadino-italiano\/tarifas-consulares-of\/","title":{"rendered":"Tarifas Consulares"},"content":{"rendered":"<p style=\"text-align: justify;\"><strong><a href=\"https:\/\/youtu.be\/ps8YlNkOlcI\" target=\"_blank\" rel=\"noopener\">V\u00cdDEO TUTORIAL<\/a><\/strong><\/p>\n<p><span style=\"text-decoration: underline;\"><strong>INSTRUCCIONES PARA REALIZAR DEP\u00d3SITOS POR SERVICIOS CONSULARES<\/strong><\/span><\/p>\n<p style=\"text-align: justify;\">&#8211; Todos los pagos que se realizan a favor de la <strong>EMBAJADA DE ITALIA<\/strong> deben ser efectuados en cualquier agencia del <strong>Banco Pichincha<\/strong>. Los dep\u00f3sitos deben ser realizados \u00fanicamente en ventanilla y en dinero en efectivo. <strong>No es necesario indicar un n\u00famero de cuenta.<\/strong><br \/>\n&#8211; Los dep\u00f3sitos deber\u00e1n ser realizados antes de la cita.<br \/>\n&#8211; Se debe realizar un dep\u00f3sito por cada servicio (<strong>por ejemplo:<\/strong> si va a realizar dos pasaportes deber\u00e1 presentar dos recibos, uno por cada pasaporte).<br \/>\n&#8211; Los recibos de pago deben ser a nombre de la persona que solicita el servicio consular.<br \/>\n&#8211; Se aceptan exclusivamente los <strong>recibos de dep\u00f3sitos originales emitidos por el Banco<\/strong>, no se aceptan transferencias directas a la cuenta, ni copias de recibos.<br \/>\n&#8211; Los costos se actualizan cada trimestre, se sugiere consultar la tabla de tarifas consulares antes de confirmar su cita y efectuar el deposito.<\/p>\n<p style=\"text-align: justify;\"><span style=\"text-decoration: underline;\"><strong>TARIFAS CONSULARES<\/strong><\/span><\/p>\n<p style=\"text-align: justify;\"><span style=\"text-decoration: underline;\"><strong><span style=\"color: #ff0000; text-decoration: underline;\">V\u00e1lidas desde el 1\u00ba de abril al 3o de junio de 2026<\/span><\/strong><strong><span style=\"color: #ff0000; text-decoration: underline;\"><br \/>\n<\/span><\/strong><\/span><\/p>\n<p><strong>Art. 07 bis &#8211; CITTADINANZA IURE SANGUINIS $ 703,00<\/strong><\/p>\n<p><strong>Art. 07C &#8211; DICHIARAZIONE DI RIACQUISTO DELLA CITTADINANZA $ 293,00<\/strong><\/p>\n<p><strong>Art. 02B &#8211; CERTIFICATI E DICHIARAZIONI DI STATO CIVILE $ 7,50<\/strong><\/p>\n<p><strong>Art. 08 &#8211; VERBALE DI GIURAMENTO &#8211; CITTADINANZA PER NATURALIZZAZIONE $ 18,00<\/strong><\/p>\n<p><strong>Art. 17 &#8211; PROCURA GENERALE $ 105,50<\/strong><\/p>\n<p><strong>Art. 18 &#8211; PROCURA SPECIALE $ 70,50<\/strong><\/p>\n<p><strong>Art. 19 &#8211; ATTO DI ASSENSO $ 23,50<\/strong><\/p>\n<p><strong>Art. 24 &#8211; AUTENTICA SOTTOSCRIZIONE A SCRITTURA PRIVATA NON PATRIMONIALE $ 23,50<\/strong><\/p>\n<p><strong>Art. 25 &#8211; COPIA INTEGRALE O PER ESTRATTO DI QUALSIASI ATTO NOTARILE $ 19,00<\/strong><\/p>\n<p><strong>Art. 27 &#8211; RILASCIO PASSAPORTO + COSTO LIBRETTO $ 137,00<\/strong><\/p>\n<p><strong>Art. 66 &#8211; DICHIARAZIONE DI VALORE DI TITOLO DI STUDIO $59,00<\/strong><\/p>\n<p><strong>Art. 66A &#8211; ATTESTATO DOGANALE $59,00<\/strong><\/p>\n<p><strong>Art. 66D &#8211; CONFERMA PATENTI DI GUIDA $59,00<\/strong><\/p>\n<p><strong>Art. 66H &#8211; PASSAPORTO MORTUARIO $59,00<\/strong><\/p>\n<p><strong>Art. 69 &#8211; LEGALIZZAZIONE DI ATTI E FIRME $ 28,50<\/strong><\/p>\n<p><strong>Art. 71 &#8211; COPIA CONFORME ALL&#8217;ORIGINALE $12,00<\/strong><\/p>\n<p>&nbsp;<\/p>\n<p><b>\u00a0TR\u00c1MITES GRATUITOS:<\/b><\/p>\n<p style=\"text-align: justify;\">\u2022Inscripci\u00f3n de actos de estado civil en el Municipio competente en Italia y relativas legalizaciones: <strong>gratuita<\/strong><br \/>\n\u2022Inscripci\u00f3n en el Registro Consular y A.I.R.E: <strong>gratuita<\/strong><br \/>\n\u2022Documentaci\u00f3n relativa a pensiones y asistencia consular: <strong>gratuita<\/strong><br \/>\n\u2022Legalizaci\u00f3n de documentos de estudio: <strong>gratuita <\/strong><span style=\"text-decoration: underline;\">(solamente para <\/span><strong><span style=\"text-decoration: underline;\">documentos expresamente solicitados por las instituciones italianas)<\/span><\/strong><\/p>\n<p style=\"text-align: center;\"><a href=\"https:\/\/ambquito.esteri.it\/es\/servizi-consolari-e-visti\/servizi-per-il-cittadino-italiano\/tarifas-consulares-of\/pedidos-de-devolucion-de-derechos-consulares\/\" target=\"_blank\" rel=\"noopener\"><strong>AVISO AL P\u00daBLICO &#8211; SOLICITUDES DE DEVOLUCI\u00d3N DE TASAS CONSULARES<\/strong><\/a><\/p>\n","protected":false},"excerpt":{"rendered":"V\u00cdDEO TUTORIAL INSTRUCCIONES PARA REALIZAR DEP\u00d3SITOS POR SERVICIOS CONSULARES &#8211; Todos los pagos que se realizan a favor de la EMBAJADA DE ITALIA deben ser efectuados en cualquier agencia del Banco Pichincha. Los dep\u00f3sitos deben ser realizados \u00fanicamente en ventanilla y en dinero en efectivo. No es necesario indicar un n\u00famero de cuenta. &#8211; Los [&hellip;]","protected":false},"author":4,"featured_media":0,"parent":152,"menu_order":13,"comment_status":"closed","ping_status":"closed","template":"","meta":{"footnotes":""},"class_list":["post-683","page","type-page","status-publish","hentry"],"_links":{"self":[{"href":"https:\/\/ambquito.esteri.it\/es\/wp-json\/wp\/v2\/pages\/683","targetHints":{"allow":["GET"]}}],"collection":[{"href":"https:\/\/ambquito.esteri.it\/es\/wp-json\/wp\/v2\/pages"}],"about":[{"href":"https:\/\/ambquito.esteri.it\/es\/wp-json\/wp\/v2\/types\/page"}],"author":[{"embeddable":true,"href":"https:\/\/ambquito.esteri.it\/es\/wp-json\/wp\/v2\/users\/4"}],"replies":[{"embeddable":true,"href":"https:\/\/ambquito.esteri.it\/es\/wp-json\/wp\/v2\/comments?post=683"}],"version-history":[{"count":8,"href":"https:\/\/ambquito.esteri.it\/es\/wp-json\/wp\/v2\/pages\/683\/revisions"}],"predecessor-version":[{"id":7282,"href":"https:\/\/ambquito.esteri.it\/es\/wp-json\/wp\/v2\/pages\/683\/revisions\/7282"}],"up":[{"embeddable":true,"href":"https:\/\/ambquito.esteri.it\/es\/wp-json\/wp\/v2\/pages\/152"}],"wp:attachment":[{"href":"https:\/\/ambquito.esteri.it\/es\/wp-json\/wp\/v2\/media?parent=683"}],"curies":[{"name":"wp","href":"https:\/\/api.w.org\/{rel}","templated":true}]}}