{"id":674,"date":"2023-10-13T12:24:23","date_gmt":"2023-10-13T17:24:23","guid":{"rendered":"https:\/\/ambquito.esteri.it\/?page_id=674"},"modified":"2024-11-15T11:30:13","modified_gmt":"2024-11-15T16:30:13","slug":"registro-civil-a-i-r-e","status":"publish","type":"page","link":"https:\/\/ambquito.esteri.it\/es\/servizi-consolari-e-visti\/servizi-per-il-cittadino-italiano\/registro-civil-a-i-r-e\/","title":{"rendered":"(A.I.R.E) Registro de Italianos Residentes en el Exterior"},"content":{"rendered":"<p style=\"text-align: justify;\"><strong>\u00bfQu\u00e9 es el A.I.R.E.?<\/strong><\/p>\n<p style=\"text-align: justify;\">El A.I.R.E. es el Registro de Ciudadanos Italianos Residentes en el Exterior. La inscripci\u00f3n al A.I.R.E. es una <strong>obligaci\u00f3n<\/strong> (art. 6, L. 470\/1988; art. 11 L. 1228\/1954) de todos los ciudadanos italianos que residen fuera de Italia por un periodo superior a un a\u00f1o (12 meses).<br \/>\nEstar inscrito en el A.I.R.E. permite obtener hacer uso de servicios consulares tales como:<\/p>\n<ul>\n<li style=\"text-align: justify;\">votar en las elecciones pol\u00edticas y referendum por correo;<\/li>\n<li style=\"text-align: justify;\">solicitar pasaporte;<\/li>\n<li style=\"text-align: justify;\">solicitar certificaciones y renovar la licencia de conducir.<\/li>\n<\/ul>\n<p style=\"text-align: justify;\"><strong>\u00bfQui\u00e9n debe inscribirse al A.I.R.E.?<\/strong><\/p>\n<p style=\"text-align: justify;\">Ciudadanos italianos que transfieren su residencia al Ecuador por un periodo superior a 12 meses. Personas que ya sean ciudadanos italianos y que tengan su residencia permanente en el Ecuador. Para acreditar su ciudadan\u00eda usted debe tener uno de los siguientes documentos:<\/p>\n<ul style=\"text-align: justify;\">\n<li>pasaporte italiano;<\/li>\n<li>certificado de ciudadan\u00eda italiana expedido por el Comune (Municipio italiano) de residencia o por un Consulado\/Embajada de Italia, junto con la copia de su documento de identidad;<\/li>\n<li>carta d\u2019identit\u00e0 (c\u00e9dula) italiana;<\/li>\n<li>sentencia de reconocimiento de su ciudadan\u00eda italiana, junta con la copia de su documento de identidad;<\/li>\n<\/ul>\n<p style=\"text-align: justify;\"><strong>\u00bfC\u00f3mo realizar mi inscripci\u00f3n A.I.R.E.?<\/strong><br \/>\nLa inscripci\u00f3n en el A.I.R.E. se realiza f\u00e1cilmente a trav\u00e9s del <strong><a href=\"https:\/\/serviziconsolarionline.esteri.it\/ScoFE\/index.sco\" target=\"_blank\" rel=\"noopener\">Portal Fast It<\/a><\/strong>\u00a0.<\/p>\n<p style=\"text-align: justify;\">En caso de eventuales problemas, comun\u00edquese con la Oficina Consular por correo electr\u00f3nico para obtener las instrucciones\/indicaciones necesarias:<strong>\u00a0<a href=\"mailto:consolare.quito@esteri.it\">consolare.quito@esteri.it<\/a><\/strong>\u00a0.<\/p>\n<p style=\"text-align: justify;\">La inscripci\u00f3n en el A.I.R.E.es autom\u00e1tica si present\u00f3 su registro de nacimiento en la Embajada de Italia en Quito, en este caso no deber\u00e1 realizar una nueva inscripci\u00f3n.<\/p>\n<p style=\"text-align: justify;\"><strong>En el caso de familias con hijos menores de edad<\/strong>, la solicitud de inscripci\u00f3n o actualizaci\u00f3n deber\u00e1 ser realizada por el padre o madre italiano\/a incluyendo los nombres de los hijos en la solicitud. Un menor de edad no puede solicitar individualmente la inscripci\u00f3n en el A.I.R.E., si ambos padres del menor residen fuera de Ecuador deber\u00e1n contactar a <strong><a href=\"mailto:consolare.quito@esteri.it\">consolare.quito@esteri.it<\/a>\u00a0<\/strong>antes de solicitar la inscripci\u00f3n.<\/p>\n<p style=\"text-align: justify;\"><strong><span class=\"HwtZe\" lang=\"es\"><span class=\"jCAhz ChMk0b\"><span class=\"ryNqvb\">Documentos aceptados como <span style=\"text-decoration: underline;\">prueba de residencia<\/span> en Ecuador:<\/span><\/span><\/span><\/strong><br \/>\n<span class=\"HwtZe\" lang=\"es\"><span class=\"jCAhz ChMk0b\"><span class=\"ryNqvb\">Visa de permanencia en Ecuador, C\u00e9dula de identidad ecuatoriana, Facturas de servicios p\u00fablicos del hogar, Contrato de trabajo o alquiler de residencia, Documento que acredite inscripci\u00f3n en Colegios y Universidades ecuatorianas, etc.<\/span><\/span><\/span><\/p>\n<p style=\"text-align: justify;\">Los documentos que se adjuntan en el portal <strong>Fast It<\/strong> deben estar escaneados en formato .PDF y a color, adem\u00e1s\u00a0 deben ser completamente legibles, no se aceptan fotograf\u00edas de documentos.<\/p>\n<p style=\"text-align: justify;\"><strong>Actualizaci\u00f3n de domicilio (si ya est\u00e1 inscrito en el A.I.R.E.)<\/strong><br \/>\nAntes de solicitar la actualizaci\u00f3n, puede confirmar sus datos a trav\u00e9s del\u00a0<strong>Portal Fast It<\/strong>, accediendo a la secci\u00f3n\u00a0<strong>Visualizar su ficha de datos personales<\/strong>.<\/p>\n<p style=\"text-align: justify;\">La actualizaci\u00f3n de domicilio se realiza a trav\u00e9s del\u00a0<strong><a href=\"https:\/\/serviziconsolarionline.esteri.it\/ScoFE\/index.sco\" target=\"_blank\" rel=\"noopener\">Portal Fast It<\/a><\/strong>\u00a0, accediendo a la secci\u00f3n\u00a0<strong>Comunicar un cambio de domicilio<\/strong>.<\/p>\n<ul>\n<li style=\"text-align: justify;\">Si su direcci\u00f3n de residencia ha cambiado tiene que realizar la pr\u00e1ctica de cambio de domicilio e indicar obligatoriamente el n\u00famero de CODIGO POSTAL , que puede encontrar en <a href=\"http:\/\/www.codigopostal.gob.ec\/\" target=\"_blank\" rel=\"noopener\"><strong>http:\/\/www.codigopostal.gob.ec<\/strong><\/a><\/li>\n<li style=\"text-align: justify;\">Si no existe variaci\u00f3n de su lugar de residencia pero no est\u00e1 registrado el c\u00f3digo postal, tiene que realizar, de todas formas, la pr\u00e1ctica de cambio de residencia y a\u00f1adir obligatoriamente el n\u00famero de CODIGO POSTAL, que puede encontrar en <strong><a href=\"http:\/\/www.codigopostal.gob.ec\/\" target=\"_blank\" rel=\"noopener\">http:\/\/www.codigopostal.gob.ec<\/a><\/strong><\/li>\n<li style=\"text-align: justify;\">Si su direcci\u00f3n registrada en el sistema y el c\u00f3digo postal corresponden a su direcci\u00f3n actual, no deber\u00e1 hacer ninguna actualizaci\u00f3n<\/li>\n<\/ul>\n<p>&nbsp;<\/p>\n<p style=\"text-align: justify;\"><strong>Variaci\u00f3n de Circunscripci\u00f3n Consular<\/strong><\/p>\n<p style=\"text-align: justify;\">Los ciudadanos que cambian su residencia de una sede consular a otra pueden hacerlo a trav\u00e9s del <strong>Portal Fast It<\/strong>.<br \/>\nEl sistema, en base a los datos del usuario, discrimina autom\u00e1ticamente si el ciudadano tiene la intenci\u00f3n de realizar el cambio de direcci\u00f3n o de cambiar la circunscripci\u00f3n consular.<\/p>\n<p style=\"text-align: justify;\"><strong>\u00bfQu\u00e9 pasa si no te registras en el A.I.R.E.<\/strong><\/p>\n<p style=\"text-align: justify;\">La inscripci\u00f3n en el A.I.R.E. se realiza previa declaraci\u00f3n que el interesado debe realizar ante la Oficina Consular competente en el territorio dentro de los 90 d\u00edas siguientes al traslado de la residencia e implica la cancelaci\u00f3n simult\u00e1nea en el Registro de la Poblaci\u00f3n Residente (A.P.R.) del Municipio de origen. Cualquiera, que tenga obligaciones de registrarse, contravenga las disposiciones de la Ley del 24 de diciembre de 1954, n. 1228, de la Ley de 27 de octubre de 1988, n. 470, y de los reglamentos de aplicaci\u00f3n de las leyes antes mencionadas est\u00e1 sujeto a sanciones pecuniarias administrativas, seg\u00fan lo dispuesto por la Ley de 30 de diciembre de 2023, n. 213. La autoridad competente para conocer e imponer la sanci\u00f3n es el Municipio en cuyo registro est\u00e9 inscrito el infractor.<\/p>\n<p style=\"text-align: justify;\">El procedimiento de evaluaci\u00f3n y sanci\u00f3n de los Municipios se rige por la Ley del 24 de noviembre de 1981, n. 689, cuyo art. 1 establece que \u00abNadie puede ser sometido a sanciones administrativas excepto en virtud de una Ley que haya entrado en vigor antes de la comisi\u00f3n de la infracci\u00f3n\u00bb.<\/p>\n<p style=\"text-align: center;\"><span style=\"text-decoration: underline;\"><strong>ATENCI\u00d3N<\/strong><\/span><\/p>\n<ul>\n<li style=\"text-align: justify;\">Para <strong>verificar su inscripci\u00f3n en el <\/strong><strong>A.I.R.E.<\/strong>, los ciudadanos residentes en el extranjero deben acceder a la plataforma <strong>Fast It<\/strong>, registrarse (<u>con nombres y apellidos presentes en el pasaporte italiano<\/u>) y luego consultar su <strong>FICHA DE DATOS PERSONALES<\/strong>: <a href=\"https:\/\/serviziconsolarionline.esteri.it\/ScoFE\/index.sco\" target=\"_blank\" rel=\"noopener\">https:\/\/serviziconsolarionline.esteri.it\/ScoFE \/index.sco<\/a> . <u>Se ruega no enviar mensaje de correo electr\u00f3nico para realizar dicha solicitud;<\/u><\/li>\n<li style=\"text-align: justify;\">los ciudadanos ya inscritos no deber\u00e1n solicitar un nuevo registro en el A.I.R.E., sino que, si fuera el caso, <strong>s\u00f3lo deber\u00e1n comunicar su cambio de domicilio<\/strong>;<\/li>\n<li style=\"text-align: justify;\">los ciudadanos con doble nacionalidad que hayan completado su tr\u00e1mite de <strong>reconocimiento de la ciudadan\u00eda italiana y de naturalizaci\u00f3n<\/strong> (ciudadan\u00eda por matrimonio) a trav\u00e9s de esta Embajada ya est\u00e1n registrados en A.I.R.E., ya que el registro se realiz\u00f3 autom\u00e1ticamente en el momento de la inscripci\u00f3n de su documento de nacimiento. Lo mismo se aplica tambi\u00e9n a los <strong>ciudadanos menores de edad cuya escritura haya sido registrada en el Municipio de Italia por esta Embajada<\/strong>;<\/li>\n<li style=\"text-align: justify;\">los ciudadanos italianos, <strong>incluso los nacidos en el extranjero, que hayan residido en Italia,<\/strong> si no se han re-inscrito en la A.I.R.E. a su regreso al Ecuador, deber\u00e1n solicitar el registro adjuntando un certificado hist\u00f3rico de residencia expedido por el Municipio de \u00faltima residencia en Italia.<\/li>\n<\/ul>\n<p style=\"text-align: justify;\"><strong>IMPORTANTE:<\/strong><\/p>\n<ul>\n<li style=\"text-align: justify;\"><strong>La Oficina Consular requiere que todos sus datos est\u00e9n actualizados antes de solicitar cualquier tipo de servicio.<\/strong><\/li>\n<li style=\"text-align: justify;\"><strong>La actualizaci\u00f3n en el portal Fast It puede durar de 5 a 30 d\u00edas laborables a partir de la fecha de ingreso de la solicitud.<\/strong><\/li>\n<li style=\"text-align: justify;\"><strong>El usuario debe registrarse con sus nombres y apellidos como constan en su pasaporte italiano.<\/strong><\/li>\n<li style=\"text-align: justify;\"><strong>Los documentos que se adjuntan en el portal Fast It deben estar escaneados en formato PDF a color y deben ser completamente legibles, no se aceptan fotograf\u00edas de documentos.<\/strong><\/li>\n<li style=\"text-align: justify;\"><strong>Si no ha obtenido su primer pasaporte o c\u00e9dula italiana, puede registrarse con la c\u00e9dula ecuatoriana.<\/strong><\/li>\n<\/ul>\n<p><em><strong><a href=\"https:\/\/www.esteri.it\/mae\/it\/servizi\/italiani-all-estero\/aire_0.html\" target=\"_blank\" rel=\"noopener\">Informaci\u00f3n general<\/a><\/strong><\/em><\/p>\n","protected":false},"excerpt":{"rendered":"\u00bfQu\u00e9 es el A.I.R.E.? El A.I.R.E. es el Registro de Ciudadanos Italianos Residentes en el Exterior. La inscripci\u00f3n al A.I.R.E. es una obligaci\u00f3n (art. 6, L. 470\/1988; art. 11 L. 1228\/1954) de todos los ciudadanos italianos que residen fuera de Italia por un periodo superior a un a\u00f1o (12 meses). Estar inscrito en el A.I.R.E. [&hellip;]","protected":false},"author":4,"featured_media":0,"parent":152,"menu_order":1,"comment_status":"closed","ping_status":"closed","template":"","meta":{"footnotes":""},"class_list":["post-674","page","type-page","status-publish","hentry"],"_links":{"self":[{"href":"https:\/\/ambquito.esteri.it\/es\/wp-json\/wp\/v2\/pages\/674","targetHints":{"allow":["GET"]}}],"collection":[{"href":"https:\/\/ambquito.esteri.it\/es\/wp-json\/wp\/v2\/pages"}],"about":[{"href":"https:\/\/ambquito.esteri.it\/es\/wp-json\/wp\/v2\/types\/page"}],"author":[{"embeddable":true,"href":"https:\/\/ambquito.esteri.it\/es\/wp-json\/wp\/v2\/users\/4"}],"replies":[{"embeddable":true,"href":"https:\/\/ambquito.esteri.it\/es\/wp-json\/wp\/v2\/comments?post=674"}],"version-history":[{"count":6,"href":"https:\/\/ambquito.esteri.it\/es\/wp-json\/wp\/v2\/pages\/674\/revisions"}],"predecessor-version":[{"id":4431,"href":"https:\/\/ambquito.esteri.it\/es\/wp-json\/wp\/v2\/pages\/674\/revisions\/4431"}],"up":[{"embeddable":true,"href":"https:\/\/ambquito.esteri.it\/es\/wp-json\/wp\/v2\/pages\/152"}],"wp:attachment":[{"href":"https:\/\/ambquito.esteri.it\/es\/wp-json\/wp\/v2\/media?parent=674"}],"curies":[{"name":"wp","href":"https:\/\/api.w.org\/{rel}","templated":true}]}}