{"id":660,"date":"2023-10-12T18:20:42","date_gmt":"2023-10-12T23:20:42","guid":{"rendered":"https:\/\/ambquito.esteri.it\/?page_id=660"},"modified":"2023-10-26T15:24:38","modified_gmt":"2023-10-26T20:24:38","slug":"sanitaria-y-economica","status":"publish","type":"page","link":"https:\/\/ambquito.esteri.it\/es\/servizi-consolari-e-visti\/servizi-per-il-cittadino-italiano\/assistenza-ai-cittadini-allestero\/sanitaria-y-economica\/","title":{"rendered":"Asistencia Sanitaria y Econ\u00f3mica"},"content":{"rendered":"<ul>\n<li class=\"boxLevel03\">Asistencia econ\u00f3mica<\/li>\n<\/ul>\n<p><a href=\"https:\/\/www.esteri.it\/it\/servizi-consolari-e-visti\/italiani-all-estero\/assistenzacittadiniestero\/assistenza_economica\/\" target=\"_blank\" rel=\"noopener\"><b><i>Informaci\u00f3n general<\/i><\/b><\/a><\/p>\n<ul>\n<li class=\"boxLevel03\">Asistencia sanitaria<\/li>\n<\/ul>\n<p><a href=\"https:\/\/ambquito.esteri.it\/wp-content\/uploads\/2023\/10\/pw_medici_di_fiducia_2020.pdf\" target=\"_blank\" rel=\"noopener\"><strong>Elenco dei Medici di fiducia (Listado de los m\u00e9dicos de confianza)<\/strong><\/a><\/p>\n<p class=\"boxLevel03\"><a href=\"https:\/\/www.esteri.it\/it\/servizi-consolari-e-visti\/italiani-all-estero\/assistenzacittadiniestero\/assistenza_sanitaria\/\" target=\"_blank\" rel=\"noopener\"><b><i>Informaci\u00f3n general<\/i><\/b><\/a><\/p>\n<p>&nbsp;<\/p>\n","protected":false},"excerpt":{"rendered":"Asistencia econ\u00f3mica Informaci\u00f3n general Asistencia sanitaria Elenco dei Medici di fiducia (Listado de los m\u00e9dicos de confianza) Informaci\u00f3n general &nbsp;","protected":false},"author":4,"featured_media":0,"parent":156,"menu_order":1,"comment_status":"closed","ping_status":"closed","template":"","meta":{"footnotes":""},"class_list":["post-660","page","type-page","status-publish","hentry"],"_links":{"self":[{"href":"https:\/\/ambquito.esteri.it\/es\/wp-json\/wp\/v2\/pages\/660","targetHints":{"allow":["GET"]}}],"collection":[{"href":"https:\/\/ambquito.esteri.it\/es\/wp-json\/wp\/v2\/pages"}],"about":[{"href":"https:\/\/ambquito.esteri.it\/es\/wp-json\/wp\/v2\/types\/page"}],"author":[{"embeddable":true,"href":"https:\/\/ambquito.esteri.it\/es\/wp-json\/wp\/v2\/users\/4"}],"replies":[{"embeddable":true,"href":"https:\/\/ambquito.esteri.it\/es\/wp-json\/wp\/v2\/comments?post=660"}],"version-history":[{"count":5,"href":"https:\/\/ambquito.esteri.it\/es\/wp-json\/wp\/v2\/pages\/660\/revisions"}],"predecessor-version":[{"id":1001,"href":"https:\/\/ambquito.esteri.it\/es\/wp-json\/wp\/v2\/pages\/660\/revisions\/1001"}],"up":[{"embeddable":true,"href":"https:\/\/ambquito.esteri.it\/es\/wp-json\/wp\/v2\/pages\/156"}],"wp:attachment":[{"href":"https:\/\/ambquito.esteri.it\/es\/wp-json\/wp\/v2\/media?parent=660"}],"curies":[{"name":"wp","href":"https:\/\/api.w.org\/{rel}","templated":true}]}}