{"id":5757,"date":"2025-06-24T16:21:29","date_gmt":"2025-06-24T21:21:29","guid":{"rendered":"https:\/\/ambquito.esteri.it\/?page_id=5757"},"modified":"2025-11-26T13:32:25","modified_gmt":"2025-11-26T18:32:25","slug":"re-adquisicion-de-la-ciudadania-para-ex-ciudadanos","status":"publish","type":"page","link":"https:\/\/ambquito.esteri.it\/es\/servizi-consolari-e-visti\/servizi-per-il-cittadino-straniero\/cittadinanza\/re-adquisicion-de-la-ciudadania-para-ex-ciudadanos\/","title":{"rendered":"READQUISICI\u00d3N DE LA CIUDADAN\u00cdA PARA EX CIUDADANOS"},"content":{"rendered":"<p style=\"text-align: center;\"><strong><u>READQUISICI\u00d3N DE LA CIUDADAN\u00cdA<\/u><\/strong><br \/>\n<strong><u>A FAVOR DE EX CIUDADANOS<\/u><\/strong><\/p>\n<p style=\"text-align: justify;\">La Ley de conversi\u00f3n del D. L. 36\/2025 ha modificado el art. 17, apartado 1, de la Ley 91\/1992, permitiendo a los ex ciudadanos, incluso a los residentes en el extranjero, en determinados casos y por un periodo de tiempo limitado, adquirir nuevamente la ciudadan\u00eda italiana mediante una declaraci\u00f3n espec\u00edfica.<\/p>\n<p style=\"text-align: center;\"><strong><u>\u00c1mbito de aplicaci\u00f3n<\/u><\/strong><\/p>\n<p style=\"text-align: justify;\">El nuevo art\u00edculo 17, apartado 1, de la Ley n. 91\/1992 se aplica \u00fanicamente en presencia de los siguientes requisitos:<\/p>\n<p style=\"text-align: justify;\">&#8211; el interesado debe haber <strong>nacido en Italia o <\/strong>haber <strong>residido en Italia durante al menos dos a\u00f1os continuos<\/strong>;<br \/>\n&#8211; el interesado debe haber <strong>perdido la ciudadan\u00eda NO m\u00e1s tarde del 15 de agosto de 1992 en uno de los casos siguientes <\/strong>:<\/p>\n<p style=\"text-align: justify;\">1) haya adquirido voluntariamente la ciudadan\u00eda extranjera a m\u00e1s tardar el 15 de agosto de 1992 y haya establecido su residencia en el extranjero (art\u00edculo 8, n\u00famero 1\u00b0, de la ley n. 555\/1912);<\/p>\n<p style=\"text-align: justify;\">2) habiendo adquirido sin voluntad propia una ciudadan\u00eda extranjera, haya renunciado a la ciudadan\u00eda italiana y haya establecido su residencia en el extranjero (art\u00edculo 8, n\u00famero 2\u00b0, de la ley n. 555\/1912);<\/p>\n<p style=\"text-align: justify;\">3) siendo hijo menor de edad, no emancipado, de quien haya perdido la ciudadan\u00eda, haya tenido residencia com\u00fan con el progenitor y haya adquirido la ciudadan\u00eda de un pa\u00eds extranjero (art\u00edculo 12 de la ley n. 555\/1912).<\/p>\n<p style=\"text-align: justify;\">El nuevo art\u00edculo 17, apartado 1, de la ley n. 91\/1992 <strong>NO se aplica <\/strong>en favor de:<\/p>\n<p style=\"text-align: justify;\">&#8211; ex ciudadanos nacidos en el extranjero que no hayan residido en Italia durante al menos dos a\u00f1os consecutivos;<\/p>\n<p style=\"text-align: justify;\">&#8211; cualquier persona que haya perdido la ciudadan\u00eda despu\u00e9s del 15 de agosto de 1992 (por cualquier motivo);<\/p>\n<p style=\"text-align: justify;\">&#8211; quien haya perdido la ciudadan\u00eda en los casos previstos en el art\u00edculo 8, n\u00famero 3\u00b0 (quien, \u201chabiendo aceptado un empleo de un Gobierno extranjero o habiendo entrado en el servicio militar de una potencia extranjera, persista en hacerlo a pesar de la orden del Gobierno italiano de abandonar el empleo o el servicio dentro de un per\u00edodo determinado\u201d);<\/p>\n<p style=\"text-align: justify;\">&#8211; quien no haya ejercido la opci\u00f3n prevista en el art\u00edculo 5, p\u00e1rrafo segundo, de la ley n. 123\/1983 (hijo menor de edad, incluido el hijo adoptivo, de padre ciudadano o de madre ciudadana que, en caso de doble nacionalidad, s\u00f3lo pudiera optar por una nacionalidad en el plazo de un a\u00f1o a partir de alcanzar la mayor\u00eda de edad).<\/p>\n<p style=\"text-align: center;\"><strong><u>T\u00e9rminos de aplicaci\u00f3n<\/u><\/strong><\/p>\n<p style=\"text-align: justify;\"><strong>La declaraci\u00f3n de readquisici\u00f3n por parte del ex ciudadano deber\u00e1 presentarse estrictamente entre el 1 de julio de 2025 y el 31 de diciembre de 2027.<\/strong><\/p>\n<p style=\"text-align: center;\"><strong><u>Modalidad de declaraci\u00f3n<\/u><\/strong><\/p>\n<p style=\"text-align: justify;\">Los ex ciudadanos interesados en recuperar la ciudadan\u00eda italiana deber\u00e1n enviar, mediante Courier, la documentaci\u00f3n original que se indica a continuaci\u00f3n a la siguiente direcci\u00f3n:<\/p>\n<p style=\"text-align: justify;\"><strong>EMBAJADA DE ITALIA<\/strong><br \/>\n<strong>OFICINA CONSULAR<\/strong><br \/>\n<strong><em>RIACQUISTO DELLA CITTADINANZA<\/em><\/strong><br \/>\n<strong>CALLE LA ISLA N26-25 Y H. ALBORNOZ<\/strong><br \/>\n<strong><u>170521 \u2013 QUITO (ECUADOR)<\/u><\/strong><\/p>\n<p style=\"text-align: justify;\"><strong>1) solicitud <\/strong>de readquisici\u00f3n de la ciudadan\u00eda italiana (<strong>formulario libre<\/strong>), dirigida a la Oficina Consular de la Embajada de Italia en Quito (Ecuador) donde es <strong>obligatorio indicar una direcci\u00f3n de correo electr\u00f3nico a la que se enviar\u00e1n las comunicaciones pertinentes<\/strong>;<\/p>\n<p style=\"text-align: justify;\"><strong>2)<\/strong> <strong>copia en color de un documento de identidad v\u00e1lido <\/strong>emitido por la autoridad del pa\u00eds de ciudadan\u00eda y\/o residencia actual;<\/p>\n<p style=\"text-align: justify;\"><strong>3)<\/strong> <strong>certificado de nacimiento expedido por el municipio italiano competente; en el caso de los nacidos en el extranjero, <\/strong>debe presentarse en las formas requeridas para la transcripci\u00f3n en Italia, es decir <a href=\"https:\/\/ambquito.esteri.it\/es\/servizi-consolari-e-visti\/servizi-per-il-cittadino-italiano\/traduzione-e-legalizzazione-dei-documenti\/\" target=\"_blank\" rel=\"noopener\"><strong>apostillado y traducido<\/strong><\/a>;<\/p>\n<p style=\"text-align: justify;\"><strong>4)<\/strong> <u>s\u00f3lo para los nacidos en el extranjero <\/u>, <strong>certificado hist\u00f3rico de residencia <\/strong>expedido por el municipio italiano competente, que acredite la residencia del solicitante en Italia durante al menos dos a\u00f1os consecutivos;<\/p>\n<p style=\"text-align: justify;\"><strong>5)<\/strong> <strong>certificado de ciudadan\u00eda hist\u00f3rica <\/strong>que acredite la posesi\u00f3n previa de la ciudadan\u00eda italiana;<\/p>\n<p style=\"text-align: justify;\"><strong>6)<\/strong> <strong>certificado que acredite la causa de la p\u00e9rdida de la ciudadan\u00eda <\/strong>(documentaci\u00f3n para demostrar la adquisici\u00f3n de la ciudadan\u00eda extranjera y, cuando sea aplicable, la renuncia a la ciudadan\u00eda italiana: certificado de naturalizaci\u00f3n o, si lo exige la pr\u00e1ctica local, certificado de nacimiento acompa\u00f1ado del certificado de ciudadan\u00eda y del t\u00edtulo con el que se adquiere); la documentaci\u00f3n emitida por autoridades extranjeras debe estar debidamente <a href=\"https:\/\/ambquito.esteri.it\/es\/servizi-consolari-e-visti\/servizi-per-il-cittadino-italiano\/traduzione-e-legalizzazione-dei-documenti\/\" target=\"_blank\" rel=\"noopener\"><strong>apostillada y traducida<\/strong><\/a>;<\/p>\n<p style=\"text-align: justify;\"><strong>7)<\/strong> <strong>certificado que acredite la fecha de inicio de dicha p\u00e9rdida <\/strong>(generalmente, mediante la documentaci\u00f3n a que se refiere el punto 6).<\/p>\n<p style=\"text-align: justify;\">Para acreditar lo anterior, tambi\u00e9n se podr\u00e1 recurrir a las pruebas documentales en poder de esta Oficina, en particular si se dispone del expediente de la persona interesada en recuperar la <em>condici\u00f3n de ciudadano<\/em>. <u>No se podr\u00e1n utilizar las declaraciones sustitutivas a que se refieren los art\u00edculos 46 y 47 del Decreto Presidencial de 28 de diciembre de 2000, n. 445<\/u>.<\/p>\n<p style=\"text-align: justify;\"><strong>8)<\/strong> <strong>Comprobante original <\/strong>de pago de la <strong>tasa consular en USD-D\u00f3lares Estadounidenses (correspondiente a 250 euros) &#8211; <\/strong><a href=\"https:\/\/ambquito.esteri.it\/es\/servizi-consolari-e-visti\/servizi-per-il-cittadino-italiano\/tarifas-consulares-of\/\" target=\"_blank\" rel=\"noopener\"><strong><em>Art. 07C-Dichiarazione di riacquisto della cittadinanza<\/em><\/strong><\/a>.<\/p>\n<p style=\"text-align: justify;\">La declaraci\u00f3n debe ser <strong>hecha por el interesado personalmente <\/strong>ante el Jefe de la Oficina Consular o el funcionario delegado para ejercer las funciones de registro civil. <u>No se requiere la presencia de testigos<\/u>.<\/p>\n<p style=\"text-align: justify;\"><strong>Por tanto, una vez examinados los requisitos citados, se citar\u00e1 a los interesados mediante correo electr\u00f3nico, a ser enviado a la direcci\u00f3n indicada por el interesado en la solicitud de readquisici\u00f3n, a fin de que puedan realizar la declaraci\u00f3n en cuesti\u00f3n.<\/strong><\/p>\n<p style=\"text-align: center;\"><strong><u>Efectos de la declaraci\u00f3n<\/u><\/strong><\/p>\n<p style=\"text-align: justify;\"><strong>A partir del d\u00eda siguiente a la declaraci\u00f3n, el ex ciudadano recupera la ciudadan\u00eda italiana. La declaraci\u00f3n de recuperaci\u00f3n no tiene efecto retroactivo <\/strong>: <u>desde el d\u00eda de la p\u00e9rdida de la ciudadan\u00eda (para extranjeros naturalizados, el d\u00eda siguiente a la adquisici\u00f3n voluntaria de la ciudadan\u00eda extranjera) hasta el d\u00eda de presentaci\u00f3n de la declaraci\u00f3n de recuperaci\u00f3n, el interesado se considera extranjero a todos los efectos legales.<\/u><\/p>\n<p style=\"text-align: justify;\"><u>La readquisici\u00f3n de la ciudadan\u00eda implica la readquisici\u00f3n de derechos y obligaciones espec\u00edficos del pa\u00eds de ciudadan\u00eda, entre ellos:<\/u><\/p>\n<p style=\"text-align: justify;\">a) la obligaci\u00f3n de <strong>inscripci\u00f3n en el registro civil-AIRE <\/strong>(cuya relevancia, tambi\u00e9n a efectos electorales, exige que la Oficina Consular haga todo lo posible para adquirir las declaraciones necesarias del interesado en el mismo momento de presentaci\u00f3n de la declaraci\u00f3n de readquisici\u00f3n);<\/p>\n<p style=\"text-align: justify;\">b) la obligaci\u00f3n de <strong>actualizar el estado civil <\/strong>(por ejemplo, aportando el certificado de matrimonio, las escrituras de disoluci\u00f3n de matrimonios anteriores, etc.);<\/p>\n<p style=\"text-align: justify;\">c) el derecho a ser <strong>inscrito en el registro electoral <\/strong>;<\/p>\n<p style=\"text-align: justify;\">d) el derecho a obtener el pasaporte y el documento de identidad.<\/p>\n<p style=\"text-align: justify;\">La <strong>transmisi\u00f3n de la ciudadan\u00eda a los descendientes <\/strong>se rige por las normas generales, recientemente reformadas por el Decreto Legislativo n. 36\/2025. Cabe destacar que, con la Ley de conversi\u00f3n del Decreto Legislativo (Ley n. 74\/2025), se modific\u00f3 el art\u00edculo 14 de la Ley n. 91\/1992: la <strong>readquisici\u00f3n de la ciudadan\u00eda por una persona residente en el extranjero ya no implica la adquisici\u00f3n autom\u00e1tica de la ciudadan\u00eda por parte del hijo menor con quien convive, si reside en el extranjero<\/strong>. Para dicha adquisici\u00f3n (<em>communicatione iuris)<\/em> ahora es necesario que el hijo menor viva en Italia con el padre que adquiere nuevamente la ciudadan\u00eda durante al menos dos a\u00f1os antes de la readquisici\u00f3n.<\/p>\n<p style=\"text-align: justify;\"><strong>Por lo tanto, los hijos (menores o, a\u00fan m\u00e1s, los adultos) residentes en el extranjero y nacidos antes de la readquisici\u00f3n de la ciudadan\u00eda de sus padres no adquieren, por dicha readquisici\u00f3n, la ciudadan\u00eda italiana. <\/strong>Sin embargo, si sus padres eran ciudadanos italianos por nacimiento, el hijo nacido antes de la readquisici\u00f3n puede adquirir la ciudadan\u00eda italiana residiendo en Italia (art\u00edculo 4, apartado 1, letra c), o art\u00edculo 9, apartado 1, letra a, de la Ley n. 91\/1992).<\/p>\n<p style=\"text-align: justify;\">Dado que el progenitor que recupera la ciudadan\u00eda <strong>ya no es ciudadano por nacimiento<\/strong>, sino ciudadano por otro t\u00edtulo (<strong>readquisici\u00f3n<\/strong>), <strong>NO <\/strong>ser\u00e1 posible presentar la declaraci\u00f3n a que se refiere el art\u00edculo 4, apartado 1-bis, de la Ley n. 91\/1992 para la inscripci\u00f3n, en el plazo de un a\u00f1o desde la determinaci\u00f3n de la filiaci\u00f3n, de los hijos menores nacidos antes de que el progenitor haya recuperada la ciudadan\u00eda. Asimismo, el art\u00edculo 1, apartado 1-ter, del Decreto Legislativo n. 36\/2025 no podr\u00e1 aplicarse para la inscripci\u00f3n de hijos menores a partir del 24 de mayo de 2025 (fecha de entrada en vigor de la Ley n. 74\/2025).<\/p>\n<p>&nbsp;<\/p>\n","protected":false},"excerpt":{"rendered":"READQUISICI\u00d3N DE LA CIUDADAN\u00cdA A FAVOR DE EX CIUDADANOS La Ley de conversi\u00f3n del D. L. 36\/2025 ha modificado el art. 17, apartado 1, de la Ley 91\/1992, permitiendo a los ex ciudadanos, incluso a los residentes en el extranjero, en determinados casos y por un periodo de tiempo limitado, adquirir nuevamente la ciudadan\u00eda italiana [&hellip;]","protected":false},"author":6,"featured_media":0,"parent":166,"menu_order":0,"comment_status":"closed","ping_status":"closed","template":"","meta":{"footnotes":""},"class_list":["post-5757","page","type-page","status-publish","hentry"],"_links":{"self":[{"href":"https:\/\/ambquito.esteri.it\/es\/wp-json\/wp\/v2\/pages\/5757","targetHints":{"allow":["GET"]}}],"collection":[{"href":"https:\/\/ambquito.esteri.it\/es\/wp-json\/wp\/v2\/pages"}],"about":[{"href":"https:\/\/ambquito.esteri.it\/es\/wp-json\/wp\/v2\/types\/page"}],"author":[{"embeddable":true,"href":"https:\/\/ambquito.esteri.it\/es\/wp-json\/wp\/v2\/users\/6"}],"replies":[{"embeddable":true,"href":"https:\/\/ambquito.esteri.it\/es\/wp-json\/wp\/v2\/comments?post=5757"}],"version-history":[{"count":7,"href":"https:\/\/ambquito.esteri.it\/es\/wp-json\/wp\/v2\/pages\/5757\/revisions"}],"predecessor-version":[{"id":6428,"href":"https:\/\/ambquito.esteri.it\/es\/wp-json\/wp\/v2\/pages\/5757\/revisions\/6428"}],"up":[{"embeddable":true,"href":"https:\/\/ambquito.esteri.it\/es\/wp-json\/wp\/v2\/pages\/166"}],"wp:attachment":[{"href":"https:\/\/ambquito.esteri.it\/es\/wp-json\/wp\/v2\/media?parent=5757"}],"curies":[{"name":"wp","href":"https:\/\/api.w.org\/{rel}","templated":true}]}}