{"id":563,"date":"2023-09-22T14:26:00","date_gmt":"2023-09-22T19:26:00","guid":{"rendered":"https:\/\/ambquito.esteri.it\/?page_id=563"},"modified":"2024-07-11T17:15:42","modified_gmt":"2024-07-11T22:15:42","slug":"spid-sistema-publico-de-identidad-digital","status":"publish","type":"page","link":"https:\/\/ambquito.esteri.it\/es\/servizi-consolari-e-visti\/servizi-per-il-cittadino-italiano\/spid-sistema-publico-de-identidad-digital\/","title":{"rendered":"SPID &#8211; Sistema P\u00fablico de Identidad Digital"},"content":{"rendered":"<p style=\"text-align: justify;\">A conclusi\u00f3n del proceso de conversi\u00f3n en Ley del Decreto \u00abMilleproroghe\u00bb, se obtuvo una nueva pr\u00f3rroga para las Oficinas en el exterior del plazo para el uso exclusivo de las credenciales SPID con fines de identificaci\u00f3n y acceso a los servicios en Red.<\/p>\n<p style=\"text-align: justify;\">El plazo del\u00a0<strong>28 de febrero de 2021<\/strong>\u00a0para acceder a los portales inform\u00e1ticos exclusivamente a trav\u00e9s de SPID se extiende hasta el\u00a0<strong>31 de diciembre de 2023<\/strong>. Los usuarios que ya tengan credenciales distintas de SPID podr\u00e1n seguir us\u00e1ndolas hasta el\u00a0<strong>31 de marzo de 2024.<\/strong><\/p>\n<p style=\"text-align: justify;\">Por tanto, la extensi\u00f3n permitir\u00e1 a todos los usuarios seguir accediendo al Portal\u00a0<a href=\"https:\/\/serviziconsolarionline.esteri.it\/ScoFE\/index.sco\" target=\"_blank\" rel=\"noopener\"><strong>Fast It<\/strong><\/a>\u00a0con sus propias credenciales, seg\u00fan los procedimientos habituales y sin necesidad de utilizar el SPID.<\/p>\n<p style=\"text-align: justify;\"><span class=\"HwtZe\" lang=\"es\"><span class=\"jCAhz JxVs2d ChMk0b\"><span class=\"ryNqvb\">Tenga en cuenta que el ciudadano al que se le haya asignado el <a href=\"https:\/\/ambquito.esteri.it\/es\/servizi-consolari-e-visti\/servizi-per-il-cittadino-italiano\/codice-fiscale\/\" target=\"_blank\" rel=\"noopener\"><strong>C\u00f3digo Fiscal<\/strong><\/a> con el procedimiento vigente desde el <strong>15 de julio de 2024<\/strong>, que pretenda solicitar el SPID a uno de los proveedores afiliados, podr\u00eda incurrir en la no aceptaci\u00f3n por parte del propio proveedor de la autenticidad de la certificaci\u00f3n consular del C\u00f3digo Fiscal producida y descargada por Fast It.\u00a0 Para superar este problema, el ciudadano puede informar al proveedor, al verificar su c\u00f3digo tributario para obtener el SPID, que la AGID emiti\u00f3 el pasado 30 de abril de 2024 Aviso espec\u00edfico con el que los proveedores habilitados al expedici\u00f3n del SPID est\u00e1n obligados a reconocer como v\u00e1lidos y aut\u00e9nticos los certificados emitidos por las Oficinas Consulares en el exterior.<\/span><\/span> <span class=\"jCAhz JxVs2d ChMk0b\"><span class=\"ryNqvb\">Es posible consultar el Aviso antes mencionado en el siguiente enlace: <a href=\"https:\/\/www.agid.gov.it\/sites\/default\/files\/repository_files\/spid-avviso-n7v2-rilascio-identita-italiani-stabiliti-estero_f.pdf\" target=\"_blank\" rel=\"noopener\"><strong>spid-avviso-n7v2-rilascio-identita-italiani-stabiliti-estero_f.pdf (agid.gov.it)<\/strong><\/a>\u00a0<\/span><\/span><\/span><\/p>\n<p>&nbsp;<\/p>\n<p style=\"text-align: justify;\"><span style=\"text-decoration: underline;\"><strong>El SPID\u00a0NO es emitido por las Oficinas Consulares pero puede obtenerlo siguiendo las instrucciones presentes en los siguientes sitios:<\/strong><\/span><\/p>\n<p>&nbsp;<\/p>\n<p style=\"text-align: justify;\"><strong>SPID &#8211; La tua identit\u00e0 digitale: <\/strong><strong><a href=\"https:\/\/www.spid.gov.it\/\" target=\"_blank\" rel=\"noopener\">https:\/\/www.spid.gov.it\/<\/a><\/strong><\/p>\n<p style=\"text-align: justify;\"><strong>Lo SPID per i cittadini italiani all\u2019estero: <\/strong><strong><a href=\"https:\/\/www.spid.gov.it\/cos-e-spid\/come-attivare-spid\/spid-per-i-cittadini-italiani-allestero\/\" target=\"_blank\" rel=\"noopener\">https:\/\/www.spid.gov.it\/cos-e-spid\/come-attivare-spid\/spid-per-i-cittadini-italiani-allestero\/<\/a><\/strong><\/p>\n<p style=\"text-align: justify;\"><strong>SPID, il Sistema Pubblico di Identit\u00e0 Digitale: <\/strong><strong><a href=\"https:\/\/www.esteri.it\/it\/servizi-consolari-e-visti\/italiani-all-estero\/spid\/\" target=\"_blank\" rel=\"noopener\">https:\/\/www.esteri.it\/it\/servizi-consolari-e-visti\/italiani-all-estero\/spid\/<\/a><\/strong><\/p>\n<p>&nbsp;<\/p>\n","protected":false},"excerpt":{"rendered":"A conclusi\u00f3n del proceso de conversi\u00f3n en Ley del Decreto \u00abMilleproroghe\u00bb, se obtuvo una nueva pr\u00f3rroga para las Oficinas en el exterior del plazo para el uso exclusivo de las credenciales SPID con fines de identificaci\u00f3n y acceso a los servicios en Red. El plazo del\u00a028 de febrero de 2021\u00a0para acceder a los portales inform\u00e1ticos [&hellip;]","protected":false},"author":4,"featured_media":0,"parent":152,"menu_order":12,"comment_status":"closed","ping_status":"closed","template":"","meta":{"footnotes":""},"class_list":["post-563","page","type-page","status-publish","hentry"],"_links":{"self":[{"href":"https:\/\/ambquito.esteri.it\/es\/wp-json\/wp\/v2\/pages\/563","targetHints":{"allow":["GET"]}}],"collection":[{"href":"https:\/\/ambquito.esteri.it\/es\/wp-json\/wp\/v2\/pages"}],"about":[{"href":"https:\/\/ambquito.esteri.it\/es\/wp-json\/wp\/v2\/types\/page"}],"author":[{"embeddable":true,"href":"https:\/\/ambquito.esteri.it\/es\/wp-json\/wp\/v2\/users\/4"}],"replies":[{"embeddable":true,"href":"https:\/\/ambquito.esteri.it\/es\/wp-json\/wp\/v2\/comments?post=563"}],"version-history":[{"count":7,"href":"https:\/\/ambquito.esteri.it\/es\/wp-json\/wp\/v2\/pages\/563\/revisions"}],"predecessor-version":[{"id":3772,"href":"https:\/\/ambquito.esteri.it\/es\/wp-json\/wp\/v2\/pages\/563\/revisions\/3772"}],"up":[{"embeddable":true,"href":"https:\/\/ambquito.esteri.it\/es\/wp-json\/wp\/v2\/pages\/152"}],"wp:attachment":[{"href":"https:\/\/ambquito.esteri.it\/es\/wp-json\/wp\/v2\/media?parent=563"}],"curies":[{"name":"wp","href":"https:\/\/api.w.org\/{rel}","templated":true}]}}