{"id":5566,"date":"2025-06-10T16:33:52","date_gmt":"2025-06-10T21:33:52","guid":{"rendered":"https:\/\/ambquito.esteri.it\/?page_id=5566"},"modified":"2026-03-03T11:28:59","modified_gmt":"2026-03-03T16:28:59","slug":"transcripcion-actas-de-nacimiento-hijos-de-italianos-iure-sanguinis-dobles-ciudadanos-ciudadania-por-beneficio-de-ley","status":"publish","type":"page","link":"https:\/\/ambquito.esteri.it\/es\/servizi-consolari-e-visti\/servizi-per-il-cittadino-italiano\/stato-civile\/transcripcion-actas-de-nacimiento-hijos-de-italianos-iure-sanguinis-dobles-ciudadanos-ciudadania-por-beneficio-de-ley\/","title":{"rendered":"Transcripci\u00f3n Actas de Nacimiento (hijos menores de italianos iure sanguinis dobles ciudadanos) \u2013 Ciudadan\u00eda por beneficio de Ley"},"content":{"rendered":"<p style=\"text-align: center;\"><strong>ACTAS DE NACIMIENTO DE MENORES EXTRANJEROS NACIDOS EN EL EXTRANJERO E HIJOS DE CIUDADANOS ITALIANOS POR NACIMIENTO ( <em>IURE SANGUINIS <\/em>) <u>CON M\u00daLTIPLES CIUDADAN\u00cdAS (EJ: ITALIANA Y ECUATORIANA)<\/u><\/strong><\/p>\n<p style=\"text-align: center;\"><span style=\"color: #ff0000;\"><strong><u>\u00a1ATENCI\u00d3N!<\/u><\/strong><\/span><\/p>\n<p style=\"text-align: justify;\"><span style=\"color: #ff0000;\"><strong>L<\/strong><strong>as solicitudes de transcripci\u00f3n de nacimiento de menores deber\u00e1n ser presentadas por ambos progenitores (incluido el extranjero) tra solicitar una cita a trav\u00e9s del portal <a href=\"https:\/\/prenotami.esteri.it\/\" target=\"_blank\" rel=\"noopener\">PRENOT@MI<\/a>: Estado Civil. <u>Por cada tramite (hijo\/a) se deber\u00e1 solicitar la cita correspondiente.<\/u><\/strong><\/span><\/p>\n<p style=\"text-align: center;\"><strong><u>REQUISITOS<\/u><\/strong><\/p>\n<p style=\"text-align: justify;\">En el caso de <u><strong>menores extranjeros nacidos en el extranjero despu\u00e9s del 24\/05\/2025, hijos de ciudadanos italianos por nacimiento (<em>iure sanguinis<\/em>) <\/strong>que poseen m\u00faltiples ciudadan\u00edas (ej: italiana y ecuatoriana)<\/u>, la Ley n. 74 del 23 de mayo de 2025, que convierte el Decreto legislativo n. 36\/2025, ha introducido la posibilidad de adquirir <strong>la ciudadan\u00eda italiana por \u201cbeneficio de Ley\u201d<\/strong>. El\u00a0<strong>menor<\/strong>\u00a0que se beneficie\u00a0<strong>no<\/strong>\u00a0ser\u00e1\u00a0<strong>ciudadano por nacimiento<\/strong>\u00a0(<em>iure sanguinis<\/em>).<\/p>\n<p style=\"text-align: justify;\">La norma establece que los padres (incluido el padre o madre extranjero\/a) deben presentar ante las Oficina Consular de esta Embajada una <strong>declaraci\u00f3n de voluntad de adquirir la ciudadan\u00eda dentro de <span style=\"color: #ff0000;\">3 (tres) a\u00f1os desde el nacimiento* del menor <\/span><\/strong>(<em><span style=\"text-decoration: underline;\">modificaci\u00f3n introducida por la Ley de Presupuestos 2006, comma 513, art. 1; en vigor desde el 1\u00ba de enero de 2026<\/span><\/em>) (*o desde la fecha en que se establezca la filiaci\u00f3n con un ciudadano italiano o se decida la adopci\u00f3n por parte de un ciudadano italiano durante la minor\u00eda de edad del hijo). En caso de reconocimiento de la filiaci\u00f3n en fechas posteriores por parte de ambos padres ciudadanos italianos por nacimiento, el plazo de tres a\u00f1os comenzar\u00e1 a contar desde el primer reconocimiento (ya que el primer reconocimiento implica la transmisi\u00f3n de la ciudadan\u00eda). En cambio, si primero se realiza el reconocimiento por parte del padre o madre extranjero\/a (o ciudadano italiano no por nacimiento sino por otro t\u00edtulo), el plazo de tres a\u00f1os se contar\u00e1 a partir del reconocimiento por parte del segundo progenitor ciudadano por nacimiento.<\/p>\n<p style=\"text-align: justify;\"><strong>Se recuerda que esta declaraci\u00f3n es posible exclusivamente para menores extranjeros nacidos en el extranjero de un padre o madre que sea ciudadano italiano por nacimiento (<em>iure sanguinis<\/em>).<\/strong><\/p>\n<p style=\"text-align: justify;\">Por lo tanto, no pueden acogerse a este procedimiento los hijos de ciudadanos que hayan adquirido la nacionalidad italiana por naturalizaci\u00f3n (art. 9 de la ley n. 91\/1992), por beneficio de la ley (art. 4 de la ley n. 91\/1992), por matrimonio (art. 5 de la ley n. 91\/1992 o bien art. 10 de la ley n. 555\/1912, re-adquisici\u00f3n (art. 13 o 17 de la Ley n. 91\/1992) o convivencia de menores con un progenitor que haya adquirido la nacionalidad italiana (<em>iuris communicatione<\/em> art. 14 de la ley n. 91\/1992).<\/p>\n<p style=\"text-align: justify;\">La <strong>declaraci\u00f3n de voluntad de adquisici\u00f3n<\/strong>, que debe ser formal y debe ser\u00a0 <u>firmada de forma presencial por ambos progenitores<\/u>, se realiza en la Oficina Consular de esta Embajada, previa cita, que debe ser tomada como arriba indicado. <strong>No es necesaria la presencia del menor.<\/strong><\/p>\n<p style=\"text-align: justify;\">Si la filiaci\u00f3n (incluida la adoptiva) se establece respecto a una sola persona (o si el otro padre o madre ha fallecido), bastar\u00e1 con la declaraci\u00f3n de un solo progenitor. En estos casos deber\u00e1 ser presentada la debida certificaci\u00f3n. En presencia de un solo progenitor, si el es extranjero, se proceder\u00e1 a la autenticaci\u00f3n de su firma.<\/p>\n<p style=\"text-align: justify;\">La declaraci\u00f3n de voluntad de adquisici\u00f3n est\u00e1 sujeta a la verificaci\u00f3n de las condiciones mencionadas y es <strong>completamente gratuita<\/strong>\u00a0(<span style=\"text-decoration: underline;\"><em>modificaci\u00f3n introducida por la Ley de Presupuestos 2006, comma 513, art. 1; en vigor desde el 1\u00ba de enero de 2026; n<\/em><\/span><em><u><em>o<\/em> es previsto ning\u00fan reembolso para las solicitudes ya presentadas<\/u><\/em>).<\/p>\n<p style=\"text-align: justify;\">En caso de establecimiento de la residencia legal del menor en Italia, la declaraci\u00f3n puede presentarse incluso despu\u00e9s del plazo de tres a\u00f1os desde el nacimiento, pero la residencia debe mantenerse por al menos dos a\u00f1os continuos despu\u00e9s de la declaraci\u00f3n de voluntad de adquisici\u00f3n de la ciudadan\u00eda presentada por los padres.<\/p>\n<p style=\"text-align: center;\"><strong><u>DOCUMENTACI\u00d3N A PRESENTAR<\/u><\/strong><\/p>\n<ul>\n<li style=\"text-align: justify;\">\u201c<strong>INSCRIPCI\u00d3N INTEGRAL DE NACIMIENTO<\/strong>\u201d (Copia del Libro de los Nacimientos) para uso extranjero, certificada por la Oficina de Registro Civil del Ecuador y apostillada por el Ministerio de Relaciones Exteriores del Ecuador, posteriormente traducida al italiano por uno de los <a href=\"https:\/\/ambquito.esteri.it\/es\/servizi-consolari-e-visti\/servizi-per-il-cittadino-italiano\/traduzione-e-legalizzazione-dei-documenti\/traductores-oficiales-de-referencia\/\" target=\"_blank\" rel=\"noopener\"><strong>Traductores de Referencia <\/strong><\/a>de esta Embajada;<\/li>\n<li style=\"text-align: justify;\">en caso de hijos adoptados, <strong>sentencia de adopci\u00f3n ejecutoriada<\/strong>, apostillada por el Ministerio de Relaciones Exteriores del Ecuador, posteriormente traducida al italiano por uno de los <a href=\"https:\/\/ambquito.esteri.it\/es\/servizi-consolari-e-visti\/servizi-per-il-cittadino-italiano\/traduzione-e-legalizzazione-dei-documenti\/traductores-oficiales-de-referencia\/\" target=\"_blank\" rel=\"noopener\"><strong>Traductores de Referencia <\/strong><\/a>de esta Embajada;<\/li>\n<li style=\"text-align: justify;\">el <strong><a href=\"https:\/\/ambquito.esteri.it\/wp-content\/uploads\/2025\/06\/2024-11-14-Formulario-richiesta-trascrizione.docx\">formulario de solicitud<\/a> <\/strong>de transcripci\u00f3n, debidamente cumplimentado y firmado por el interesado;<\/li>\n<li style=\"text-align: justify;\"><strong>documentos de identidad validos, en original y copia a color, <\/strong>de todos los sujetos nombrados en los documentos en cuesti\u00f3n: pasaporte italiano del padre\/madre ciudadano\/a, de la c\u00e9dula de identidad local del padre\/madre\u00a0 extranjero\/a y del menor <strong>(las copias a color de los documentos de identidad deben constar en una solo hoja)<\/strong>; en el caso el pasaporte italiano del padre\/madre ciudadano est\u00e9 vencido se debe presentar tambi\u00e9n la c\u00e9dula de identidad local vigente.<\/li>\n<\/ul>\n<p style=\"text-align: justify;\"><strong>Todas las actas y certificaciones NO expedidas en Italia deben ser APOSTILLADAS y TRADUCIDAS al italiano en los pa\u00edses donde han sido emitidas.<\/strong><\/p>\n<p style=\"text-align: center;\"><span style=\"color: #ff0000;\"><strong><u>R\u00c9GIMEN TRANSITORIO (Ley 23 de mayo de 2025, n. 74)<\/u><\/strong><\/span><\/p>\n<p style=\"text-align: center;\"><strong><u>REQUISITOS<\/u><\/strong><\/p>\n<p style=\"text-align: justify;\">La Ley n. 74 de 23 de mayo de 2025, por la que se convierte el Decreto legislativo n. 36\/2025, introdujo tambi\u00e9n una <strong>disposici\u00f3n <u>transitoria <\/u>que permite la posibilidad de realizar la mencionada declaraci\u00f3n de voluntad de adquirir la ciudadan\u00eda tambi\u00e9n para <u>los menores a la fecha del 24\/05\/2025 <\/u>que sean hijos de ciudadanos italianos por nacimiento (<em>iure sanguinis<\/em>) con m\u00faltiples ciudadan\u00edas (ej: italiana y ecuatoriana)<\/strong>. Esta declaraci\u00f3n debe realizarse estrictamente <strong>hasta el <span style=\"color: #ff0000;\"><u>31\/05\/2029<\/u><\/span>.<\/strong><\/p>\n<p style=\"text-align: justify;\">La <strong>declaraci\u00f3n de voluntad de adquisici\u00f3n<\/strong>, que debe ser formal y debe ser\u00a0 <u>firmada de forma presencial por ambos progenitores<\/u>, se realiza en la Oficina Consular de esta Embajada, previa cita, que debe ser tomada como arriba indicado. <strong>No es necesaria la presencia del menor.<\/strong><\/p>\n<p style=\"text-align: justify;\"><strong>Para los hijos menores de 18 a\u00f1os y mayores de 14, nacidos fuera de matrimonio<\/strong>, es necesario realizar escritura de reconocimiento de filiaci\u00f3n extramatrimonial, por lo que deber\u00e1n comparecer ambos padres, as\u00ed como el hijo menor para la firma.<\/p>\n<p style=\"text-align: justify;\">Si la filiaci\u00f3n (incluida la adoptiva) se establece respecto a una sola persona (o si el otro padre o madre ha fallecido), bastar\u00e1 con la declaraci\u00f3n de un solo progenitor. En estos casos deber\u00e1 ser presentada la debida certificaci\u00f3n. En presencia de un solo progenitor, si el es extranjero, se proceder\u00e1 a la autenticaci\u00f3n de su firma.<\/p>\n<p style=\"text-align: justify;\">La <strong>declaraci\u00f3n de voluntad de adquisici\u00f3n<\/strong> est\u00e1 sujeta a la verificaci\u00f3n de las condiciones mencionadas y es <strong>completamente gratuita<\/strong>\u00a0(<em>modificaci\u00f3n introducida por la Ley de Presupuestos 2006, comma 513, art. 1; en vigor desde el 1\u00ba de enero de 2026; n<\/em><em><u>o es previsto ning\u00fan reembolso para las solicitudes ya presentadas<\/u><\/em>).<\/p>\n<p style=\"text-align: justify;\"><strong>En caso de que el menor al 24\/05\/2025 pase a ser mayor de edad el 31\/05\/2026, la declaraci\u00f3n de intenci\u00f3n de adquirir la ciudadan\u00eda deber\u00e1 ser presentada directamente por el interesado.<\/strong><\/p>\n<p style=\"text-align: center;\"><strong><u>DOCUMENTACI\u00d3N A PRESENTAR<\/u><\/strong><\/p>\n<ul>\n<li style=\"text-align: justify;\">\u201c<strong>INSCRIPCI\u00d3N INTEGRAL DE NACIMIENTO<\/strong>\u201d (Copia del Libro de los Nacimientos) para uso extranjero, certificada por la Oficina de Registro Civil del Ecuador y apostillada por el Ministerio de Relaciones Exteriores del Ecuador, posteriormente traducida al italiano por uno de los <a href=\"https:\/\/ambquito.esteri.it\/es\/servizi-consolari-e-visti\/servizi-per-il-cittadino-italiano\/traduzione-e-legalizzazione-dei-documenti\/traductores-oficiales-de-referencia\/\" target=\"_blank\" rel=\"noopener\"><strong>Traductores de Referencia <\/strong><\/a>de esta Embajada;<\/li>\n<li style=\"text-align: justify;\">en caso de hijos adoptados, <strong>sentencia de adopci\u00f3n ejecutoriada<\/strong>, apostillada por el Ministerio de Relaciones Exteriores del Ecuador, posteriormente traducida al italiano por uno de los <a href=\"https:\/\/ambquito.esteri.it\/es\/servizi-consolari-e-visti\/servizi-per-il-cittadino-italiano\/traduzione-e-legalizzazione-dei-documenti\/traductores-oficiales-de-referencia\/\" target=\"_blank\" rel=\"noopener\"><strong>Traductores de Referencia <\/strong><\/a>de esta Embajada;<\/li>\n<li style=\"text-align: justify;\">el <strong><a href=\"https:\/\/ambquito.esteri.it\/wp-content\/uploads\/2025\/06\/2024-11-14-Formulario-richiesta-trascrizione.docx\">formulario de solicitud<\/a> <\/strong>de transcripci\u00f3n, debidamente cumplimentado y firmado por el interesado;<\/li>\n<li><strong>documentos de identidad validos, en original y copia a color, <\/strong>de todos los sujetos nombrados en los documentos en cuesti\u00f3n: pasaporte italiano del padre\/madre ciudadano\/a, de la c\u00e9dula de identidad local del padre\/madre\u00a0 extranjero\/a y del menor <strong>(las copias a color de los documentos de identidad deben constar en una solo hoja)<\/strong>; en el caso el pasaporte italiano del padre\/madre ciudadano est\u00e9 vencido se debe presentar tambi\u00e9n la c\u00e9dula de identidad local vigente.<\/li>\n<\/ul>\n<p style=\"text-align: justify;\"><strong>Todas las actas y certificaciones NO expedidas en Italia deben ser APOSTILLADAS y TRADUCIDAS al italiano en los pa\u00edses donde han sido emitidas.<\/strong><\/p>\n<p style=\"text-align: center;\"><strong>\u00ba\u00ba\u00ba\u00ba\u00ba\u00ba\u00ba\u00ba\u00ba\u00ba\u00ba<\/strong><\/p>\n<p style=\"text-align: justify;\">Se advierte que, en ambos casos, trat\u00e1ndose de <strong>adquisici\u00f3n de la ciudadan\u00eda italiana por \u00abbeneficio de Ley\u00bb, <\/strong>el menor no adquirir\u00e1 la ciudadan\u00eda desde el d\u00eda del nacimiento, sino <strong>desde el d\u00eda siguiente a la firma de la declaraci\u00f3n por ambos padres del menor (o del menor que ha quedado mayor de edad) en el Oficina Consular.<\/strong><\/p>\n<p style=\"text-align: justify;\"><strong>Considerado que se trata de una solicitud para adquirir la ciudadan\u00eda italiana por \u201cbeneficio de Ley\u201d, la misma NO es obligatoria.<\/strong><\/p>\n<p style=\"text-align: justify;\">El interesado, una vez que haya alcanzado la mayor\u00eda de edad, puede renunciar a la ciudadan\u00eda italiana adquirida de las maneras indicadas anteriormente, con la \u00fanica condici\u00f3n de que no se produzca una situaci\u00f3n de apatrid\u00eda.<\/p>\n","protected":false},"excerpt":{"rendered":"ACTAS DE NACIMIENTO DE MENORES EXTRANJEROS NACIDOS EN EL EXTRANJERO E HIJOS DE CIUDADANOS ITALIANOS POR NACIMIENTO ( IURE SANGUINIS ) CON M\u00daLTIPLES CIUDADAN\u00cdAS (EJ: ITALIANA Y ECUATORIANA) \u00a1ATENCI\u00d3N! Las solicitudes de transcripci\u00f3n de nacimiento de menores deber\u00e1n ser presentadas por ambos progenitores (incluido el extranjero) tra solicitar una cita a trav\u00e9s del portal PRENOT@MI: [&hellip;]","protected":false},"author":6,"featured_media":0,"parent":155,"menu_order":1,"comment_status":"closed","ping_status":"closed","template":"","meta":{"footnotes":""},"class_list":["post-5566","page","type-page","status-publish","hentry"],"_links":{"self":[{"href":"https:\/\/ambquito.esteri.it\/es\/wp-json\/wp\/v2\/pages\/5566","targetHints":{"allow":["GET"]}}],"collection":[{"href":"https:\/\/ambquito.esteri.it\/es\/wp-json\/wp\/v2\/pages"}],"about":[{"href":"https:\/\/ambquito.esteri.it\/es\/wp-json\/wp\/v2\/types\/page"}],"author":[{"embeddable":true,"href":"https:\/\/ambquito.esteri.it\/es\/wp-json\/wp\/v2\/users\/6"}],"replies":[{"embeddable":true,"href":"https:\/\/ambquito.esteri.it\/es\/wp-json\/wp\/v2\/comments?post=5566"}],"version-history":[{"count":7,"href":"https:\/\/ambquito.esteri.it\/es\/wp-json\/wp\/v2\/pages\/5566\/revisions"}],"predecessor-version":[{"id":7091,"href":"https:\/\/ambquito.esteri.it\/es\/wp-json\/wp\/v2\/pages\/5566\/revisions\/7091"}],"up":[{"embeddable":true,"href":"https:\/\/ambquito.esteri.it\/es\/wp-json\/wp\/v2\/pages\/155"}],"wp:attachment":[{"href":"https:\/\/ambquito.esteri.it\/es\/wp-json\/wp\/v2\/media?parent=5566"}],"curies":[{"name":"wp","href":"https:\/\/api.w.org\/{rel}","templated":true}]}}