{"id":544,"date":"2023-09-22T13:59:36","date_gmt":"2023-09-22T18:59:36","guid":{"rendered":"https:\/\/ambquito.esteri.it\/?page_id=544"},"modified":"2024-04-25T14:31:38","modified_gmt":"2024-04-25T19:31:38","slug":"prenotmi-citas-para-servicios-consulares","status":"publish","type":"page","link":"https:\/\/ambquito.esteri.it\/es\/servizi-consolari-e-visti\/servizi-per-il-cittadino-italiano\/prenotmi-citas-para-servicios-consulares\/","title":{"rendered":"Prenot@mi &#8211; Citas para Servicios Consulares"},"content":{"rendered":"<div class=\"sr-only\" style=\"text-align: justify;\"><\/div>\n<div>\n<p style=\"text-align: justify;\"><a href=\"https:\/\/youtu.be\/4ZXjh8SWoiQ\" target=\"_blank\" rel=\"noopener\"><strong>V\u00cdDEO TUTORIAL<\/strong><\/a><\/p>\n<p style=\"text-align: justify;\"><strong>SISTEMA\u00a0<a href=\"https:\/\/prenotami.esteri.it\/\" target=\"_blank\" rel=\"noopener\">Prenot@mi<\/a><\/strong><\/p>\n<p style=\"text-align: justify;\">El sistema de citas\u00a0<a href=\"https:\/\/prenotami.esteri.it\/\"><strong>Prenot@mi<\/strong><\/a>\u00a0es una herramienta desarrollada por el Ministerio de Relaciones Exteriores de Italia destinada a la gesti\u00f3n ordenada y transparente de las citas de las Oficinas Consulares y evitar la intermediaci\u00f3n en la reserva. La cantidad de citas puestas a disposici\u00f3n de los usuarios depende de los recursos de cada Oficina Consular, la cantidad de expedientes presentados y el tiempo requerido para su tramitaci\u00f3n.<\/p>\n<p style=\"text-align: justify;\">El periodo de concesi\u00f3n de citas depende del tipo de servicio que se requiere solicitar. El sistema\u00a0<strong><a href=\"https:\/\/prenotami.esteri.it\/\" target=\"_blank\" rel=\"noopener\">Prenot@mi<\/a><\/strong>\u00a0est\u00e1 programado para habilitar nuevas citas todos los d\u00edas.<\/p>\n<p style=\"text-align: justify;\"><strong>El sistema exige que todas las citas sean obligatoriamente confirmadas de 10 a 3 d\u00edas antes de la fecha reservada.<\/strong><\/p>\n<p style=\"text-align: justify;\">Esta confirmaci\u00f3n debe realizarla el interesado directamente en el sistema. Si el usuario no puede asistir a la cita no es necesario que pida la cancelaci\u00f3n, es suficiente no confirmar su asistencia. Las citas no confirmadas durante el periodo indicado ser\u00e1n canceladas autom\u00e1ticamente por el sistema y se pondr\u00e1n a disposici\u00f3n de otros usuarios para que puedan utilizarlas.<\/p>\n<p style=\"text-align: justify;\">Las citas deben ser reservadas directamente por el interesado. La Embajada no ha autorizado a ning\u00fan intermediario para la reserva de citas consulares.<\/p>\n<p style=\"text-align: justify;\"><strong>Citas grupales para solicitar PASAPORTES<\/strong><\/p>\n<p style=\"text-align: justify;\">Es posible solicitar citas en conjunto para m\u00e1s de una persona (m\u00e1ximo 5), siempre y cuando pertenezcan al mismo n\u00facleo familiar (padres, hijos, hermanos). Para reservar este tipo de cita los miembros de la familia deben agregarse a su solicitud, indicando los datos de cada miembro que solicita el pasaporte. En este grupo no se debe incluir al solicitante, cuyo turno est\u00e1 garantizado como gerente del grupo. No se recibir\u00e1n familiares que no est\u00e9n debitamente registrados en el grupo.<\/p>\n<p style=\"text-align: justify;\">Solamente las personas que van a solicitar el pasaporte deben constar en la lista de citas. Por ejemplo: si el padre y el hijo menor quieren solicitar sus pasaportes deber\u00e1n tomar una cita a nombre del padre a\u00f1adiendo como familiar al hijo menor, no es necesario que incluyen a la madre a pesar de que tambi\u00e9n tenga que estar presente obligatoriamente en la cita.<\/p>\n<p style=\"text-align: justify;\"><strong>Citas para PASAPORTES de menores de edad<\/strong><\/p>\n<p style=\"text-align: justify;\">Si desea solicitar el pasaporte \u00fanicamente para un hijo menor de edad, deber\u00e1 registrarse el padre o madre de ciudadan\u00eda italiana y tomar una \u00fanica cita a nombre del padre o madre, no es necesario crear un nuevo usuario para un menor de edad y tampoco es necesario que reserven citas para las tres personas. <span class=\"HwtZe\" lang=\"es\"><span class=\"jCAhz ChMk0b\"><span class=\"ryNqvb\">Si el padre o madre de ciudadan\u00eda italiana no se encuentra en Ecuador, la reserva deber\u00e1 ser realizada por el otro, especificando el motivo en las Notas.<\/span><\/span><\/span><\/p>\n<p style=\"text-align: justify;\"><strong>Durante la cita<\/strong><\/p>\n<p style=\"text-align: justify;\">El sistema asigna las citas con una hora determinada y el funcionario recibir\u00e1 las solicitudes de acuerdo a dicho horario. Si usted tiene una cita deber\u00e1 estar presente con 15 minutos de anticipaci\u00f3n y estar atento al momento que sea convocado de otra forma perder\u00e1 su turno y deber\u00e1 volver a tomar una cita. No es necesario que est\u00e9 presente con demasiada anticipaci\u00f3n.<\/p>\n<p style=\"text-align: justify;\">Debido a las limitaciones de espacio en la Sala de espera, se solicita que se presenten \u00fanicamente los interesados sin acompa\u00f1antes. Pueden ingresar acompa\u00f1antes \u00fanicamente en los siguientes casos:<\/p>\n<ul style=\"text-align: justify;\">\n<li>ciudadanos con hijos menores de edad que soliciten su pasaporte deber\u00e1n presentarse con el c\u00f3nyuge o padre\/madre de los hijos menores;<\/li>\n<li>menores de edad (de 12 a 17 a\u00f1os) que soliciten su pasaporte deben estar acompa\u00f1ados por ambos padres;<\/li>\n<li>las personas con movilidad limitada pueden ingresar con un familiar acompa\u00f1ante.<\/li>\n<\/ul>\n<p style=\"text-align: justify;\">NO es requerida la presencia de ni\u00f1os menores de 12 a\u00f1os para ninguna practica.<\/p>\n<p style=\"text-align: justify;\">Cuando sea recibido en la ventanilla deber\u00e1 presentar \u00fanicamente los documentos de acuerdo al orden indicado en el sitio web para cada uno de los servicios, si usted no tiene los documentos debidamente ordenados y completos podr\u00eda perder su turno e incluso podr\u00eda perder su cita.<\/p>\n<p style=\"text-align: justify;\">Se solicita muy encarecidamente no ingresar a la Oficina Consular con dispositivos electr\u00f3nicos, alimentos y\/o bebidas y mantener la voz baja durante su visita por respeto al usuario que se encuentra en la ventanilla.<\/p>\n<hr \/>\n<p style=\"text-align: justify;\"><strong>IMPORTANTE<\/strong><\/p>\n<ul style=\"text-align: justify;\">\n<li><strong>No existen intermediarios, agencias, asesores, consultores, etc. autorizados por la Oficina Consular para realizar ning\u00fan tipo de tr\u00e1mite, el sitio web de la Embajada\u00a0<a href=\"https:\/\/ambquito.esteri.it\/\" target=\"_blank\" rel=\"noopener\">https:\/\/ambquito.esteri.it\/<\/a>\u00a0es el \u00fanico canal oficial de informaci\u00f3n sobre los servicios consulares: Se han recogido la mayor\u00eda de inquietudes del p\u00fablico para presentar una informaci\u00f3n detallada y la informaci\u00f3n se actualiza constantemente. Se ruega leer con atenci\u00f3n las instrucciones y no acudir a servicios de intermediarios a riesgo de sufrir una estafa.<\/strong><\/li>\n<li><strong>Todo ciudadano italiano debe identificarse en la Oficina Consular con su documento de identidad italiano (pasaporte o c\u00e9dula).<\/strong><\/li>\n<li><strong>Podr\u00e1 contactar a la Oficina Consular escribiendo un correo electr\u00f3nico a\u00a0<a href=\"mailto:consolare.quito@esteri.it\" target=\"_blank\" rel=\"noopener\">consolare.quito@esteri.it<\/a>\u00a0 identific\u00e1ndose debidamente (nombres, apellidos, lugar y fecha de nacimiento y n\u00famero de pasaporte) \u00fanicamente para solicitar informaci\u00f3n que no se encuentra publicada en la p\u00e1gina web\u00a0<a href=\"https:\/\/ambquito.esteri.it\/\" target=\"_blank\" rel=\"noopener\">https:\/\/ambquito.esteri.it\/<\/a>\u00a0Los correos sin datos de identificaci\u00f3n o que se refieran a informaci\u00f3n ya presente en el sitio web, no ser\u00e1n respondidos.<\/strong><\/li>\n<\/ul>\n<h3 style=\"text-align: center;\"><a href=\"https:\/\/prenotami.esteri.it\/\" target=\"_blank\" rel=\"noopener\"><strong>RESERVAR UNA CITA<\/strong><\/a><\/h3>\n<\/div>\n","protected":false},"excerpt":{"rendered":"V\u00cdDEO TUTORIAL SISTEMA\u00a0Prenot@mi El sistema de citas\u00a0Prenot@mi\u00a0es una herramienta desarrollada por el Ministerio de Relaciones Exteriores de Italia destinada a la gesti\u00f3n ordenada y transparente de las citas de las Oficinas Consulares y evitar la intermediaci\u00f3n en la reserva. La cantidad de citas puestas a disposici\u00f3n de los usuarios depende de los recursos de cada [&hellip;]","protected":false},"author":4,"featured_media":0,"parent":152,"menu_order":9,"comment_status":"closed","ping_status":"closed","template":"","meta":{"footnotes":""},"class_list":["post-544","page","type-page","status-publish","hentry"],"_links":{"self":[{"href":"https:\/\/ambquito.esteri.it\/es\/wp-json\/wp\/v2\/pages\/544","targetHints":{"allow":["GET"]}}],"collection":[{"href":"https:\/\/ambquito.esteri.it\/es\/wp-json\/wp\/v2\/pages"}],"about":[{"href":"https:\/\/ambquito.esteri.it\/es\/wp-json\/wp\/v2\/types\/page"}],"author":[{"embeddable":true,"href":"https:\/\/ambquito.esteri.it\/es\/wp-json\/wp\/v2\/users\/4"}],"replies":[{"embeddable":true,"href":"https:\/\/ambquito.esteri.it\/es\/wp-json\/wp\/v2\/comments?post=544"}],"version-history":[{"count":7,"href":"https:\/\/ambquito.esteri.it\/es\/wp-json\/wp\/v2\/pages\/544\/revisions"}],"predecessor-version":[{"id":3248,"href":"https:\/\/ambquito.esteri.it\/es\/wp-json\/wp\/v2\/pages\/544\/revisions\/3248"}],"up":[{"embeddable":true,"href":"https:\/\/ambquito.esteri.it\/es\/wp-json\/wp\/v2\/pages\/152"}],"wp:attachment":[{"href":"https:\/\/ambquito.esteri.it\/es\/wp-json\/wp\/v2\/media?parent=544"}],"curies":[{"name":"wp","href":"https:\/\/api.w.org\/{rel}","templated":true}]}}