{"id":3211,"date":"2024-04-18T10:03:34","date_gmt":"2024-04-18T15:03:34","guid":{"rendered":"https:\/\/ambquito.esteri.it\/servizi-consolari-e-visti\/servizi-per-il-cittadino-italiano\/carta-didentita-elettronica-cie\/"},"modified":"2026-02-19T15:15:08","modified_gmt":"2026-02-19T20:15:08","slug":"carta-didentita-elettronica-cie","status":"publish","type":"page","link":"https:\/\/ambquito.esteri.it\/es\/servizi-consolari-e-visti\/servizi-per-il-cittadino-italiano\/carta-didentita-elettronica-cie\/","title":{"rendered":"C\u00e9dula de Identidad Electr\u00f3nica (CIE)"},"content":{"rendered":"<p style=\"text-align: justify;\"><span style=\"text-decoration: underline;\"><strong><span class=\"HwtZe\" lang=\"es\"><span class=\"jCAhz ChMk0b\"><span class=\"ryNqvb\">EL SERVICIO QUEDA SUSPENDIDO TEMPORALMENTE HASTA NUEVO AVISO, EN ESPERA DE INDICACIONES MINISTERIALES<\/span><\/span><\/span><\/strong><\/span><\/p>\n<p style=\"text-align: justify;\"><span class=\"HwtZe\" lang=\"es\"><span class=\"jCAhz ChMk0b\"><span class=\"ryNqvb\"><strong>Se informa que las pruebas para la entrega de CIE por Correo Diplom\u00e1tico est\u00e1n a punto de finalizar. Esperamos poder reactivar pronto el servicio de CIE en esta Sede Consular.<\/strong><\/span><\/span><\/span><\/p>\n<p style=\"text-align: justify;\"><strong><span class=\"HwtZe\" lang=\"es\"><span class=\"jCAhz ChMk0b\"><span class=\"ryNqvb\">El Parlamento aprob\u00f3 recientemente un proyecto de ley que permite a los municipios italianos emitir CIE a los inscritos AIRE a partir del <span style=\"text-decoration: underline;\">1 de junio de 2026<\/span> (<a href=\"https:\/\/www.senato.it\/leggi-e-documenti\/disegni-di-legge\/scheda-ddl?tab=datiGenerali&amp;did=59640\" target=\"_blank\" rel=\"noopener\">Parlamento Italiano &#8211; Disegno di legge S. 1683 &#8211; 19\u00aa Legislatura | Senato della Repubblica<\/a>). La solicitud puede ser presentada en cualquier Municipio italiano.<\/span><\/span><\/span><\/strong><\/p>\n<p>&nbsp;<\/p>\n<p style=\"text-align: justify;\"><strong><em><u>\u00bfQu\u00e9 es el C\u00e9dula de Identidad Electr\u00f3nica (CIE)?<\/u><\/em><\/strong><\/p>\n<p style=\"text-align: justify;\">La C\u00e9dula de Identidad Electr\u00f3nica es un documento de identificaci\u00f3n y de viaje para poderse movilizar dentro de los pa\u00edses de la Uni\u00f3n Europea, en los estados no pertenecientes al Espacio Schengen (Islandia, Noruega, Suiza, Liechtenstein) y en aquellos en los que existen acuerdos internacionales particulares; a tal prop\u00f3sito, para obtener informaci\u00f3n m\u00e1s detallada, recomendamos consultar el sitio web de <a href=\"https:\/\/www.viaggiaresicuri.it\/approfondimenti-insights\/documentidiviaggio\" target=\"_blank\" rel=\"noopener\"><strong><em>Viaggiare Sicuri<\/em><\/strong><\/a> <strong>.<\/strong><\/p>\n<p style=\"text-align: justify;\">El documento es emitido por el <a href=\"https:\/\/www.cartaidentita.interno.gov.it\/\" target=\"_blank\" rel=\"noopener\"><strong>Ministerio del Interior<\/strong><\/a> italiano y producida por la <a href=\"https:\/\/www.ipzs.it\/ext\/carta_identita_elettronica_prodotti.html\" target=\"_blank\" rel=\"noopener\"><strong>Imprenta del Estado<\/strong><\/a> italiano .<\/p>\n<p style=\"text-align: justify;\"><strong><em><u>\u00bfQui\u00e9n puede solicitar la expedici\u00f3n de la C\u00e9dula de Identidad Electr\u00f3nica en la Oficina Consular de la Embajada de Italia en Quito? \u00bfCu\u00e1les son los requerimientos?<\/u><\/em><\/strong><\/p>\n<p style=\"text-align: justify;\">Para poder solicitar la emisi\u00f3n de la CIE es necesario ser ciudadano italiano <strong>residente en Ecuador<\/strong>, ya registrado ante el A.I.R.E. (Registro de los Italianos Residentes en el Extranjero). La inscripci\u00f3n en el A.I.R.E. se puede realizar a trav\u00e9s del portal <strong><a href=\"https:\/\/ambquito.esteri.it\/es\/servizi-consolari-e-visti\/servizi-per-il-cittadino-italiano\/registro-civil-a-i-r-e\/\" target=\"_blank\" rel=\"noopener\">Fast It<\/a><\/strong> sin necesidad de acercarse a la Oficina Consular.<\/p>\n<p style=\"text-align: justify;\">El solicitante la CIE debe averiguar su <strong>estado civil <\/strong>a trav\u00e9s del portal <strong><a href=\"https:\/\/ambquito.esteri.it\/es\/servizi-consolari-e-visti\/servizi-per-il-cittadino-italiano\/registro-civil-a-i-r-e\/\" target=\"_blank\" rel=\"noopener\">Fast It<\/a>, <\/strong>el cual debe estar actualizado ante la administraci\u00f3n italiana. Por lo tanto, los documentos relativos a acontecimientos (matrimonio, nacimiento de hijos, divorcio, etc.) que no se produjeron en Italia deber\u00e1n ser presentados en la Oficina Consular o en el Municipio italiano competente. A tal fin se ruega consultar la <a href=\"https:\/\/ambquito.esteri.it\/es\/servizi-consolari-e-visti\/servizi-per-il-cittadino-italiano\/stato-civile\/\" target=\"_blank\" rel=\"noopener\"><strong>secci\u00f3n Estado Civil<\/strong><\/a> .<\/p>\n<p style=\"text-align: justify;\">Para los <strong>ciudadanos italianos nacidos en el extranjero<\/strong>, es necesario que el acta de nacimiento correspondiente ya est\u00e9 transcrita en el Registro Civil del municipio italiano correspondiente.<\/p>\n<p style=\"text-align: justify;\">Para poder obtener la CIE <strong>es necesario contar con su C\u00f3digo Fiscal validado por la Agencia Tributaria italiana.<\/strong> Si no dispone de C\u00f3digo Fiscal, puede solicitarlo siguiendo las <a href=\"https:\/\/ambquito.esteri.it\/es\/servizi-consolari-e-visti\/servizi-per-il-cittadino-italiano\/codice-fiscale\/\" target=\"_blank\" rel=\"noopener\"><strong>instrucciones<\/strong><\/a> .<\/p>\n<p style=\"text-align: justify;\"><strong><em><u>\u00bfCu\u00e1ndo presentar la solicitud para la expedici\u00f3n de la CIE?<\/u><\/em><\/strong><\/p>\n<p style=\"text-align: justify;\">La solicitud de una nueva CIE podr\u00e1 presentarse <strong>desde seis meses (180 d\u00edas)<\/strong> antes de la caducidad de la C\u00e9dula de Identidad en papel (CIC) o CIE anterior, <span style=\"text-decoration: underline;\">o en cualquier momento, en el caso de la primera emisi\u00f3n<\/span>. <em>La solicitud de una nueva CIE podr\u00e1 ser presentada tambi\u00e9n por los ciudadanos que ya est\u00e9n en posesi\u00f3n de una CIC-C\u00e9dula de Identidad en papel o CIE de antigua generaci\u00f3n (versi\u00f3n 2007) a\u00fan vigente, por lo tanto, antes de los 180 d\u00edas anteriores a su vencimiento.<\/em><\/p>\n<p style=\"text-align: justify;\"><strong><u>ATENCI\u00d3N<\/u><\/strong><strong>: se invita a los interesados a presentar la solicitud para obtener la CIE s\u00f3lo en caso de necesidad real y con suficiente antelaci\u00f3n.<\/strong><\/p>\n<p style=\"text-align: justify;\"><strong><em><u>\u00bfC\u00f3mo presento la solicitud para la expedici\u00f3n de la CIE?<\/u><\/em><\/strong><\/p>\n<p style=\"text-align: justify;\">La solicitud de la CIE deber\u00e1 <strong>presentarse exclusivamente por correo electr\u00f3nico <\/strong>( <a href=\"mailto:consolare.quito@esteri.it\" target=\"_blank\" rel=\"noopener\"><strong>consolare.quito@esteri.it<\/strong><\/a> ) adjuntando la siguiente documentaci\u00f3n que var\u00eda en funci\u00f3n de la situaci\u00f3n familiar del solicitante. <strong>Toda la documentaci\u00f3n deber\u00e1 estar escaneada a color y \u00fanicamente en formato PDF:<\/strong><\/p>\n<p style=\"text-align: center;\"><strong>CIUDADANO MAYOR DE EDAD<\/strong><\/p>\n<ul>\n<li style=\"text-align: justify;\">Formulario de solicitud de autorizaci\u00f3n\/renovaci\u00f3n\/duplicado de la CIE, totalmente completado y firmado (<a href=\"https:\/\/ambquito.esteri.it\/wp-content\/uploads\/2024\/04\/Modello-_richiesta-CIE-maggiorenne_-2024.pdf\" target=\"_blank\" rel=\"noopener\"><strong>descargar el formulario aqu\u00ed<\/strong><\/a>);<\/li>\n<li style=\"text-align: justify;\">Documentos de identificaci\u00f3n italianos (Pasaporte y C\u00e9dula de Identidad en papel-CIC o electr\u00f3nica-CIE) en su poder, incluso si est\u00e1n caducados, <u>en una sola p\u00e1gina<\/u>; <em>Si no estuviera en posesi\u00f3n de ninguno de los dos documentos de identificaci\u00f3n, el solicitante deber\u00e1 presentarse a la futura cita acompa\u00f1ado de dos testigos, ciudadanos italianos, que deber\u00e1n poseer un documento de identidad v\u00e1lido y en original;<\/em><\/li>\n<li style=\"text-align: justify;\">En caso de robo\/p\u00e9rdida\/deterioro del documento de identidad italiano en papel (CIC) o electr\u00f3nico (CIE): copia de la denuncia que se presentar\u00e1 a la FISCALIA, la cual tambi\u00e9n se puede realizar electr\u00f3nicamente en el siguiente enlace: <a href=\"https:\/\/www.fiscalia.gob.ec\/denuncias-en-linea-para-turistas\/\" target=\"_blank\" rel=\"noopener\"><strong>https:\/\/www.fiscalia.gob.ec\/denuncias-en-linea-para-turistas\/<\/strong><\/a><strong> .<\/strong><\/li>\n<\/ul>\n<p style=\"text-align: center;\"><strong>CIUDADANO MENOR DE 18 A\u00d1OS<\/strong><\/p>\n<ul>\n<li style=\"text-align: justify;\">Formulario de solicitud de autorizaci\u00f3n\/renovaci\u00f3n\/duplicado de CIE, totalmente completado y firmado (<a href=\"https:\/\/ambquito.esteri.it\/wp-content\/uploads\/2024\/04\/Modello_richiesta_CIE_minori_-2024.pdf\" target=\"_blank\" rel=\"noopener\"><strong>descargar el formulario aqu\u00ed<\/strong><\/a>);<\/li>\n<li style=\"text-align: justify;\">Documentos de identificaci\u00f3n italianos del menor y de ambos padres (Pasaporte y C\u00e9dula de identidad en papel-CIC o electr\u00f3nica-CIE) en su poder, incluso si est\u00e1n caducados, <u>en una sola p\u00e1gina<\/u>; el padre extranjero adjuntar\u00e1 la <em>C\u00e9dula de Identidad ecuatoriana<\/em> vigente; si es el primer documento de identidad italiano del menor, se adjuntar\u00e1 tambi\u00e9n la <em>C\u00e9dula de Identidad ecuatoriana<\/em> vigente del menor;<\/li>\n<li style=\"text-align: justify;\">En caso de robo\/p\u00e9rdida\/deterioro del documento de identidad italiano en papel (CIC) o electr\u00f3nico (CIE): copia de la denuncia que se presentar\u00e1 a la FISCALIA, la cual tambi\u00e9n se puede realizar electr\u00f3nicamente en el siguiente enlace: <a href=\"https:\/\/www.fiscalia.gob.ec\/denuncias-en-linea-para-turistas\/\" target=\"_blank\" rel=\"noopener\"><strong>https:\/\/www.fiscalia.gob.ec\/denuncias-en-linea-para-turistas\/<\/strong><\/a><strong> .<\/strong><\/li>\n<\/ul>\n<p style=\"text-align: justify;\">Una vez finalizada el an\u00e1lisis de la solicitud, el ciudadano <strong>recibir\u00e1 un correo electr\u00f3nico inform\u00e1ndole del resultado y, en caso positivo, quedar\u00e1 autorizado a tomar una cita en el portal <a href=\"https:\/\/prenotami.esteri.it\/\" target=\"_blank\" rel=\"noopener\">Prenot@Mi<\/a> <\/strong><strong> .<\/strong><\/p>\n<p style=\"text-align: justify;\"><strong>La copia del mencionado mensaje de autorizaci\u00f3n deber\u00e1 entregarse en la ventanilla consular el d\u00eda de la cita.<\/strong><\/p>\n<p style=\"text-align: justify;\">Para obtener m\u00e1s informaci\u00f3n sobre el portal de citas Prenot@Mi <a href=\"https:\/\/ambquito.esteri.it\/es\/servizi-consolari-e-visti\/servizi-per-il-cittadino-italiano\/prenotmi-citas-para-servicios-consulares\/\" target=\"_blank\" rel=\"noopener\"><strong>haga clic aqu\u00ed<\/strong><\/a> . <strong>Las reservas realizadas para este servicio por usuarios no previamente autorizados ser\u00e1n eliminadas.<\/strong><\/p>\n<p style=\"text-align: justify;\">Desde la transmisi\u00f3n de la solicitud de CIE, enviada por correo electr\u00f3nico, hasta la comunicaci\u00f3n del resultado y la eventual invitaci\u00f3n a tomar una cita, pueden pasar al menos<strong> 15 d\u00edas<\/strong>, necesarios para permitir a los operadores consulares verificar los datos personales, resolver posibles incongruencias, y verificar que no existen causas que impidan la expedici\u00f3n del documento.<\/p>\n<p style=\"text-align: justify;\"><strong><em><u>\u00bfQu\u00e9 documentaci\u00f3n hay que presentar el d\u00eda de la cita para solicitar la expedici\u00f3n de la CIE?<\/u><\/em><\/strong><\/p>\n<p style=\"text-align: center;\"><strong>CIUDADANO MAYOR DE EDAD<\/strong><\/p>\n<ul>\n<li style=\"text-align: justify;\">Documentos de identidad <strong>originales<\/strong>, <span style=\"text-decoration: underline;\">cuyas copias a color hayan sido ya enviadas previamente por correo electr\u00f3nico<\/span>. <em>Si no estuviera en posesi\u00f3n de ninguno de los dos documentos de identificaci\u00f3n, el solicitante deber\u00e1 comparecer acompa\u00f1ado de dos testigos, ciudadanos italianos, quienes deber\u00e1n poseer un documento de identidad v\u00e1lido y original;<\/em><\/li>\n<li style=\"text-align: justify;\">Fotograf\u00eda a color \u2013 fondo blanco \u2013 <a href=\"https:\/\/www.esteri.it\/it\/servizi-consolari-e-visti\/italiani-all-estero\/documenti_di_viaggio\/linee-guida-foto-icao\/\" target=\"_blank\" rel=\"noopener\"><strong>est\u00e1ndar ICAO<\/strong><\/a> \u2013 45 mm x 35 mm;<\/li>\n<li style=\"text-align: justify;\">Recibo original de pago de la tasa consular por la <strong>expedici\u00f3n\/renovaci\u00f3n<\/strong> de la CIE o por la expedici\u00f3n de un <strong>duplicado<\/strong> por robo\/p\u00e9rdida o deterioro de una CIE a\u00fan vigente <u>(<strong>ver informaci\u00f3n en el siguiente p\u00e1rrafo<\/strong>).<\/u><\/li>\n<\/ul>\n<p style=\"text-align: center;\"><strong>CIUDADANO MENOR DE 18 A\u00d1OS<\/strong><\/p>\n<p style=\"text-align: justify;\"><strong>La presencia de ambos progenitores es siempre obligatoria para los menores de 0 a 18 a\u00f1os.<\/strong><\/p>\n<p style=\"text-align: justify;\">La presencia del menor en la Oficina Consular el d\u00eda de la cita es <strong>obligatoria<\/strong> <strong>\u00fanicamente a partir de los 12 a\u00f1os de edad<\/strong>, a los efectos de la toma de datos biometricos (huellas dactilares) y de la firma.<\/p>\n<p style=\"text-align: justify;\"><strong>Para menores de 0 a 12 a\u00f1os<\/strong> (<strong>no cumplidos<\/strong>), si se trata del <strong>primer documento de identidad italiano del menor, ser\u00e1 necesaria la presencia del menor en la Oficina Consular el d\u00eda de la cita<\/strong>, o en su defecto, los padres deber\u00e1n presentar la <strong>C\u00e9dula. de Identidad ecuatoriana, en original<\/strong>, expedida a m\u00e1s tardar seis meses antes del d\u00eda de la cita. Si los menores mencionados ya poseen un documento de identidad italiano anterior (incluso si est\u00e1 caducado, perdido, robado o da\u00f1ado, etc.) no tendr\u00e1n que presentarse.<\/p>\n<ul>\n<li>Documentos de identidad <strong>originales<\/strong>, <span style=\"text-decoration: underline;\">cuyas copias a color hayan sido ya enviadas previamente por correo electr\u00f3nico<\/span><em>;<\/em><\/li>\n<li>Fotograf\u00eda a color \u2013 fondo blanco \u2013 <a href=\"https:\/\/www.esteri.it\/it\/servizi-consolari-e-visti\/italiani-all-estero\/documenti_di_viaggio\/linee-guida-foto-icao\/\" target=\"_blank\" rel=\"noopener\"><strong>est\u00e1ndar ICAO<\/strong><\/a> \u2013 45 mm x 35 mm;<\/li>\n<li>Recibo original de pago de la tasa consular por la <strong>expedici\u00f3n\/renovaci\u00f3n<\/strong> de la CIE o por la expedici\u00f3n de un <strong>duplicado<\/strong> por robo\/p\u00e9rdida o deterioro de una CIE a\u00fan vigente <u>(<strong>ver informaci\u00f3n en el siguiente p\u00e1rrafo<\/strong>).<\/u><\/li>\n<\/ul>\n<p style=\"text-align: justify;\">Durante la cita, el operador consular adquirir\u00e1 los datos biometricos (detecci\u00f3n de huellas dactilares) y la firma del usuario, que quedar\u00e1n registrados de forma segura en el interior del microchip presente en la CIE. <strong>Tenga en cuenta que por el momento el \u00fanico equipo para la recolecci\u00f3n de datos biometricos est\u00e1 presente \u00fanicamente en la Oficina Consular de la Embajada en Quito.<\/strong><\/p>\n<p style=\"text-align: justify;\">El mismo d\u00eda de la cita, el operador <strong>deber\u00e1 cancelar la antigua CIE o la C\u00e9dula de Identidad en papel (CIC)<\/strong>, siempre que la misma est\u00e9 todav\u00eda vigente. Tras esta operaci\u00f3n, la antigua C\u00e9dula conservar\u00e1 el valor de documento de identificaci\u00f3n, pero ya no podr\u00e1 utilizarse como documento de viaje. Por ello se recomienda disponer de otro documento de viaje a la espera de la entrega de la nueva CIE.<\/p>\n<p style=\"text-align: justify;\">La CIE es impresa en Italia por la Imprenta del Estado italiano y posteriormente enviada a la Oficina Consular en Quito o al Consulado Honorario en Guayaquil, a partir de los <strong>15 d\u00edas<\/strong> posteriores a su env\u00edo en producci\u00f3n, por lo que los plazos de entrega pueden variar seg\u00fan los pa\u00edses de destino. Una vez recibido el sobre contente la CIE, las Oficinas antes mencionadas se encargar\u00e1n de contactar el interesado y realizar la entrega. <strong>Durante la cita el interesado elegir\u00e1 en cu\u00e1l de las dos Oficinas mencionados quiere recoger la CIE.<\/strong><\/p>\n<p style=\"text-align: justify;\"><strong>POR LO TANTO, EL DOCUMENTO <span style=\"text-decoration: underline;\">NO<\/span> SE ENTREGAR\u00c1 EL MISMO D\u00cdA DE LA CITA.<\/strong><\/p>\n<p style=\"text-align: justify;\"><strong>\u00a0<\/strong><strong><em><u>\u00bfCu\u00e1nto cuesta la CIE?<\/u><\/em><\/strong><\/p>\n<p style=\"text-align: justify;\">Para efectos de la expedici\u00f3n de la CIE, es necesario pagar la Tasa Consular vigente, en D\u00f3lares Americanos, correspondiente al <strong>Art. 28C<\/strong> <strong>Expedici\u00f3n\/Renovaci\u00f3n<\/strong> o <strong>Art. 28D<\/strong> <strong>Duplicado<\/strong> de la CIE, a realizarse en el Banco Pichincha, verificando el monto y siguiendo las instrucciones disponibles en el siguiente enlace <a href=\"https:\/\/ambquito.esteri.it\/es\/servizi-consolari-e-visti\/servizi-per-il-cittadino-italiano\/tarifas-consulares-of\/\" target=\"_blank\" rel=\"noopener\"><strong>https:\/\/ambquito.esteri.it\/es\/servizi-consolari-e-visti\/servizi-per-il-cittadino-italiano\/tarifas-consulares-of\/<\/strong><\/a> .<\/p>\n<p style=\"text-align: justify;\">Los monto mencionados anteriormente, debido a los efectos del cambio Euro\/D\u00f3lar Americano, var\u00edan trimestralmente los d\u00edas 1\u00ba de enero, 1\u00ba de abril, 1\u00ba de julio y 1\u00ba de octubre de cada a\u00f1o, por lo que se ruega consultar el monto actualizado antes de realizar el pago.<\/p>\n<p style=\"text-align: justify;\"><strong>EXPEDICI\u00d3N<\/strong> quiere decir la primera vez que se solicita la CIE.<br \/>\n<strong>RENOVACI\u00d3N<\/strong> significa la emisi\u00f3n de una nueva CIE en sustituci\u00f3n de la anterior CIC-C\u00e9dula de Identidad en Papel\/CIE caducada.<br \/>\n<em>Tambi\u00e9n se considerar\u00e1 <u>RENOVACI\u00d3N<\/u> la expedici\u00f3n de la CIE solicitada por el ciudadano que ya est\u00e9 en posesi\u00f3n de una CIC-C\u00e9dula de Identidad en papel o CIE de antigua generaci\u00f3n (versi\u00f3n 2007) a\u00fan vigente, por lo tanto, solicitada antes de los 180 d\u00edas anteriores a su vencimiento.<\/em><br \/>\n<strong>DUPLICADO<\/strong> significa \u00fanicamente la emisi\u00f3n de una nueva CIE en sustituci\u00f3n de la CIE anterior, perdida, robada o da\u00f1ada, pero a\u00fan v\u00e1lida.<\/p>\n<p style=\"text-align: justify;\"><strong><em><u>\u00bfCu\u00e1l es la duraci\u00f3n de la CIE?<\/u><\/em><\/strong><\/p>\n<p style=\"text-align: justify;\">La vigencia de la CIE <strong>var\u00eda dependiendo de la edad del titular en el momento de solicitar el documento<\/strong>; en particular, la CIE expira en el primer cumplea\u00f1os despu\u00e9s de:<\/p>\n<ul>\n<li style=\"text-align: justify;\"><strong>3 a\u00f1os<\/strong> a partir de la fecha de emisi\u00f3n para menores de <strong>3 a\u00f1os<\/strong>;<\/li>\n<li style=\"text-align: justify;\"><strong>5 a\u00f1os<\/strong> a partir de la fecha de emisi\u00f3n para menores de entre <strong>3 y 18 a\u00f1os<\/strong>;<\/li>\n<li style=\"text-align: justify;\"><strong>10 a\u00f1os<\/strong> para <strong>mayores de edad<\/strong>, por lo tanto, vence a los 9 a\u00f1os m\u00e1s los d\u00edas comprendidos entre la fecha de la solicitud y la fecha de nacimiento.<\/li>\n<\/ul>\n<p style=\"text-align: justify;\">La CIE tiene una validez limitada a 12 meses desde la fecha de su emisi\u00f3n en el caso, <strong>excepcional<\/strong>, de que se expida a ciudadanos que temporalmente no puedan colocar sus huellas dactilares.<\/p>\n<p style=\"text-align: justify;\">Para m\u00e1s informaci\u00f3n <strong>NO encontradas<\/strong> en esta secci\u00f3n escribir a: <a href=\"mailto:consolare.quito@esteri.it\" target=\"_blank\" rel=\"noopener\"><strong>consolare.quito@esteri.it<\/strong><\/a><strong>. <\/strong><\/p>\n<p style=\"text-align: justify;\"><a href=\"https:\/\/www.esteri.it\/it\/servizi-consolari-e-visti\/italiani-all-estero\/documenti_di_viaggio\/carta_identita\/\" target=\"_blank\" rel=\"noopener\"><strong>Informaci\u00f3n general<\/strong><\/a> (disponible solamente en idioma italiano y ingles)<\/p>\n<p style=\"text-align: justify;\"><strong>\u00a0<\/strong><\/p>\n","protected":false},"excerpt":{"rendered":"EL SERVICIO QUEDA SUSPENDIDO TEMPORALMENTE HASTA NUEVO AVISO, EN ESPERA DE INDICACIONES MINISTERIALES Se informa que las pruebas para la entrega de CIE por Correo Diplom\u00e1tico est\u00e1n a punto de finalizar. Esperamos poder reactivar pronto el servicio de CIE en esta Sede Consular. El Parlamento aprob\u00f3 recientemente un proyecto de ley que permite a los [&hellip;]","protected":false},"author":6,"featured_media":0,"parent":152,"menu_order":2,"comment_status":"closed","ping_status":"closed","template":"","meta":{"footnotes":""},"class_list":["post-3211","page","type-page","status-publish","hentry"],"_links":{"self":[{"href":"https:\/\/ambquito.esteri.it\/es\/wp-json\/wp\/v2\/pages\/3211","targetHints":{"allow":["GET"]}}],"collection":[{"href":"https:\/\/ambquito.esteri.it\/es\/wp-json\/wp\/v2\/pages"}],"about":[{"href":"https:\/\/ambquito.esteri.it\/es\/wp-json\/wp\/v2\/types\/page"}],"author":[{"embeddable":true,"href":"https:\/\/ambquito.esteri.it\/es\/wp-json\/wp\/v2\/users\/6"}],"replies":[{"embeddable":true,"href":"https:\/\/ambquito.esteri.it\/es\/wp-json\/wp\/v2\/comments?post=3211"}],"version-history":[{"count":7,"href":"https:\/\/ambquito.esteri.it\/es\/wp-json\/wp\/v2\/pages\/3211\/revisions"}],"predecessor-version":[{"id":6993,"href":"https:\/\/ambquito.esteri.it\/es\/wp-json\/wp\/v2\/pages\/3211\/revisions\/6993"}],"up":[{"embeddable":true,"href":"https:\/\/ambquito.esteri.it\/es\/wp-json\/wp\/v2\/pages\/152"}],"wp:attachment":[{"href":"https:\/\/ambquito.esteri.it\/es\/wp-json\/wp\/v2\/media?parent=3211"}],"curies":[{"name":"wp","href":"https:\/\/api.w.org\/{rel}","templated":true}]}}