{"id":3178,"date":"2024-04-11T13:00:38","date_gmt":"2024-04-11T18:00:38","guid":{"rendered":"https:\/\/ambquito.esteri.it\/?page_id=3178"},"modified":"2024-05-15T12:43:27","modified_gmt":"2024-05-15T17:43:27","slug":"elecciones-europeas","status":"publish","type":"page","link":"https:\/\/ambquito.esteri.it\/es\/servizi-consolari-e-visti\/servizi-per-il-cittadino-italiano\/servizi-elettorali\/elecciones-europeas\/","title":{"rendered":"Elecciones Europeas"},"content":{"rendered":"<p><strong><span class=\"HwtZe\" lang=\"es\"><span class=\"jCAhz ChMk0b\"><span class=\"ryNqvb\">Ciudadanos italianos que residen en un Pa\u00eds NO miembro de la Uni\u00f3n Europea<\/span><\/span><\/span><\/strong><\/p>\n<p style=\"text-align: justify;\"><span class=\"HwtZe\" lang=\"es\"> <span class=\"jCAhz ChMk0b\"><span class=\"ryNqvb\">Los ciudadanos italianos <strong>residentes en Pa\u00edses que NO son miembros de la Uni\u00f3n Europea pueden votar por los Representantes de Italia en el Parlamento Europeo en el Municipio de registro electoral en Italia<\/strong>.<\/span><\/span> <span class=\"jCAhz ChMk0b\"><span class=\"ryNqvb\">A estos efectos, <span style=\"text-decoration: underline;\">dentro del vig\u00e9simo d\u00eda siguiente a la publicaci\u00f3n del decreto de convocatoria de las elecciones, recibir\u00e1n una tarjeta postal de aviso del mencionado Municipio.<\/span><\/span><\/span><\/span><\/p>\n<p><a href=\"https:\/\/www.esteri.it\/it\/servizi-consolari-e-visti\/italiani-all-estero\/votoestero\/elezioniparlamentoeuropeo\/\" target=\"_blank\" rel=\"noopener\"><strong>Informaci\u00f3n general (en idioma italiano e ingl\u00e9s)<\/strong><\/a><\/p>\n","protected":false},"excerpt":{"rendered":"Ciudadanos italianos que residen en un Pa\u00eds NO miembro de la Uni\u00f3n Europea Los ciudadanos italianos residentes en Pa\u00edses que NO son miembros de la Uni\u00f3n Europea pueden votar por los Representantes de Italia en el Parlamento Europeo en el Municipio de registro electoral en Italia. A estos efectos, dentro del vig\u00e9simo d\u00eda siguiente a [&hellip;]","protected":false},"author":6,"featured_media":0,"parent":157,"menu_order":1,"comment_status":"closed","ping_status":"closed","template":"","meta":{"footnotes":""},"class_list":["post-3178","page","type-page","status-publish","hentry"],"_links":{"self":[{"href":"https:\/\/ambquito.esteri.it\/es\/wp-json\/wp\/v2\/pages\/3178","targetHints":{"allow":["GET"]}}],"collection":[{"href":"https:\/\/ambquito.esteri.it\/es\/wp-json\/wp\/v2\/pages"}],"about":[{"href":"https:\/\/ambquito.esteri.it\/es\/wp-json\/wp\/v2\/types\/page"}],"author":[{"embeddable":true,"href":"https:\/\/ambquito.esteri.it\/es\/wp-json\/wp\/v2\/users\/6"}],"replies":[{"embeddable":true,"href":"https:\/\/ambquito.esteri.it\/es\/wp-json\/wp\/v2\/comments?post=3178"}],"version-history":[{"count":4,"href":"https:\/\/ambquito.esteri.it\/es\/wp-json\/wp\/v2\/pages\/3178\/revisions"}],"predecessor-version":[{"id":3199,"href":"https:\/\/ambquito.esteri.it\/es\/wp-json\/wp\/v2\/pages\/3178\/revisions\/3199"}],"up":[{"embeddable":true,"href":"https:\/\/ambquito.esteri.it\/es\/wp-json\/wp\/v2\/pages\/157"}],"wp:attachment":[{"href":"https:\/\/ambquito.esteri.it\/es\/wp-json\/wp\/v2\/media?parent=3178"}],"curies":[{"name":"wp","href":"https:\/\/api.w.org\/{rel}","templated":true}]}}