{"id":170,"date":"2023-04-11T17:48:10","date_gmt":"2023-04-11T22:48:10","guid":{"rendered":"https:\/\/ambquito.esteri.it\/amministrazione-trasparente\/"},"modified":"2026-04-22T11:19:12","modified_gmt":"2026-04-22T16:19:12","slug":"amministrazione-trasparente","status":"publish","type":"page","link":"https:\/\/ambquito.esteri.it\/es\/amministrazione-trasparente\/","title":{"rendered":"Administraci\u00f3n transparente"},"content":{"rendered":"<p style=\"text-align: justify;\">Gli uffici diplomatico-consolari all&#8217; estero costituiscono articolazioni periferiche del Ministero degli Affari Esteri e della Cooperazione Internazionale, che assicura la trasparenza dei propri dati attraverso la sezione \u00abamministrazione trasparente\u00bb del sito\u00a0<a href=\"http:\/\/www.esteri.it\/\">www.esteri.it<\/a>\u00a0Le sezioni della presente pagina rinviano in massima parte alle corrispondenti sezioni del sito dell&#8217; amministrazione centrale.<\/p>\n<p style=\"text-align: justify;\"><strong>Per approfondimenti visita il sito dell&#8217;Autorit\u00e0 Nazionale Anticorruzione (<a href=\"http:\/\/www.anticorruzione.it\/portal\/public\/classic\/\">ANAC<\/a>)<\/strong><\/p>\n<ul>\n<li style=\"list-style-type: none;\">\n<ul>\n<li style=\"list-style-type: none;\">\n<ul>\n<li style=\"text-align: justify;\"><a title=\"Disposizioni Generali\" href=\"https:\/\/www.esteri.it\/it\/trasparenza_comunicazioni_legali\/disposizioni_generali\" target=\"_blank\" rel=\"noopener\">Disposizioni generali<\/a><\/li>\n<li style=\"text-align: justify;\"><a title=\"Organizzazione\" href=\"https:\/\/www.esteri.it\/it\/trasparenza_comunicazioni_legali\/organizzazione\" target=\"_blank\" rel=\"noopener\">Organizzazione<\/a>\n<ul>\n<li><a href=\"https:\/\/ambquito.esteri.it\/es\/chi-siamo\/gli-uffici\/\" target=\"_blank\" rel=\"noopener\">Articolazione degli uffici<\/a>\u00a0<em>(art. 13, c. 1, lett. b, c)<\/em><\/li>\n<li><a href=\"https:\/\/ambquito.esteri.it\/es\/chi-siamo\/la-rete-consolare\/\" target=\"_blank\" rel=\"noopener\">Telefono e posta elettronica<\/a>\u00a0<em>(art. 13, c. 1, lett. d)<\/em><\/li>\n<\/ul>\n<\/li>\n<li style=\"text-align: justify;\"><a href=\"https:\/\/ambquito.esteri.it\/it\/servizi-consolari-e-visti\/servizi-per-il-cittadino-italiano\/albo-consolare-e-altri-servizi\/consulenti-e-collaboratori\/\" target=\"_blank\" rel=\"noopener\">Consulenti e collaboratori\u00a0<\/a><em>(art. 15, c. 1, 2)<\/em><\/li>\n<li style=\"text-align: justify;\"><a title=\"Personale\" href=\"https:\/\/www.esteri.it\/it\/trasparenza_comunicazioni_legali\/personale\" target=\"_blank\" rel=\"noopener\">Personale<\/a><\/li>\n<li style=\"text-align: justify;\"><a href=\"https:\/\/ambquito.esteri.it\/it\/news\/dall_ambasciata\/amministrazione-trasparente\/bandi-di-concorso\/\" target=\"_blank\" rel=\"noopener\">Bandi di concorso<\/a>\u00a0<em>(art. 19)<\/em><\/li>\n<li style=\"text-align: justify;\"><a title=\"Performance\" href=\"https:\/\/www.esteri.it\/it\/trasparenza_comunicazioni_legali\/Performance\/\">Performance<\/a><\/li>\n<li style=\"text-align: justify;\"><a title=\"Enti controllati\" href=\"https:\/\/www.esteri.it\/it\/trasparenza_comunicazioni_legali\/Enti_controllati\/\">Enti controllati<\/a><\/li>\n<li style=\"text-align: justify;\"><a href=\"https:\/\/www.esteri.it\/it\/trasparenza_comunicazioni_legali\/attivita_e_procedimenti\">Attivit\u00e0 e procedimenti<\/a>\n<ul>\n<li><a href=\"https:\/\/ambquito.esteri.it\/wp-content\/uploads\/2026\/04\/amb_quito_procedimenti_a_istanza_di_parte_rev_16_3_2023_agg.pdf\" target=\"_blank\" rel=\"noopener\">Tipologie di procedimento<\/a>\u00a0<em>(art. 35, c. 1, 2)<\/em><\/li>\n<\/ul>\n<\/li>\n<li style=\"text-align: justify;\"><a title=\"Provvedimenti\" href=\"https:\/\/www.esteri.it\/it\/trasparenza_comunicazioni_legali\/provvedimenti\">Provvedimenti<\/a><\/li>\n<li style=\"text-align: justify;\"><a href=\"https:\/\/www.esteri.it\/it\/trasparenza_comunicazioni_legali\/controlli-sulle-imprese\">Controlli sulle imprese<\/a><\/li>\n<li style=\"text-align: justify;\"><a href=\"https:\/\/ambquito.esteri.it\/it\/news\/dall_ambasciata\/2023\/10\/bando-di-gara-esternalizzazione-di-servizi-relativi-allo-svolgimento-di-attivita-connesse-al-rilascio-dei-visti-dingresso-in-italia-proroga-termini-presentazione-offerte\/\" target=\"_blank\" rel=\"noopener\">Bandi di gara e contratti<\/a>\u00a0<em>(ex art. 37)<\/em>\n<ul>\n<li><a title=\"Informazioni sulle singole procedure in formato tabellare \" href=\"https:\/\/www.esteri.it\/it\/trasparenza_comunicazioni_legali\/bandi-gara-contratti\/informazioni-sulle-singole-procedure\">Informazioni sulle singole procedure in formato tabellare<\/a><\/li>\n<li><em>In evidenza <\/em>per l&#8217;anno 2023:\u00a0<a href=\"https:\/\/ambquito.esteri.it\/wp-content\/uploads\/2023\/10\/avviso_pre-informazione.pdf\" target=\"_blank\" rel=\"noopener\">Procedura di gara per l\u2019esternalizzazione di servizi relativi allo svolgimento di attivit\u00e0 ausiliarie al rilascio di visti d\u2019ingresso in Italia<\/a>. N.B.: procedimiento suspendido tras la entrada en vigor del nuevo C\u00f3digo de Contratos P\u00fablicos (Decreto Legislativo del 31 de marzo de 2023, n. 36) que prev\u00e9 la centralizaci\u00f3n de los procedimientos de selecci\u00f3n en el MAECI, tambi\u00e9n para el tr\u00e1mite de centralizaci\u00f3n especializado, destinada a identificar los intermediarios comerciales, para las actividades relacionadas con la presentaci\u00f3n, de solicitudes de visas de ingreso a Italia.<\/li>\n<\/ul>\n<\/li>\n<li style=\"text-align: justify;\"><a href=\"https:\/\/ambquito.esteri.it\/it\/news\/dall_ambasciata\/amministrazione-trasparente\/sovvenzioni-contributi-sussidi-vantaggi-economici\/\" target=\"_blank\" rel=\"noopener\">Sovvenzioni, contributi, sussidi, vantaggi economici<\/a>\u00a0<em>(ex art. 26 e 27)<\/em><\/li>\n<li style=\"text-align: justify;\"><a title=\"Bilanci\" href=\"https:\/\/www.esteri.it\/it\/trasparenza_comunicazioni_legali\/bilanci\">Bilanci<\/a><\/li>\n<li style=\"text-align: justify;\"><a href=\"https:\/\/www.esteri.it\/it\/trasparenza_comunicazioni_legali\/bilancio-trasparente\">Bilancio trasparente<\/a><\/li>\n<li style=\"text-align: justify;\"><a title=\"Beni immobili e gestione patrimonio\" href=\"https:\/\/www.esteri.it\/it\/trasparenza_comunicazioni_legali\/beni_immobili_gestione_patrimonio\">Beni immobili e gestione patrimonio<\/a><\/li>\n<li style=\"text-align: justify;\"><a title=\"Controlli e rilievi sull&amp;#39amministrazione\" href=\"https:\/\/www.esteri.it\/it\/trasparenza_comunicazioni_legali\/controlli-e-rilievi-sull-amministrazione\">Controlli e rilievi sull\u2019amministrazione<\/a><\/li>\n<li style=\"text-align: justify;\"><a title=\"Servizi erogati\" href=\"https:\/\/www.esteri.it\/it\/trasparenza_comunicazioni_legali\/servizi_erogati\">Servizi erogati<\/a><\/li>\n<li style=\"text-align: justify;\"><a title=\"Pagamenti dell&amp;#39amministrazione\" href=\"https:\/\/www.esteri.it\/it\/trasparenza_comunicazioni_legali\/pagamenti%20amministrazione\">Pagamenti dell\u2019Amministrazione<\/a><\/li>\n<li style=\"text-align: justify;\"><a href=\"https:\/\/www.esteri.it\/it\/trasparenza_comunicazioni_legali\/opere-pubbliche\">Opere pubbliche<\/a><\/li>\n<li style=\"text-align: justify;\"><a href=\"https:\/\/www.esteri.it\/it\/trasparenza_comunicazioni_legali\/pianificazione_governo_territorio\">Pianificazione e governo del territorio<\/a><\/li>\n<li style=\"text-align: justify;\"><a href=\"https:\/\/www.esteri.it\/it\/trasparenza_comunicazioni_legali\/informazioni_ambientali\">Informazioni ambientali<\/a><\/li>\n<li style=\"text-align: justify;\"><a href=\"https:\/\/www.esteri.it\/it\/trasparenza_comunicazioni_legali\/interventi-straordinari-emergenza\">Interventi straordinari di emergenza<\/a><\/li>\n<li style=\"text-align: justify;\"><a title=\"Altri contenuti\" href=\"https:\/\/www.esteri.it\/it\/trasparenza_comunicazioni_legali\/altri-contenuti-canale\">Altri contenuti<\/a><\/li>\n<\/ul>\n<\/li>\n<\/ul>\n<\/li>\n<\/ul>\n","protected":false},"excerpt":{"rendered":"Gli uffici diplomatico-consolari all&#8217; estero costituiscono articolazioni periferiche del Ministero degli Affari Esteri e della Cooperazione Internazionale, che assicura la trasparenza dei propri dati attraverso la sezione \u00abamministrazione trasparente\u00bb del sito\u00a0www.esteri.it\u00a0Le sezioni della presente pagina rinviano in massima parte alle corrispondenti sezioni del sito dell&#8217; amministrazione centrale. Per approfondimenti visita il sito dell&#8217;Autorit\u00e0 Nazionale Anticorruzione [&hellip;]","protected":false},"author":1,"featured_media":0,"parent":0,"menu_order":10,"comment_status":"closed","ping_status":"closed","template":"","meta":{"footnotes":""},"class_list":["post-170","page","type-page","status-publish","hentry"],"_links":{"self":[{"href":"https:\/\/ambquito.esteri.it\/es\/wp-json\/wp\/v2\/pages\/170","targetHints":{"allow":["GET"]}}],"collection":[{"href":"https:\/\/ambquito.esteri.it\/es\/wp-json\/wp\/v2\/pages"}],"about":[{"href":"https:\/\/ambquito.esteri.it\/es\/wp-json\/wp\/v2\/types\/page"}],"author":[{"embeddable":true,"href":"https:\/\/ambquito.esteri.it\/es\/wp-json\/wp\/v2\/users\/1"}],"replies":[{"embeddable":true,"href":"https:\/\/ambquito.esteri.it\/es\/wp-json\/wp\/v2\/comments?post=170"}],"version-history":[{"count":5,"href":"https:\/\/ambquito.esteri.it\/es\/wp-json\/wp\/v2\/pages\/170\/revisions"}],"predecessor-version":[{"id":7346,"href":"https:\/\/ambquito.esteri.it\/es\/wp-json\/wp\/v2\/pages\/170\/revisions\/7346"}],"wp:attachment":[{"href":"https:\/\/ambquito.esteri.it\/es\/wp-json\/wp\/v2\/media?parent=170"}],"curies":[{"name":"wp","href":"https:\/\/api.w.org\/{rel}","templated":true}]}}