{"id":164,"date":"2023-04-11T18:12:44","date_gmt":"2023-04-11T23:12:44","guid":{"rendered":"https:\/\/ambquito.esteri.it\/servizi-consolari-e-visti\/servizi-per-il-cittadino-straniero\/"},"modified":"2026-04-06T10:19:13","modified_gmt":"2026-04-06T15:19:13","slug":"servizi-per-il-cittadino-straniero","status":"publish","type":"page","link":"https:\/\/ambquito.esteri.it\/es\/servizi-consolari-e-visti\/servizi-per-il-cittadino-straniero\/","title":{"rendered":"Servicios para el ciudadano extranjero"},"content":{"rendered":"<div class=\"sr-only\">\n<p style=\"text-align: justify;\"><strong><a href=\"https:\/\/youtu.be\/0Wt3rC_HcG0\" target=\"_blank\" rel=\"noopener\">V\u00cdDEO TUTORIAL<\/a><\/strong><\/p>\n<p style=\"text-align: justify;\"><strong>ATENCI\u00d3N: Cese de validez desde el 3 de agosto de 2023 del permiso de residencia para los familiares de ciudadanos EU en formato impreso.<\/strong><\/p>\n<p style=\"text-align: justify;\">El Reglamento (UE) 2018\/1157 establece (Art. 8) el cese desde el 3 de agosto de 2023 de la validez de los permisos de residencia de los familiares de ciudadanos EU que no cumplen con los nuevos requisitos. Entre los documentos que non tendr\u00e1n validez desde la fecha mencionada anteriormente est\u00e1\u00a0<strong>el Permiso de Estad\u00eda para familiares de ciudadanos UE en formato impreso<\/strong>. Los titulares de dicho permiso que a\u00fan no han realizado el cambio del propio documento deber\u00e1n<strong>\u00a0solicitar la visa para salir de los confines de acuerdo a lo previsto para la nacionalidad ecuatoriana<\/strong>; sin embargo, los ciudadanos extranjeros que han solicitado la actualizaci\u00f3n de su documento y se encuentran a\u00fan en proceso de emisi\u00f3n, estar\u00e1n exentos. Por lo que, al momento de ingresar nuevamente en el territorio italiano a trav\u00e9s de un vuelo directo\u00a0<strong>deber\u00e1n presentar el recibo de la renovaci\u00f3n de su propio documento de residencia.<\/strong><\/p>\n<\/div>\n<p>&nbsp;<\/p>\n<p><strong>Las Agencias de Viajes con servicios de obtenci\u00f3n de visado, Tramitadores o Ayudas de Terceras Personas <span style=\"text-decoration: underline;\">NO SON CANALES OFICIALES<\/span> para la emisi\u00f3n de una visa, ni recomendados por la Embajada de Italia en Quito, Ecuador.<\/strong><\/p>\n<p><strong> Se sugiere hacer <span style=\"text-decoration: underline;\">TODO<\/span> el tr\u00e1mite de su visado de forma <span style=\"text-decoration: underline;\">PERSONAL <\/span>sin intermediarios.<\/strong><\/p>\n<div class=\"sr-only\">\n<p style=\"text-align: justify;\"><strong>Para <span style=\"text-decoration: underline;\">Visas Schengen<\/span> de <span style=\"text-decoration: underline;\">turismo normal y turismo para familiares de italianos UE indirectos (hermanos\/as, t\u00edos\/as, primos\/as sobrinos\/as<\/span>, las citas se deben obtener exclusivamente del portal de la Agencia VFS GLOBAL.<\/strong> Para solicitar su cita, por favor, contactar al <strong><a href=\"https:\/\/visa.vfsglobal.com\/ecu\/es\/ita\"><em>Centro de Solicitud de Visados VFS GLOBAL<\/em><\/a><\/strong> por medio de este correo electr\u00f3nico: <strong><a href=\"mailto:Italia.quito@vfshelpline.com\">Italia.quito@vfshelpline.com<\/a><\/strong> o llamar al call center 02 5137684,<\/p>\n<\/div>\n<p><strong>Para <span style=\"text-decoration: underline;\">Visas Schengen<\/span> de t<span style=\"text-decoration: underline;\">urismo para familiares de italianos\/UE directos (c\u00f3nyuges, padres, abuelos\/as, hijos, nietos, hijastros, padrastros)<\/span> \u00a0y <span style=\"text-decoration: underline;\">Visas Nacionales<\/span> para <span style=\"text-decoration: underline;\">familiares UE directos por motivos de residencia<\/span> las citas se obtienen en el portal Prenot@mi.<\/strong><\/p>\n<p><strong>Para <span style=\"text-decoration: underline;\">Visas nacionales<\/span> de <span style=\"text-decoration: underline;\">reingreso, trabajo subordinado, estudio o motivos religiosos de larga duraci\u00f3n,<\/span><\/strong><span style=\"text-decoration: underline;\">\u00a0<\/span><strong>las citas se obtienen en el portal Prenot@mi.<\/strong><\/p>\n<p><strong>NOTA: <span style=\"text-decoration: underline;\">TODAS LAS CITAS<\/span> tomadas en el portal Prenot@mi deben presentarse en la Agencia VFS GLOBAL.<\/strong><\/p>\n<p><strong>NO SE RECIBIR\u00c1 A LOS USUARIOS CON LA TIPOLOG\u00cdA DE VISADO EQUIVOCADA.<\/strong><\/p>\n<p>Tome su cita\u00a0<a href=\"https:\/\/ambquito.esteri.it\/es\/servizi-consolari-e-visti\/servizi-per-il-cittadino-italiano\/prenotmi-citas-para-servicios-consulares\/\" target=\"_blank\" rel=\"noopener\"><strong>aqu\u00ed<\/strong><\/a>.<\/p>\n<p>Si la tipolog\u00eda de visa que necesita no est\u00e1 en este portal, ni dentro de la lista de los requisitos, por favor escribir a <strong><a href=\"mailto:visti.quito@esteri.it\">visti.quito@esteri.it<\/a><\/strong><\/p>\n<p>&nbsp;<\/p>\n<p><span style=\"text-align: justify;\">Para informaciones de viajes de corta duraci\u00f3n a Italia, <\/span><span style=\"text-decoration: underline;\"><strong>exclusivamente por motivos de negocios<\/strong><\/span><span style=\"text-align: justify;\">, es posible consultar los requisitos de ingreso en el adjunto espec\u00edfico haciendo clic <\/span><a style=\"text-align: justify;\" href=\"https:\/\/ambquito.esteri.it\/wp-content\/uploads\/2024\/02\/visa_negocios-1.pdf\" target=\"_blank\" rel=\"noopener\"><strong>AQU\u00cd<\/strong><\/a><span style=\"text-align: justify;\">\u00a0y enviando una solicitud de mayores informaciones sobre el tr\u00e1mite a la siguiente direcci\u00f3n de correo electr\u00f3nico:\u00a0 <\/span><strong style=\"text-align: justify;\"><a href=\"mailto:quito.vistiaffari@esteri.it\" target=\"_blank\" rel=\"noopener\">quito.vistiaffari@esteri.it<\/a><\/strong><span style=\"text-align: justify;\"> .<\/span><\/p>\n<p>&nbsp;<\/p>\n<div class=\"sr-only\">\n<ul>\n<li style=\"text-align: justify;\"><strong>Novedades a partir del 1 de junio de 2024: para familiares extranjeros de ciudadanos italianos y de la UE que deseen reunirse con el familiar residente permanente en Italia: se har\u00e1 la re-introducci\u00f3n del llamado \u201cvisado nacional por motivos familiares\u201d (Visa para familiares de ciudadanos italianos \u2013 residencia). C<\/strong>ondiciones:<\/li>\n<li style=\"text-align: justify;\">Este tipo de visado nacional se expedir\u00e1 de<strong> forma gratuita <\/strong>(art. 5 apartado 3 del Decreto Legislativo 30\/2007) y deber\u00e1 presentarse<strong> directamente en el portal Prenot@mi. <\/strong>La visa tendr\u00e1 una<strong> duraci\u00f3n de 365 d\u00edas con entradas m\u00faltiples. <\/strong>En los 8 d\u00edas siguientes a la entrada en Italia<strong>, <\/strong>los familiares<strong> deben solicitar un permiso de residencia por \u00abmotivos familiares\u00bb <\/strong>completando el correspondiente kit en Correos.<\/li>\n<li style=\"text-align: justify;\"><strong>Atenci\u00f3n: <\/strong>El visado nacional por motivos familiares no se expide a quienes se encuentran en las siguientes situaciones:<strong> a los familiares (art. 2 del Decreto Legislativo 30\/2007) <\/strong>que acompa\u00f1an o se re\u00fanen con el ciudadano italiano\/comunitario <strong>por per\u00edodos inferiores a 3 meses <\/strong>(para ellos continuaremos emitiendo una visa gratuita para turismo\/visita familiar);<strong> a otros miembros de la familia (art. 3 del Decreto Legislativo 30\/2007) <\/strong>que acompa\u00f1an o se re\u00fanen con el ciudadano italiano\/comunitario<strong> por per\u00edodos inferiores a 3 meses <\/strong>(para ellos tambi\u00e9n, se trata de un visado de turismo\/visita a un familiar no gratuito).<\/li>\n<\/ul>\n<hr \/>\n<h3 style=\"text-align: justify;\"><strong>Requisitos de acuerdo al tipo de Visado<\/strong><\/h3>\n<ul style=\"text-align: justify;\">\n<li><a href=\"https:\/\/ambquito.esteri.it\/wp-content\/uploads\/2026\/04\/visa_de_turismo.pdf\" target=\"_blank\" rel=\"noopener\">Visa de Turismo<\/a><\/li>\n<li><a href=\"https:\/\/ambquito.esteri.it\/wp-content\/uploads\/2024\/02\/visa_negocios-1.pdf\" target=\"_blank\" rel=\"noopener\">Visa de Negocios<\/a><\/li>\n<li><a href=\"https:\/\/ambquito.esteri.it\/wp-content\/uploads\/2024\/02\/reunificacion_familiar-1.pdf\" target=\"_blank\" rel=\"noopener\">Visa Reunificaci\u00f3n Familiar &#8211; Residente (no italiano) en Italia<\/a><\/li>\n<li><a href=\"https:\/\/ambquito.esteri.it\/wp-content\/uploads\/2026\/02\/familiares_de_italianos_motivo_residencia.pdf\" target=\"_blank\" rel=\"noopener\">Visa para familiares de ciudadanos italianos \u2013 Residencia\u00a0<\/a>\u00a0 \u00a0 \u00a0<a href=\"https:\/\/ambquito.esteri.it\/wp-content\/uploads\/2026\/01\/FAMILIARI-CITTADINI-ESP-1.pdf\">(ver detalle)<\/a><\/li>\n<li><a href=\"https:\/\/ambquito.esteri.it\/wp-content\/uploads\/2026\/01\/familiares_de_italianos_motivo_turistico-1.pdf\" target=\"_blank\" rel=\"noopener\">Visa Tur\u00edstica para familiares de ciudadanos italianos <\/a>\u00a0 \u00a0 \u00a0<a href=\"https:\/\/ambquito.esteri.it\/wp-content\/uploads\/2026\/01\/FAMILIARI-CITTADINI-ESP-1.pdf\">(ver detalle)<\/a><\/li>\n<li><a href=\"https:\/\/ambquito.esteri.it\/wp-content\/uploads\/2023\/09\/visa_adopcin.pdf\" target=\"_blank\" rel=\"noopener\">Visa por Adopci\u00f3n<\/a><\/li>\n<li><a href=\"https:\/\/ambquito.esteri.it\/wp-content\/uploads\/2026\/02\/requisitos_para_visa_de_estudio_de_larga_duracion-1.pdf\" target=\"_blank\" rel=\"noopener\">Visa de Estudios de LARGA duraci\u00f3n<\/a><\/li>\n<li><a href=\"https:\/\/ambquito.esteri.it\/wp-content\/uploads\/2026\/02\/requisitos_para_visa_de_estudio_de_corta_duracion.pdf\">Visa de Estudios de CORTA duraci\u00f3n<\/a><\/li>\n<li><a href=\"https:\/\/ambquito.esteri.it\/wp-content\/uploads\/2024\/02\/trabajo_dependiente-1.pdf\" target=\"_blank\" rel=\"noopener\">Visa de Trabajo Dependiente<\/a><\/li>\n<li><a href=\"https:\/\/ambquito.esteri.it\/wp-content\/uploads\/2024\/02\/religiosos-1.pdf\" target=\"_blank\" rel=\"noopener\">Visa para Religiosos<\/a><\/li>\n<li><a href=\"https:\/\/ambquito.esteri.it\/wp-content\/uploads\/2023\/09\/visa_transito.pdf\" target=\"_blank\" rel=\"noopener\">Visa de Tr\u00e1nsito<\/a><\/li>\n<li><a href=\"https:\/\/ambquito.esteri.it\/wp-content\/uploads\/2026\/02\/visa_transito_maritimo.pdf\">Visa de Tr\u00e1nsito Mar\u00edtimo<\/a><\/li>\n<li><a href=\"https:\/\/ambquito.esteri.it\/wp-content\/uploads\/2024\/02\/actividades_deportivas-1.pdf\" target=\"_blank\" rel=\"noopener\">Visa para Actividades Deportivas<\/a><\/li>\n<li><a href=\"https:\/\/ambquito.esteri.it\/wp-content\/uploads\/2023\/09\/visa_tratamientos_mdicos.pdf\" target=\"_blank\" rel=\"noopener\">Visa para Tratamientos M\u00e9dicos<\/a><\/li>\n<li><a href=\"https:\/\/ambquito.esteri.it\/wp-content\/uploads\/2024\/02\/mision.pdf\" target=\"_blank\" rel=\"noopener\">Visa de Misi\u00f3n<\/a><\/li>\n<li><a href=\"https:\/\/ambquito.esteri.it\/wp-content\/uploads\/2024\/02\/reingreso.pdf\" target=\"_blank\" rel=\"noopener\">Visa de Reingreso<\/a><\/li>\n<li><a href=\"https:\/\/ambquito.esteri.it\/wp-content\/uploads\/2026\/02\/visa_nomada.pdf\">Visa N\u00f3mada Digital &#8211; Trabajo Aut\u00f3nomo<\/a><\/li>\n<\/ul>\n<p>Las tarifas se pagan <strong>solamente<\/strong> en <strong>ventanilla del Banco Pichincha<\/strong> a <strong>nombre de la Embajada de Italia<\/strong>. Se debe traer el <strong>comprobante de pago original<\/strong> el d\u00eda de la cita.<\/p>\n<p style=\"text-align: justify;\"><strong>Tabla de tarifas de Visas: valida desde el 01 Abril al 30 Junio 2026<\/strong><\/p>\n<table width=\"505\">\n<tbody>\n<tr>\n<td width=\"64\"><\/td>\n<td width=\"306\"><strong>VISA DE INGRESO A ITALIA &#8211; SISTEMA SCHENGEN<\/strong><\/td>\n<td width=\"64\"><\/td>\n<td width=\"71\"><\/td>\n<\/tr>\n<tr>\n<td><\/td>\n<td><strong>II. TRIM. 2026<\/strong><\/td>\n<td><\/td>\n<td><\/td>\n<\/tr>\n<tr>\n<td><\/td>\n<td><strong>(INICIO VALIDEZ 01.04.2026)<\/strong><\/td>\n<td><\/td>\n<td><\/td>\n<\/tr>\n<tr>\n<td><strong>TIPO<\/strong><\/td>\n<td><strong>NATURA DELL&#8217;ATTO<\/strong><\/td>\n<td><strong>EURO<\/strong><\/td>\n<td width=\"71\"><strong>DOLAR<\/strong><\/td>\n<\/tr>\n<tr>\n<td><strong>A<\/strong><\/td>\n<td>VISA DE TRANSITO AEROPORTUARIO<\/td>\n<td>90,00<\/td>\n<td>105,50<\/td>\n<\/tr>\n<tr>\n<td><strong>B<\/strong><\/td>\n<td>VISA DE TRANSITO<\/td>\n<td>90,00<\/td>\n<td>105,50<\/td>\n<\/tr>\n<tr>\n<td><strong>C<\/strong><\/td>\n<td>VISA SCHENGEN TURISMO (m\u00e1ximo 90 d\u00edas)<\/td>\n<td>90,00<\/td>\n<td>105,50<\/td>\n<\/tr>\n<tr>\n<td><strong>C<\/strong><\/td>\n<td>VISA SCHENGEN TURISMO INGRESO M\u00daLTIPLE DE 1 A 5 A\u00d1OS (m\u00e1ximo 90 d\u00edas por a\u00f1o)<\/td>\n<td>90,00<\/td>\n<td>105,50<\/td>\n<\/tr>\n<tr>\n<td><strong>C<\/strong><\/td>\n<td>VISA SCHENGEN MENORES DE EDAD ENTRE 06 A\u00d1OS Y 11 A\u00d1OS Y 364 D\u00cdAS<\/td>\n<td>45,00<\/td>\n<td>53,00<\/td>\n<\/tr>\n<tr>\n<td><strong>C<\/strong><\/td>\n<td width=\"306\">VISA SCHENGEN NI\u00d1OS MENORES DE 05 A\u00d1OS Y 364 D\u00cdAS<\/td>\n<td>Gratuito<\/td>\n<td>Gratuito<\/td>\n<\/tr>\n<tr>\n<td><strong>B-C<\/strong><\/td>\n<td>VISA DE VALIDEZ TERRITORIAL LIMITADA<\/td>\n<td>90,00<\/td>\n<td>105,50<\/td>\n<\/tr>\n<tr>\n<td><strong>B-C<\/strong><\/td>\n<td>VISA DE LIBERACI\u00d3N FRONTERIZA<\/td>\n<td>90,00<\/td>\n<td>105,50<\/td>\n<\/tr>\n<tr>\n<td><strong>A-B-C<\/strong><\/td>\n<td>VISAS COLECTIVAS<\/td>\n<td>90,00<\/td>\n<td>105,50<\/td>\n<\/tr>\n<tr>\n<td><strong>D<\/strong><\/td>\n<td width=\"306\">VISA NACIONAL DE LARGA DURACI\u00d3N POR TRABAJO SUBORDINADO<\/td>\n<td>116,00<\/td>\n<td>136,00<\/td>\n<\/tr>\n<tr>\n<td><strong>D<\/strong><\/td>\n<td width=\"306\">VISA NACIONAL POR MOTIVO DE ESTUDIOS (m\u00ednimo 91 d\u00edas)<\/td>\n<td>50,00<\/td>\n<td>59,00<\/td>\n<\/tr>\n<tr>\n<td><strong>D<\/strong><\/td>\n<td width=\"306\">VISA NACIONAL DE LARGA DURACI\u00d3N (visa di reingreso, visa por motivos religiosos)<\/td>\n<td>116,00<\/td>\n<td>136,00<\/td>\n<\/tr>\n<tr>\n<td><strong>D<\/strong><\/td>\n<td width=\"306\">VISA NACIONAL DE LARGA DURACI\u00d3N V\u00c1LIDO PARA FAMILIARES DIRECTOS DE ITALIANOS<\/td>\n<td>Gratuito<\/td>\n<td>Gratuito<\/td>\n<\/tr>\n<tr>\n<td><strong>C<\/strong><\/td>\n<td width=\"306\">VISA SCHENGEN DE CORTA DURACI\u00d3N V\u00c1LIDO PARA FAMILIARES DIRECTOS DE ITALIANOS<\/td>\n<td>Gratuito<\/td>\n<td>Gratuito<\/td>\n<\/tr>\n<\/tbody>\n<\/table>\n<p>* Familiares Directos son considerados: hijos\/as, hijastros\/as, c\u00f3nyuge, padres, padrastros.<\/p>\n<hr \/>\n<h3 style=\"text-align: justify;\"><strong>Solicitud de Visado<\/strong><\/h3>\n<ul style=\"text-align: justify;\">\n<li><strong><a href=\"https:\/\/ambquito.esteri.it\/wp-content\/uploads\/2024\/06\/Formulario-Schengen-espanol.docx\" target=\"_blank\" rel=\"noopener\">Formulario Visa Schengen &#8211; corta duraci\u00f3n<\/a><\/strong> (Estad\u00edas menores a 90 d\u00edas)<\/li>\n<li><a href=\"https:\/\/ambquito.esteri.it\/wp-content\/uploads\/2023\/10\/formulario_visto_nazionale-1.docx\" target=\"_blank\" rel=\"noopener\"><strong>Formulario Visa Nacional- larga duraci\u00f3n<\/strong><\/a> (Estad\u00edas mayores de 90 d\u00edas)<\/li>\n<li><strong><a href=\"https:\/\/ambquito.esteri.it\/wp-content\/uploads\/2023\/10\/modelo_carta_invitacin_turismo-1.doc\" target=\"_blank\" rel=\"noopener\">Modelo de carta de invitaci\u00f3n para Visa de Turismo<\/a><\/strong><\/li>\n<li><strong><a href=\"https:\/\/ambquito.esteri.it\/wp-content\/uploads\/2023\/10\/modelo_carta_de_invitacin_negocios-1.doc\" target=\"_blank\" rel=\"noopener\">Modelo de carta de invitaci\u00f3n para Visa de Negocios<\/a><\/strong><\/li>\n<\/ul>\n<hr \/>\n<p style=\"text-align: justify;\"><strong>Aviso a los usuarios:<\/strong>\u00a0Posterior a la entrada en vigencia del Acuerdo de Representaci\u00f3n con Estonia en materia de Visas Schengen, a partir del 1 de enero de 2016 esta Embajada tratar\u00e1 las solicitudes de Visa Schengen presentadas por ciudadanos ecuatorianos y \/ o extranjeros aqu\u00ed residentes que deseen viajar a Estonia como sede principal de su estad\u00eda al interno del espacio Schengen.<\/p>\n<p style=\"text-align: justify;\"><strong>Email:\u00a0<a href=\"mailto:visti.quito@esteri.it\">visti.quito@esteri.it<\/a><\/strong><\/p>\n<p style=\"text-align: justify;\"><strong>Actualizaci\u00f3n enero 2022:\u00a0<\/strong><strong><a href=\"https:\/\/ambquito.esteri.it\/wp-content\/uploads\/2023\/10\/informacin_sobre_la_proteccin_de_las_personas.pdf\" target=\"_blank\" rel=\"noopener\">Informaci\u00f3n sobre la protecci\u00f3n de las personas con respecto al tratamiento de datos personales al fin de la emisi\u00f3n de una visa de ingreso a Italia y al \u00e1rea Schengen<\/a><\/strong><\/p>\n<\/div>\n<div style=\"text-align: justify;\"><\/div>\n","protected":false},"excerpt":{"rendered":"V\u00cdDEO TUTORIAL ATENCI\u00d3N: Cese de validez desde el 3 de agosto de 2023 del permiso de residencia para los familiares de ciudadanos EU en formato impreso. El Reglamento (UE) 2018\/1157 establece (Art. 8) el cese desde el 3 de agosto de 2023 de la validez de los permisos de residencia de los familiares de ciudadanos [&hellip;]","protected":false},"author":1,"featured_media":0,"parent":151,"menu_order":2,"comment_status":"closed","ping_status":"closed","template":"","meta":{"footnotes":""},"class_list":["post-164","page","type-page","status-publish","hentry"],"_links":{"self":[{"href":"https:\/\/ambquito.esteri.it\/es\/wp-json\/wp\/v2\/pages\/164","targetHints":{"allow":["GET"]}}],"collection":[{"href":"https:\/\/ambquito.esteri.it\/es\/wp-json\/wp\/v2\/pages"}],"about":[{"href":"https:\/\/ambquito.esteri.it\/es\/wp-json\/wp\/v2\/types\/page"}],"author":[{"embeddable":true,"href":"https:\/\/ambquito.esteri.it\/es\/wp-json\/wp\/v2\/users\/1"}],"replies":[{"embeddable":true,"href":"https:\/\/ambquito.esteri.it\/es\/wp-json\/wp\/v2\/comments?post=164"}],"version-history":[{"count":11,"href":"https:\/\/ambquito.esteri.it\/es\/wp-json\/wp\/v2\/pages\/164\/revisions"}],"predecessor-version":[{"id":7300,"href":"https:\/\/ambquito.esteri.it\/es\/wp-json\/wp\/v2\/pages\/164\/revisions\/7300"}],"up":[{"embeddable":true,"href":"https:\/\/ambquito.esteri.it\/es\/wp-json\/wp\/v2\/pages\/151"}],"wp:attachment":[{"href":"https:\/\/ambquito.esteri.it\/es\/wp-json\/wp\/v2\/media?parent=164"}],"curies":[{"name":"wp","href":"https:\/\/api.w.org\/{rel}","templated":true}]}}