{"id":162,"date":"2023-04-11T18:20:20","date_gmt":"2023-04-11T23:20:20","guid":{"rendered":"https:\/\/ambquito.esteri.it\/servizi-consolari-e-visti\/servizi-per-il-cittadino-italiano\/codice-fiscale\/"},"modified":"2026-02-12T14:09:53","modified_gmt":"2026-02-12T19:09:53","slug":"codice-fiscale","status":"publish","type":"page","link":"https:\/\/ambquito.esteri.it\/es\/servizi-consolari-e-visti\/servizi-per-il-cittadino-italiano\/codice-fiscale\/","title":{"rendered":"C\u00f3digo Fiscal"},"content":{"rendered":"<p style=\"text-align: justify;\">El <strong>C\u00f3digo Fiscal<\/strong> es el c\u00f3digo alfanum\u00e9rico emitido en Italia por la Agencia Tributaria <em>(Agenzia delle Entrate) <\/em>(<a href=\"http:\/\/www.agenziaentrate.it\" target=\"_blank\" rel=\"noopener\"><strong>www.agenziaentrate.it<\/strong><\/a>) para identificar al ciudadano (<strong>italiano o extranjero<\/strong>) en las relaciones con las administraciones p\u00fablicas, particulares y las entidades, italianas. Para las personas f\u00edsicas, el C\u00f3digo Fiscal se determina en base a los datos personales.<\/p>\n<p style=\"text-align: justify;\">Cualquier obligaci\u00f3n administrativa (pago de impuestos, derechos, tasas, etc.) o actividad empresarial (aceptaci\u00f3n de herencias, contratos con entidades p\u00fablicas o privadas, solicitud de financiaci\u00f3n, patrocinios, arrendamientos o pr\u00e9stamos para el uso de bienes inmuebles, etc.) requiere la presentaci\u00f3n del C\u00f3digo Fiscal de la persona que la realiza.<\/p>\n<p style=\"text-align: center;\"><strong><u>CIUDADANOS ITALIANOS RESIDENTES EN EL EXTRANJERO Y REGISTRADOS EN AIRE<\/u><\/strong><\/p>\n<p style=\"text-align: justify;\"><strong>Los ciudadanos italianos mayores de edad residentes<\/strong> en el Distrito Consular de esta Embajada <strong>e inscritos en el A.I.R.E. (Registro de Italianos Residentes en el Extranjero)<\/strong> puede descargar directamente (<strong>incluso para los hijos menores de edad, ciudadanos italianos inscritos en el A.I.R.E.<\/strong>) el certificado de atribuci\u00f3n del C\u00f3digo Fiscal a trav\u00e9s del Portal <a href=\"https:\/\/serviziconsolari.esteri.it\/ScoFE\/index.sco\" target=\"_blank\" rel=\"noopener\"><strong>Fast It<\/strong><\/a>.<\/p>\n<p style=\"text-align: justify;\"><strong><em>\u00bfComo?<\/em><\/strong><\/p>\n<ol style=\"text-align: justify;\">\n<li>Acceder al Portal <a href=\"https:\/\/serviziconsolari.esteri.it\/ScoFE\/index.sco\" target=\"_blank\" rel=\"noopener\"><strong>Fast It<\/strong><\/a>;<\/li>\n<li>Hacer clic en \u201cRegistro Consular y AIRE\u201d y luego en <strong>\u201cAsignaci\u00f3n de C\u00f3digo Fiscal\u201d<\/strong>;<\/li>\n<li>Confirmar los datos e iniciar la solicitud;<\/li>\n<li>Descargue usted mismo (download) el certificado de atribuci\u00f3n del C\u00f3digo Fiscal.<\/li>\n<\/ol>\n<p style=\"text-align: justify;\"><strong><em>Si no puede descargar el certificado de atribuci\u00f3n del C\u00f3digo Fiscal:<\/em><\/strong><\/p>\n<ol style=\"text-align: justify;\">\n<li>Registrarse en el portal <a href=\"https:\/\/serviziconsolari.esteri.it\/ScoFE\/index.sco\" target=\"_blank\" rel=\"noopener\"><strong>Fast It<\/strong><\/a>, o iniciar sesi\u00f3n si ya tiene una cuenta activa;<\/li>\n<li>Solicitar la \u201cAsociaci\u00f3n en L\u00ednea\u201d haciendo clic en \u201cRegistro Consular y AIRE\u201d y luego en \u201c<strong>Visualizar su ficha de datos personales<\/strong>\u201d;<\/li>\n<li>Luego recibir\u00e1 el mensaje de asociaci\u00f3n exitosa en su bandeja de entrada;<\/li>\n<li>Inicie sesi\u00f3n nuevamente en el portal y descargue el certificado.<\/li>\n<\/ol>\n<p style=\"text-align: justify;\">Los <strong>ciudadanos italianos mayores de edad e inscritos en el A.I.R.E.<\/strong>, quienes ya hayan obtenido el C\u00f3digo Fiscal podr\u00e1n <strong>descargar directamente el certificado de atestaci\u00f3n del C\u00f3digo Fiscal<\/strong> a trav\u00e9s del portal <a href=\"https:\/\/serviziconsolari.esteri.it\/ScoFE\/index.sco\" target=\"_blank\" rel=\"noopener\"><strong>Fast It<\/strong><\/a> accediendo al servicio correspondiente y siguiendo las instrucciones facilitadas para solicitar el C\u00f3digo Fiscal. En este caso no ser\u00e1 necesaria la intervenci\u00f3n del Consulado para expedir el certificado.<\/p>\n<p style=\"text-align: justify;\">En caso de <strong>p\u00e9rdida o destrucci\u00f3n del certificado de atribuci\u00f3n en papel<\/strong>, se podr\u00e1 solicitar un duplicado utilizando las mismas modalidades de la atribuci\u00f3n.<\/p>\n<p style=\"text-align: center;\"><strong><u>CIUDADANOS EXTRANJEROS NO RESIDENTES EN ITALIA<\/u><\/strong><\/p>\n<p style=\"text-align: justify;\"><strong><u>Los ciudadanos extranjeros NO residentes en Italia<\/u><\/strong>, si se encuentran en territorio italiano, pueden solicitar el C\u00f3digo Fiscal directamente en las oficinas de la Agencia Tributaria <em>(Agenzia delle Entrate), <\/em>o pueden\u00a0<strong>delegar desde el extranjero, tramite un poder, <\/strong>una persona para presentar el formulario de solicitud del C\u00f3digo Fiscal directamente en las oficinas de la Agencia Tributaria <em>(Agenzia delle Entrate) <\/em>distribuidas en toda Italia, de conformidad con el art. 1 del D. M. de aplicaci\u00f3n de la ley de 17 de mayo de 2001, n. 281.<\/p>\n<p style=\"text-align: justify;\">Las direcciones de las oficinas de la Agencia Tributaria <em>(Agenzia delle Entrate) <\/em>se pueden encontrar en el sitio web <a href=\"http:\/\/www.agenziaentrate.it\" target=\"_blank\" rel=\"noopener\"><strong>www.agenziaentrate.it<\/strong><\/a> .<\/p>\n<p style=\"text-align: justify;\"><strong>El ciudadano extranjero<\/strong> <strong>residente en la Circunscripci\u00f3n Consular de esta Embajada<\/strong> <strong>podr\u00e1 solicitar el C\u00f3digo Fiscal a la Oficina Consular<\/strong> solamente si el C\u00f3digo Fiscal es necesario para procedimientos a ser efectuados online y\/o para los cuales el ciudadano extranjero est\u00e1 en la imposibilidad de delegar un encargado para efectuar la solicitud a la Agencia Tributaria <em>(Agenzia delle Entrate) <\/em>en Italia. Ademas, <strong>el C\u00f3digo Fiscal puede ser solicitado en esta Sede Consular por los extranjeros interesados a invertir en Italia<\/strong>. Exclusivamente en los citados casos la solicitud deber\u00e1 ser enviada a la Oficina Consular, v\u00eda Courier, a:<\/p>\n<p style=\"text-align: justify;\"><strong>C\u00d3DIGO FISCAL<\/strong><br \/>\n<strong>OFICINA CONSULAR<\/strong><br \/>\n<strong>EMBAJADA DE ITALIA<\/strong><br \/>\n<strong>CALLE LA ISLA N26-25 Y H. ALBORNOZ<\/strong><br \/>\n<strong>170521 \u2013 QUITO (ECUADOR)<\/strong><\/p>\n<p style=\"text-align: justify;\"><strong>anexando la siguiente documentaci\u00f3n:<\/strong><\/p>\n<ul style=\"text-align: justify;\">\n<li><a href=\"https:\/\/ambquito.esteri.it\/wp-content\/uploads\/2024\/07\/modello-editabile-AA4_8_AA4-8-ita-7.pdf\" target=\"_blank\" rel=\"noopener\"><strong>Formulario de solicitud de C\u00f3digo Fiscal<\/strong><\/a> (debidamente completado);<\/li>\n<li>Fotocopia a color de un documento de identidad (Pasaporte o C\u00e9dula de Identidad);<\/li>\n<li><strong>La solicitud debe estar debidamente motivada y documentada<\/strong>;<\/li>\n<li><strong>El tramite es gratuito<\/strong>;<\/li>\n<li>Los interesados ser\u00e1n contactados v\u00eda correo electr\u00f3nico para la entrega del documento de atribuci\u00f3n del C\u00f3digo Fiscal.<\/li>\n<\/ul>\n<p style=\"text-align: justify;\">Los <span style=\"text-decoration: underline;\"><strong>estudiantes extra UE<\/strong><\/span> pueden obtener el C\u00f3digo Fiscal en la Jefatura de Polic\u00eda <em>(Questura)<\/em> al momento de solicitar el permiso de estad\u00eda, asi como indicado en el sito WEB de la Agencia Tributaria <em>(Agenzia delle Entrate)<\/em> al\u00a0 siguiente enlace: <a href=\"https:\/\/www.agenziaentrate.gov.it\/portale\/mini-guida-codice-fiscale-per-stranieri\"><em><strong>L&#8217;Agenzia &#8211; Mini guida codice fiscale per stranieri &#8211; Agenzia delle Entrate\u00a0<\/strong><\/em><\/a><\/p>\n<p style=\"text-align: justify;\">A <strong><u>los ciudadanos de pa\u00edses NO pertenecientes a la UE que deseen permanecer en Italia<\/u><\/strong> se les asigna el C\u00f3digo Fiscal de las siguientes maneras:<br \/>\n&#8211; en la Ventanilla \u00danica de Inmigraci\u00f3n (<em>Sportello Unico dell\u2019Immigrazione<\/em>), presente en cada <em>Prefettura,<\/em> encargada de expedir los permisos de entrada a los ciudadanos extranjeros que solicitan un permiso de estad\u00eda por trabajo o por reunificaci\u00f3n familiar;<br \/>\n&#8211; en la Jefatura de Polic\u00eda <em>(Questura)<\/em>, para los ciudadanos extranjeros que soliciten otro tipo de permisos de estad\u00eda.<\/p>\n<p style=\"text-align: justify;\">El <strong><u>ciudadano extranjero<\/u><\/strong> que necesite el C\u00f3digo Fiscal <strong><u>para iniciar un procedimiento judicial en Italia<\/u><\/strong> puede incluir, entre las facultades atribuidas al abogado a quien le encomiende la tarea, tambi\u00e9n aquella de solicitar el C\u00f3digo Fiscal en cualquier oficina de la Agencia Tributaria <em>(Agenzia delle Entrate)<\/em>; las direcciones de las oficinas de la Agencia Tributaria <em>(Agenzia delle Entrate) <\/em>se pueden encontrar en el sitio web <a href=\"http:\/\/www.agenziaentrate.it\" target=\"_blank\" rel=\"noopener\"><strong>www.agenziaentrate.it<\/strong><\/a> .<\/p>\n<p>&nbsp;<\/p>\n","protected":false},"excerpt":{"rendered":"El C\u00f3digo Fiscal es el c\u00f3digo alfanum\u00e9rico emitido en Italia por la Agencia Tributaria (Agenzia delle Entrate) (www.agenziaentrate.it) para identificar al ciudadano (italiano o extranjero) en las relaciones con las administraciones p\u00fablicas, particulares y las entidades, italianas. Para las personas f\u00edsicas, el C\u00f3digo Fiscal se determina en base a los datos personales. Cualquier obligaci\u00f3n administrativa [&hellip;]","protected":false},"author":1,"featured_media":0,"parent":152,"menu_order":3,"comment_status":"closed","ping_status":"closed","template":"","meta":{"footnotes":""},"class_list":["post-162","page","type-page","status-publish","hentry"],"_links":{"self":[{"href":"https:\/\/ambquito.esteri.it\/es\/wp-json\/wp\/v2\/pages\/162","targetHints":{"allow":["GET"]}}],"collection":[{"href":"https:\/\/ambquito.esteri.it\/es\/wp-json\/wp\/v2\/pages"}],"about":[{"href":"https:\/\/ambquito.esteri.it\/es\/wp-json\/wp\/v2\/types\/page"}],"author":[{"embeddable":true,"href":"https:\/\/ambquito.esteri.it\/es\/wp-json\/wp\/v2\/users\/1"}],"replies":[{"embeddable":true,"href":"https:\/\/ambquito.esteri.it\/es\/wp-json\/wp\/v2\/comments?post=162"}],"version-history":[{"count":10,"href":"https:\/\/ambquito.esteri.it\/es\/wp-json\/wp\/v2\/pages\/162\/revisions"}],"predecessor-version":[{"id":6984,"href":"https:\/\/ambquito.esteri.it\/es\/wp-json\/wp\/v2\/pages\/162\/revisions\/6984"}],"up":[{"embeddable":true,"href":"https:\/\/ambquito.esteri.it\/es\/wp-json\/wp\/v2\/pages\/152"}],"wp:attachment":[{"href":"https:\/\/ambquito.esteri.it\/es\/wp-json\/wp\/v2\/media?parent=162"}],"curies":[{"name":"wp","href":"https:\/\/api.w.org\/{rel}","templated":true}]}}