{"id":161,"date":"2023-04-11T18:20:09","date_gmt":"2023-04-11T23:20:09","guid":{"rendered":"https:\/\/ambquito.esteri.it\/servizi-consolari-e-visti\/servizi-per-il-cittadino-italiano\/autoveicoli-e-patenti-di-guida\/"},"modified":"2025-01-07T09:52:00","modified_gmt":"2025-01-07T14:52:00","slug":"autoveicoli-e-patenti-di-guida","status":"publish","type":"page","link":"https:\/\/ambquito.esteri.it\/es\/servizi-consolari-e-visti\/servizi-per-il-cittadino-italiano\/autoveicoli-e-patenti-di-guida\/","title":{"rendered":"Licencias de Conducir"},"content":{"rendered":"<p style=\"text-align: center;\"><strong>CERTIFICADO DE RENOVACI\u00d3N DE LA LICENCIA DE CONDUCIR ITALIANA<\/strong><\/p>\n<p style=\"text-align: justify;\">La solicitud de renovaci\u00f3n de la licencia de conducir italiana puede ser presentada <strong>por los ciudadanos italianos residentes en Ecuador y registrados al A.I.R.E.* (<em>Registro de los Italianos Residente en el Extranjero<\/em>), por los ciudadanos italianos domiciliados en Ecuador desde por lo menos 6 (seis) meses y por los ciudadanos extranjeros establemente residentes en Ecuador.<\/strong><\/p>\n<p style=\"text-align: justify;\"><strong>*Si su direcci\u00f3n de residencia no se encuentra actualizada, deber\u00e1n actualizarla siguiendo las instrucciones presentes en la p\u00e1gina WEB de la Embajada:<\/strong><br \/>\n<a href=\"https:\/\/ambquito.esteri.it\/es\/servizi-consolari-e-visti\/servizi-per-il-cittadino-italiano\/registro-civil-a-i-r-e\/\" target=\"_blank\" rel=\"noopener\"><strong>https:\/\/ambquito.esteri.it\/es\/servizi-consolari-e-visti\/servizi-per-il-cittadino-italiano\/registro-civil-a-i-r-e\/<\/strong><\/a><\/p>\n<p style=\"text-align: justify;\">Para obtener la confirmaci\u00f3n de la validez de la licencia de conducir italiana, la misma debe ser caducada desde hace <strong>no m\u00e1s de 5 a\u00f1os <\/strong>y no debe ser incluida dentro de los casos previstos por el Art. 119, p\u00e1rrafos 2-bis y 4 del C\u00f3digo de Circulaci\u00f3n (licencias de conductores que padezcan diabetes o cuya aptitud psicofisica deba ser certificada por comisiones m\u00e9dicas especiales).<\/p>\n<p style=\"text-align: justify;\">Las licencias de categor\u00eda A y B se renuevan por un per\u00edodo de 10 (diez) a\u00f1os si los titulares son menores de 50 a\u00f1os, por 5 (cinco) a\u00f1os si los titulares son mayores de 50 a\u00f1os y por 3 a\u00f1os para quienes hayan cumplido los 70 (setenta) a\u00f1os de edad.<\/p>\n<p style=\"text-align: justify;\"><strong>Para reservar una cita acceder al portal<\/strong> <a href=\"https:\/\/prenotami.esteri.it\/\" target=\"_blank\" rel=\"noopener\"><strong>Prenot@mi<\/strong><\/a><\/p>\n<p><strong>REQUISITOS:<\/strong><\/p>\n<p><strong>1<\/strong> &#8211; Certificado m\u00e9dico otorgado por el m\u00e9dico de confianza de la Embajada:<\/p>\n<p><strong>Dr. Michele UGAZZI<\/strong><br \/>\n<em>Centro Materno Infantil<\/em><br \/>\nHumboldt N 31-117 y Coru\u00f1a, QUITO<br \/>\nTel. 2551-262 \/ 2554-118 \/ 2903-348, Cel. +593 999733500<br \/>\nEmail: <a href=\"mailto:mugazzib@gmail.com\" target=\"_blank\" rel=\"noopener\"><strong>mugazzib@gmail.com<\/strong><\/a><\/p>\n<p><strong>2<\/strong> \u2013 una fotograf\u00eda que ser\u00e1 aplicada al citado Certificado, la cual tiene que ser\u00e1 refrendada por el m\u00e9dico;<\/p>\n<p><strong>3<\/strong> \u2013 licencia de conducir italiana en original y copia a color en formato A4;<\/p>\n<p><strong>4<\/strong> \u2013 copia a color del pasaporto (solo p\u00e1ginas con foto, datos y firma del titular);<\/p>\n<p><strong>5<\/strong> \u2013 recibo original del dep\u00f3sito efectuado en el Banco Pichincha de la tarifa consular vigente: <strong>A<\/strong><strong>rt<\/strong><strong>. 66D<\/strong>, consultable al siguiente link:<br \/>\n<strong><a href=\"https:\/\/ambquito.esteri.it\/es\/servizi-consolari-e-visti\/servizi-per-il-cittadino-italiano\/tarifas-consulares-of\/\" target=\"_blank\" rel=\"noopener\">https:\/\/ambquito.esteri.it\/es\/servizi-consolari-e-visti\/servizi-per-il-cittadino-italiano\/tarifas-consulares-of\/<\/a> <\/strong><\/p>\n<p><strong>SE RECUERDA QUE:<\/strong><\/p>\n<p style=\"text-align: justify;\">\u2013 aquellos que renueven su licencia de conducir italiana en una Oficina Consular en un pa\u00eds NO perteneciente a la Uni\u00f3n Europea tienen la obligaci\u00f3n, dentro de los 6 (seis) meses posteriores a la adquisici\u00f3n de su residencia en Italia, de renovar la licencia seg\u00fan el procedimiento ordinario previsto en el p\u00e1rrafo 8 del Art. 126 del C\u00f3digo de Circulaci\u00f3n, incluso si la renovaci\u00f3n realizada en el Consulado italiano sigue siendo v\u00e1lida;<\/p>\n<p style=\"text-align: justify;\">\u2013 ser\u00e1 necesario guardar siempre el certificado de renovaci\u00f3n junto con el permiso de conducir y, en particular, mostrarlo para efectuar la visita m\u00e9dica para la confirmaci\u00f3n de la validez en Italia, a fin de probar, al m\u00e9dico examinador, la renovaci\u00f3n en el extranjero y, por lo tanto, demostrar la ausencia de per\u00edodos de no conducci\u00f3n.<\/p>\n<p><a href=\"https:\/\/www.esteri.it\/it\/servizi-consolari-e-visti\/italiani-all-estero\/autoveicoli_e_patenti\/patenteguida\/\" target=\"_blank\" rel=\"noopener\"><strong><em>Informaci\u00f3n general<\/em><\/strong><\/a> (<em>disponible en italiano e ingl\u00e9s<\/em>)<\/p>\n<p style=\"text-align: justify;\">\n","protected":false},"excerpt":{"rendered":"CERTIFICADO DE RENOVACI\u00d3N DE LA LICENCIA DE CONDUCIR ITALIANA La solicitud de renovaci\u00f3n de la licencia de conducir italiana puede ser presentada por los ciudadanos italianos residentes en Ecuador y registrados al A.I.R.E.* (Registro de los Italianos Residente en el Extranjero), por los ciudadanos italianos domiciliados en Ecuador desde por lo menos 6 (seis) meses [&hellip;]","protected":false},"author":1,"featured_media":0,"parent":152,"menu_order":7,"comment_status":"closed","ping_status":"closed","template":"","meta":{"footnotes":""},"class_list":["post-161","page","type-page","status-publish","hentry"],"_links":{"self":[{"href":"https:\/\/ambquito.esteri.it\/es\/wp-json\/wp\/v2\/pages\/161","targetHints":{"allow":["GET"]}}],"collection":[{"href":"https:\/\/ambquito.esteri.it\/es\/wp-json\/wp\/v2\/pages"}],"about":[{"href":"https:\/\/ambquito.esteri.it\/es\/wp-json\/wp\/v2\/types\/page"}],"author":[{"embeddable":true,"href":"https:\/\/ambquito.esteri.it\/es\/wp-json\/wp\/v2\/users\/1"}],"replies":[{"embeddable":true,"href":"https:\/\/ambquito.esteri.it\/es\/wp-json\/wp\/v2\/comments?post=161"}],"version-history":[{"count":6,"href":"https:\/\/ambquito.esteri.it\/es\/wp-json\/wp\/v2\/pages\/161\/revisions"}],"predecessor-version":[{"id":4856,"href":"https:\/\/ambquito.esteri.it\/es\/wp-json\/wp\/v2\/pages\/161\/revisions\/4856"}],"up":[{"embeddable":true,"href":"https:\/\/ambquito.esteri.it\/es\/wp-json\/wp\/v2\/pages\/152"}],"wp:attachment":[{"href":"https:\/\/ambquito.esteri.it\/es\/wp-json\/wp\/v2\/media?parent=161"}],"curies":[{"name":"wp","href":"https:\/\/api.w.org\/{rel}","templated":true}]}}