{"id":160,"date":"2023-04-11T18:19:34","date_gmt":"2023-04-11T23:19:34","guid":{"rendered":"https:\/\/ambquito.esteri.it\/servizi-consolari-e-visti\/servizi-per-il-cittadino-italiano\/pensioni-e-sicurezza-sociale\/"},"modified":"2026-03-23T16:36:07","modified_gmt":"2026-03-23T21:36:07","slug":"pensioni-e-sicurezza-sociale","status":"publish","type":"page","link":"https:\/\/ambquito.esteri.it\/es\/servizi-consolari-e-visti\/servizi-per-il-cittadino-italiano\/pensioni-e-sicurezza-sociale\/","title":{"rendered":"Jubilaciones"},"content":{"rendered":"<p style=\"text-align: center;\"><span style=\"text-decoration: underline;\"><strong>PENSIONES INPS \u2013 CAMPA\u00d1A DE EVALUACI\u00d3N DE VIDA 2026<\/strong><\/span><\/p>\n<p style=\"text-align: justify;\">El INPS ha comunicado las modalidades y tiempos de realizaci\u00f3n del proceso de verificaci\u00f3n de vida, con referencia a los a\u00f1os <strong><u>2026<\/u><\/strong>, que afectar\u00e1 a todos los beneficiarios de jubilaciones INPS en <strong>Ecuador<\/strong>.<\/p>\n<p style=\"text-align: justify;\">CITIBANK enviar\u00e1 las solicitudes de certificaci\u00f3n de existencia en vida a partir del <strong>20 de marzo de 2026 <\/strong>y los pensionados deber\u00e1n hacer llegar las certificaciones hasta el <span style=\"color: #ff0000;\"><strong>18 de julio de 2026<\/strong><\/span>. En caso de que no se produzca la certificaci\u00f3n, el pago de la cuota de <strong>agosto<\/strong> <strong>de 2026 <\/strong>se realizar\u00e1 en efectivo, cuando sea posible, en las agencias de Western Uni\u00f3n presentes en Ecuador. En caso de no cobrar la cuota personalmente o de no presentar el certificado de existencia en vida hasta el <strong>19 de agosto de 2026<\/strong>, se suspender\u00e1 el pago de las pensiones a partir de la cuota del mes de <strong>septiembre de 2026<\/strong>.<\/p>\n<p style=\"text-align: justify;\">Les recomendamos leer atentamente toda la comunicaci\u00f3n del INPS (<strong>disponible solo en idioma italiano<\/strong>), que describe en detalle todo el procedimiento de evaluaci\u00f3n <a href=\"https:\/\/ambquito.esteri.it\/wp-content\/uploads\/2026\/03\/16492_Messaggio-numero-3863-del-19-12-2025.pdf\" target=\"_blank\" rel=\"noopener\"><strong>(Mensaje INPS n. 3863 del 19\/12\/2025)<\/strong><\/a>.<\/p>\n<p style=\"text-align: center;\"><span style=\"text-decoration: underline;\"><strong>CERTIFICACI\u00d3N DE EXISTENCIA EN VIDA EN LINEA<\/strong><\/span><\/p>\n<p style=\"text-align: justify;\">Se informa que la Oficina Consular de la Embajada de Italia en Quito <strong>se encuentra habilitada para la certificaci\u00f3n en linea de la existencia en vida al CITIBANK de los jubilados<\/strong>, por lo tanto, no ser\u00e1 necesario enviar al CITIBANK el m\u00f3dulo en forma f\u00edsica a trav\u00e9s del servicio postal o tr\u00e1mite Courier. <strong>El tr\u00e1mite es gratuito.<\/strong><\/p>\n<p style=\"text-align: justify;\">Para facilitar a los connacionales, en acuerdo con el INPS y el CITIBANK, se acord\u00f3 implementar la verificaci\u00f3n de existencia en vida a trav\u00e9s del servicio de video llamada de la siguiente forma:<\/p>\n<p style=\"text-align: justify;\"><strong>1)<\/strong> el connacional recibe del CITIBANK (<a href=\"http:\/\/www.inps.citi.com\" target=\"_blank\" rel=\"noopener\"><strong>www.inps.citi.com<\/strong><\/a>) el formulario de solicitud de certificaci\u00f3n de existencia en vida el cual contiene sus datos y en donde colocar\u00e1 su firma y la fecha de suscripci\u00f3n;<\/p>\n<p style=\"text-align: justify;\"><strong>2)<\/strong> env\u00eda la copia digital de dicho formulario y de un documento de identidad v\u00e1lido a la Oficina Consular a trav\u00e9s del correo electr\u00f3nico (<a href=\"mailto:consolare.quito@esteri.it\" target=\"_blank\" rel=\"noopener\"><strong>consolare.quito@esteri.it<\/strong><\/a>), quien le contactar\u00e1 para establecer la fecha y la hora de una video llamada v\u00eda <strong>WhatsApp<\/strong>, con la finalidad de verificar la existencia en vida y la correcta correspondencia de los datos en el formulario, previamente enviados a la Oficina Consular v\u00eda correo electr\u00f3nico, con aquellos de su documento de identificaci\u00f3n original que el usuario tendr\u00e1 que exhibir durante la video llamada;<\/p>\n<p style=\"text-align: justify;\"><strong>3)<\/strong> el funcionario consular habilitado al servicio on-line del CITIBANK certifica la existencia en vida v\u00eda WEB y enviar\u00e1 al usuario el recibo espec\u00edfico de la transmisi\u00f3n en l\u00ednea.<\/p>\n<p style=\"text-align: justify;\">Toda la informaci\u00f3n necesaria se encuentra disponible en el sitio web <strong><a href=\"https:\/\/www.citibank.com\/tts\/sa\/inps\/index.html\" target=\"_blank\" rel=\"noopener\">www.inps.citi.com <\/a><\/strong>\u00a0y los tel\u00e9fonos y direcciones de correo electr\u00f3nico dedicados a la asistencia a los usuarios, que pueden ser contactados directamente por los interesados.<\/p>\n<p style=\"text-align: center;\"><span style=\"text-decoration: underline;\"><strong>TR\u00c1MITES DE PENSI\u00d3N<\/strong><\/span><\/p>\n<p style=\"text-align: justify;\">Los tr\u00e1mites de pensi\u00f3n se pueden realizar contactando directamente el INPS: <a href=\"https:\/\/www.inps.it\/it\/it\/sedi-e-contatti.html\" target=\"_blank\" rel=\"noopener\"><strong>Portale INPS &#8211; Sedi e Contatti<\/strong><\/a><\/p>\n<p>&nbsp;<\/p>\n<p style=\"text-align: justify;\"><a href=\"https:\/\/www.esteri.it\/it\/servizi-consolari-e-visti\/italiani-all-estero\/sicurezzasociale\/\" target=\"_blank\" rel=\"noopener\"><em><strong>INFORMACI\u00d3N GENERAL (disponibles solo en idioma italiano y ingles)<\/strong><\/em><\/a><\/p>\n","protected":false},"excerpt":{"rendered":"PENSIONES INPS \u2013 CAMPA\u00d1A DE EVALUACI\u00d3N DE VIDA 2026 El INPS ha comunicado las modalidades y tiempos de realizaci\u00f3n del proceso de verificaci\u00f3n de vida, con referencia a los a\u00f1os 2026, que afectar\u00e1 a todos los beneficiarios de jubilaciones INPS en Ecuador. CITIBANK enviar\u00e1 las solicitudes de certificaci\u00f3n de existencia en vida a partir del [&hellip;]","protected":false},"author":1,"featured_media":0,"parent":152,"menu_order":8,"comment_status":"closed","ping_status":"closed","template":"","meta":{"footnotes":""},"class_list":["post-160","page","type-page","status-publish","hentry"],"_links":{"self":[{"href":"https:\/\/ambquito.esteri.it\/es\/wp-json\/wp\/v2\/pages\/160","targetHints":{"allow":["GET"]}}],"collection":[{"href":"https:\/\/ambquito.esteri.it\/es\/wp-json\/wp\/v2\/pages"}],"about":[{"href":"https:\/\/ambquito.esteri.it\/es\/wp-json\/wp\/v2\/types\/page"}],"author":[{"embeddable":true,"href":"https:\/\/ambquito.esteri.it\/es\/wp-json\/wp\/v2\/users\/1"}],"replies":[{"embeddable":true,"href":"https:\/\/ambquito.esteri.it\/es\/wp-json\/wp\/v2\/comments?post=160"}],"version-history":[{"count":7,"href":"https:\/\/ambquito.esteri.it\/es\/wp-json\/wp\/v2\/pages\/160\/revisions"}],"predecessor-version":[{"id":7258,"href":"https:\/\/ambquito.esteri.it\/es\/wp-json\/wp\/v2\/pages\/160\/revisions\/7258"}],"up":[{"embeddable":true,"href":"https:\/\/ambquito.esteri.it\/es\/wp-json\/wp\/v2\/pages\/152"}],"wp:attachment":[{"href":"https:\/\/ambquito.esteri.it\/es\/wp-json\/wp\/v2\/media?parent=160"}],"curies":[{"name":"wp","href":"https:\/\/api.w.org\/{rel}","templated":true}]}}