{"id":159,"date":"2023-04-11T18:19:45","date_gmt":"2023-04-11T23:19:45","guid":{"rendered":"https:\/\/ambquito.esteri.it\/servizi-consolari-e-visti\/servizi-per-il-cittadino-italiano\/traduzione-e-legalizzazione-dei-documenti\/"},"modified":"2024-01-02T15:51:37","modified_gmt":"2024-01-02T20:51:37","slug":"traduzione-e-legalizzazione-dei-documenti","status":"publish","type":"page","link":"https:\/\/ambquito.esteri.it\/es\/servizi-consolari-e-visti\/servizi-per-il-cittadino-italiano\/traduzione-e-legalizzazione-dei-documenti\/","title":{"rendered":"Traducci\u00f3n y Legalizaci\u00f3n de Documentos"},"content":{"rendered":"<p style=\"text-align: center;\"><strong>AVISO IMPORTANTE<\/strong><\/p>\n<p style=\"text-align: justify;\">Informamos a los usuarios que a partir del <strong>1\u00ba de septiembre<\/strong> <strong>de 2023<\/strong> la legalizaci\u00f3n de las traducciones realizadas por los <a href=\"https:\/\/ambquito.esteri.it\/es\/servizi-consolari-e-visti\/servizi-per-il-cittadino-italiano\/traduzione-e-legalizzazione-dei-documenti\/traductores-oficiales-de-referencia\/\" target=\"_blank\" rel=\"noopener\"><strong>Traductores Oficiales de referencia de esta Embajada <\/strong><\/a>deber\u00e1 realizarse exclusivamente mediante apostilla y no m\u00e1s en la Secci\u00f3n de Legalizaciones de esta Embajada (Convenci\u00f3n de La Haya de 1961).<\/p>\n<p style=\"text-align: justify;\">Por tanto, los usuarios, una vez obtenida la traducci\u00f3n del documento original, ya previamente apostillado, deber\u00e1n solicitar el reconocimiento de la firma del Traductor en las Notar\u00edas que les ser\u00e1n indicados por los citados. Posteriormente, deber\u00e1n obtener la apostilla de la traducci\u00f3n en el Ministerio de Relaciones Exteriores y Movilidad Humana del Ecuador, siguiendo las instrucciones que se pueden consultar en el siguiente enlace:<\/p>\n<p style=\"text-align: justify;\"><strong><a href=\"https:\/\/www.gob.ec\/mremh\/tramites\/apostilla-legalizacion-documentos\" target=\"_blank\" rel=\"noopener\">https:\/\/www.gob.ec\/mremh\/tramites\/apostilla-legalizacion-documentos<\/a>\u00a0<\/strong><\/p>\n<p style=\"text-align: justify;\">Se reitera que los documentos locales originales siempre deben ser apostillados antes de ser traducidos.<\/p>\n<p style=\"text-align: justify;\">Las traducciones de los documentos relativos al Estado Civil y a las Declaraciones de Valor, que luego ser\u00e1n presentados en las Oficinas de esta Embajada para tramitaci\u00f3n del respectivo expediente, seguir\u00e1n siendo legalizadas directamente por las citadas Oficinas.<\/p>\n<p style=\"text-align: justify;\"><strong>M\u00e1s informaciones: <a href=\"mailto:legalizzazioni.quito@esteri.it\" target=\"_blank\" rel=\"noopener\">legalizzazioni.quito@esteri.it<\/a>\u00a0<\/strong><\/p>\n<p style=\"text-align: justify;\"><a href=\"http:\/\/www.esteri.it\/mae\/it\/servizi\/italiani-all-estero\/traduzione-e-legalizzazione-documenti.html\" target=\"_blank\" rel=\"noopener\"><em><strong>Informaci\u00f3n general<\/strong><\/em><\/a>\u00a0 (disponible en italiano e ingl\u00e9s)<\/p>\n","protected":false},"excerpt":{"rendered":"AVISO IMPORTANTE Informamos a los usuarios que a partir del 1\u00ba de septiembre de 2023 la legalizaci\u00f3n de las traducciones realizadas por los Traductores Oficiales de referencia de esta Embajada deber\u00e1 realizarse exclusivamente mediante apostilla y no m\u00e1s en la Secci\u00f3n de Legalizaciones de esta Embajada (Convenci\u00f3n de La Haya de 1961). Por tanto, los [&hellip;]","protected":false},"author":1,"featured_media":0,"parent":152,"menu_order":14,"comment_status":"closed","ping_status":"closed","template":"","meta":{"footnotes":""},"class_list":["post-159","page","type-page","status-publish","hentry"],"_links":{"self":[{"href":"https:\/\/ambquito.esteri.it\/es\/wp-json\/wp\/v2\/pages\/159","targetHints":{"allow":["GET"]}}],"collection":[{"href":"https:\/\/ambquito.esteri.it\/es\/wp-json\/wp\/v2\/pages"}],"about":[{"href":"https:\/\/ambquito.esteri.it\/es\/wp-json\/wp\/v2\/types\/page"}],"author":[{"embeddable":true,"href":"https:\/\/ambquito.esteri.it\/es\/wp-json\/wp\/v2\/users\/1"}],"replies":[{"embeddable":true,"href":"https:\/\/ambquito.esteri.it\/es\/wp-json\/wp\/v2\/comments?post=159"}],"version-history":[{"count":6,"href":"https:\/\/ambquito.esteri.it\/es\/wp-json\/wp\/v2\/pages\/159\/revisions"}],"predecessor-version":[{"id":1057,"href":"https:\/\/ambquito.esteri.it\/es\/wp-json\/wp\/v2\/pages\/159\/revisions\/1057"}],"up":[{"embeddable":true,"href":"https:\/\/ambquito.esteri.it\/es\/wp-json\/wp\/v2\/pages\/152"}],"wp:attachment":[{"href":"https:\/\/ambquito.esteri.it\/es\/wp-json\/wp\/v2\/media?parent=159"}],"curies":[{"name":"wp","href":"https:\/\/api.w.org\/{rel}","templated":true}]}}