{"id":158,"date":"2023-04-11T18:19:16","date_gmt":"2023-04-11T23:19:16","guid":{"rendered":"https:\/\/ambquito.esteri.it\/servizi-consolari-e-visti\/servizi-per-il-cittadino-italiano\/servizi-notarili\/"},"modified":"2024-10-21T10:03:00","modified_gmt":"2024-10-21T15:03:00","slug":"servizi-notarili","status":"publish","type":"page","link":"https:\/\/ambquito.esteri.it\/es\/servizi-consolari-e-visti\/servizi-per-il-cittadino-italiano\/servizi-notarili\/","title":{"rendered":"Servicios Notariales"},"content":{"rendered":"<p style=\"text-align: justify;\"><strong><a href=\"https:\/\/youtu.be\/Lxpjd42UyA8\" target=\"_blank\" rel=\"noopener\">V\u00eddeo Tutorial<\/a><\/strong><\/p>\n<p style=\"text-align: justify;\">Las funciones consulares en materia notarial pueden ser ejercitadas exclusivamente en favor de ciudadanos italianos y no a favor de ciudadanos extranjeros. En particular, en el caso de poderes emitidos por ciudadanos extranjeros, el Jefe de la Oficina Consular no podr\u00e1 ejercer competencias notariales.<\/p>\n<p style=\"text-align: justify;\"><strong>Poderes y otros tipos de documentos notariales pueden ser\u00a0efectuados:<\/strong><\/p>\n<ul style=\"text-align: justify;\">\n<li><strong>Ciudadanos italianos:<\/strong>\u00a0<strong>En la Oficina Consular<\/strong>, previa cita, solicitando al Abogado\/Notario italiano la trasmisi\u00f3n por correo electr\u00f3nico del texto del poder exclusivamente en formato <strong>Word<\/strong> junto con una copia a colores del pasaporte del mandante a la direcci\u00f3n <strong><a href=\"mailto:consolare.quito@esteri.it\">consolare.quito@esteri.it<\/a><\/strong>\u00a0El texto del poder deber\u00e1 ser enviado al menos tres d\u00edas laborales antes del d\u00eda de la cita.\u00a0El firmante deber\u00e1 comprender el idioma italiano <strong>suficientemente<\/strong> como para entender el texto del poder. Para conocer los costos de actos notariales puede acceder a\u00a0<a href=\"https:\/\/ambquito.esteri.it\/es\/servizi-consolari-e-visti\/servizi-per-il-cittadino-italiano\/tarifas-consulares-of\/\" target=\"_blank\" rel=\"noopener\"><strong>Tarifas Consulares<\/strong><\/a><em>\u00a0<\/em>\u2013 Art\u00edculo 18 (Poder Especial \/ Procura Speciale) o Articulos 17 + 25 (Poder General \/ Procura Generale).<\/li>\n<\/ul>\n<p style=\"text-align: justify;\">Para tomar una cita acceder a\u00a0<a href=\"https:\/\/ambquito.esteri.it\/es\/servizi-consolari-e-visti\/servizi-per-il-cittadino-italiano\/prenotmi-citas-para-servicios-consulares\/\" target=\"_blank\" rel=\"noopener\"><strong>Prenota OnLine<\/strong><\/a>\u00a0&#8211;\u00a0<strong>NOTARIAL<\/strong><\/p>\n<ul style=\"text-align: justify;\">\n<li><strong>Ciudadanos extranjeros:\u00a0En una Notar\u00eda local.<\/strong> Para tal fin deber\u00e1 ser entregada al Notario local la traducci\u00f3n al espa\u00f1ol del texto enviado al interesado por el propio Abogado\/Notaio italiano. El documento emitido por el Notario local deber\u00e1 sucesivamente ser apostillado por el Ministerio de Relaciones Exteriores y Movilidad Humana del Ecuador, y posteriormente traducido al italiano por uno de los <a href=\"https:\/\/ambquito.esteri.it\/es\/servizi-consolari-e-visti\/servizi-per-il-cittadino-italiano\/traduzione-e-legalizzazione-dei-documenti\/\" target=\"_blank\" rel=\"noopener\"><strong>Traductores de Referencia<\/strong><\/a> de esta Embajada; una vez obtenida la traducci\u00f3n del documento original, ya previamente apostillado, deber\u00e1n solicitar el reconocimiento de la firma del Traductor en las Notar\u00edas que les ser\u00e1n indicados por los citados. Posteriormente, deber\u00e1n obtener la apostilla de la traducci\u00f3n en el Ministerio de Relaciones Exteriores y Movilidad Humana del Ecuador, siguiendo las instrucciones que se pueden consultar en el siguiente enlace: <strong><a href=\"https:\/\/www.gob.ec\/mremh\/tramites\/apostilla-legalizacion-documentos\" target=\"_blank\" rel=\"noopener\">https:\/\/www.gob.ec\/mremh\/tramites\/apostilla-legalizacion-documentos<\/a>\u00a0<\/strong><\/li>\n<\/ul>\n<p style=\"text-align: justify;\"><strong>Reconocimiento de Firma<\/strong><\/p>\n<p style=\"text-align: justify;\">EL solicitante deber\u00e1 presentarse personalmente,\u00a0<strong>previa cita<\/strong>, con el documento original,\u00a0<strong>sin firma ni fecha<\/strong>, con original y copia de su documento de identidad (pasaporte o c\u00e9dula) y con el recibo de dep\u00f3sito del monto correspondiente (<a href=\"https:\/\/ambquito.esteri.it\/es\/servizi-consolari-e-visti\/servizi-per-il-cittadino-italiano\/tarifas-consulares-of\/\" target=\"_blank\" rel=\"noopener\"><strong>Tarifas Consulares<\/strong><\/a>\u00a0\u2013 Articolo 24).<\/p>\n<p style=\"text-align: justify;\">Para tomar una cita acceder a\u00a0<a href=\"https:\/\/ambquito.esteri.it\/es\/servizi-consolari-e-visti\/servizi-per-il-cittadino-italiano\/prenotmi-citas-para-servicios-consulares\/\" target=\"_blank\" rel=\"noopener\"><strong>Prenota OnLine<\/strong><\/a>\u00a0&#8211;\u00a0<strong>NOTARIAL<\/strong><\/p>\n<p><a href=\"https:\/\/www.esteri.it\/it\/servizi-consolari-e-visti\/italiani-all-estero\/attinotarili\/\" target=\"_blank\" rel=\"noopener\"><strong>Informaci\u00f3n general<\/strong><\/a><\/p>\n<p>&nbsp;<\/p>\n","protected":false},"excerpt":{"rendered":"V\u00eddeo Tutorial Las funciones consulares en materia notarial pueden ser ejercitadas exclusivamente en favor de ciudadanos italianos y no a favor de ciudadanos extranjeros. En particular, en el caso de poderes emitidos por ciudadanos extranjeros, el Jefe de la Oficina Consular no podr\u00e1 ejercer competencias notariales. Poderes y otros tipos de documentos notariales pueden ser\u00a0efectuados: [&hellip;]","protected":false},"author":1,"featured_media":0,"parent":152,"menu_order":11,"comment_status":"closed","ping_status":"closed","template":"","meta":{"footnotes":""},"class_list":["post-158","page","type-page","status-publish","hentry"],"_links":{"self":[{"href":"https:\/\/ambquito.esteri.it\/es\/wp-json\/wp\/v2\/pages\/158","targetHints":{"allow":["GET"]}}],"collection":[{"href":"https:\/\/ambquito.esteri.it\/es\/wp-json\/wp\/v2\/pages"}],"about":[{"href":"https:\/\/ambquito.esteri.it\/es\/wp-json\/wp\/v2\/types\/page"}],"author":[{"embeddable":true,"href":"https:\/\/ambquito.esteri.it\/es\/wp-json\/wp\/v2\/users\/1"}],"replies":[{"embeddable":true,"href":"https:\/\/ambquito.esteri.it\/es\/wp-json\/wp\/v2\/comments?post=158"}],"version-history":[{"count":7,"href":"https:\/\/ambquito.esteri.it\/es\/wp-json\/wp\/v2\/pages\/158\/revisions"}],"predecessor-version":[{"id":4151,"href":"https:\/\/ambquito.esteri.it\/es\/wp-json\/wp\/v2\/pages\/158\/revisions\/4151"}],"up":[{"embeddable":true,"href":"https:\/\/ambquito.esteri.it\/es\/wp-json\/wp\/v2\/pages\/152"}],"wp:attachment":[{"href":"https:\/\/ambquito.esteri.it\/es\/wp-json\/wp\/v2\/media?parent=158"}],"curies":[{"name":"wp","href":"https:\/\/api.w.org\/{rel}","templated":true}]}}