{"id":157,"date":"2023-04-11T18:18:56","date_gmt":"2023-04-11T23:18:56","guid":{"rendered":"https:\/\/ambquito.esteri.it\/servizi-consolari-e-visti\/servizi-per-il-cittadino-italiano\/servizi-elettorali\/"},"modified":"2024-10-30T10:41:36","modified_gmt":"2024-10-30T15:41:36","slug":"servizi-elettorali","status":"publish","type":"page","link":"https:\/\/ambquito.esteri.it\/es\/servizi-consolari-e-visti\/servizi-per-il-cittadino-italiano\/servizi-elettorali\/","title":{"rendered":"Servicios Electorales"},"content":{"rendered":"<p><span class=\"HwtZe\" lang=\"es\"><span class=\"jCAhz ChMk0b\"><span class=\"ryNqvb\">La Oficina Consular de la Embajada de Italia en Quito se encarga de la gesti\u00f3n de todos los eventos electorales nacionales (elecciones de la C\u00e1mara de Diputados y del Senado de la Rep\u00fablica, Referendum ex Art. 75 y 138 de la Constituci\u00f3n), en los que los electores residentes en la circunscripci\u00f3n est\u00e1n llamados a participar, as\u00ed como de las elecciones de los COMITES.<\/span><\/span><\/span><\/p>\n<p style=\"text-align: justify;\"><a href=\"https:\/\/www.esteri.it\/it\/servizi-consolari-e-visti\/italiani-all-estero\/votoestero\/\" target=\"_blank\" rel=\"noopener\"><strong>\u00a0Informaci\u00f3n general<\/strong><\/a> (<em>disponible en idioma Italiano e Ingles<\/em>)<em><br \/>\n<\/em><\/p>\n<p>&nbsp;<\/p>\n","protected":false},"excerpt":{"rendered":"La Oficina Consular de la Embajada de Italia en Quito se encarga de la gesti\u00f3n de todos los eventos electorales nacionales (elecciones de la C\u00e1mara de Diputados y del Senado de la Rep\u00fablica, Referendum ex Art. 75 y 138 de la Constituci\u00f3n), en los que los electores residentes en la circunscripci\u00f3n est\u00e1n llamados a participar, [&hellip;]","protected":false},"author":1,"featured_media":0,"parent":152,"menu_order":10,"comment_status":"closed","ping_status":"closed","template":"","meta":{"footnotes":""},"class_list":["post-157","page","type-page","status-publish","hentry"],"_links":{"self":[{"href":"https:\/\/ambquito.esteri.it\/es\/wp-json\/wp\/v2\/pages\/157","targetHints":{"allow":["GET"]}}],"collection":[{"href":"https:\/\/ambquito.esteri.it\/es\/wp-json\/wp\/v2\/pages"}],"about":[{"href":"https:\/\/ambquito.esteri.it\/es\/wp-json\/wp\/v2\/types\/page"}],"author":[{"embeddable":true,"href":"https:\/\/ambquito.esteri.it\/es\/wp-json\/wp\/v2\/users\/1"}],"replies":[{"embeddable":true,"href":"https:\/\/ambquito.esteri.it\/es\/wp-json\/wp\/v2\/comments?post=157"}],"version-history":[{"count":7,"href":"https:\/\/ambquito.esteri.it\/es\/wp-json\/wp\/v2\/pages\/157\/revisions"}],"predecessor-version":[{"id":4220,"href":"https:\/\/ambquito.esteri.it\/es\/wp-json\/wp\/v2\/pages\/157\/revisions\/4220"}],"up":[{"embeddable":true,"href":"https:\/\/ambquito.esteri.it\/es\/wp-json\/wp\/v2\/pages\/152"}],"wp:attachment":[{"href":"https:\/\/ambquito.esteri.it\/es\/wp-json\/wp\/v2\/media?parent=157"}],"curies":[{"name":"wp","href":"https:\/\/api.w.org\/{rel}","templated":true}]}}