{"id":156,"date":"2023-04-11T18:18:20","date_gmt":"2023-04-11T23:18:20","guid":{"rendered":"https:\/\/ambquito.esteri.it\/servizi-consolari-e-visti\/servizi-per-il-cittadino-italiano\/assistenza-ai-cittadini-allestero\/"},"modified":"2023-10-25T12:34:46","modified_gmt":"2023-10-25T17:34:46","slug":"assistenza-ai-cittadini-allestero","status":"publish","type":"page","link":"https:\/\/ambquito.esteri.it\/es\/servizi-consolari-e-visti\/servizi-per-il-cittadino-italiano\/assistenza-ai-cittadini-allestero\/","title":{"rendered":"Asistencia Consular"},"content":{"rendered":"<div class=\"sr-only\"><\/div>\n<div>\n<p><strong><a href=\"https:\/\/youtu.be\/7PpcfKVCqtE\" target=\"_blank\" rel=\"noopener\">Video tutorial<\/a><\/strong><\/p>\n<p><img loading=\"lazy\" decoding=\"async\" class=\"\" src=\"https:\/\/ambquito.esteri.it\/ambasciata_quito\/resource\/img\/2021\/03\/asistencia.jpg\" alt=\"asistencia\" width=\"702\" height=\"309\" \/><\/p>\n<p style=\"text-align: justify;\">Si usted se encuentra en una situaci\u00f3n dif\u00edcil mientras est\u00e1 en el extranjero, la oficina consular competente puede actuar en su favor<\/p>\n<p class=\"boxLevel04\"><a href=\"https:\/\/www.esteri.it\/it\/servizi-consolari-e-visti\/italiani-all-estero\/assistenzacittadiniestero\/\" target=\"_blank\" rel=\"noopener\"><em><strong>Informazioni generali<\/strong><\/em><\/a><\/p>\n<\/div>\n","protected":false},"excerpt":{"rendered":"Video tutorial Si usted se encuentra en una situaci\u00f3n dif\u00edcil mientras est\u00e1 en el extranjero, la oficina consular competente puede actuar en su favor Informazioni generali","protected":false},"author":1,"featured_media":0,"parent":152,"menu_order":2,"comment_status":"closed","ping_status":"closed","template":"","meta":{"footnotes":""},"class_list":["post-156","page","type-page","status-publish","hentry"],"_links":{"self":[{"href":"https:\/\/ambquito.esteri.it\/es\/wp-json\/wp\/v2\/pages\/156","targetHints":{"allow":["GET"]}}],"collection":[{"href":"https:\/\/ambquito.esteri.it\/es\/wp-json\/wp\/v2\/pages"}],"about":[{"href":"https:\/\/ambquito.esteri.it\/es\/wp-json\/wp\/v2\/types\/page"}],"author":[{"embeddable":true,"href":"https:\/\/ambquito.esteri.it\/es\/wp-json\/wp\/v2\/users\/1"}],"replies":[{"embeddable":true,"href":"https:\/\/ambquito.esteri.it\/es\/wp-json\/wp\/v2\/comments?post=156"}],"version-history":[{"count":7,"href":"https:\/\/ambquito.esteri.it\/es\/wp-json\/wp\/v2\/pages\/156\/revisions"}],"predecessor-version":[{"id":869,"href":"https:\/\/ambquito.esteri.it\/es\/wp-json\/wp\/v2\/pages\/156\/revisions\/869"}],"up":[{"embeddable":true,"href":"https:\/\/ambquito.esteri.it\/es\/wp-json\/wp\/v2\/pages\/152"}],"wp:attachment":[{"href":"https:\/\/ambquito.esteri.it\/es\/wp-json\/wp\/v2\/media?parent=156"}],"curies":[{"name":"wp","href":"https:\/\/api.w.org\/{rel}","templated":true}]}}