{"id":154,"date":"2023-04-11T18:17:44","date_gmt":"2023-04-11T23:17:44","guid":{"rendered":"https:\/\/ambquito.esteri.it\/servizi-consolari-e-visti\/servizi-per-il-cittadino-italiano\/emergency-travel-documents-etd\/"},"modified":"2025-12-10T10:38:54","modified_gmt":"2025-12-10T15:38:54","slug":"emergency-travel-documents-etd","status":"publish","type":"page","link":"https:\/\/ambquito.esteri.it\/es\/servizi-consolari-e-visti\/servizi-per-il-cittadino-italiano\/emergency-travel-documents-etd\/","title":{"rendered":"E.T.D. \u2013 Emergency Travel Document"},"content":{"rendered":"<p style=\"text-align: justify;\">Si usted se encuentra en Ecuador <strong>ocasionalmente<\/strong> (por ejemplo, como turista) y necesita salir con urgencia, pero ha perdido o le han robado su pasaporte, por lo que no tiene tiempo para solicitar la emisi\u00f3n de un nuevo documento, la Oficina Consular de la Embajada de Italia en Quito podr\u00e1 emitir un <strong>documento de viaje temporal (ETD\u2013Emergency Travel Document).<\/strong><\/p>\n<p style=\"text-align: justify;\">Este es un documento que permite <strong>un solo viaje de regreso en el pa\u00eds de residencia permanente (Italia o otro pa\u00eds). El documento <span style=\"text-decoration: underline;\">NO<\/span> permite viajar a los Estados Unidos de Am\u00e9rica-USA, ni realizar tr\u00e1nsitos y escalas en el pa\u00eds antes mencionado.<\/strong><\/p>\n<p style=\"text-align: justify;\">Para obtenerlo, el\/la interesado\/a deber\u00e1 comunicarse con la Oficina Consular de la Embajada de Italia en Quito v\u00eda correo electr\u00f3nico, <a href=\"mailto:consolare.quito@esteri.it\" target=\"_blank\" rel=\"noopener\"><strong>consolare.quito@esteri.it<\/strong><\/a> , enviando copia de la siguiente documentaci\u00f3n (en formato PDF), la cual deber\u00e1 ser presentada en original al momento de retirar el ETD:<\/p>\n<ul>\n<li style=\"list-style-type: none;\">\n<ol>\n<li>la <a href=\"https:\/\/ambquito.esteri.it\/wp-content\/uploads\/2025\/12\/Domanda-emissione-ETD-IT-EN-FR.docx\" target=\"_blank\" rel=\"noopener\"><strong>solicitud de emisi\u00f3n de ETD<\/strong><\/a>, debidamente llenada y firmada;<\/li>\n<li>la copia de su pasaporte (u otro documento de identidad italiano);<\/li>\n<li style=\"text-align: justify;\">la denuncia de deterioro\/robo\/p\u00e9rdida que deber\u00e1 ser presentada en la local FISCAL\u00cdA; tambi\u00e9n podr\u00e1 ser realizada por via telem\u00e1tica al siguiente enlace:<strong> <a href=\"https:\/\/www.fiscalia.gob.ec\/denuncias-en-linea-para-turistas\/\" target=\"_blank\" rel=\"noopener\">https:\/\/www.fiscalia.gob.ec\/denuncias-en-linea-para-turistas\/<\/a><\/strong> ;<\/li>\n<li>1 (una) fotograf\u00eda (frontal, a color sobre fondo blanco, formato 35 x 40 mm);<\/li>\n<li>copia del billete de viaje, <strong>el cual deber\u00e1 comenzar a m\u00e1s tardar a los 5 (cinco) d\u00edas de la emisi\u00f3n del documento ETD;<\/strong><\/li>\n<li>si el solicitante es menor de edad, <a href=\"https:\/\/ambquito.esteri.it\/wp-content\/uploads\/2024\/11\/Atto-di-assenso-al-rilascio-pasasporto.pdf\" target=\"_blank\" rel=\"noopener\"><strong>acta de consentimiento<\/strong><\/a><strong>\u00a0\u00a0<\/strong> firmada por los padres.<\/li>\n<\/ol>\n<\/li>\n<\/ul>\n<p style=\"text-align: justify;\"><span class=\"HwtZe\" lang=\"es\"><span class=\"jCAhz ChMk0b\"><span class=\"ryNqvb\">Una vez recibida v\u00eda correo electr\u00f3nico la citada documentaci\u00f3n, la Oficina Consular dar\u00e1 respuesta al interesado\/a comunic\u00e1ndole el d\u00eda y la hora de la cita para la expedici\u00f3n del ETD, la cual no podr\u00e1 tener lugar antes de los 5 (cinco) d\u00edas anteriores a la fecha de salida.<\/span><\/span><\/span><\/p>\n<p style=\"text-align: justify;\"><strong><u>ATENCI\u00d3N: Al llegar a su destino, el titular del ETD deber\u00e1 entregarlo<\/u><\/strong><u> a la polic\u00eda de fronteras o a otra comisar\u00eda<strong>, independientemente de su validez residual<\/strong>. Si viaja a un pa\u00eds distinto de Italia, <strong>deber\u00e1 devolverlo a la Oficina Consular competente por el lugar de destino.<\/strong><\/u><\/p>\n<p style=\"text-align: justify;\">Hay que tener en cuenta que en d\u00edas festivos esta modalidad de asistencia podr\u00eda quedar imposibilitada a causa del cierre de las Oficinas y postergarse -salvo situaciones de urgencia comprobada- al primer d\u00eda h\u00e1bil disponible. <strong>El Consulado Honorario en Guayaquil no est\u00e1 autorizado a emitir el ETD.<\/strong><\/p>\n<p style=\"text-align: justify;\">El ETD tambi\u00e9n puede expedirse <strong>a ciudadanos de pa\u00edses miembros de la Uni\u00f3n Europea<\/strong> previa adquisici\u00f3n de la <strong>autorizaci\u00f3n formal<\/strong> de la representaci\u00f3n diplom\u00e1tico-consular o del Ministerio de Asuntos Exteriores del pa\u00eds de origen del solicitante, as\u00ed como de la documentaci\u00f3n indicada anteriormente. La Oficina Consular de la Embajada de Italia en Quito, tras una distribuci\u00f3n realizada de acuerdo con las dem\u00e1s Representaciones diplom\u00e1tico-consulares de la Uni\u00f3n Europea presentes en Ecuador, expide el ETD para los ciudadanos UE de los siguientes pa\u00edses: <strong>Bulgaria, Eslovenia, Grecia y Ruman\u00eda<\/strong>.<\/p>\n<p style=\"text-align: justify;\"><strong>Recuerde guardar siempre una fotocopia de los documentos m\u00e1s importantes (pasaporte, c\u00e9dula de identidad, tarjeta de cr\u00e9dito) en un lugar distinto al que guarda los documentos originales para facilitar los tr\u00e1mites de asistencia en caso de robo o extrav\u00edo.<\/strong><\/p>\n<p><a href=\"https:\/\/www.esteri.it\/it\/servizi-consolari-e-visti\/italiani-all-estero\/documenti_di_viaggio\/etd\/\" target=\"_blank\" rel=\"noopener\"><strong><em>Informaci\u00f3n general<\/em><\/strong><\/a><strong><em>\u00a0 <\/em><\/strong><em>(disponible en idioma italiano e ingles)<\/em><\/p>\n","protected":false},"excerpt":{"rendered":"Si usted se encuentra en Ecuador ocasionalmente (por ejemplo, como turista) y necesita salir con urgencia, pero ha perdido o le han robado su pasaporte, por lo que no tiene tiempo para solicitar la emisi\u00f3n de un nuevo documento, la Oficina Consular de la Embajada de Italia en Quito podr\u00e1 emitir un documento de viaje [&hellip;]","protected":false},"author":1,"featured_media":0,"parent":152,"menu_order":4,"comment_status":"closed","ping_status":"closed","template":"","meta":{"footnotes":""},"class_list":["post-154","page","type-page","status-publish","hentry"],"_links":{"self":[{"href":"https:\/\/ambquito.esteri.it\/es\/wp-json\/wp\/v2\/pages\/154","targetHints":{"allow":["GET"]}}],"collection":[{"href":"https:\/\/ambquito.esteri.it\/es\/wp-json\/wp\/v2\/pages"}],"about":[{"href":"https:\/\/ambquito.esteri.it\/es\/wp-json\/wp\/v2\/types\/page"}],"author":[{"embeddable":true,"href":"https:\/\/ambquito.esteri.it\/es\/wp-json\/wp\/v2\/users\/1"}],"replies":[{"embeddable":true,"href":"https:\/\/ambquito.esteri.it\/es\/wp-json\/wp\/v2\/comments?post=154"}],"version-history":[{"count":7,"href":"https:\/\/ambquito.esteri.it\/es\/wp-json\/wp\/v2\/pages\/154\/revisions"}],"predecessor-version":[{"id":6500,"href":"https:\/\/ambquito.esteri.it\/es\/wp-json\/wp\/v2\/pages\/154\/revisions\/6500"}],"up":[{"embeddable":true,"href":"https:\/\/ambquito.esteri.it\/es\/wp-json\/wp\/v2\/pages\/152"}],"wp:attachment":[{"href":"https:\/\/ambquito.esteri.it\/es\/wp-json\/wp\/v2\/media?parent=154"}],"curies":[{"name":"wp","href":"https:\/\/api.w.org\/{rel}","templated":true}]}}