{"id":152,"date":"2023-04-11T18:12:24","date_gmt":"2023-04-11T23:12:24","guid":{"rendered":"https:\/\/ambquito.esteri.it\/servizi-per-il-cittadino-italiano\/"},"modified":"2024-11-12T15:02:33","modified_gmt":"2024-11-12T20:02:33","slug":"servizi-per-il-cittadino-italiano","status":"publish","type":"page","link":"https:\/\/ambquito.esteri.it\/es\/servizi-consolari-e-visti\/servizi-per-il-cittadino-italiano\/","title":{"rendered":"Servicios para el ciudadano italiano"},"content":{"rendered":"<p style=\"text-align: justify;\">Bienvenidos a la Secci\u00f3n dedicada a los Servicios Consulares de la Embajada de Italia en Quito (Ecuador).<\/p>\n<p style=\"text-align: justify;\">En la columna a su derecha podr\u00e1 consultar la informaci\u00f3n y los requisitos relativos a cada Servicio.<\/p>\n<p style=\"text-align: justify;\"><strong>Se encuentra tambi\u00e9n activo en nuestra p\u00e1gina WEB <\/strong><strong>el asistente virtual<\/strong> <a href=\"https:\/\/ambquito.esteri.it\/es\/news\/dall_ambasciata\/2024\/04\/se-encuentra-activo-en-nuestra-pagina-web-el-asistente-virtual-chatbot\/\">CHATBOT<\/a>.<\/p>\n<p style=\"text-align: justify;\">Se no encuentra una respuesta a su pregunta le pedimos formule su solicitud enviando un mensaje de correo electr\u00f3nico a la Oficina Consular: <strong><a href=\"mailto:consolare.quito@esteri.it\">consolare.quito@esteri.it<\/a> <\/strong><\/p>\n<p style=\"text-align: justify;\">La Oficina Consular no responder\u00e1 a los mensajes de correo electr\u00f3nico recibidos acerca de argumentos ya tratados en la presente Secci\u00f3n, en los v\u00eddeos tutoriales y en el CHATBOT.<\/p>\n<p style=\"text-align: justify;\"><strong><a href=\"https:\/\/ambquito.esteri.it\/wp-content\/uploads\/2023\/09\/quito_-_informativa_tdp_per_servizi_consolari_ex_visti_e_cittadinanza__all.3__rev._feb.2023.pdf\" target=\"_blank\" rel=\"noopener\">Informativa sul trattamento dei dati personali ai fini dell\u2019erogazione dei servizi consolari<\/a>, con esclusione del rilascio dei visti e delle pratiche di cittadinanza (Regolamento Generale sulla Protezione dei Dati (UE) 2016\/679, art. 13 e 14).<\/strong><\/p>\n","protected":false},"excerpt":{"rendered":"Bienvenidos a la Secci\u00f3n dedicada a los Servicios Consulares de la Embajada de Italia en Quito (Ecuador). En la columna a su derecha podr\u00e1 consultar la informaci\u00f3n y los requisitos relativos a cada Servicio. Se encuentra tambi\u00e9n activo en nuestra p\u00e1gina WEB el asistente virtual CHATBOT. Se no encuentra una respuesta a su pregunta le [&hellip;]","protected":false},"author":1,"featured_media":0,"parent":151,"menu_order":0,"comment_status":"closed","ping_status":"closed","template":"","meta":{"footnotes":""},"class_list":["post-152","page","type-page","status-publish","hentry"],"_links":{"self":[{"href":"https:\/\/ambquito.esteri.it\/es\/wp-json\/wp\/v2\/pages\/152","targetHints":{"allow":["GET"]}}],"collection":[{"href":"https:\/\/ambquito.esteri.it\/es\/wp-json\/wp\/v2\/pages"}],"about":[{"href":"https:\/\/ambquito.esteri.it\/es\/wp-json\/wp\/v2\/types\/page"}],"author":[{"embeddable":true,"href":"https:\/\/ambquito.esteri.it\/es\/wp-json\/wp\/v2\/users\/1"}],"replies":[{"embeddable":true,"href":"https:\/\/ambquito.esteri.it\/es\/wp-json\/wp\/v2\/comments?post=152"}],"version-history":[{"count":7,"href":"https:\/\/ambquito.esteri.it\/es\/wp-json\/wp\/v2\/pages\/152\/revisions"}],"predecessor-version":[{"id":4349,"href":"https:\/\/ambquito.esteri.it\/es\/wp-json\/wp\/v2\/pages\/152\/revisions\/4349"}],"up":[{"embeddable":true,"href":"https:\/\/ambquito.esteri.it\/es\/wp-json\/wp\/v2\/pages\/151"}],"wp:attachment":[{"href":"https:\/\/ambquito.esteri.it\/es\/wp-json\/wp\/v2\/media?parent=152"}],"curies":[{"name":"wp","href":"https:\/\/api.w.org\/{rel}","templated":true}]}}