{"id":150,"date":"2023-04-11T18:11:52","date_gmt":"2023-04-11T23:11:52","guid":{"rendered":"https:\/\/ambquito.esteri.it\/italia-ed-equador\/cooperazione-allo-sviluppo\/"},"modified":"2023-11-06T12:43:18","modified_gmt":"2023-11-06T17:43:18","slug":"cooperazione-allo-sviluppo","status":"publish","type":"page","link":"https:\/\/ambquito.esteri.it\/es\/italia-ed-ecuador\/cooperazione-allo-sviluppo\/","title":{"rendered":"Cooperaci\u00f3n para el desarrollo"},"content":{"rendered":"<p style=\"text-align: justify;\">Ecuador no figura m\u00e1s entre los pa\u00edses prioritarios de la <a href=\"http:\/\/www.aics.gov.it\/\">Cooperaci\u00f3n Italiana al Desarrollo<\/a>. Todav\u00eda subsiste desigualdad en la distribuci\u00f3n de la riqueza y de las estructuras de organizaci\u00f3n de tipo avanzado de los grandes centros urbanos se contraponen a\u00fan\u00a0a \u00e1reas de pobreza y subdesarrollo especialmente en las zonas rurales, en la Regi\u00f3n Amaz\u00f3nica y algunos sectores de la Sierra. Ecuador necesita a\u00fan el apoyo\u00a0por parte de la comunidad internacional,\u00a0activa en el pa\u00eds en m\u00faltiples sectores de intervenci\u00f3n pero que debe adem\u00e1s adaptar las propias l\u00edneas de acci\u00f3n tambi\u00e9n a las nuevas prioridades en tema de cooperaci\u00f3n internacional dictadas por la pol\u00edtica gubernamentel de \u00abcambio de la matriz productiva\u00bb.<\/p>\n","protected":false},"excerpt":{"rendered":"Ecuador no figura m\u00e1s entre los pa\u00edses prioritarios de la Cooperaci\u00f3n Italiana al Desarrollo. Todav\u00eda subsiste desigualdad en la distribuci\u00f3n de la riqueza y de las estructuras de organizaci\u00f3n de tipo avanzado de los grandes centros urbanos se contraponen a\u00fan\u00a0a \u00e1reas de pobreza y subdesarrollo especialmente en las zonas rurales, en la Regi\u00f3n Amaz\u00f3nica y [&hellip;]","protected":false},"author":1,"featured_media":0,"parent":144,"menu_order":6,"comment_status":"closed","ping_status":"closed","template":"","meta":{"footnotes":""},"class_list":["post-150","page","type-page","status-publish","hentry"],"_links":{"self":[{"href":"https:\/\/ambquito.esteri.it\/es\/wp-json\/wp\/v2\/pages\/150","targetHints":{"allow":["GET"]}}],"collection":[{"href":"https:\/\/ambquito.esteri.it\/es\/wp-json\/wp\/v2\/pages"}],"about":[{"href":"https:\/\/ambquito.esteri.it\/es\/wp-json\/wp\/v2\/types\/page"}],"author":[{"embeddable":true,"href":"https:\/\/ambquito.esteri.it\/es\/wp-json\/wp\/v2\/users\/1"}],"replies":[{"embeddable":true,"href":"https:\/\/ambquito.esteri.it\/es\/wp-json\/wp\/v2\/comments?post=150"}],"version-history":[{"count":5,"href":"https:\/\/ambquito.esteri.it\/es\/wp-json\/wp\/v2\/pages\/150\/revisions"}],"predecessor-version":[{"id":1136,"href":"https:\/\/ambquito.esteri.it\/es\/wp-json\/wp\/v2\/pages\/150\/revisions\/1136"}],"up":[{"embeddable":true,"href":"https:\/\/ambquito.esteri.it\/es\/wp-json\/wp\/v2\/pages\/144"}],"wp:attachment":[{"href":"https:\/\/ambquito.esteri.it\/es\/wp-json\/wp\/v2\/media?parent=150"}],"curies":[{"name":"wp","href":"https:\/\/api.w.org\/{rel}","templated":true}]}}