{"id":149,"date":"2023-04-11T18:10:55","date_gmt":"2023-04-11T23:10:55","guid":{"rendered":"https:\/\/ambquito.esteri.it\/italia-ed-equador\/diplomazia-scientifica\/"},"modified":"2023-11-06T15:01:21","modified_gmt":"2023-11-06T20:01:21","slug":"diplomazia-scientifica","status":"publish","type":"page","link":"https:\/\/ambquito.esteri.it\/es\/italia-ed-ecuador\/diplomazia-scientifica\/","title":{"rendered":"Diplomacia cient\u00edfica"},"content":{"rendered":"<p>Para obtener informaci\u00f3n sobre Diplomacia Cient\u00edfica<a href=\"https:\/\/innovitalia.esteri.it\/\" target=\"_blank\" rel=\"noopener\"><strong><em> haga clic aqu\u00ed<\/em><\/strong><\/a><\/p>\n","protected":false},"excerpt":{"rendered":"Para obtener informaci\u00f3n sobre Diplomacia Cient\u00edfica haga clic aqu\u00ed","protected":false},"author":1,"featured_media":0,"parent":144,"menu_order":4,"comment_status":"closed","ping_status":"closed","template":"","meta":{"footnotes":""},"class_list":["post-149","page","type-page","status-publish","hentry"],"_links":{"self":[{"href":"https:\/\/ambquito.esteri.it\/es\/wp-json\/wp\/v2\/pages\/149","targetHints":{"allow":["GET"]}}],"collection":[{"href":"https:\/\/ambquito.esteri.it\/es\/wp-json\/wp\/v2\/pages"}],"about":[{"href":"https:\/\/ambquito.esteri.it\/es\/wp-json\/wp\/v2\/types\/page"}],"author":[{"embeddable":true,"href":"https:\/\/ambquito.esteri.it\/es\/wp-json\/wp\/v2\/users\/1"}],"replies":[{"embeddable":true,"href":"https:\/\/ambquito.esteri.it\/es\/wp-json\/wp\/v2\/comments?post=149"}],"version-history":[{"count":2,"href":"https:\/\/ambquito.esteri.it\/es\/wp-json\/wp\/v2\/pages\/149\/revisions"}],"predecessor-version":[{"id":1163,"href":"https:\/\/ambquito.esteri.it\/es\/wp-json\/wp\/v2\/pages\/149\/revisions\/1163"}],"up":[{"embeddable":true,"href":"https:\/\/ambquito.esteri.it\/es\/wp-json\/wp\/v2\/pages\/144"}],"wp:attachment":[{"href":"https:\/\/ambquito.esteri.it\/es\/wp-json\/wp\/v2\/media?parent=149"}],"curies":[{"name":"wp","href":"https:\/\/api.w.org\/{rel}","templated":true}]}}