{"id":147,"date":"2023-04-11T18:24:38","date_gmt":"2023-04-11T23:24:38","guid":{"rendered":"https:\/\/ambquito.esteri.it\/italia-ed-equador\/diplomazia-culturale\/studiare-in-italia\/"},"modified":"2025-06-27T09:41:17","modified_gmt":"2025-06-27T14:41:17","slug":"studiare-in-italia","status":"publish","type":"page","link":"https:\/\/ambquito.esteri.it\/es\/italia-ed-ecuador\/diplomazia-culturale\/studiare-in-italia\/","title":{"rendered":"Estudios"},"content":{"rendered":"<h3>Alumni Farnesina<\/h3>\n<p>Para los estudiantes ecuatorianos beneficiarios de una beca ofrecida por el Ministerio de Asuntos Exteriores y de la Cooperaci\u00f2n internacional (MAECI) , est\u00e1 disponible el portal <a href=\"https:\/\/alumnifarnesina.it\/\">https:\/\/alumnifarnesina.it<\/a>: espacio de encuentro y di\u00e1logo donde compartir su trayectoria acad\u00e9mica y formativa y donde se da voz a los Alumni.<\/p>\n<p>Cada d\u00eda a trav\u00e9s de la plataforma, disponible tambi\u00e9n como APP, se difundir\u00e1n iniciativas organizadas por nuestras Embajadas, Consulados e Institutos Culturales para nuevas oportunidades de crecimiento y encuentro con contenidos exclusivos para Alumni y antiguos alumnos promovidos por la Farnesina.<\/p>\n<p><a href=\"https:\/\/youtu.be\/R2jsGMIWRkg\">https:\/\/youtu.be\/R2jsGMIWRkg<\/a><\/p>\n<h3>Escuelas<\/h3>\n<h3>Escuelas italianas en Ecuador<\/h3>\n<p>Actualmente no existen escuelas italianas privadas reconocidas en Ecuador. Sin embargo, existen escuelas que cumplen una funci\u00f3n importante de ense\u00f1anza del idioma italiano en todas las clases del sistema escolar ecuatoriano:<\/p>\n<ul>\n<li>El Liceo \u201cLeonardo da Vinci\u201d de la ciudad de Manta, regi\u00f3n Manab\u00ed<br \/>\nEl Liceo \u201cGiuseppe Garibaldi\u201d de la ciudad de Guayaquil, Regi\u00f3n del Guayas<br \/>\nEl Liceo \u201cAlessandro Volta\u201d de la ciudad de Quito, Regi\u00f3n de Pichincha<br \/>\nEl Liceo \u201cLuigi Galvani\u201d de la ciudad de Quito, Regi\u00f3n de Pichincha<\/li>\n<\/ul>\n<h3>Escuelas en Italia<\/h3>\n<p>El Ministerio de Educaci\u00f3n, Universidad e Investigaci\u00f3n actualiza constantemente una lista completa de las escuelas primarias, intermedias y secundarias estatales italianas. Se puede consultar una lista completa de las escuelas primarias, secundarias y secundarias italianas en el sitio web oficial del MIUR. Para b\u00fasquedas en profundidad, tambi\u00e9n est\u00e1 disponible el motor de b\u00fasqueda AlboScuole.<\/p>\n<hr \/>\n<div>\n<p><a href=\"https:\/\/ambquito.esteri.it\/ambasciata_quito\/it\/ambasciata\/news\/dall_ambasciata\/2018\/04\/preiscrizione-universitaria.html\"><strong>Preinscripciones Universitarias<\/strong><\/a><\/p>\n<p>Noticias de inter\u00e9s general sobre la organizaci\u00f3n y el funcionamiento de las Universidades italianas las encuentras en la secci\u00f3n de la Web del\u00a0<strong><em><a href=\"http:\/\/hubmiur.pubblica.istruzione.it\/web\/universita\/home\">Ministero dell&#8217;Istruzione, dell&#8217;Universit\u00e0 e della Ricerca.<\/a><\/em><\/strong><\/p>\n<p>Listas completas de las Instituciones Educativas\u00a0pueden consultarse a trav\u00e9s del motor especial de b\u00fasqueda\u00a0<strong><em><a href=\"https:\/\/www.cineca.it\/\">CINECA.<\/a><\/em><\/strong><\/p>\n<p>Tambi\u00e9n encontrar\u00e1s una p\u00e1gina dedicada a las Universidades en el sitio Web de la CRUI &#8211; Conferenza dei Rettori delle Universit\u00e0 Italiane.<\/p>\n<p>Los estudiantes extranjeros interesados en efectuar estudios en las Universidades italianas podr\u00e1n encontrar noticias \u00fatiles sobre los cupos para ellos reservados en la Web del\u00a0<em><strong><a href=\"http:\/\/offertaformativa.miur.it\/\">MIUR, secci\u00f3n oferta formativa.<\/a><\/strong><\/em><\/p>\n<h4 class=\"entry-title h3\">Becas de estudio ofrecidas por las Universidades<\/h4>\n<p>Consultar esta p\u00e1gina del MAECI: <a href=\"https:\/\/www.esteri.it\/it\/opportunita\/borse-di-studio\/per-cittadini-stranieri\/borse-di-studio-offerte-dalle-universita\/\">Borse di Studio offerte dalle Universit\u00e0 \u2013 Ministero degli Affari Esteri e della Cooperazione Internazionale<\/a><\/p>\n<p>Se aclara que las ofertas indicadas en la anterior secci\u00f3n del portal del MAECI <strong>provienen de las universidades<\/strong> y no son gestionadas por el Ministerio italiano de las Relaciones Exteriores y de la Cooperaci\u00f3n Internacional.<\/p>\n<hr \/>\n<h3>Declaraciones de Valor<\/h3>\n<p><a href=\"https:\/\/ambquito.esteri.it\/es\/servizi-consolari-e-visti\/servizi-per-il-cittadino-italiano\/declaraciones-de-valor\/\" target=\"_blank\" rel=\"noopener\">Haz clic aqu\u00ed para conocer m\u00e1s sobre las Declaraciones de Valor<\/a><\/p>\n<\/div>\n","protected":false},"excerpt":{"rendered":"Alumni Farnesina Para los estudiantes ecuatorianos beneficiarios de una beca ofrecida por el Ministerio de Asuntos Exteriores y de la Cooperaci\u00f2n internacional (MAECI) , est\u00e1 disponible el portal https:\/\/alumnifarnesina.it: espacio de encuentro y di\u00e1logo donde compartir su trayectoria acad\u00e9mica y formativa y donde se da voz a los Alumni. Cada d\u00eda a trav\u00e9s de la [&hellip;]","protected":false},"author":1,"featured_media":0,"parent":136,"menu_order":3,"comment_status":"closed","ping_status":"closed","template":"","meta":{"footnotes":""},"class_list":["post-147","page","type-page","status-publish","hentry"],"_links":{"self":[{"href":"https:\/\/ambquito.esteri.it\/es\/wp-json\/wp\/v2\/pages\/147","targetHints":{"allow":["GET"]}}],"collection":[{"href":"https:\/\/ambquito.esteri.it\/es\/wp-json\/wp\/v2\/pages"}],"about":[{"href":"https:\/\/ambquito.esteri.it\/es\/wp-json\/wp\/v2\/types\/page"}],"author":[{"embeddable":true,"href":"https:\/\/ambquito.esteri.it\/es\/wp-json\/wp\/v2\/users\/1"}],"replies":[{"embeddable":true,"href":"https:\/\/ambquito.esteri.it\/es\/wp-json\/wp\/v2\/comments?post=147"}],"version-history":[{"count":7,"href":"https:\/\/ambquito.esteri.it\/es\/wp-json\/wp\/v2\/pages\/147\/revisions"}],"predecessor-version":[{"id":5800,"href":"https:\/\/ambquito.esteri.it\/es\/wp-json\/wp\/v2\/pages\/147\/revisions\/5800"}],"up":[{"embeddable":true,"href":"https:\/\/ambquito.esteri.it\/es\/wp-json\/wp\/v2\/pages\/136"}],"wp:attachment":[{"href":"https:\/\/ambquito.esteri.it\/es\/wp-json\/wp\/v2\/media?parent=147"}],"curies":[{"name":"wp","href":"https:\/\/api.w.org\/{rel}","templated":true}]}}