{"id":146,"date":"2023-04-11T18:24:28","date_gmt":"2023-04-11T23:24:28","guid":{"rendered":"https:\/\/ambquito.esteri.it\/italia-ed-equador\/diplomazia-culturale\/missioni-archeologiche\/"},"modified":"2023-08-18T15:07:11","modified_gmt":"2023-08-18T20:07:11","slug":"missioni-archeologiche","status":"publish","type":"page","link":"https:\/\/ambquito.esteri.it\/es\/italia-ed-ecuador\/diplomazia-culturale\/missioni-archeologiche\/","title":{"rendered":"Misiones arqueol\u00f3gicas"},"content":{"rendered":"<p>Los objetivos estrat\u00e9gicos del Ministerio de Relaciones Exteriores y Cooperaci\u00f3n Internacional incluyen la promoci\u00f3n de la cultura italiana, que tambi\u00e9n se implementa a trav\u00e9s de la concesi\u00f3n de contribuciones a las misiones arqueol\u00f3gicas, antropol\u00f3gicas y etnol\u00f3gicas italianas en el extranjero. El otorgamiento de aportes se realiza anualmente a trav\u00e9s de la publicaci\u00f3n de un aviso, que regula la presentaci\u00f3n de solicitudes, la selecci\u00f3n de postulantes y el reporte de gastos incurridos.<\/p>\n<p>Para 2022 se apoyaron 246 misiones mediante el otorgamiento de aportes (211) o reconocimiento institucional.<\/p>\n<p>Para obtener m\u00e1s informaci\u00f3n, haga clic <a href=\"https:\/\/www.esteri.it\/it\/diplomazia-culturale-e-diplomazia-scientifica\/cultura\/archeologiapatrimonioculturale\/\">aqu\u00ed<\/a><\/p>\n","protected":false},"excerpt":{"rendered":"Los objetivos estrat\u00e9gicos del Ministerio de Relaciones Exteriores y Cooperaci\u00f3n Internacional incluyen la promoci\u00f3n de la cultura italiana, que tambi\u00e9n se implementa a trav\u00e9s de la concesi\u00f3n de contribuciones a las misiones arqueol\u00f3gicas, antropol\u00f3gicas y etnol\u00f3gicas italianas en el extranjero. El otorgamiento de aportes se realiza anualmente a trav\u00e9s de la publicaci\u00f3n de un aviso, [&hellip;]","protected":false},"author":1,"featured_media":0,"parent":136,"menu_order":2,"comment_status":"closed","ping_status":"closed","template":"","meta":{"footnotes":""},"class_list":["post-146","page","type-page","status-publish","hentry"],"_links":{"self":[{"href":"https:\/\/ambquito.esteri.it\/es\/wp-json\/wp\/v2\/pages\/146","targetHints":{"allow":["GET"]}}],"collection":[{"href":"https:\/\/ambquito.esteri.it\/es\/wp-json\/wp\/v2\/pages"}],"about":[{"href":"https:\/\/ambquito.esteri.it\/es\/wp-json\/wp\/v2\/types\/page"}],"author":[{"embeddable":true,"href":"https:\/\/ambquito.esteri.it\/es\/wp-json\/wp\/v2\/users\/1"}],"replies":[{"embeddable":true,"href":"https:\/\/ambquito.esteri.it\/es\/wp-json\/wp\/v2\/comments?post=146"}],"version-history":[{"count":3,"href":"https:\/\/ambquito.esteri.it\/es\/wp-json\/wp\/v2\/pages\/146\/revisions"}],"predecessor-version":[{"id":350,"href":"https:\/\/ambquito.esteri.it\/es\/wp-json\/wp\/v2\/pages\/146\/revisions\/350"}],"up":[{"embeddable":true,"href":"https:\/\/ambquito.esteri.it\/es\/wp-json\/wp\/v2\/pages\/136"}],"wp:attachment":[{"href":"https:\/\/ambquito.esteri.it\/es\/wp-json\/wp\/v2\/media?parent=146"}],"curies":[{"name":"wp","href":"https:\/\/api.w.org\/{rel}","templated":true}]}}