{"id":145,"date":"2023-04-11T18:24:57","date_gmt":"2023-04-11T23:24:57","guid":{"rendered":"https:\/\/ambquito.esteri.it\/italia-ed-equador\/diplomazia-culturale\/lingua-e-cultura-italiana\/"},"modified":"2023-08-18T15:13:48","modified_gmt":"2023-08-18T20:13:48","slug":"lingua-e-cultura-italiana","status":"publish","type":"page","link":"https:\/\/ambquito.esteri.it\/es\/italia-ed-ecuador\/diplomazia-culturale\/lingua-e-cultura-italiana\/","title":{"rendered":"Lengua y cultura italiana"},"content":{"rendered":"<div>La ense\u00f1anza del idioma italiano se da en diversas instituciones en el Ecuador. La Sociedad Dante Alighieri, con sus tres comit\u00e9s en Quito, Cuenca y Guayaquil, cuenta con un n\u00famero creciente de cursos, de diversos niveles de competencia, dirigidos principalmente a adultos. Adem\u00e1s, muchas universidades ecuatorianas han firmado convenios interuniversitarios con universidades italianas para el intercambio de programas, docentes y estudiantes. Hay varios profesores italianos que ense\u00f1an en universidades ecuatorianas. La Pontificia Universidad Cat\u00f3lica del Ecuador (PUCE) se ha adherido al programa MAECI \u201cEgresados\u201d que prev\u00e9 la dotaci\u00f3n de un profesor de italiano para apoyar la c\u00e1tedra de italiano de la universidad. Tambi\u00e9n se estudia la restauraci\u00f3n del lector italiano en Ecuador, a partir del curso 2023-2024.<\/div>\n","protected":false},"excerpt":{"rendered":"La ense\u00f1anza del idioma italiano se da en diversas instituciones en el Ecuador. La Sociedad Dante Alighieri, con sus tres comit\u00e9s en Quito, Cuenca y Guayaquil, cuenta con un n\u00famero creciente de cursos, de diversos niveles de competencia, dirigidos principalmente a adultos. Adem\u00e1s, muchas universidades ecuatorianas han firmado convenios interuniversitarios con universidades italianas para el [&hellip;]","protected":false},"author":1,"featured_media":0,"parent":136,"menu_order":1,"comment_status":"closed","ping_status":"closed","template":"","meta":{"footnotes":""},"class_list":["post-145","page","type-page","status-publish","hentry"],"_links":{"self":[{"href":"https:\/\/ambquito.esteri.it\/es\/wp-json\/wp\/v2\/pages\/145","targetHints":{"allow":["GET"]}}],"collection":[{"href":"https:\/\/ambquito.esteri.it\/es\/wp-json\/wp\/v2\/pages"}],"about":[{"href":"https:\/\/ambquito.esteri.it\/es\/wp-json\/wp\/v2\/types\/page"}],"author":[{"embeddable":true,"href":"https:\/\/ambquito.esteri.it\/es\/wp-json\/wp\/v2\/users\/1"}],"replies":[{"embeddable":true,"href":"https:\/\/ambquito.esteri.it\/es\/wp-json\/wp\/v2\/comments?post=145"}],"version-history":[{"count":6,"href":"https:\/\/ambquito.esteri.it\/es\/wp-json\/wp\/v2\/pages\/145\/revisions"}],"predecessor-version":[{"id":353,"href":"https:\/\/ambquito.esteri.it\/es\/wp-json\/wp\/v2\/pages\/145\/revisions\/353"}],"up":[{"embeddable":true,"href":"https:\/\/ambquito.esteri.it\/es\/wp-json\/wp\/v2\/pages\/136"}],"wp:attachment":[{"href":"https:\/\/ambquito.esteri.it\/es\/wp-json\/wp\/v2\/media?parent=145"}],"curies":[{"name":"wp","href":"https:\/\/api.w.org\/{rel}","templated":true}]}}