{"id":144,"date":"2025-06-02T17:08:52","date_gmt":"2025-06-02T22:08:52","guid":{"rendered":"https:\/\/ambquito.esteri.it\/italia-ed-equador\/"},"modified":"2023-10-31T06:11:34","modified_gmt":"2023-10-31T11:11:34","slug":"italia-ed-ecuador","status":"publish","type":"page","link":"https:\/\/ambquito.esteri.it\/es\/italia-ed-ecuador\/","title":{"rendered":"Italia y Ecuador"},"content":{"rendered":"<p style=\"text-align: justify;\">Las relaciones bilaterales pueden considerarse excelentes -tambi\u00e9n gracias a la presencia en Ecuador de una comunidad italiana de origen italiano con m\u00e1s de 27.000 compatriotas fuertes y plenamente integrados al tejido social y productivo local- y lo son tambi\u00e9n en cuanto al actual intercambio econ\u00f3mico y comercial en el potencial desarrollo futuro.<\/p>\n<p style=\"text-align: justify;\">La presencia consolidada de grandes empresas, como Ferrero y Generali, y una importante realidad de pymes de capital italiano o emprendedores de origen italiano, ha sumado en los \u00faltimos a\u00f1os un creciente inter\u00e9s de los operadores italianos, tanto de grandes empresas hacia las oportunidades de inversi\u00f3n y negocios que abre el inicio de la pol\u00edtica cambiaria gubernamental de la matriz productiva y energ\u00e9tica, as\u00ed como en el sector de las grandes obras de infraestructura.<\/p>\n<p style=\"text-align: justify;\">Estrechamente vinculados al cambio en la matriz productiva est\u00e1n los sectores de la agroindustria, el calzado, la madera, el cuero y el pl\u00e1stico, cuya modernizaci\u00f3n es incentivada por el Gobierno, y que ofrecen oportunidades de exportaci\u00f3n para bienes de capital italianos pero tambi\u00e9n para inversiones productivas.<\/p>\n<p style=\"text-align: justify;\">Cabe se\u00f1alar, adem\u00e1s, que la conclusi\u00f3n positiva, en julio de 2014, de la negociaci\u00f3n con la Uni\u00f3n Europea de un Acuerdo Comercial Multipartes, que entr\u00f3 en vigor en enero de 2017, permiti\u00f3 eliminar las barreras comerciales que frenaban algunas de nuestras exportaciones. a Ecuador.<\/p>\n<p style=\"text-align: justify;\">En las relaciones bilaterales entre Italia y Ecuador, el aporte de Italia en el sector de la cooperaci\u00f3n es fundamental; se est\u00e1n implementando y tambi\u00e9n identificando una pluralidad de iniciativas. La presencia de una importante comunidad italiana y la amplia actividad desarrollada por nuestros cooperantes, as\u00ed como la creciente presencia de emigrantes ecuatorianos en Italia, han contribuido a dise\u00f1ar la excelente imagen que tiene nuestro pa\u00eds en el Ecuador.<\/p>\n","protected":false},"excerpt":{"rendered":"Las relaciones bilaterales pueden considerarse excelentes -tambi\u00e9n gracias a la presencia en Ecuador de una comunidad italiana de origen italiano con m\u00e1s de 27.000 compatriotas fuertes y plenamente integrados al tejido social y productivo local- y lo son tambi\u00e9n en cuanto al actual intercambio econ\u00f3mico y comercial en el potencial desarrollo futuro. La presencia consolidada [&hellip;]","protected":false},"author":1,"featured_media":0,"parent":0,"menu_order":4,"comment_status":"closed","ping_status":"closed","template":"","meta":{"footnotes":""},"class_list":["post-144","page","type-page","status-publish","hentry"],"_links":{"self":[{"href":"https:\/\/ambquito.esteri.it\/es\/wp-json\/wp\/v2\/pages\/144","targetHints":{"allow":["GET"]}}],"collection":[{"href":"https:\/\/ambquito.esteri.it\/es\/wp-json\/wp\/v2\/pages"}],"about":[{"href":"https:\/\/ambquito.esteri.it\/es\/wp-json\/wp\/v2\/types\/page"}],"author":[{"embeddable":true,"href":"https:\/\/ambquito.esteri.it\/es\/wp-json\/wp\/v2\/users\/1"}],"replies":[{"embeddable":true,"href":"https:\/\/ambquito.esteri.it\/es\/wp-json\/wp\/v2\/comments?post=144"}],"version-history":[{"count":6,"href":"https:\/\/ambquito.esteri.it\/es\/wp-json\/wp\/v2\/pages\/144\/revisions"}],"predecessor-version":[{"id":749,"href":"https:\/\/ambquito.esteri.it\/es\/wp-json\/wp\/v2\/pages\/144\/revisions\/749"}],"wp:attachment":[{"href":"https:\/\/ambquito.esteri.it\/es\/wp-json\/wp\/v2\/media?parent=144"}],"curies":[{"name":"wp","href":"https:\/\/api.w.org\/{rel}","templated":true}]}}