{"id":143,"date":"2023-04-11T18:08:31","date_gmt":"2023-04-11T23:08:31","guid":{"rendered":"https:\/\/ambquito.esteri.it\/chi-siamo\/la-rete-consolare\/"},"modified":"2026-02-06T13:53:21","modified_gmt":"2026-02-06T18:53:21","slug":"la-rete-consolare","status":"publish","type":"page","link":"https:\/\/ambquito.esteri.it\/es\/chi-siamo\/la-rete-consolare\/","title":{"rendered":"La Red Consular"},"content":{"rendered":"<p style=\"text-align: justify;\">La red consular italiana en Ecuador est\u00e1 compuesta por la Canciller\u00eda Consular de la Embajada de Italia en Quito (\u00fanica oficina competente para la expedici\u00f3n de visas) y el Consulado Honorario de Guayaquil, con competencia para las Provincias de Guayas, Santa Elena, Los R\u00edos, Bol\u00edvar, Ca\u00f1ar, El Oro, Loja, Morona Santiago, Zamora Chinchipe y Gal\u00e1pagos. Adem\u00e1s existen Corresponsales Consulares en Cuenca (para la Provincia de Azuay), en Esmeraldas (para las Provincias de Esmeraldas, Carchi e Imbabura) y en Manta para la Provincia de Manab\u00ed.<\/p>\n<p>&nbsp;<\/p>\n<p><strong>Embajada de Italia QUITO (Canciller\u00eda Consular)<\/strong><br \/>\nJefe de la Canciller\u00eda Consular: Andrea Rapido Ragozzino<br \/>\nLa Isla N26-25 y Humberto Albornoz, esquina &#8211; QUITO<br \/>\nTel. +593-2-3211322 \/ +593-2-3210565<br \/>\ne-mail: <a href=\"mailto:consolare.quito@esteri.it\" target=\"_blank\" rel=\"noopener\">consolare.quito@esteri.it<\/a><br \/>\nPEC: <a href=\"mailto:amb.quito.pass@cert.esteri.it\" target=\"_blank\" rel=\"noopener\">amb.quito.pass@cert.esteri.it<\/a><\/p>\n<p><strong>Horario de atenci\u00f3n al p\u00fablico:<\/strong><\/p>\n<p><strong>Oficina Consular (Pasaportes, Estado Civil, Ciudadan\u00eda, Notarial, Asistencia)<\/strong><br \/>\nDe lunes a viernes, de 9:00 a 12:30<br \/>\nEmail: <a href=\"mailto:consolare.quito@esteri.it\" target=\"_blank\" rel=\"noopener\">consolare.quito@esteri.it<\/a><\/p>\n<p><strong>Secci\u00f3n de Visas<\/strong><br \/>\nDe lunes a viernes,<br \/>\nEntrevista y presentaci\u00f3n de solicitud, de 9:00 a 12:30<br \/>\nEntrega de Visas, de 8:30 a 9:00<br \/>\nEmail: <a href=\"mailto:visti.quito@esteri.it\" target=\"_blank\" rel=\"noopener\">visti.quito@esteri.it<\/a><\/p>\n<p><strong>Secci\u00f3n de Legalizaciones (Declaraciones de Valor)<\/strong><br \/>\nPrevia cita reservada on-line.<br \/>\nEmail: <a href=\"mailto:legalizzazioni.quito@esteri.it\">legalizzazioni.quito@esteri.it<\/a><\/p>\n<p>&nbsp;<\/p>\n<p><strong>Consulado Honorario en Guayaquil<\/strong><br \/>\nC\u00f3nsul Honoraria: Alessia D&#8217;ECCLESIA FARACE<br \/>\nPlaza Lagos Town Center Edificio Exedra, Local 4, Piso 1. Samborond\u00f3n<br \/>\nTel. +593-4-5055823<br \/>\nCelular: +593 968828704<br \/>\nE-mail: <a href=\"mailto:consuladeitaliagye@gmail.com\" target=\"_blank\" rel=\"noopener\">consuladeitaliagye@gmail.com<\/a><\/p>\n<p style=\"text-align: justify;\"><strong><a href=\"https:\/\/ambquito.esteri.it\/wp-content\/uploads\/2024\/11\/ESTRATTO_AGG_DLF_D_ECCLESIA_FARACE_CO_GUAYAQUIL_ECUADOR.pdf\" target=\"_blank\" rel=\"noopener\">Decreto di Limitazioni di Funzioni Consolari<\/a><\/strong><\/p>\n<p style=\"text-align: justify;\"><a href=\"https:\/\/ambquito.esteri.it\/wp-content\/uploads\/2024\/11\/2022-TRADUCCION-DE-CORTESIA-Decreto-limitaciones-consulares-Consulado-Honorario.pdf\" target=\"_blank\" rel=\"noopener\"><em><strong>Traducci\u00f3n de cortes\u00eda al espa\u00f1ol<\/strong><\/em><\/a><\/p>\n<hr \/>\n<p style=\"text-align: justify;\"><strong>Corresponsal Consular en CUENCA<\/strong><br \/>\nCorr. Ing. Augusto TOSI<br \/>\nAv. Huaynacapac 197 &#8211; CUENCA<br \/>\nTel. +593-7-2832388 ext. 108<br \/>\nE-mail:\u00a0<a href=\"mailto:augusto.tosi@pasa.ec\" target=\"_blank\" rel=\"noopener\">augusto.tosi@pasa.ec<\/a><\/p>\n<p style=\"text-align: justify;\"><strong>Corresponsal Consular en ESMERALDAS<\/strong><br \/>\nCorr. Rev. Padre Vicente VIVERO<br \/>\nCalle Espejo y Olmedo, esq. Colegio Sagrado Coraz\u00f3n \u2013 ESMERALDAS<br \/>\nTel. +593-6-2728756<br \/>\nE-mail:\u00a0<a href=\"mailto:monsbarvive@hotmail.com\" target=\"_blank\" rel=\"noopener\">monsbarvive@hotmail.com<\/a><\/p>\n<p style=\"text-align: justify;\"><strong>Corresponsal Consular en MANAB\u00cd<\/strong><br \/>\nCorr. Brenda RATTI<br \/>\nTel. +593 959 074126 \/ +593 5 500 4100<br \/>\nE.mail:\u00a0<a href=\"mailto:corresponsal@consuladoitalianomanabi.ec\" target=\"_blank\" rel=\"noopener\">corresponsal@consuladoitalianomanabi.ec<\/a><\/p>\n<p><strong>Corrispondente Consolare d&#8217;Italia in GALAPAGOS<\/strong><br \/>\nCorr. Valeria SPARACCIARI<br \/>\nTel.+593 994 952086<br \/>\nE-mail: <a href=\"mailto:valeriaspara2795@gmail.com\">valeriaspara2795@gmail.com<\/a><\/p>\n<p>&nbsp;<\/p>\n<p style=\"text-align: justify;\"><span style=\"text-decoration: underline;\"><strong>Lista de las asociaciones italianas presentes en Ecuador<\/strong><\/span><\/p>\n<p style=\"text-align: justify;\">Associazione Casa d\u2019Italia &#8211; Quito<br \/>\nAssociazione Dame Italiane &#8211; Quito<br \/>\nAssociazione Lucani \u2013 Guayaquil<br \/>\nAssociazione Liminesi &#8211; Guayaquil<br \/>\nFundaci\u00f3n de Asistencia Social Liguri nel Mondo \u2013 Guayaquil<br \/>\nSociet\u00e0 di Assistenza Garibaldi &#8211; Guayaquil<\/p>\n<p><strong>Societ\u00e0 Dante Alighieri: Comitato di Quito \u2013 Guayaquil \u2013 Cuenca<\/strong><\/p>\n<p><strong>Camera di Commercio Italo-Ecuatoriana &#8211; Quito<\/strong><\/p>\n<p style=\"text-align: justify;\"><strong>Com.It.Es.<\/strong><br \/>\nPresidente Prof. Salvatore Foti, Sede en Quito<\/p>\n<p style=\"text-align: justify;\"><strong>C.G.I.E. per ECUADOR &#8211; COLOMBIA<\/strong><br \/>\nPresidente Marina Salvarezza &#8211; Sede en Guayaquil<\/p>\n","protected":false},"excerpt":{"rendered":"La red consular italiana en Ecuador est\u00e1 compuesta por la Canciller\u00eda Consular de la Embajada de Italia en Quito (\u00fanica oficina competente para la expedici\u00f3n de visas) y el Consulado Honorario de Guayaquil, con competencia para las Provincias de Guayas, Santa Elena, Los R\u00edos, Bol\u00edvar, Ca\u00f1ar, El Oro, Loja, Morona Santiago, Zamora Chinchipe y Gal\u00e1pagos. [&hellip;]","protected":false},"author":1,"featured_media":0,"parent":126,"menu_order":8,"comment_status":"closed","ping_status":"closed","template":"","meta":{"footnotes":""},"class_list":["post-143","page","type-page","status-publish","hentry"],"_links":{"self":[{"href":"https:\/\/ambquito.esteri.it\/es\/wp-json\/wp\/v2\/pages\/143","targetHints":{"allow":["GET"]}}],"collection":[{"href":"https:\/\/ambquito.esteri.it\/es\/wp-json\/wp\/v2\/pages"}],"about":[{"href":"https:\/\/ambquito.esteri.it\/es\/wp-json\/wp\/v2\/types\/page"}],"author":[{"embeddable":true,"href":"https:\/\/ambquito.esteri.it\/es\/wp-json\/wp\/v2\/users\/1"}],"replies":[{"embeddable":true,"href":"https:\/\/ambquito.esteri.it\/es\/wp-json\/wp\/v2\/comments?post=143"}],"version-history":[{"count":8,"href":"https:\/\/ambquito.esteri.it\/es\/wp-json\/wp\/v2\/pages\/143\/revisions"}],"predecessor-version":[{"id":6895,"href":"https:\/\/ambquito.esteri.it\/es\/wp-json\/wp\/v2\/pages\/143\/revisions\/6895"}],"up":[{"embeddable":true,"href":"https:\/\/ambquito.esteri.it\/es\/wp-json\/wp\/v2\/pages\/126"}],"wp:attachment":[{"href":"https:\/\/ambquito.esteri.it\/es\/wp-json\/wp\/v2\/media?parent=143"}],"curies":[{"name":"wp","href":"https:\/\/api.w.org\/{rel}","templated":true}]}}