{"id":141,"date":"2023-04-11T18:07:19","date_gmt":"2023-04-11T23:07:19","guid":{"rendered":"https:\/\/ambquito.esteri.it\/chi-siamo\/numeri-di-emergenza\/"},"modified":"2025-10-02T08:32:18","modified_gmt":"2025-10-02T13:32:18","slug":"numeri-di-emergenza","status":"publish","type":"page","link":"https:\/\/ambquito.esteri.it\/es\/chi-siamo\/numeri-di-emergenza\/","title":{"rendered":"N\u00fameros de emergencia"},"content":{"rendered":"<p style=\"text-align: justify;\"><strong>N\u00famero celular para emergencias:<\/strong> desde el exterior +593 999 780 861, localmente 0999 780 861. Horario de disponibilidad: <strong>de<\/strong> <strong>lunes a viernes de 18:00 a 22:00; s\u00e1bado, domingo y festivos de 08:00 a 22:00<\/strong>. Se hace referencia a la hora en el Ecuador.<\/p>\n<p style=\"text-align: justify;\">Este n\u00famero es exclusivo para los ciudadanos italianos que deseen indicar un <strong>caso de emergencia comprobada<\/strong> y requieran asistencia consular. Las posibles intervenciones incluyen: asistencia en caso de detenci\u00f3n o arresto, asistencia econ\u00f3mica (situaci\u00f3n de dificultad temporal y excepcional), asistencia en caso de accidente (repatriaci\u00f3n m\u00e9dica), asistencia en caso de robo o p\u00e9rdida de documentos, asistencia en la b\u00fasqueda de compatriotas desaparecidos o no localizables, asistencia a familiares de personas fallecidas (repatriaci\u00f3n de cad\u00e1veres). <strong>A trav\u00e9s de este n\u00famero de emergencia no se atienden solicitudes relativas a pr\u00e1cticas consulares, visas y legalizaciones.<\/strong><\/p>\n<p><strong>OTROS N\u00daMEROS \u00daTILES EN CASO DE EMERGENCIAS:<\/strong><\/p>\n<p>\u2013 FUNCIONARIO DE TURNO DEL MINISTERIO ITALIANO DE ASUNTOS EXTERIORES, OPERATIVO PARA EL RESTO DEL HORARIO: Tel. <strong>+39 06 36 911.<\/strong><\/p>\n<ul>\n<li><strong>In caso di comprovata emergenza relativa a connazionali in contesti di rischio <\/strong>(disastri naturali, atti di terrorismo, fenomeni di pirateria, disordini di natura socio-politica all\u2019estero)<strong> \u00e8 possibile contattare l\u2019Unit\u00e0 di Crisi <\/strong>al numero +39 06 36 225 attivo H24<strong> o scrivere all\u2019indirizzo email: <\/strong>unita.crisi@esteri.it<\/li>\n<\/ul>\n<p>\u2013\u00a0<strong>ATENCI\u00d3N:<\/strong>\u00a0En caso de accidentes graves, situaciones que impliquen riesgos inmediatos para la salud o peligro para la seguridad personal, en los que se requiera\u00a0<strong>asistencia urgente de las autoridades locales de salud, polic\u00eda o bomberos<\/strong>, se recomienda llamar directamente al\u00a0<strong>n\u00famero \u00fanico de emergencia ecuatoriano: 911.<\/strong><\/p>\n","protected":false},"excerpt":{"rendered":"N\u00famero celular para emergencias: desde el exterior +593 999 780 861, localmente 0999 780 861. Horario de disponibilidad: de lunes a viernes de 18:00 a 22:00; s\u00e1bado, domingo y festivos de 08:00 a 22:00. Se hace referencia a la hora en el Ecuador. Este n\u00famero es exclusivo para los ciudadanos italianos que deseen indicar un [&hellip;]","protected":false},"author":1,"featured_media":0,"parent":126,"menu_order":6,"comment_status":"closed","ping_status":"closed","template":"","meta":{"footnotes":""},"class_list":["post-141","page","type-page","status-publish","hentry"],"_links":{"self":[{"href":"https:\/\/ambquito.esteri.it\/es\/wp-json\/wp\/v2\/pages\/141","targetHints":{"allow":["GET"]}}],"collection":[{"href":"https:\/\/ambquito.esteri.it\/es\/wp-json\/wp\/v2\/pages"}],"about":[{"href":"https:\/\/ambquito.esteri.it\/es\/wp-json\/wp\/v2\/types\/page"}],"author":[{"embeddable":true,"href":"https:\/\/ambquito.esteri.it\/es\/wp-json\/wp\/v2\/users\/1"}],"replies":[{"embeddable":true,"href":"https:\/\/ambquito.esteri.it\/es\/wp-json\/wp\/v2\/comments?post=141"}],"version-history":[{"count":6,"href":"https:\/\/ambquito.esteri.it\/es\/wp-json\/wp\/v2\/pages\/141\/revisions"}],"predecessor-version":[{"id":6117,"href":"https:\/\/ambquito.esteri.it\/es\/wp-json\/wp\/v2\/pages\/141\/revisions\/6117"}],"up":[{"embeddable":true,"href":"https:\/\/ambquito.esteri.it\/es\/wp-json\/wp\/v2\/pages\/126"}],"wp:attachment":[{"href":"https:\/\/ambquito.esteri.it\/es\/wp-json\/wp\/v2\/media?parent=141"}],"curies":[{"name":"wp","href":"https:\/\/api.w.org\/{rel}","templated":true}]}}