{"id":140,"date":"2023-04-11T18:01:19","date_gmt":"2023-04-11T23:01:19","guid":{"rendered":"https:\/\/ambquito.esteri.it\/chi-siamo\/gli-uffici\/"},"modified":"2026-02-11T09:27:06","modified_gmt":"2026-02-11T14:27:06","slug":"gli-uffici","status":"publish","type":"page","link":"https:\/\/ambquito.esteri.it\/es\/chi-siamo\/gli-uffici\/","title":{"rendered":"Las oficinas"},"content":{"rendered":"<p style=\"text-align: justify;\"><strong><img loading=\"lazy\" decoding=\"async\" class=\"wp-image-292 img-fluid alignnone\" src=\"https:\/\/ambquito.esteri.it\/wp-content\/uploads\/2023\/08\/oficinas-300x200.jpg\" alt=\"\" width=\"650\" height=\"433\" srcset=\"https:\/\/ambquito.esteri.it\/wp-content\/uploads\/2023\/08\/oficinas-300x200.jpg 300w, https:\/\/ambquito.esteri.it\/wp-content\/uploads\/2023\/08\/oficinas-1024x683.jpg 1024w, https:\/\/ambquito.esteri.it\/wp-content\/uploads\/2023\/08\/oficinas-768x512.jpg 768w, https:\/\/ambquito.esteri.it\/wp-content\/uploads\/2023\/08\/oficinas.jpg 1139w\" sizes=\"auto, (max-width: 650px) 100vw, 650px\" \/><\/strong><\/p>\n<p style=\"text-align: justify;\"><strong>Embajada de Italia<\/strong><\/p>\n<p style=\"text-align: justify;\"><span style=\"text-decoration: underline;\">Direcci\u00f3n<\/span>: La Isla N26-25 y Humberto Albornoz, esquina &#8211; 170521 &#8211; QUITO (Ecuador)<\/p>\n<p><span style=\"text-decoration: underline;\">Email<\/span>: archivio.quito@esteri.it<br \/>\n<span style=\"text-decoration: underline;\">PEC<\/span>:\u00a0amb.quito@cert.esteri.it<\/p>\n<p style=\"text-align: justify;\"><strong>N\u00fameros telef\u00f3nicos de la Embajada de Italia en Quito:<\/strong><\/p>\n<p style=\"text-align: justify;\"><strong>1. N\u00famero celular para emergencias:<\/strong>\u00a0desde el exterior +593 999 780 861, localmente 0999 780 861. Horario de disponibilidad:\u00a0<strong>de<\/strong>\u00a0<strong>lunes a viernes de 18:00 a 22:00; s\u00e1bado, domingo y festivos de 08:00 a 22:00<\/strong>.<\/p>\n<p style=\"text-align: justify;\">Este n\u00famero es exclusivo para los ciudadanos italianos que deseen indicar un\u00a0<strong>caso de emergencia comprobada<\/strong>\u00a0y requieran asistencia consular. Las posibles intervenciones incluyen: asistencia en caso de detenci\u00f3n o arresto, asistencia econ\u00f3mica (situaci\u00f3n de dificultad temporal y excepcional), asistencia en caso de accidente (repatriaci\u00f3n m\u00e9dica), asistencia en caso de robo o p\u00e9rdida de documentos, asistencia en la b\u00fasqueda de compatriotas desaparecidos o no localizables, asistencia a familiares de personas fallecidas (repatriaci\u00f3n de cad\u00e1veres).\u00a0<strong>A trav\u00e9s de este n\u00famero de emergencia no se atienden solicitudes relativas a pr\u00e1cticas consulares, visas y legalizaciones.<\/strong><\/p>\n<p style=\"text-align: justify;\">El n\u00famero telef\u00f3nico y de WhatsApp permite dejar mensajes vocales o escritos. A los usuarios, si se\u00f1alan una situaci\u00f3n de real emergencia, se les devolver\u00e1 la llamada inmediatamente.<\/p>\n<p style=\"text-align: justify;\"><strong>OTROS N\u00daMEROS \u00daTILES EN CASO DE EMERGENCIAS:<\/strong><\/p>\n<p style=\"text-align: justify;\">&#8211; FUNCIONARIO DE TURNO DEL MINISTERIO ITALIANO DE ASUNTOS EXTERIORES, OPERATIVO PARA EL RESTO DEL HORARIO: Tel.\u00a0<strong>0039 06 36 225.<\/strong><\/p>\n<p style=\"text-align: justify;\">&#8211;\u00a0<strong>ATENCI\u00d3N:<\/strong>\u00a0En caso de accidentes graves, situaciones que impliquen riesgos inmediatos para la salud o peligro para la seguridad personal, en los que se requiera\u00a0<strong>asistencia urgente de las autoridades locales de salud, polic\u00eda o bomberos<\/strong>, se recomienda llamar directamente al\u00a0<strong>n\u00famero \u00fanico de emergencia ecuatoriano: 911.<\/strong><\/p>\n<p style=\"text-align: justify;\"><strong>2. Para informaciones sobre Servicios Consulares y emisi\u00f3n de Visas, les invitamos a utilizar el asistente virtual (CHATBOT) a trav\u00e9s el bot\u00f3n ubicado en la parte inferior derecha de esta p\u00e1gina WEB (ver foto):<\/strong><\/p>\n<p><img loading=\"lazy\" decoding=\"async\" class=\"alignnone wp-image-3086 img-fluid\" src=\"https:\/\/ambquito.esteri.it\/wp-content\/uploads\/2024\/04\/Foto-sito-con-icona-300x134.jpg\" alt=\"chatbot\" width=\"473\" height=\"211\" srcset=\"https:\/\/ambquito.esteri.it\/wp-content\/uploads\/2024\/04\/Foto-sito-con-icona-300x134.jpg 300w, https:\/\/ambquito.esteri.it\/wp-content\/uploads\/2024\/04\/Foto-sito-con-icona-768x343.jpg 768w, https:\/\/ambquito.esteri.it\/wp-content\/uploads\/2024\/04\/Foto-sito-con-icona.jpg 890w\" sizes=\"auto, (max-width: 473px) 100vw, 473px\" \/><\/p>\n<p style=\"text-align: justify;\"><strong>3. La central telef\u00f3nica,<\/strong>\u00a0da la opci\u00f3n de comunicarse con: 1. Oficina Administrativa \/ Contable; 2. Oficina Comercial; 3. Oficina del Jefe de Misi\u00f3n.<br \/>\nN\u00fameros: (+593 \u2013 02) 3211322 \/ 3210565<\/p>\n<p style=\"text-align: justify;\"><strong>Oficina del Jefe de Misi\u00f3n:<\/strong> S.E. Embajador, Giovanni DAVOLI<br \/>\n<span style=\"text-decoration: underline;\">Email<\/span>:\u00a0segreteria.quito@esteri.it<\/p>\n<p style=\"text-align: justify;\"><strong>Oficina del Funcionario Vicario:<\/strong> Primer Secretario, Mirko COSTA<br \/>\n<span style=\"text-decoration: underline;\">Email<\/span>:\u00a0segreteria.quito@esteri.it<\/p>\n<p><strong>Para Asuntos Culturales:<\/strong>\u00a0<a href=\"mailto:culturale.quito@esteri.it\" target=\"_blank\" rel=\"noopener\">culturale.quito@esteri.it<\/a><\/p>\n<p style=\"text-align: justify;\"><strong>Oficina Consular (Pasaportes, Estado Civil, Ciudadan\u00eda, Notarial, etc.)<\/strong><br \/>\nJefe de la Canciller\u00eda Consular, Andrea RAPIDO RAGOZZINO<br \/>\nDe lunes a viernes, de 9:00 a 12:30<br \/>\n<span style=\"text-decoration: underline;\">Email<\/span>:\u00a0consolare.quito@esteri.it<br \/>\n<span style=\"text-decoration: underline;\">PEC<\/span>:\u00a0amb.quito.pass@cert.esteri.it<br \/>\nCitas:\u00a0<strong><a href=\"https:\/\/ambquito.esteri.it\/es\/servizi-consolari-e-visti\/servizi-per-il-cittadino-italiano\/prenotmi-citas-para-servicios-consulares\/\" target=\"_blank\" rel=\"noopener\">Prenot@mi<\/a><\/strong><\/p>\n<p style=\"text-align: justify;\"><strong>Oficina de Visas<\/strong><br \/>\nResponsable, Andrea RAPIDO RAGOZZINO<br \/>\nDe lunes a viernes,<br \/>\nEntrevista y presentaci\u00f3n de solicitud, de 9:00 a 12:30<br \/>\nEntrega de Visas (de acuerdo al turno concedido), de 8:30 a 9:00<br \/>\n<span style=\"text-decoration: underline;\">Email<\/span>:\u00a0visti.quito@esteri.it<\/p>\n<p style=\"text-align: justify;\"><strong>Declaraciones de Valor<\/strong><br \/>\nInformaciones:\u00a0legalizzazioni.quito@esteri.it<br \/>\nCitas:\u00a0<strong><a href=\"https:\/\/ambquito.esteri.it\/es\/servizi-consolari-e-visti\/servizi-per-il-cittadino-italiano\/prenotmi-citas-para-servicios-consulares\/\" target=\"_blank\" rel=\"noopener\">Prenot@mi<\/a><\/strong><\/p>\n<p style=\"text-align: justify;\"><strong>Oficina Comercial<\/strong><\/p>\n<p style=\"text-align: justify;\">Tel. +593-2-3211322 \/ +593-2-3210565<br \/>\n<span style=\"text-decoration: underline;\">Email<\/span>:\u00a0commerciale.quito@esteri.it<\/p>\n<p style=\"text-align: justify;\"><strong><a href=\"https:\/\/nexus.esteri.it\/?sede=235\" target=\"_blank\" rel=\"noopener\">Plataforma NEXUS<\/a><\/strong> &#8211; Asistencia a las empresas italianas en el exterior<\/p>\n<p><strong>Oficina Administrativa<\/strong><\/p>\n<p><span style=\"text-decoration: underline;\">Email<\/span>: amministrativo.quito@esteri.it<\/p>\n<p><strong>Archivo<\/strong><\/p>\n<p><span style=\"text-decoration: underline;\">Email<\/span>: archivio.quito@esteri.it<\/p>\n<p><b><i>D\u00edas feriados 2025<\/i><\/b><\/p>\n<p>01 enero; 03 marzo; 18 abril; 02 mayo; 23 mayo; 11 agosto; 10 octubre; 03 noviembre; 05 diciembre; 25 diciembre; 26 diciembre<\/p>\n<p><b><i>D\u00edas feriados 2026<\/i><\/b><\/p>\n<p>01 enero; 16 febrero; 03 abril; 01 mayo; 24 mayo; 02 junio; 10 agosto; 04 octubre; 09 octubre; 02 noviembre; 06 diciembre; 25 diciembre;<\/p>\n","protected":false},"excerpt":{"rendered":"Embajada de Italia Direcci\u00f3n: La Isla N26-25 y Humberto Albornoz, esquina &#8211; 170521 &#8211; QUITO (Ecuador) Email: archivio.quito@esteri.it PEC:\u00a0amb.quito@cert.esteri.it N\u00fameros telef\u00f3nicos de la Embajada de Italia en Quito: 1. N\u00famero celular para emergencias:\u00a0desde el exterior +593 999 780 861, localmente 0999 780 861. Horario de disponibilidad:\u00a0de\u00a0lunes a viernes de 18:00 a 22:00; s\u00e1bado, domingo y [&hellip;]","protected":false},"author":1,"featured_media":0,"parent":126,"menu_order":4,"comment_status":"closed","ping_status":"closed","template":"","meta":{"footnotes":""},"class_list":["post-140","page","type-page","status-publish","hentry"],"_links":{"self":[{"href":"https:\/\/ambquito.esteri.it\/es\/wp-json\/wp\/v2\/pages\/140","targetHints":{"allow":["GET"]}}],"collection":[{"href":"https:\/\/ambquito.esteri.it\/es\/wp-json\/wp\/v2\/pages"}],"about":[{"href":"https:\/\/ambquito.esteri.it\/es\/wp-json\/wp\/v2\/types\/page"}],"author":[{"embeddable":true,"href":"https:\/\/ambquito.esteri.it\/es\/wp-json\/wp\/v2\/users\/1"}],"replies":[{"embeddable":true,"href":"https:\/\/ambquito.esteri.it\/es\/wp-json\/wp\/v2\/comments?post=140"}],"version-history":[{"count":8,"href":"https:\/\/ambquito.esteri.it\/es\/wp-json\/wp\/v2\/pages\/140\/revisions"}],"predecessor-version":[{"id":6938,"href":"https:\/\/ambquito.esteri.it\/es\/wp-json\/wp\/v2\/pages\/140\/revisions\/6938"}],"up":[{"embeddable":true,"href":"https:\/\/ambquito.esteri.it\/es\/wp-json\/wp\/v2\/pages\/126"}],"wp:attachment":[{"href":"https:\/\/ambquito.esteri.it\/es\/wp-json\/wp\/v2\/media?parent=140"}],"curies":[{"name":"wp","href":"https:\/\/api.w.org\/{rel}","templated":true}]}}