{"id":137,"date":"2023-04-11T17:53:01","date_gmt":"2023-04-11T22:53:01","guid":{"rendered":"https:\/\/ambquito.esteri.it\/chi-siamo\/lambasciatore\/"},"modified":"2025-12-02T16:06:19","modified_gmt":"2025-12-02T21:06:19","slug":"lambasciatore","status":"publish","type":"page","link":"https:\/\/ambquito.esteri.it\/es\/chi-siamo\/lambasciatore\/","title":{"rendered":"El Embajador"},"content":{"rendered":"<p><img loading=\"lazy\" decoding=\"async\" class=\"aligncenter\" src=\"https:\/\/ambquito.esteri.it\/wp-content\/uploads\/2025\/08\/IMG-20250804-WA0016.jpg\" width=\"350\" height=\"262\" \/><\/p>\n<p><strong>Giovanni Davoli<\/strong><\/p>\n<p><em>Caballero Oficial de la Orden al M\u00e9rito de la Rep\u00fablica Italiana <\/em><\/p>\n<p>Naci\u00f3 en Roma el 2 de febrero de 1968 y es el \u00faltimo de cinco hijos. Su padre era periodista y directivo de empresas, mientras que su madre era profesora de secundaria e investigadora universitaria, as\u00ed como autora de diversas publicaciones cient\u00edficas en el \u00e1mbito filos\u00f3fico.<\/p>\n<p>En los a\u00f1os universitarios fue miembro fundador y presidente de \u00abC\u00edrculo Internacional\u00bb: una organizaci\u00f3n sin fines de lucro para la difusi\u00f3n entre los j\u00f3venes de los ideales europeos y de la cooperaci\u00f3n entre las naciones. En 1992 se gradu\u00f3 en Ciencias Pol\u00edticas, especialidad pol\u00edtica\/econ\u00f3mica con una tesis de licenciatura para la c\u00e1tedra de Historia y Pol\u00edtica Monetaria del Prof. Antonio Martino en la Universidad de Roma \u00abLa Sapienza\u00bb. Despu\u00e9s de completar el M\u00e1ster de preparaci\u00f3n en la SIOI (Sociedad Italiana para la Organizaci\u00f3n Internacional) de Roma, el 3 de julio de 1995 entr\u00f3 en la carrera diplom\u00e1tica despu\u00e9s de aprobar el examen de ingreso.<\/p>\n<p>Inicialmente se desempe\u00f1\u00f3 en el Ceremonial Diplom\u00e1tico de la Rep\u00fablica, participando, entre otras tareas, en la organizaci\u00f3n de varias visitas del Presidente de la Rep\u00fablica al extranjero, as\u00ed como de varios Jefes de Estado extranjeros en Italia, entre ellos Arafat, Yeltsin, Mandela y Juan Carlos I.<\/p>\n<p>En 1999 fue C\u00f3nsul de Italia en Durban (Sud\u00e1frica).<\/p>\n<p>En 2002 fue nombrado Primer Secretario y Jefe de Misi\u00f3n Adjunto en Zagreb (Croacia).<\/p>\n<p>En 2005 fue nombrado Primer Secretario Comercial y Jefe de Misi\u00f3n Adjunto en Abiy\u00e1n (Costa de Marfil). En el verano del 2006 fue enviado por la Unidad de Crisis a N\u00edger para apoyar en la liberaci\u00f3n de un grupo de turistas italianos rehenes en el pa\u00eds, los cuales regresaron ilesos a su pa\u00eds.<\/p>\n<p>En 2007 regresa a Roma para asumir el cargo de Jefe de la Secretar\u00eda de la Direcci\u00f3n General de Pa\u00edses de Europa del Ministerio de Asuntos Exteriores.<\/p>\n<p>En 2009 fue C\u00f3nsul General de Italia en Caracas (Venezuela).<\/p>\n<p>En 2013, trabaj\u00f3 en la Representaci\u00f3n Permanente ante las Naciones Unidas en Nueva York, donde desempe\u00f1\u00f3 sus funciones como Jefe de Oficina de Prensa y Portavoz del Representante Permanente. Durante el 2017, cumpli\u00f3 con las m\u00faltiples tareas relacionadas con la participaci\u00f3n de Italia en el Consejo de Seguridad de las Naciones Unidas.<\/p>\n<p>En 2018 regresa a Roma, laborando al interior del Servicio de Prensa y Comunicaci\u00f3n Institucional de la Farnesina, como Coordinador de la comunicaci\u00f3n institucional del Viceministro y de los Subsecretarios de Estado. Desempe\u00f1\u00f3 de igual manera las funciones de Portavoz de la Presidencia italiana de la OSCE (2018) y de Portavoz de la Presidencia italiana de la INCE (2019),<\/p>\n<p>En 2021 realiz\u00f3 las funciones de Jefe de Gabinete del Vice Ministro de Asuntos Exteriores y Cooperaci\u00f3n Internacional, cargo que fue reconfirmado tras el cambio de Gobierno en 2022.<\/p>\n<p>En 2024 es nombrado Embajador de Italia ante la Rep\u00fablica del Ecuador.<\/p>\n<p>Habla franc\u00e9s, ingl\u00e9s y espa\u00f1ol con fluidez.<\/p>\n<p>Le apasiona la m\u00fasica, el deporte y las actividades al aire libre y, sobre todo, sus dos hijos.<\/p>\n","protected":false},"excerpt":{"rendered":"Giovanni Davoli Caballero Oficial de la Orden al M\u00e9rito de la Rep\u00fablica Italiana Naci\u00f3 en Roma el 2 de febrero de 1968 y es el \u00faltimo de cinco hijos. Su padre era periodista y directivo de empresas, mientras que su madre era profesora de secundaria e investigadora universitaria, as\u00ed como autora de diversas publicaciones cient\u00edficas [&hellip;]","protected":false},"author":1,"featured_media":0,"parent":126,"menu_order":0,"comment_status":"closed","ping_status":"closed","template":"","meta":{"footnotes":""},"class_list":["post-137","page","type-page","status-publish","hentry"],"_links":{"self":[{"href":"https:\/\/ambquito.esteri.it\/es\/wp-json\/wp\/v2\/pages\/137","targetHints":{"allow":["GET"]}}],"collection":[{"href":"https:\/\/ambquito.esteri.it\/es\/wp-json\/wp\/v2\/pages"}],"about":[{"href":"https:\/\/ambquito.esteri.it\/es\/wp-json\/wp\/v2\/types\/page"}],"author":[{"embeddable":true,"href":"https:\/\/ambquito.esteri.it\/es\/wp-json\/wp\/v2\/users\/1"}],"replies":[{"embeddable":true,"href":"https:\/\/ambquito.esteri.it\/es\/wp-json\/wp\/v2\/comments?post=137"}],"version-history":[{"count":8,"href":"https:\/\/ambquito.esteri.it\/es\/wp-json\/wp\/v2\/pages\/137\/revisions"}],"predecessor-version":[{"id":6478,"href":"https:\/\/ambquito.esteri.it\/es\/wp-json\/wp\/v2\/pages\/137\/revisions\/6478"}],"up":[{"embeddable":true,"href":"https:\/\/ambquito.esteri.it\/es\/wp-json\/wp\/v2\/pages\/126"}],"wp:attachment":[{"href":"https:\/\/ambquito.esteri.it\/es\/wp-json\/wp\/v2\/media?parent=137"}],"curies":[{"name":"wp","href":"https:\/\/api.w.org\/{rel}","templated":true}]}}