{"id":134,"date":"2023-04-11T18:24:01","date_gmt":"2023-04-11T23:24:01","guid":{"rendered":"https:\/\/ambquito.esteri.it\/diplomazia-economica\/fare-affari-in-italia\/"},"modified":"2023-10-18T17:24:22","modified_gmt":"2023-10-18T22:24:22","slug":"fare-affari-in-italia","status":"publish","type":"page","link":"https:\/\/ambquito.esteri.it\/es\/italia-ed-ecuador\/diplomazia-economica\/fare-affari-in-italia\/","title":{"rendered":"Hacer negocios en Italia"},"content":{"rendered":"<p style=\"text-align: justify;\">Gracias por su inter\u00e9s en realizar negocios con Italia. A continuaci\u00f3n, ponemos a su disposici\u00f3n algunos enlaces que ser\u00e1n de ayuda e inter\u00e9s para usted:<\/p>\n<ul style=\"text-align: justify;\">\n<li>Gu\u00edas <a href=\"https:\/\/www.ice.it\/en\/sites\/default\/files\/inline-files\/doing_business_in_italy_2021_0.pdf\"><strong>Doing Business in Italy<\/strong><\/a>, en la cual usted encontrar\u00e1 toda la informaci\u00f3n relacionada con iniciar una empresa en Italia, aspectos sobre gesti\u00f3n de empelados, impositivos y financieros.<\/li>\n<li>Consultar la p\u00e1gina <a href=\"https:\/\/www.ice.it\/en\/invest\/investment-incentives\"><strong>Investment Incentives<\/strong><\/a>, en la cual podr\u00e1 revisar los varios incentivos financieros destinados a aumentar las inversiones dentro del pa\u00eds.<\/li>\n<li>Revisar la p\u00e1gina <a href=\"https:\/\/www.ice.it\/en\/my-home\/find-your-italian-partner\"><strong>Find your Italian Partner<\/strong><\/a>, que es un directorio de negocios con vitrinas virtuales de empresas Made in Italy, y la cual ofrece una visi\u00f3n general de las empresas italianas, incluyendo perfiles de empresas, im\u00e1genes de productos y detalles, sitio web, propuestas de negocio e informaci\u00f3n de contacto<\/li>\n<li>En la p\u00e1gina <a href=\"https:\/\/www.ice.it\/en\/my-home\/business-opportunities\/search\"><strong>Business Opportunities<\/strong><\/a>, podr\u00e1 tener acceso a un buscador acerca de las oportunidades de negocios por pa\u00eds.<\/li>\n<li>Consulte las estad\u00edsticas m\u00e1s relevantes del sistema financiero de Italia a trav\u00e9s de la p\u00e1gina de la <a href=\"https:\/\/www.bancaditalia.it\/statistiche\/index.html?com.dotmarketing.htmlpage.language=102&amp;dotcache=refresh\"><strong>Banca D\u2019Italia<\/strong><\/a>.<\/li>\n<li>El portal de <a href=\"https:\/\/www.registroimprese.it\/web\/guest\/home\"><strong>Registro Imprese<\/strong><\/a>, gestionada por las c\u00e1maras de comercio, permite acceder informaci\u00f3n contenida en el Registro de Empresas.<\/li>\n<\/ul>\n<hr \/>\n<p style=\"text-align: justify;\"><strong>Proecuador:<\/strong><\/p>\n<p style=\"text-align: justify;\">Para sus requerimientos de exportaci\u00f3n de productos de Ecuador a Italia, invitamos a contactar la oficina comercial de Proecuador en Mil\u00e1n:<\/p>\n<p style=\"padding-left: 40px; text-align: justify;\"><strong>Direcci\u00f3n<\/strong>: Via Giovanni Gioacchino Winckelmann, 1, 20146 Milano MI, Italia<\/p>\n<p style=\"padding-left: 40px; text-align: justify;\"><strong>Tel\u00e9fono: <\/strong>+39 329 602 8378<\/p>\n<p style=\"padding-left: 40px; text-align: justify;\"><strong>Horario de atenci\u00f3n: <\/strong>Lunes a Viernes, 8:00 a 17:00<\/p>\n<p style=\"padding-left: 40px; text-align: justify;\"><strong>Correo: <\/strong><a href=\"mailto:mcoello@produccion.gob.ec\">mcoello@produccion.gob.ec<\/a><\/p>\n<p style=\"padding-left: 40px; text-align: justify;\"><strong>P\u00e1gina Web: <\/strong><a href=\"https:\/\/www.proecuador.gob.ec\/tag\/italia\/\">https:\/\/www.proecuador.gob.ec\/tag\/italia\/<\/a><\/p>\n<p style=\"padding-left: 40px; text-align: justify;\"><strong>Director: <\/strong>Max Coello<\/p>\n<hr \/>\n<p style=\"text-align: justify;\"><strong>CBEI:<\/strong><\/p>\n<p style=\"text-align: justify;\">Puede ponerse en contacto con las oficinas y personal de la C\u00e1mara Binacional Ecuatoriano Italiana:<\/p>\n<p style=\"padding-left: 40px; text-align: justify;\"><strong>Direcci\u00f3n:<\/strong> Av. Francisco de Orellana y Miguel H. Alc\u00edvar, Centro Empresarial \u201cLas C\u00e1maras\u201d, Torre institucional, piso 5, Guayaquil, Ecuador<\/p>\n<p style=\"padding-left: 40px; text-align: justify;\"><strong>Tel\u00e9fono:<\/strong> +593 4 371 3390<\/p>\n<p style=\"padding-left: 40px; text-align: justify;\"><strong>Horario de atenci\u00f3n:<\/strong> Lunes a Viernes, 8:00 a 17:00<\/p>\n<p style=\"padding-left: 40px; text-align: justify;\"><strong>Correo:<\/strong> <a href=\"mailto:info@ecuadoritalia.com\">info@ecuadoritalia.com<\/a><\/p>\n<p style=\"padding-left: 40px; text-align: justify;\"><strong>P\u00e1gina Web:<\/strong> <a href=\"https:\/\/www.ecuadoritalia.com\/\">https:\/\/www.ecuadoritalia.com\/<\/a><\/p>\n","protected":false},"excerpt":{"rendered":"Gracias por su inter\u00e9s en realizar negocios con Italia. A continuaci\u00f3n, ponemos a su disposici\u00f3n algunos enlaces que ser\u00e1n de ayuda e inter\u00e9s para usted: Gu\u00edas Doing Business in Italy, en la cual usted encontrar\u00e1 toda la informaci\u00f3n relacionada con iniciar una empresa en Italia, aspectos sobre gesti\u00f3n de empelados, impositivos y financieros. Consultar la [&hellip;]","protected":false},"author":1,"featured_media":0,"parent":133,"menu_order":0,"comment_status":"closed","ping_status":"closed","template":"","meta":{"footnotes":""},"class_list":["post-134","page","type-page","status-publish","hentry"],"_links":{"self":[{"href":"https:\/\/ambquito.esteri.it\/es\/wp-json\/wp\/v2\/pages\/134","targetHints":{"allow":["GET"]}}],"collection":[{"href":"https:\/\/ambquito.esteri.it\/es\/wp-json\/wp\/v2\/pages"}],"about":[{"href":"https:\/\/ambquito.esteri.it\/es\/wp-json\/wp\/v2\/types\/page"}],"author":[{"embeddable":true,"href":"https:\/\/ambquito.esteri.it\/es\/wp-json\/wp\/v2\/users\/1"}],"replies":[{"embeddable":true,"href":"https:\/\/ambquito.esteri.it\/es\/wp-json\/wp\/v2\/comments?post=134"}],"version-history":[{"count":5,"href":"https:\/\/ambquito.esteri.it\/es\/wp-json\/wp\/v2\/pages\/134\/revisions"}],"predecessor-version":[{"id":752,"href":"https:\/\/ambquito.esteri.it\/es\/wp-json\/wp\/v2\/pages\/134\/revisions\/752"}],"up":[{"embeddable":true,"href":"https:\/\/ambquito.esteri.it\/es\/wp-json\/wp\/v2\/pages\/133"}],"wp:attachment":[{"href":"https:\/\/ambquito.esteri.it\/es\/wp-json\/wp\/v2\/media?parent=134"}],"curies":[{"name":"wp","href":"https:\/\/api.w.org\/{rel}","templated":true}]}}