{"id":1009,"date":"2023-10-26T15:49:17","date_gmt":"2023-10-26T20:49:17","guid":{"rendered":"https:\/\/ambquito.esteri.it\/?page_id=1009"},"modified":"2025-11-19T12:22:11","modified_gmt":"2025-11-19T17:22:11","slug":"declaraciones-de-valor","status":"publish","type":"page","link":"https:\/\/ambquito.esteri.it\/es\/servizi-consolari-e-visti\/servizi-per-il-cittadino-italiano\/declaraciones-de-valor\/","title":{"rendered":"Declaraciones de Valor"},"content":{"rendered":"<p style=\"text-align: justify;\"><strong><a href=\"https:\/\/youtu.be\/Excey-4rJbs\" target=\"_blank\" rel=\"noopener\">V\u00eddeo tutorial<\/a><\/strong><\/p>\n<p style=\"text-align: justify;\">Los usuarios que necesiten solicitar la <strong>Declaraci\u00f3n de Valor <\/strong>deben presentarse personalmente en la garita de la Embajada (La Isla N26-25 y H. Albornoz) donde deber\u00e1n dejar la documentaci\u00f3n, <strong>previa cita confirmada por el tramite de la plataforma <a href=\"https:\/\/ambquito.esteri.it\/es\/servizi-consolari-e-visti\/servizi-per-il-cittadino-italiano\/prenotmi-citas-para-servicios-consulares\/\" target=\"_blank\" rel=\"noopener\">Prenot@mi<\/a><\/strong>,\u00a0 en un sobre cerrado en el cual se se\u00f1ale: el nombre, el tel\u00e9fono, direcci\u00f3n de correo electr\u00f3nico, y el servicio que se est\u00e1 solicitando (<span style=\"text-decoration: underline;\">Declaraci\u00f3n de Valor<\/span>).<\/p>\n<p style=\"text-align: justify;\"><span style=\"text-decoration: underline;\"><strong>ENTREGA:<\/strong><\/span> el guardia de seguridad de la Embajada proceder\u00e1 a la devoluci\u00f3n de las Declaraciones de Valores directamente al interesado, <strong><span style=\"text-decoration: underline;\">solamente despu\u00e9s de que este haya recibido el email con la fecha y hora de entrega.<\/span>\u00a0El tiempo de espera estimado varia de 4 a 5 semanas.<br \/>\n<\/strong><\/p>\n<p style=\"text-align: justify;\"><span style=\"text-decoration: underline;\"><strong>Nota:<\/strong><\/span> En caso de que la documentaci\u00f3n est\u00e9 incorrecta los usuarios ser\u00e1n contactados por tel\u00e9fono o correo electr\u00f3nico por el funcionario de la Embajada.<\/p>\n<p style=\"text-align: center;\"><span style=\"text-decoration: underline;\"><strong>ATENCI\u00d3N<\/strong> <\/span><\/p>\n<p style=\"text-align: justify;\"><em><strong>Todos los documentos ecuatorianos deber\u00e1n estar legalizados por el Ministerio de Educaci\u00f3n competente (Ministerio de Educaci\u00f3n o SENESCYT seg\u00fan el caso), apostillados por el Ministerio de Relaciones Exteriores y Movilidad Humana, traducidos al idioma italiano por uno de los <a href=\"https:\/\/ambquito.esteri.it\/es\/servizi-consolari-e-visti\/servizi-per-il-cittadino-italiano\/traduzione-e-legalizzazione-dei-documenti\/traductores-oficiales-de-referencia\/\" target=\"_blank\" rel=\"noopener\">traductores oficiales de referencia de la<\/a><\/strong><strong><a href=\"https:\/\/ambquito.esteri.it\/es\/servizi-consolari-e-visti\/servizi-per-il-cittadino-italiano\/traduzione-e-legalizzazione-dei-documenti\/traductores-oficiales-de-referencia\/\" target=\"_blank\" rel=\"noopener\"> Embajada.<\/a><\/strong><\/em><\/p>\n<p style=\"text-align: justify;\"><strong>Informaciones:<\/strong>\u00a0<strong><a href=\"mailto:legalizzazioni.quito@esteri.it\" target=\"_blank\" rel=\"noopener\">legalizzazioni.quito@esteri.it<\/a>\u00a0\u00a0\u00a0<\/strong><\/p>\n<p style=\"text-align: justify;\"><strong>Citas<\/strong>:\u00a0<a href=\"https:\/\/prenotami.esteri.it\/\" target=\"_blank\" rel=\"noopener\"><strong>Prenot<\/strong><strong>@mi<\/strong><\/a><\/p>\n<p><strong>Tarifa: 58.50$ <\/strong><span style=\"text-decoration: underline;\"><strong><span style=\"color: #ff0000; text-decoration: underline;\">desde el 01 Octubre 2025 hasta el 31 Diciembre 2025 <\/span><\/strong><\/span><strong>(Por favor revisar las <a href=\"https:\/\/ambquito.esteri.it\/es\/servizi-consolari-e-visti\/servizi-per-il-cittadino-italiano\/tarifas-consulares-of\/\">tarifas consulares<\/a> para otro tr\u00e1mites)<\/strong><\/p>\n<p>La tarifa se paga <strong>solamente<\/strong> en <strong>ventanilla del Banco Pichincha<\/strong> a <strong>nombre de la Embajada de Italia<\/strong>. Debe traer el <strong>comprobante de pago original<\/strong> el d\u00eda de la cita.<\/p>\n<p><span style=\"text-decoration: underline;\"><strong>SI LA TASA CONSULAR, QUE VAR\u00cdA TRIMESTRALMENTE, AUMENTA DURANTE LA TRAMITACI\u00d3N DE LA SOLICITUD (4 A 5 SEMANAS), SE DEBE PAGAR LA DEBIDA DIFERENCIA.<\/strong><\/span><\/p>\n<p>&nbsp;<\/p>\n<p style=\"text-align: justify;\">Los extranjeros y los ciudadanos italianos residentes e el exterior pueden acceder a las Universidades italianas presentando al Consulado una solicitud que debe estar acompa\u00f1ada de la documentaci\u00f3n descrita. tal documentaci\u00f3n debe ser aprobada por las Autoridades italianas, en base a la evaluaci\u00f3n de los t\u00edtulos de estudio obtenidos en el extranjero. La Oficina de Legalizaciones del Consulado debe adem\u00e1s certificar que los t\u00edtulos de estudio de bachillerato permiten la admisi\u00f3n a los cursos universitarios de acuerdo a las normas del pa\u00eds en el cual han sido obtenidos.<\/p>\n<p style=\"text-align: justify;\"><strong>Requisitos (Informaci\u00f3n disponible \u00fanicamente en espa\u00f1ol)<\/strong><\/p>\n<p align=\"justify\"><a href=\"https:\/\/ambquito.esteri.it\/wp-content\/uploads\/2023\/10\/1.dv_artesanos.pdf\" target=\"_blank\" rel=\"noopener\"><strong>T\u00edtulo de Artesano<\/strong><\/a><\/p>\n<p align=\"justify\"><a href=\"https:\/\/ambquito.esteri.it\/wp-content\/uploads\/2023\/10\/2.dv_pase_de_ao.pdf\" target=\"_blank\" rel=\"noopener\"><strong>Pase de A\u00f1o<\/strong><\/a><\/p>\n<p align=\"justify\"><a href=\"https:\/\/ambquito.esteri.it\/wp-content\/uploads\/2023\/10\/3.dv_bachiller.pdf\" target=\"_blank\" rel=\"noopener\"><strong>T\u00edtulo de Bachiller<\/strong><\/a><\/p>\n<p align=\"justify\"><a href=\"https:\/\/ambquito.esteri.it\/wp-content\/uploads\/2023\/10\/4.dv_universitario.pdf\" target=\"_blank\" rel=\"noopener\"><strong>T\u00edtulo Universitario<\/strong><\/a><\/p>\n<p align=\"justify\"><a href=\"https:\/\/ambquito.esteri.it\/wp-content\/uploads\/2023\/10\/5.dv_cuarto_nivel.pdf\" target=\"_blank\" rel=\"noopener\"><strong>T\u00edtulo de Cuarto Nivel<\/strong><\/a><\/p>\n<p style=\"text-align: justify;\"><em><strong>Es requisito indispensable presentar en su cita la copia de la c\u00e9dula de identidad o del pasaporte del interesado.<\/strong><\/em><\/p>\n<p style=\"text-align: justify;\"><span style=\"text-decoration: underline;\"><strong>NOTA:<\/strong><\/span>\u00a0LA OFICINA DE LEGALIZACIONES\u00a0<strong>NO ACEPTAR\u00c1<\/strong>\u00a0DOCUMENTOS PRESENTADOS POR\u00a0<strong>AGENCIAS TRAMITADORAS<\/strong>. LAS CITAS DEBER\u00c1N SER TOMADAS POR EL INTERESADO QUIEN REFERIR\u00c1 EL NOMBRE DE LA PERSONA QUE REALIZAR\u00c1 EL TR\u00c1MITE,\u00a0<strong>TAL PERSONA EN LA CITA DEBER\u00c1 IDENTIFICARSE CON UNA FOTOCOPIA DEL PROPIO DOCUMENTO DE IDENTIDAD.<\/strong><\/p>\n<p style=\"text-align: justify;\">\n","protected":false},"excerpt":{"rendered":"V\u00eddeo tutorial Los usuarios que necesiten solicitar la Declaraci\u00f3n de Valor deben presentarse personalmente en la garita de la Embajada (La Isla N26-25 y H. Albornoz) donde deber\u00e1n dejar la documentaci\u00f3n, previa cita confirmada por el tramite de la plataforma Prenot@mi,\u00a0 en un sobre cerrado en el cual se se\u00f1ale: el nombre, el tel\u00e9fono, direcci\u00f3n [&hellip;]","protected":false},"author":4,"featured_media":0,"parent":152,"menu_order":3,"comment_status":"closed","ping_status":"closed","template":"","meta":{"footnotes":""},"class_list":["post-1009","page","type-page","status-publish","hentry"],"_links":{"self":[{"href":"https:\/\/ambquito.esteri.it\/es\/wp-json\/wp\/v2\/pages\/1009","targetHints":{"allow":["GET"]}}],"collection":[{"href":"https:\/\/ambquito.esteri.it\/es\/wp-json\/wp\/v2\/pages"}],"about":[{"href":"https:\/\/ambquito.esteri.it\/es\/wp-json\/wp\/v2\/types\/page"}],"author":[{"embeddable":true,"href":"https:\/\/ambquito.esteri.it\/es\/wp-json\/wp\/v2\/users\/4"}],"replies":[{"embeddable":true,"href":"https:\/\/ambquito.esteri.it\/es\/wp-json\/wp\/v2\/comments?post=1009"}],"version-history":[{"count":8,"href":"https:\/\/ambquito.esteri.it\/es\/wp-json\/wp\/v2\/pages\/1009\/revisions"}],"predecessor-version":[{"id":6352,"href":"https:\/\/ambquito.esteri.it\/es\/wp-json\/wp\/v2\/pages\/1009\/revisions\/6352"}],"up":[{"embeddable":true,"href":"https:\/\/ambquito.esteri.it\/es\/wp-json\/wp\/v2\/pages\/152"}],"wp:attachment":[{"href":"https:\/\/ambquito.esteri.it\/es\/wp-json\/wp\/v2\/media?parent=1009"}],"curies":[{"name":"wp","href":"https:\/\/api.w.org\/{rel}","templated":true}]}}